{"id":1024,"date":"2021-06-24T13:01:07","date_gmt":"2021-06-24T11:01:07","guid":{"rendered":"http:\/\/campome.com\/?page_id=1024"},"modified":"2022-03-11T16:05:10","modified_gmt":"2022-03-11T15:05:10","slug":"campome","status":"publish","type":"page","link":"https:\/\/campome.com\/index.php\/campome\/","title":{"rendered":"Camp\u00f4me"},"content":{"rendered":"\n<figure class=\"wp-block-gallery columns-1 is-cropped wp-block-gallery-1 is-layout-flex wp-block-gallery-is-layout-flex\"><ul class=\"blocks-gallery-grid\"><li class=\"blocks-gallery-item\"><figure><img loading=\"lazy\" decoding=\"async\" width=\"1024\" height=\"365\" src=\"http:\/\/campome.com\/wp-content\/uploads\/2020\/07\/camp\u00f4me-2-1024x365.jpg\" alt=\"\" data-id=\"444\" data-full-url=\"http:\/\/campome.com\/wp-content\/uploads\/2020\/07\/camp\u00f4me-2-scaled.jpg\" data-link=\"http:\/\/campome.com\/campome-2\/\" class=\"wp-image-444\" srcset=\"https:\/\/campome.com\/wp-content\/uploads\/2020\/07\/camp\u00f4me-2-1024x365.jpg 1024w, https:\/\/campome.com\/wp-content\/uploads\/2020\/07\/camp\u00f4me-2-300x107.jpg 300w, https:\/\/campome.com\/wp-content\/uploads\/2020\/07\/camp\u00f4me-2-768x274.jpg 768w, https:\/\/campome.com\/wp-content\/uploads\/2020\/07\/camp\u00f4me-2-1536x547.jpg 1536w, https:\/\/campome.com\/wp-content\/uploads\/2020\/07\/camp\u00f4me-2-2048x730.jpg 2048w, https:\/\/campome.com\/wp-content\/uploads\/2020\/07\/camp\u00f4me-2-900x321.jpg 900w, https:\/\/campome.com\/wp-content\/uploads\/2020\/07\/camp\u00f4me-2-1280x456.jpg 1280w\" sizes=\"auto, (max-width: 1024px) 100vw, 1024px\" \/><\/figure><\/li><\/ul><\/figure>\n\n\n\n<p>La premi\u00e8re mention du village date de <strong>901<\/strong> sous le nom de <strong><em>Campus ultimus <\/em><\/strong>, ce qui se&nbsp; traduit par \u00ab&nbsp;le dernier champ en raison de sa position \u00e9loign\u00e9e . Ce qui donnera <strong><em>Campoltme<\/em> <\/strong>en <strong>1035<\/strong>, puis <strong><em>Camp poma<\/em> <\/strong>&nbsp;en <strong>1280<\/strong> pour devenir <strong>Camp\u00f4me<\/strong> sous la <strong>R\u00e9volution<\/strong>.<\/p>\n\n\n\n<p>D\u00e8s sa cr\u00e9ation Camp\u00f4me, d\u00e9pend de la seigneurie de <strong>Paracolls<\/strong> dont on peut encore aujourd\u2019hui observer les ruines du ch\u00e2teau situ\u00e9 au dessus des thermes de Molitg.&nbsp;<\/p>\n\n\n\n<p>Cette seigneurie dominait \u00e9galement&nbsp; plusieurs hameaux, aujourd\u2019hui sur le territoire de la commune de Camp\u00f4me,&nbsp; comme <strong>Fornols<\/strong>, situ\u00e9 sur le rebord&nbsp; du <strong>Pla de Vallenso<\/strong> ou encore <strong>Cro\u00eblls<\/strong>.<\/p>\n\n\n\n<p>Les sources sont rares concernant la p\u00e9riode m\u00e9di\u00e9vale. On peut supposer que le village vit alors essentiellement de l\u2019agriculture et de l\u2019\u00e9levage.<\/p>\n\n\n\n<p>A partir du <strong>XV\u00e8<\/strong> si\u00e8cle, Camp\u00f4me conna\u00eet une p\u00e9riode prosp\u00e8re gr\u00e2ce \u00e0 <strong>l\u2019exploitation\u00a0 d\u2019une forge<\/strong>\u00a0 par le seigneur de Paracolls. Cette forge \u00e0 la catalane transforme le minerai de fer du Canigou \u00e0 l\u2019aide du charbon de bois extrait des for\u00eats environnantes.<\/p>\n\n\n\n<p>Cette activit\u00e9 m\u00e9tallurgique dispara\u00eet fin <strong>XVII\u00e8<\/strong> d\u00e9but <strong>XVIII\u00e8<\/strong> si\u00e8cle.<\/p>\n\n\n\n<p>Une activit\u00e9 de forge red\u00e9marre en <strong>1836<\/strong> (c\u2019est \u00e0 cette \u00e9poque que Camp\u00f4me connait son maximum de population avec&nbsp; 365 habitants). Elle cesse en <strong>1864<\/strong>.<\/p>\n\n\n\n<p><strong>D\u00e8s la<\/strong> <strong>fin du XIXe <\/strong>si\u00e8cle, une activit\u00e9 se d\u00e9veloppe dans la vall\u00e9e : l\u2019activit\u00e9 thermale.<\/p>\n\n\n\n<p>Situ\u00e9 \u00e0 <strong>568m d\u2019altitude<\/strong>, Camp\u00f4me compte au dernier recensement de 2021,&nbsp; <strong>116 habitants <\/strong>r\u00e9sidant\u00e0 l\u2019ann\u00e9e.<\/p>\n\n\n\n<p><strong>Aujourd\u2019hui, l\u2019activit\u00e9 \u00e9conomique <\/strong>de la vall\u00e9e reste li\u00e9e \u00e0 l\u2019agriculture, \u00e0 l\u2019\u00e9levage bovin, \u00e9quin, porcin, caprin\u2026,&nbsp; au maraichage, \u00e0 la culture de la p\u00eache et de la pomme, \u00e0 l\u2019apiculture.<\/p>\n\n\n\n<p>Les <strong>thermes de Molitgs-les-bain<\/strong>s et le <strong>tourisme<\/strong> repr\u00e9sentent une part importante de l\u2019\u00e9conomie et de la vie au village.<\/p>\n\n\n\n<p>Durant la p\u00e9riode estivale sa population augmente avec l\u2019ouverture des maisons secondaires et la pr\u00e9sence des vacanciers ou des curistes.<\/p>\n","protected":false},"excerpt":{"rendered":"<p>La premi\u00e8re mention du village date de 901 sous le nom de Campus ultimus , ce qui se&nbsp; traduit par \u00ab&nbsp;le dernier champ en raison de sa position \u00e9loign\u00e9e . Ce qui donnera Campoltme en 1035, puis Camp poma &nbsp;en 1280 pour devenir Camp\u00f4me sous la R\u00e9volution. D\u00e8s sa cr\u00e9ation Camp\u00f4me, d\u00e9pend de la seigneurie [&hellip;]<\/p>\n","protected":false},"author":1,"featured_media":0,"parent":0,"menu_order":0,"comment_status":"closed","ping_status":"closed","template":"full-width-page-template.php","meta":{"_monsterinsights_skip_tracking":false,"_monsterinsights_sitenote_active":false,"_monsterinsights_sitenote_note":"","_monsterinsights_sitenote_category":0,"footnotes":""},"class_list":["post-1024","page","type-page","status-publish","hentry"],"yoast_head":"<!-- This site is optimized with the Yoast SEO plugin v27.3 - https:\/\/yoast.com\/product\/yoast-seo-wordpress\/ -->\n<title>Camp\u00f4me - Mairie de Camp\u00f4me<\/title>\n<meta name=\"robots\" content=\"index, follow, max-snippet:-1, max-image-preview:large, max-video-preview:-1\" \/>\n<link rel=\"canonical\" href=\"https:\/\/campome.com\/index.php\/campome\/\" \/>\n<meta property=\"og:locale\" content=\"fr_FR\" \/>\n<meta property=\"og:type\" content=\"article\" \/>\n<meta property=\"og:title\" content=\"Camp\u00f4me - Mairie de Camp\u00f4me\" \/>\n<meta property=\"og:description\" content=\"La premi\u00e8re mention du village date de 901 sous le nom de Campus ultimus , ce qui se&nbsp; traduit par \u00ab&nbsp;le dernier champ en raison de sa position \u00e9loign\u00e9e . Ce qui donnera Campoltme en 1035, puis Camp poma &nbsp;en 1280 pour devenir Camp\u00f4me sous la R\u00e9volution. D\u00e8s sa cr\u00e9ation Camp\u00f4me, d\u00e9pend de la seigneurie [&hellip;]\" \/>\n<meta property=\"og:url\" content=\"https:\/\/campome.com\/index.php\/campome\/\" \/>\n<meta property=\"og:site_name\" content=\"Mairie de Camp\u00f4me\" \/>\n<meta property=\"article:modified_time\" content=\"2022-03-11T15:05:10+00:00\" \/>\n<meta name=\"twitter:card\" content=\"summary_large_image\" \/>\n<meta name=\"twitter:label1\" content=\"Dur\u00e9e de lecture estim\u00e9e\" \/>\n\t<meta name=\"twitter:data1\" content=\"2 minutes\" \/>\n<script type=\"application\/ld+json\" class=\"yoast-schema-graph\">{\"@context\":\"https:\\\/\\\/schema.org\",\"@graph\":[{\"@type\":\"WebPage\",\"@id\":\"https:\\\/\\\/campome.com\\\/index.php\\\/campome\\\/\",\"url\":\"https:\\\/\\\/campome.com\\\/index.php\\\/campome\\\/\",\"name\":\"Camp\u00f4me - Mairie de Camp\u00f4me\",\"isPartOf\":{\"@id\":\"https:\\\/\\\/campome.com\\\/#website\"},\"datePublished\":\"2021-06-24T11:01:07+00:00\",\"dateModified\":\"2022-03-11T15:05:10+00:00\",\"breadcrumb\":{\"@id\":\"https:\\\/\\\/campome.com\\\/index.php\\\/campome\\\/#breadcrumb\"},\"inLanguage\":\"fr-FR\",\"potentialAction\":[{\"@type\":\"ReadAction\",\"target\":[\"https:\\\/\\\/campome.com\\\/index.php\\\/campome\\\/\"]}]},{\"@type\":\"BreadcrumbList\",\"@id\":\"https:\\\/\\\/campome.com\\\/index.php\\\/campome\\\/#breadcrumb\",\"itemListElement\":[{\"@type\":\"ListItem\",\"position\":1,\"name\":\"Accueil\",\"item\":\"https:\\\/\\\/campome.com\\\/\"},{\"@type\":\"ListItem\",\"position\":2,\"name\":\"Camp\u00f4me\"}]},{\"@type\":\"WebSite\",\"@id\":\"https:\\\/\\\/campome.com\\\/#website\",\"url\":\"https:\\\/\\\/campome.com\\\/\",\"name\":\"Mairie de Camp\u00f4me\",\"description\":\"Bienvenue sur le site de la mairie de Camp\u00f4me\",\"potentialAction\":[{\"@type\":\"SearchAction\",\"target\":{\"@type\":\"EntryPoint\",\"urlTemplate\":\"https:\\\/\\\/campome.com\\\/?s={search_term_string}\"},\"query-input\":{\"@type\":\"PropertyValueSpecification\",\"valueRequired\":true,\"valueName\":\"search_term_string\"}}],\"inLanguage\":\"fr-FR\"}]}<\/script>\n<!-- \/ Yoast SEO plugin. -->","yoast_head_json":{"title":"Camp\u00f4me - Mairie de Camp\u00f4me","robots":{"index":"index","follow":"follow","max-snippet":"max-snippet:-1","max-image-preview":"max-image-preview:large","max-video-preview":"max-video-preview:-1"},"canonical":"https:\/\/campome.com\/index.php\/campome\/","og_locale":"fr_FR","og_type":"article","og_title":"Camp\u00f4me - Mairie de Camp\u00f4me","og_description":"La premi\u00e8re mention du village date de 901 sous le nom de Campus ultimus , ce qui se&nbsp; traduit par \u00ab&nbsp;le dernier champ en raison de sa position \u00e9loign\u00e9e . Ce qui donnera Campoltme en 1035, puis Camp poma &nbsp;en 1280 pour devenir Camp\u00f4me sous la R\u00e9volution. D\u00e8s sa cr\u00e9ation Camp\u00f4me, d\u00e9pend de la seigneurie [&hellip;]","og_url":"https:\/\/campome.com\/index.php\/campome\/","og_site_name":"Mairie de Camp\u00f4me","article_modified_time":"2022-03-11T15:05:10+00:00","twitter_card":"summary_large_image","twitter_misc":{"Dur\u00e9e de lecture estim\u00e9e":"2 minutes"},"schema":{"@context":"https:\/\/schema.org","@graph":[{"@type":"WebPage","@id":"https:\/\/campome.com\/index.php\/campome\/","url":"https:\/\/campome.com\/index.php\/campome\/","name":"Camp\u00f4me - Mairie de Camp\u00f4me","isPartOf":{"@id":"https:\/\/campome.com\/#website"},"datePublished":"2021-06-24T11:01:07+00:00","dateModified":"2022-03-11T15:05:10+00:00","breadcrumb":{"@id":"https:\/\/campome.com\/index.php\/campome\/#breadcrumb"},"inLanguage":"fr-FR","potentialAction":[{"@type":"ReadAction","target":["https:\/\/campome.com\/index.php\/campome\/"]}]},{"@type":"BreadcrumbList","@id":"https:\/\/campome.com\/index.php\/campome\/#breadcrumb","itemListElement":[{"@type":"ListItem","position":1,"name":"Accueil","item":"https:\/\/campome.com\/"},{"@type":"ListItem","position":2,"name":"Camp\u00f4me"}]},{"@type":"WebSite","@id":"https:\/\/campome.com\/#website","url":"https:\/\/campome.com\/","name":"Mairie de Camp\u00f4me","description":"Bienvenue sur le site de la mairie de Camp\u00f4me","potentialAction":[{"@type":"SearchAction","target":{"@type":"EntryPoint","urlTemplate":"https:\/\/campome.com\/?s={search_term_string}"},"query-input":{"@type":"PropertyValueSpecification","valueRequired":true,"valueName":"search_term_string"}}],"inLanguage":"fr-FR"}]}},"_links":{"self":[{"href":"https:\/\/campome.com\/index.php\/wp-json\/wp\/v2\/pages\/1024","targetHints":{"allow":["GET"]}}],"collection":[{"href":"https:\/\/campome.com\/index.php\/wp-json\/wp\/v2\/pages"}],"about":[{"href":"https:\/\/campome.com\/index.php\/wp-json\/wp\/v2\/types\/page"}],"author":[{"embeddable":true,"href":"https:\/\/campome.com\/index.php\/wp-json\/wp\/v2\/users\/1"}],"replies":[{"embeddable":true,"href":"https:\/\/campome.com\/index.php\/wp-json\/wp\/v2\/comments?post=1024"}],"version-history":[{"count":3,"href":"https:\/\/campome.com\/index.php\/wp-json\/wp\/v2\/pages\/1024\/revisions"}],"predecessor-version":[{"id":1538,"href":"https:\/\/campome.com\/index.php\/wp-json\/wp\/v2\/pages\/1024\/revisions\/1538"}],"wp:attachment":[{"href":"https:\/\/campome.com\/index.php\/wp-json\/wp\/v2\/media?parent=1024"}],"curies":[{"name":"wp","href":"https:\/\/api.w.org\/{rel}","templated":true}]}}