{"id":1042,"date":"2021-07-01T15:33:34","date_gmt":"2021-07-01T13:33:34","guid":{"rendered":"http:\/\/campome.com\/?page_id=1042"},"modified":"2025-09-07T22:30:40","modified_gmt":"2025-09-07T20:30:40","slug":"gazettes","status":"publish","type":"page","link":"https:\/\/campome.com\/index.php\/gazettes\/","title":{"rendered":"Gazettes"},"content":{"rendered":"\n<div class=\"wp-block-file\"><a id=\"wp-block-file--media-2ea37263-8976-4a8e-83df-da43ff13520e\" href=\"https:\/\/campome.com\/wp-content\/uploads\/2025\/06\/Gazette-juin-2025-impression-1.pdf\">Gazette juin 2025 <\/a><a href=\"https:\/\/campome.com\/wp-content\/uploads\/2025\/06\/Gazette-juin-2025-impression-1.pdf\" class=\"wp-block-file__button wp-element-button\" download aria-describedby=\"wp-block-file--media-2ea37263-8976-4a8e-83df-da43ff13520e\">T\u00e9l\u00e9charger<\/a><\/div>\n\n\n\n<div class=\"wp-block-file\"><a id=\"wp-block-file--media-e1950c8d-abeb-44ae-96df-d380c29ea85a\" href=\"https:\/\/campome.com\/wp-content\/uploads\/2024\/12\/Gazette-municipale-decembre-2024.pdf\">Gazette  d\u00e9cembre 2024<\/a><a href=\"https:\/\/campome.com\/wp-content\/uploads\/2024\/12\/Gazette-municipale-decembre-2024.pdf\" class=\"wp-block-file__button wp-element-button\" download aria-describedby=\"wp-block-file--media-e1950c8d-abeb-44ae-96df-d380c29ea85a\">T\u00e9l\u00e9charger<\/a><\/div>\n\n\n\n<div class=\"wp-block-file\"><a id=\"wp-block-file--media-3df4a8c1-a250-4640-a5a8-78c657a50ee8\" href=\"https:\/\/campome.com\/wp-content\/uploads\/2024\/07\/Gazette-edition-speciale-juillet-2024-diffusion.pdf\">Gazette edition sp\u00e9ciale juillet 2024<\/a><a href=\"https:\/\/campome.com\/wp-content\/uploads\/2024\/07\/Gazette-edition-speciale-juillet-2024-diffusion.pdf\" class=\"wp-block-file__button wp-element-button\" download aria-describedby=\"wp-block-file--media-3df4a8c1-a250-4640-a5a8-78c657a50ee8\">T\u00e9l\u00e9charger<\/a><\/div>\n\n\n\n<div class=\"wp-block-file\"><a id=\"wp-block-file--media-aaeb47f2-c227-4adf-85bd-c9702dd5db10\" href=\"https:\/\/campome.com\/wp-content\/uploads\/2024\/06\/Bulletin-muncipal-juin-2024.pdf\">Gazette &#8211; juin-2024<\/a><a href=\"https:\/\/campome.com\/wp-content\/uploads\/2024\/06\/Bulletin-muncipal-juin-2024.pdf\" class=\"wp-block-file__button wp-element-button\" download aria-describedby=\"wp-block-file--media-aaeb47f2-c227-4adf-85bd-c9702dd5db10\">T\u00e9l\u00e9charger<\/a><\/div>\n\n\n\n<div class=\"wp-block-file\"><a id=\"wp-block-file--media-bdb9059c-8ead-4184-8630-87c342e68818\" href=\"https:\/\/campome.com\/wp-content\/uploads\/2024\/01\/Gazette-decembre-2023.pdf\">Gazette-decembre-2023<\/a><a href=\"https:\/\/campome.com\/wp-content\/uploads\/2024\/01\/Gazette-decembre-2023.pdf\" class=\"wp-block-file__button wp-element-button\" download aria-describedby=\"wp-block-file--media-bdb9059c-8ead-4184-8630-87c342e68818\">T\u00e9l\u00e9charger<\/a><\/div>\n\n\n\n<div class=\"wp-block-file\"><a id=\"wp-block-file--media-201ef2d1-d9df-44ab-a031-5113791c7019\" href=\"https:\/\/campome.com\/wp-content\/uploads\/2024\/01\/Gazette-juin-23.pdf\">Gazette-juin-23<\/a><a href=\"https:\/\/campome.com\/wp-content\/uploads\/2024\/01\/Gazette-juin-23.pdf\" class=\"wp-block-file__button wp-element-button\" download aria-describedby=\"wp-block-file--media-201ef2d1-d9df-44ab-a031-5113791c7019\">T\u00e9l\u00e9charger<\/a><\/div>\n\n\n\n<div class=\"wp-block-file\"><a id=\"wp-block-file--media-3545a658-8036-416d-ba22-07f84e8de495\" href=\"https:\/\/campome.com\/wp-content\/uploads\/2023\/01\/Gazette-decembre-2022.pdf\">Gazette-decembre-2022<\/a><a href=\"https:\/\/campome.com\/wp-content\/uploads\/2023\/01\/Gazette-decembre-2022.pdf\" class=\"wp-block-file__button wp-element-button\" download aria-describedby=\"wp-block-file--media-3545a658-8036-416d-ba22-07f84e8de495\">T\u00e9l\u00e9charger<\/a><\/div>\n\n\n\n<div class=\"wp-block-file\"><a id=\"wp-block-file--media-d3594396-c1b2-418b-91ba-443fcb574866\" href=\"https:\/\/campome.com\/wp-content\/uploads\/2023\/01\/Gazette-juin-22.pdf\">Gazette-juin-22<\/a><a href=\"https:\/\/campome.com\/wp-content\/uploads\/2023\/01\/Gazette-juin-22.pdf\" class=\"wp-block-file__button wp-element-button\" download aria-describedby=\"wp-block-file--media-d3594396-c1b2-418b-91ba-443fcb574866\">T\u00e9l\u00e9charger<\/a><\/div>\n\n\n\n<div class=\"wp-block-file\"><a id=\"wp-block-file--media-dc008ef2-b2e1-4870-9c88-7b0a029a64a4\" href=\"http:\/\/campome.com\/wp-content\/uploads\/2021\/12\/gazette-decembre-21.pdf\">gazette d\u00e9cembre 21<\/a><a href=\"http:\/\/campome.com\/wp-content\/uploads\/2021\/12\/gazette-decembre-21.pdf\" class=\"wp-block-file__button wp-element-button\" download aria-describedby=\"wp-block-file--media-dc008ef2-b2e1-4870-9c88-7b0a029a64a4\">T\u00e9l\u00e9charger<\/a><\/div>\n\n\n\n<div class=\"wp-block-file\"><a id=\"wp-block-file--media-0f035e0f-06a2-4e70-b295-b5aad597c3d5\" href=\"http:\/\/campome.com\/wp-content\/uploads\/2021\/07\/Bulletin-muncipal-ete-2021-version-H.pdf\">Gazette juin 2021<br><\/a><a href=\"http:\/\/campome.com\/wp-content\/uploads\/2021\/07\/Bulletin-muncipal-ete-2021-version-H.pdf\" class=\"wp-block-file__button wp-element-button\" download aria-describedby=\"wp-block-file--media-0f035e0f-06a2-4e70-b295-b5aad597c3d5\">T\u00e9l\u00e9charger<\/a><\/div>\n\n\n\n<div class=\"wp-block-file\"><a id=\"wp-block-file--media-3a657529-f32d-4fd7-851c-18b3ee74b55b\" href=\"http:\/\/campome.com\/wp-content\/uploads\/2020\/12\/Bulletin-muncipal-Neige-BAT-3.pdf\">Gazette d\u00e9cembre 2020<br><\/a><a href=\"http:\/\/campome.com\/wp-content\/uploads\/2020\/12\/Bulletin-muncipal-Neige-BAT-3.pdf\" class=\"wp-block-file__button wp-element-button\" download aria-describedby=\"wp-block-file--media-3a657529-f32d-4fd7-851c-18b3ee74b55b\">T\u00e9l\u00e9charger<\/a><\/div>\n","protected":false},"excerpt":{"rendered":"","protected":false},"author":1,"featured_media":0,"parent":0,"menu_order":0,"comment_status":"closed","ping_status":"closed","template":"","meta":{"_monsterinsights_skip_tracking":false,"_monsterinsights_sitenote_active":false,"_monsterinsights_sitenote_note":"","_monsterinsights_sitenote_category":0,"footnotes":""},"class_list":["post-1042","page","type-page","status-publish","hentry"],"yoast_head":"<!-- This site is optimized with the Yoast SEO plugin v27.4 - https:\/\/yoast.com\/product\/yoast-seo-wordpress\/ -->\n<title>Gazettes - Mairie de Camp\u00f4me<\/title>\n<meta name=\"robots\" content=\"index, follow, max-snippet:-1, max-image-preview:large, max-video-preview:-1\" \/>\n<link rel=\"canonical\" href=\"https:\/\/campome.com\/index.php\/gazettes\/\" \/>\n<meta property=\"og:locale\" content=\"fr_FR\" \/>\n<meta property=\"og:type\" content=\"article\" \/>\n<meta property=\"og:title\" content=\"Gazettes - Mairie de Camp\u00f4me\" \/>\n<meta property=\"og:url\" content=\"https:\/\/campome.com\/index.php\/gazettes\/\" \/>\n<meta property=\"og:site_name\" content=\"Mairie de Camp\u00f4me\" \/>\n<meta property=\"article:modified_time\" content=\"2025-09-07T20:30:40+00:00\" \/>\n<meta name=\"twitter:card\" content=\"summary_large_image\" \/>\n<meta name=\"twitter:label1\" content=\"Dur\u00e9e de lecture estim\u00e9e\" \/>\n\t<meta name=\"twitter:data1\" content=\"1 minute\" \/>\n<script type=\"application\/ld+json\" class=\"yoast-schema-graph\">{\"@context\":\"https:\\\/\\\/schema.org\",\"@graph\":[{\"@type\":\"WebPage\",\"@id\":\"https:\\\/\\\/campome.com\\\/index.php\\\/gazettes\\\/\",\"url\":\"https:\\\/\\\/campome.com\\\/index.php\\\/gazettes\\\/\",\"name\":\"Gazettes - Mairie de Camp\u00f4me\",\"isPartOf\":{\"@id\":\"https:\\\/\\\/campome.com\\\/#website\"},\"datePublished\":\"2021-07-01T13:33:34+00:00\",\"dateModified\":\"2025-09-07T20:30:40+00:00\",\"breadcrumb\":{\"@id\":\"https:\\\/\\\/campome.com\\\/index.php\\\/gazettes\\\/#breadcrumb\"},\"inLanguage\":\"fr-FR\",\"potentialAction\":[{\"@type\":\"ReadAction\",\"target\":[\"https:\\\/\\\/campome.com\\\/index.php\\\/gazettes\\\/\"]}]},{\"@type\":\"BreadcrumbList\",\"@id\":\"https:\\\/\\\/campome.com\\\/index.php\\\/gazettes\\\/#breadcrumb\",\"itemListElement\":[{\"@type\":\"ListItem\",\"position\":1,\"name\":\"Accueil\",\"item\":\"https:\\\/\\\/campome.com\\\/\"},{\"@type\":\"ListItem\",\"position\":2,\"name\":\"Gazettes\"}]},{\"@type\":\"WebSite\",\"@id\":\"https:\\\/\\\/campome.com\\\/#website\",\"url\":\"https:\\\/\\\/campome.com\\\/\",\"name\":\"Mairie de Camp\u00f4me\",\"description\":\"Bienvenue sur le site de la mairie de Camp\u00f4me\",\"potentialAction\":[{\"@type\":\"SearchAction\",\"target\":{\"@type\":\"EntryPoint\",\"urlTemplate\":\"https:\\\/\\\/campome.com\\\/?s={search_term_string}\"},\"query-input\":{\"@type\":\"PropertyValueSpecification\",\"valueRequired\":true,\"valueName\":\"search_term_string\"}}],\"inLanguage\":\"fr-FR\"}]}<\/script>\n<!-- \/ Yoast SEO plugin. -->","yoast_head_json":{"title":"Gazettes - Mairie de Camp\u00f4me","robots":{"index":"index","follow":"follow","max-snippet":"max-snippet:-1","max-image-preview":"max-image-preview:large","max-video-preview":"max-video-preview:-1"},"canonical":"https:\/\/campome.com\/index.php\/gazettes\/","og_locale":"fr_FR","og_type":"article","og_title":"Gazettes - Mairie de Camp\u00f4me","og_url":"https:\/\/campome.com\/index.php\/gazettes\/","og_site_name":"Mairie de Camp\u00f4me","article_modified_time":"2025-09-07T20:30:40+00:00","twitter_card":"summary_large_image","twitter_misc":{"Dur\u00e9e de lecture estim\u00e9e":"1 minute"},"schema":{"@context":"https:\/\/schema.org","@graph":[{"@type":"WebPage","@id":"https:\/\/campome.com\/index.php\/gazettes\/","url":"https:\/\/campome.com\/index.php\/gazettes\/","name":"Gazettes - Mairie de Camp\u00f4me","isPartOf":{"@id":"https:\/\/campome.com\/#website"},"datePublished":"2021-07-01T13:33:34+00:00","dateModified":"2025-09-07T20:30:40+00:00","breadcrumb":{"@id":"https:\/\/campome.com\/index.php\/gazettes\/#breadcrumb"},"inLanguage":"fr-FR","potentialAction":[{"@type":"ReadAction","target":["https:\/\/campome.com\/index.php\/gazettes\/"]}]},{"@type":"BreadcrumbList","@id":"https:\/\/campome.com\/index.php\/gazettes\/#breadcrumb","itemListElement":[{"@type":"ListItem","position":1,"name":"Accueil","item":"https:\/\/campome.com\/"},{"@type":"ListItem","position":2,"name":"Gazettes"}]},{"@type":"WebSite","@id":"https:\/\/campome.com\/#website","url":"https:\/\/campome.com\/","name":"Mairie de Camp\u00f4me","description":"Bienvenue sur le site de la mairie de Camp\u00f4me","potentialAction":[{"@type":"SearchAction","target":{"@type":"EntryPoint","urlTemplate":"https:\/\/campome.com\/?s={search_term_string}"},"query-input":{"@type":"PropertyValueSpecification","valueRequired":true,"valueName":"search_term_string"}}],"inLanguage":"fr-FR"}]}},"_links":{"self":[{"href":"https:\/\/campome.com\/index.php\/wp-json\/wp\/v2\/pages\/1042","targetHints":{"allow":["GET"]}}],"collection":[{"href":"https:\/\/campome.com\/index.php\/wp-json\/wp\/v2\/pages"}],"about":[{"href":"https:\/\/campome.com\/index.php\/wp-json\/wp\/v2\/types\/page"}],"author":[{"embeddable":true,"href":"https:\/\/campome.com\/index.php\/wp-json\/wp\/v2\/users\/1"}],"replies":[{"embeddable":true,"href":"https:\/\/campome.com\/index.php\/wp-json\/wp\/v2\/comments?post=1042"}],"version-history":[{"count":6,"href":"https:\/\/campome.com\/index.php\/wp-json\/wp\/v2\/pages\/1042\/revisions"}],"predecessor-version":[{"id":2524,"href":"https:\/\/campome.com\/index.php\/wp-json\/wp\/v2\/pages\/1042\/revisions\/2524"}],"wp:attachment":[{"href":"https:\/\/campome.com\/index.php\/wp-json\/wp\/v2\/media?parent=1042"}],"curies":[{"name":"wp","href":"https:\/\/api.w.org\/{rel}","templated":true}]}}