{"id":1122,"date":"2021-07-17T14:11:11","date_gmt":"2021-07-17T12:11:11","guid":{"rendered":"http:\/\/campome.com\/?page_id=1122"},"modified":"2025-05-04T19:14:15","modified_gmt":"2025-05-04T17:14:15","slug":"chambre-eglise","status":"publish","type":"page","link":"https:\/\/campome.com\/index.php\/chambre-eglise\/","title":{"rendered":"Chambre \u00ab\u00a0Eglise\u00a0\u00bb  (Accueil v\u00e9lo)"},"content":{"rendered":"\n<div class=\"wp-block-columns is-layout-flex wp-container-core-columns-is-layout-9d6595d7 wp-block-columns-is-layout-flex\">\n<div class=\"wp-block-column is-layout-flow wp-block-column-is-layout-flow\" style=\"flex-basis:100%\">\n<figure class=\"wp-block-gallery has-nested-images columns-default is-cropped wp-block-gallery-1 is-layout-flex wp-block-gallery-is-layout-flex\">\n<figure class=\"wp-block-image size-large is-style-default\"><img loading=\"lazy\" decoding=\"async\" width=\"1024\" height=\"768\" data-id=\"2437\" src=\"https:\/\/campome.com\/wp-content\/uploads\/2025\/05\/IMG_20250327_155040-1024x768.jpg\" alt=\"\" class=\"wp-image-2437\" srcset=\"https:\/\/campome.com\/wp-content\/uploads\/2025\/05\/IMG_20250327_155040-1024x768.jpg 1024w, https:\/\/campome.com\/wp-content\/uploads\/2025\/05\/IMG_20250327_155040-300x225.jpg 300w, https:\/\/campome.com\/wp-content\/uploads\/2025\/05\/IMG_20250327_155040-768x576.jpg 768w, https:\/\/campome.com\/wp-content\/uploads\/2025\/05\/IMG_20250327_155040-1536x1152.jpg 1536w, https:\/\/campome.com\/wp-content\/uploads\/2025\/05\/IMG_20250327_155040-2048x1536.jpg 2048w, https:\/\/campome.com\/wp-content\/uploads\/2025\/05\/IMG_20250327_155040-16x12.jpg 16w, https:\/\/campome.com\/wp-content\/uploads\/2025\/05\/IMG_20250327_155040-900x675.jpg 900w, https:\/\/campome.com\/wp-content\/uploads\/2025\/05\/IMG_20250327_155040-1280x960.jpg 1280w\" sizes=\"auto, (max-width: 1024px) 100vw, 1024px\" \/><\/figure>\n\n\n\n<figure class=\"wp-block-image size-large\"><img loading=\"lazy\" decoding=\"async\" width=\"1024\" height=\"768\" data-id=\"2439\" src=\"https:\/\/campome.com\/wp-content\/uploads\/2025\/05\/IMG_20250327_155022-1024x768.jpg\" alt=\"\" class=\"wp-image-2439\" srcset=\"https:\/\/campome.com\/wp-content\/uploads\/2025\/05\/IMG_20250327_155022-1024x768.jpg 1024w, https:\/\/campome.com\/wp-content\/uploads\/2025\/05\/IMG_20250327_155022-300x225.jpg 300w, https:\/\/campome.com\/wp-content\/uploads\/2025\/05\/IMG_20250327_155022-768x576.jpg 768w, https:\/\/campome.com\/wp-content\/uploads\/2025\/05\/IMG_20250327_155022-1536x1152.jpg 1536w, https:\/\/campome.com\/wp-content\/uploads\/2025\/05\/IMG_20250327_155022-2048x1536.jpg 2048w, https:\/\/campome.com\/wp-content\/uploads\/2025\/05\/IMG_20250327_155022-16x12.jpg 16w, https:\/\/campome.com\/wp-content\/uploads\/2025\/05\/IMG_20250327_155022-900x675.jpg 900w, https:\/\/campome.com\/wp-content\/uploads\/2025\/05\/IMG_20250327_155022-1280x960.jpg 1280w\" sizes=\"auto, (max-width: 1024px) 100vw, 1024px\" \/><\/figure>\n\n\n\n<figure class=\"wp-block-image size-large\"><img loading=\"lazy\" decoding=\"async\" width=\"768\" height=\"1024\" data-id=\"2436\" src=\"https:\/\/campome.com\/wp-content\/uploads\/2025\/05\/IMG_20250327_154909-768x1024.jpg\" alt=\"\" class=\"wp-image-2436\" srcset=\"https:\/\/campome.com\/wp-content\/uploads\/2025\/05\/IMG_20250327_154909-768x1024.jpg 768w, https:\/\/campome.com\/wp-content\/uploads\/2025\/05\/IMG_20250327_154909-225x300.jpg 225w, https:\/\/campome.com\/wp-content\/uploads\/2025\/05\/IMG_20250327_154909-1152x1536.jpg 1152w, https:\/\/campome.com\/wp-content\/uploads\/2025\/05\/IMG_20250327_154909-1536x2048.jpg 1536w, https:\/\/campome.com\/wp-content\/uploads\/2025\/05\/IMG_20250327_154909-9x12.jpg 9w, https:\/\/campome.com\/wp-content\/uploads\/2025\/05\/IMG_20250327_154909-900x1200.jpg 900w, https:\/\/campome.com\/wp-content\/uploads\/2025\/05\/IMG_20250327_154909-1280x1707.jpg 1280w, https:\/\/campome.com\/wp-content\/uploads\/2025\/05\/IMG_20250327_154909-scaled.jpg 1920w\" sizes=\"auto, (max-width: 768px) 100vw, 768px\" \/><\/figure>\n\n\n\n<figure class=\"wp-block-image size-large\"><img loading=\"lazy\" decoding=\"async\" width=\"1024\" height=\"768\" data-id=\"1126\" src=\"https:\/\/campome.com\/wp-content\/uploads\/2021\/07\/IMG_20210717_123641-1024x768.jpg\" alt=\"\" class=\"wp-image-1126\" srcset=\"https:\/\/campome.com\/wp-content\/uploads\/2021\/07\/IMG_20210717_123641-1024x768.jpg 1024w, https:\/\/campome.com\/wp-content\/uploads\/2021\/07\/IMG_20210717_123641-300x225.jpg 300w, https:\/\/campome.com\/wp-content\/uploads\/2021\/07\/IMG_20210717_123641-768x576.jpg 768w, https:\/\/campome.com\/wp-content\/uploads\/2021\/07\/IMG_20210717_123641-1536x1152.jpg 1536w, https:\/\/campome.com\/wp-content\/uploads\/2021\/07\/IMG_20210717_123641-2048x1536.jpg 2048w, https:\/\/campome.com\/wp-content\/uploads\/2021\/07\/IMG_20210717_123641-900x675.jpg 900w, https:\/\/campome.com\/wp-content\/uploads\/2021\/07\/IMG_20210717_123641-1280x960.jpg 1280w\" sizes=\"auto, (max-width: 1024px) 100vw, 1024px\" \/><\/figure>\n\n\n\n<figure class=\"wp-block-image size-large\"><img loading=\"lazy\" decoding=\"async\" width=\"1024\" height=\"768\" data-id=\"1689\" src=\"https:\/\/campome.com\/wp-content\/uploads\/2022\/06\/Local-velo-1-1024x768.jpg\" alt=\"\" class=\"wp-image-1689\" srcset=\"https:\/\/campome.com\/wp-content\/uploads\/2022\/06\/Local-velo-1-1024x768.jpg 1024w, https:\/\/campome.com\/wp-content\/uploads\/2022\/06\/Local-velo-1-300x225.jpg 300w, https:\/\/campome.com\/wp-content\/uploads\/2022\/06\/Local-velo-1-768x576.jpg 768w, https:\/\/campome.com\/wp-content\/uploads\/2022\/06\/Local-velo-1-1536x1152.jpg 1536w, https:\/\/campome.com\/wp-content\/uploads\/2022\/06\/Local-velo-1-2048x1536.jpg 2048w, https:\/\/campome.com\/wp-content\/uploads\/2022\/06\/Local-velo-1-16x12.jpg 16w, https:\/\/campome.com\/wp-content\/uploads\/2022\/06\/Local-velo-1-900x675.jpg 900w, https:\/\/campome.com\/wp-content\/uploads\/2022\/06\/Local-velo-1-1280x960.jpg 1280w\" sizes=\"auto, (max-width: 1024px) 100vw, 1024px\" \/><\/figure>\n\n\n\n<figure class=\"wp-block-image size-large\"><img loading=\"lazy\" decoding=\"async\" width=\"1024\" height=\"768\" data-id=\"2440\" src=\"https:\/\/campome.com\/wp-content\/uploads\/2025\/05\/IMG_20250327_154958-1-1024x768.jpg\" alt=\"\" class=\"wp-image-2440\" srcset=\"https:\/\/campome.com\/wp-content\/uploads\/2025\/05\/IMG_20250327_154958-1-1024x768.jpg 1024w, https:\/\/campome.com\/wp-content\/uploads\/2025\/05\/IMG_20250327_154958-1-300x225.jpg 300w, https:\/\/campome.com\/wp-content\/uploads\/2025\/05\/IMG_20250327_154958-1-768x576.jpg 768w, https:\/\/campome.com\/wp-content\/uploads\/2025\/05\/IMG_20250327_154958-1-1536x1152.jpg 1536w, https:\/\/campome.com\/wp-content\/uploads\/2025\/05\/IMG_20250327_154958-1-2048x1536.jpg 2048w, https:\/\/campome.com\/wp-content\/uploads\/2025\/05\/IMG_20250327_154958-1-16x12.jpg 16w, https:\/\/campome.com\/wp-content\/uploads\/2025\/05\/IMG_20250327_154958-1-900x675.jpg 900w, https:\/\/campome.com\/wp-content\/uploads\/2025\/05\/IMG_20250327_154958-1-1280x960.jpg 1280w\" sizes=\"auto, (max-width: 1024px) 100vw, 1024px\" \/><\/figure>\n<\/figure>\n<\/div>\n<\/div>\n\n\n\n<p>La chambre \u00ab\u00a0Eglise\u00a0\u00bb situ\u00e9e au rez-de-chauss\u00e9e de l&rsquo;ancien presbyt\u00e8re vous accueille pour de courts s\u00e9jours de 1 \u00e0 quelques nuit\u00e9es. <\/p>\n\n\n\n<p>Elles est \u00e9quip\u00e9e d&rsquo;un lit en 140 (avec traversin et oreillers 65\/65), d&rsquo;une salle d&rsquo;eau avec douche et d&rsquo;un WC.<\/p>\n\n\n\n<p>Pour votre confort, nous vous proposons une bouilloire avec sachets de th\u00e9, caf\u00e9 soluble, sucre et une bouteille d&rsquo;eau. <\/p>\n\n\n\n<p>Cette chambre permet l&rsquo;accueil de cyclistes de passage. Elle dispose d&rsquo;un local s\u00e9curis\u00e9 avec un rack v\u00e9lo avec possibilit\u00e9 de recharger les v\u00e9lo \u00e0 assistance \u00e9lectrique, d&rsquo;une buanderie commune.<\/p>\n\n\n\n<p>Tarif nuit\u00e9e 30\u20ac<\/p>\n\n\n\n<p>Suppl\u00e9ment linge de lit 10\u20ac <\/p>\n\n\n\n<p>Suppl\u00e9ment linge de toilette 10\u20ac par personne<\/p>\n","protected":false},"excerpt":{"rendered":"<p>La chambre \u00ab\u00a0Eglise\u00a0\u00bb situ\u00e9e au rez-de-chauss\u00e9e de l&rsquo;ancien presbyt\u00e8re vous accueille pour de courts s\u00e9jours de 1 \u00e0 quelques nuit\u00e9es. Elles est \u00e9quip\u00e9e d&rsquo;un lit en 140 (avec traversin et oreillers 65\/65), d&rsquo;une salle d&rsquo;eau avec douche et d&rsquo;un WC. Pour votre confort, nous vous proposons une bouilloire avec sachets de th\u00e9, caf\u00e9 soluble, sucre [&hellip;]<\/p>\n","protected":false},"author":1,"featured_media":0,"parent":0,"menu_order":0,"comment_status":"closed","ping_status":"closed","template":"full-width-page-template.php","meta":{"_monsterinsights_skip_tracking":false,"_monsterinsights_sitenote_active":false,"_monsterinsights_sitenote_note":"","_monsterinsights_sitenote_category":0,"footnotes":""},"class_list":["post-1122","page","type-page","status-publish","hentry"],"yoast_head":"<!-- This site is optimized with the Yoast SEO plugin v27.3 - https:\/\/yoast.com\/product\/yoast-seo-wordpress\/ -->\n<title>Chambre &quot;Eglise&quot; (Accueil v\u00e9lo) - Mairie de Camp\u00f4me<\/title>\n<meta name=\"robots\" content=\"index, follow, max-snippet:-1, max-image-preview:large, max-video-preview:-1\" \/>\n<link rel=\"canonical\" href=\"https:\/\/campome.com\/index.php\/chambre-eglise\/\" \/>\n<meta property=\"og:locale\" content=\"fr_FR\" \/>\n<meta property=\"og:type\" content=\"article\" \/>\n<meta property=\"og:title\" content=\"Chambre &quot;Eglise&quot; (Accueil v\u00e9lo) - Mairie de Camp\u00f4me\" \/>\n<meta property=\"og:description\" content=\"La chambre \u00ab\u00a0Eglise\u00a0\u00bb situ\u00e9e au rez-de-chauss\u00e9e de l&rsquo;ancien presbyt\u00e8re vous accueille pour de courts s\u00e9jours de 1 \u00e0 quelques nuit\u00e9es. Elles est \u00e9quip\u00e9e d&rsquo;un lit en 140 (avec traversin et oreillers 65\/65), d&rsquo;une salle d&rsquo;eau avec douche et d&rsquo;un WC. Pour votre confort, nous vous proposons une bouilloire avec sachets de th\u00e9, caf\u00e9 soluble, sucre [&hellip;]\" \/>\n<meta property=\"og:url\" content=\"https:\/\/campome.com\/index.php\/chambre-eglise\/\" \/>\n<meta property=\"og:site_name\" content=\"Mairie de Camp\u00f4me\" \/>\n<meta property=\"article:modified_time\" content=\"2025-05-04T17:14:15+00:00\" \/>\n<meta property=\"og:image\" content=\"https:\/\/campome.com\/wp-content\/uploads\/2025\/05\/IMG_20250327_155040-scaled.jpg\" \/>\n\t<meta property=\"og:image:width\" content=\"2560\" \/>\n\t<meta property=\"og:image:height\" content=\"1920\" \/>\n\t<meta property=\"og:image:type\" content=\"image\/jpeg\" \/>\n<meta name=\"twitter:card\" content=\"summary_large_image\" \/>\n<meta name=\"twitter:label1\" content=\"Dur\u00e9e de lecture estim\u00e9e\" \/>\n\t<meta name=\"twitter:data1\" content=\"2 minutes\" \/>\n<script type=\"application\/ld+json\" class=\"yoast-schema-graph\">{\"@context\":\"https:\\\/\\\/schema.org\",\"@graph\":[{\"@type\":\"WebPage\",\"@id\":\"https:\\\/\\\/campome.com\\\/index.php\\\/chambre-eglise\\\/\",\"url\":\"https:\\\/\\\/campome.com\\\/index.php\\\/chambre-eglise\\\/\",\"name\":\"Chambre \\\"Eglise\\\" (Accueil v\u00e9lo) - Mairie de Camp\u00f4me\",\"isPartOf\":{\"@id\":\"https:\\\/\\\/campome.com\\\/#website\"},\"primaryImageOfPage\":{\"@id\":\"https:\\\/\\\/campome.com\\\/index.php\\\/chambre-eglise\\\/#primaryimage\"},\"image\":{\"@id\":\"https:\\\/\\\/campome.com\\\/index.php\\\/chambre-eglise\\\/#primaryimage\"},\"thumbnailUrl\":\"https:\\\/\\\/campome.com\\\/wp-content\\\/uploads\\\/2025\\\/05\\\/IMG_20250327_155040-1024x768.jpg\",\"datePublished\":\"2021-07-17T12:11:11+00:00\",\"dateModified\":\"2025-05-04T17:14:15+00:00\",\"breadcrumb\":{\"@id\":\"https:\\\/\\\/campome.com\\\/index.php\\\/chambre-eglise\\\/#breadcrumb\"},\"inLanguage\":\"fr-FR\",\"potentialAction\":[{\"@type\":\"ReadAction\",\"target\":[\"https:\\\/\\\/campome.com\\\/index.php\\\/chambre-eglise\\\/\"]}]},{\"@type\":\"ImageObject\",\"inLanguage\":\"fr-FR\",\"@id\":\"https:\\\/\\\/campome.com\\\/index.php\\\/chambre-eglise\\\/#primaryimage\",\"url\":\"https:\\\/\\\/campome.com\\\/wp-content\\\/uploads\\\/2025\\\/05\\\/IMG_20250327_155040-scaled.jpg\",\"contentUrl\":\"https:\\\/\\\/campome.com\\\/wp-content\\\/uploads\\\/2025\\\/05\\\/IMG_20250327_155040-scaled.jpg\",\"width\":2560,\"height\":1920},{\"@type\":\"BreadcrumbList\",\"@id\":\"https:\\\/\\\/campome.com\\\/index.php\\\/chambre-eglise\\\/#breadcrumb\",\"itemListElement\":[{\"@type\":\"ListItem\",\"position\":1,\"name\":\"Accueil\",\"item\":\"https:\\\/\\\/campome.com\\\/\"},{\"@type\":\"ListItem\",\"position\":2,\"name\":\"Chambre \u00ab\u00a0Eglise\u00a0\u00bb (Accueil v\u00e9lo)\"}]},{\"@type\":\"WebSite\",\"@id\":\"https:\\\/\\\/campome.com\\\/#website\",\"url\":\"https:\\\/\\\/campome.com\\\/\",\"name\":\"Mairie de Camp\u00f4me\",\"description\":\"Bienvenue sur le site de la mairie de Camp\u00f4me\",\"potentialAction\":[{\"@type\":\"SearchAction\",\"target\":{\"@type\":\"EntryPoint\",\"urlTemplate\":\"https:\\\/\\\/campome.com\\\/?s={search_term_string}\"},\"query-input\":{\"@type\":\"PropertyValueSpecification\",\"valueRequired\":true,\"valueName\":\"search_term_string\"}}],\"inLanguage\":\"fr-FR\"}]}<\/script>\n<!-- \/ Yoast SEO plugin. -->","yoast_head_json":{"title":"Chambre \"Eglise\" (Accueil v\u00e9lo) - Mairie de Camp\u00f4me","robots":{"index":"index","follow":"follow","max-snippet":"max-snippet:-1","max-image-preview":"max-image-preview:large","max-video-preview":"max-video-preview:-1"},"canonical":"https:\/\/campome.com\/index.php\/chambre-eglise\/","og_locale":"fr_FR","og_type":"article","og_title":"Chambre \"Eglise\" (Accueil v\u00e9lo) - Mairie de Camp\u00f4me","og_description":"La chambre \u00ab\u00a0Eglise\u00a0\u00bb situ\u00e9e au rez-de-chauss\u00e9e de l&rsquo;ancien presbyt\u00e8re vous accueille pour de courts s\u00e9jours de 1 \u00e0 quelques nuit\u00e9es. Elles est \u00e9quip\u00e9e d&rsquo;un lit en 140 (avec traversin et oreillers 65\/65), d&rsquo;une salle d&rsquo;eau avec douche et d&rsquo;un WC. Pour votre confort, nous vous proposons une bouilloire avec sachets de th\u00e9, caf\u00e9 soluble, sucre [&hellip;]","og_url":"https:\/\/campome.com\/index.php\/chambre-eglise\/","og_site_name":"Mairie de Camp\u00f4me","article_modified_time":"2025-05-04T17:14:15+00:00","og_image":[{"width":2560,"height":1920,"url":"https:\/\/campome.com\/wp-content\/uploads\/2025\/05\/IMG_20250327_155040-scaled.jpg","type":"image\/jpeg"}],"twitter_card":"summary_large_image","twitter_misc":{"Dur\u00e9e de lecture estim\u00e9e":"2 minutes"},"schema":{"@context":"https:\/\/schema.org","@graph":[{"@type":"WebPage","@id":"https:\/\/campome.com\/index.php\/chambre-eglise\/","url":"https:\/\/campome.com\/index.php\/chambre-eglise\/","name":"Chambre \"Eglise\" (Accueil v\u00e9lo) - Mairie de Camp\u00f4me","isPartOf":{"@id":"https:\/\/campome.com\/#website"},"primaryImageOfPage":{"@id":"https:\/\/campome.com\/index.php\/chambre-eglise\/#primaryimage"},"image":{"@id":"https:\/\/campome.com\/index.php\/chambre-eglise\/#primaryimage"},"thumbnailUrl":"https:\/\/campome.com\/wp-content\/uploads\/2025\/05\/IMG_20250327_155040-1024x768.jpg","datePublished":"2021-07-17T12:11:11+00:00","dateModified":"2025-05-04T17:14:15+00:00","breadcrumb":{"@id":"https:\/\/campome.com\/index.php\/chambre-eglise\/#breadcrumb"},"inLanguage":"fr-FR","potentialAction":[{"@type":"ReadAction","target":["https:\/\/campome.com\/index.php\/chambre-eglise\/"]}]},{"@type":"ImageObject","inLanguage":"fr-FR","@id":"https:\/\/campome.com\/index.php\/chambre-eglise\/#primaryimage","url":"https:\/\/campome.com\/wp-content\/uploads\/2025\/05\/IMG_20250327_155040-scaled.jpg","contentUrl":"https:\/\/campome.com\/wp-content\/uploads\/2025\/05\/IMG_20250327_155040-scaled.jpg","width":2560,"height":1920},{"@type":"BreadcrumbList","@id":"https:\/\/campome.com\/index.php\/chambre-eglise\/#breadcrumb","itemListElement":[{"@type":"ListItem","position":1,"name":"Accueil","item":"https:\/\/campome.com\/"},{"@type":"ListItem","position":2,"name":"Chambre \u00ab\u00a0Eglise\u00a0\u00bb (Accueil v\u00e9lo)"}]},{"@type":"WebSite","@id":"https:\/\/campome.com\/#website","url":"https:\/\/campome.com\/","name":"Mairie de Camp\u00f4me","description":"Bienvenue sur le site de la mairie de Camp\u00f4me","potentialAction":[{"@type":"SearchAction","target":{"@type":"EntryPoint","urlTemplate":"https:\/\/campome.com\/?s={search_term_string}"},"query-input":{"@type":"PropertyValueSpecification","valueRequired":true,"valueName":"search_term_string"}}],"inLanguage":"fr-FR"}]}},"_links":{"self":[{"href":"https:\/\/campome.com\/index.php\/wp-json\/wp\/v2\/pages\/1122","targetHints":{"allow":["GET"]}}],"collection":[{"href":"https:\/\/campome.com\/index.php\/wp-json\/wp\/v2\/pages"}],"about":[{"href":"https:\/\/campome.com\/index.php\/wp-json\/wp\/v2\/types\/page"}],"author":[{"embeddable":true,"href":"https:\/\/campome.com\/index.php\/wp-json\/wp\/v2\/users\/1"}],"replies":[{"embeddable":true,"href":"https:\/\/campome.com\/index.php\/wp-json\/wp\/v2\/comments?post=1122"}],"version-history":[{"count":5,"href":"https:\/\/campome.com\/index.php\/wp-json\/wp\/v2\/pages\/1122\/revisions"}],"predecessor-version":[{"id":2441,"href":"https:\/\/campome.com\/index.php\/wp-json\/wp\/v2\/pages\/1122\/revisions\/2441"}],"wp:attachment":[{"href":"https:\/\/campome.com\/index.php\/wp-json\/wp\/v2\/media?parent=1122"}],"curies":[{"name":"wp","href":"https:\/\/api.w.org\/{rel}","templated":true}]}}