{"id":136,"date":"2020-06-23T18:50:15","date_gmt":"2020-06-23T16:50:15","guid":{"rendered":"http:\/\/campome.com\/?page_id=136"},"modified":"2026-04-15T14:53:17","modified_gmt":"2026-04-15T12:53:17","slug":"gite-le-castellane","status":"publish","type":"page","link":"https:\/\/campome.com\/index.php\/gite-le-castellane\/","title":{"rendered":"G\u00eete \u00ab\u00a0Le castellane\u00a0\u00bb"},"content":{"rendered":"\n<figure class=\"wp-block-gallery has-nested-images columns-0 is-cropped wp-block-gallery-1 is-layout-flex wp-block-gallery-is-layout-flex\">\n<figure class=\"wp-block-image size-large\"><img loading=\"lazy\" decoding=\"async\" width=\"1024\" height=\"768\" data-id=\"2013\" src=\"https:\/\/campome.com\/wp-content\/uploads\/2023\/07\/Sejour-castellane-2023-1024x768.jpg\" alt=\"\" class=\"wp-image-2013\" srcset=\"https:\/\/campome.com\/wp-content\/uploads\/2023\/07\/Sejour-castellane-2023-1024x768.jpg 1024w, https:\/\/campome.com\/wp-content\/uploads\/2023\/07\/Sejour-castellane-2023-300x225.jpg 300w, https:\/\/campome.com\/wp-content\/uploads\/2023\/07\/Sejour-castellane-2023-768x576.jpg 768w, https:\/\/campome.com\/wp-content\/uploads\/2023\/07\/Sejour-castellane-2023-1536x1152.jpg 1536w, https:\/\/campome.com\/wp-content\/uploads\/2023\/07\/Sejour-castellane-2023-2048x1536.jpg 2048w, https:\/\/campome.com\/wp-content\/uploads\/2023\/07\/Sejour-castellane-2023-16x12.jpg 16w, https:\/\/campome.com\/wp-content\/uploads\/2023\/07\/Sejour-castellane-2023-900x675.jpg 900w, https:\/\/campome.com\/wp-content\/uploads\/2023\/07\/Sejour-castellane-2023-1280x960.jpg 1280w\" sizes=\"auto, (max-width: 1024px) 100vw, 1024px\" \/><\/figure>\n<\/figure>\n\n\n\n<figure class=\"wp-block-gallery has-nested-images columns-1 is-cropped wp-block-gallery-2 is-layout-flex wp-block-gallery-is-layout-flex\">\n<figure class=\"wp-block-image size-large\"><img loading=\"lazy\" decoding=\"async\" width=\"1024\" height=\"768\" data-id=\"2011\" src=\"https:\/\/campome.com\/wp-content\/uploads\/2023\/07\/Chambre-castellane-2023-1024x768.jpg\" alt=\"\" class=\"wp-image-2011\" srcset=\"https:\/\/campome.com\/wp-content\/uploads\/2023\/07\/Chambre-castellane-2023-1024x768.jpg 1024w, https:\/\/campome.com\/wp-content\/uploads\/2023\/07\/Chambre-castellane-2023-300x225.jpg 300w, https:\/\/campome.com\/wp-content\/uploads\/2023\/07\/Chambre-castellane-2023-768x576.jpg 768w, https:\/\/campome.com\/wp-content\/uploads\/2023\/07\/Chambre-castellane-2023-1536x1152.jpg 1536w, https:\/\/campome.com\/wp-content\/uploads\/2023\/07\/Chambre-castellane-2023-2048x1536.jpg 2048w, https:\/\/campome.com\/wp-content\/uploads\/2023\/07\/Chambre-castellane-2023-16x12.jpg 16w, https:\/\/campome.com\/wp-content\/uploads\/2023\/07\/Chambre-castellane-2023-900x675.jpg 900w, https:\/\/campome.com\/wp-content\/uploads\/2023\/07\/Chambre-castellane-2023-1280x960.jpg 1280w\" sizes=\"auto, (max-width: 1024px) 100vw, 1024px\" \/><\/figure>\n\n\n\n<figure class=\"wp-block-image size-large\"><img loading=\"lazy\" decoding=\"async\" width=\"1024\" height=\"768\" data-id=\"2010\" src=\"https:\/\/campome.com\/wp-content\/uploads\/2023\/07\/Cuisine-castellane-2023-1024x768.jpg\" alt=\"\" class=\"wp-image-2010\" srcset=\"https:\/\/campome.com\/wp-content\/uploads\/2023\/07\/Cuisine-castellane-2023-1024x768.jpg 1024w, https:\/\/campome.com\/wp-content\/uploads\/2023\/07\/Cuisine-castellane-2023-300x225.jpg 300w, https:\/\/campome.com\/wp-content\/uploads\/2023\/07\/Cuisine-castellane-2023-768x576.jpg 768w, https:\/\/campome.com\/wp-content\/uploads\/2023\/07\/Cuisine-castellane-2023-1536x1152.jpg 1536w, https:\/\/campome.com\/wp-content\/uploads\/2023\/07\/Cuisine-castellane-2023-2048x1536.jpg 2048w, https:\/\/campome.com\/wp-content\/uploads\/2023\/07\/Cuisine-castellane-2023-16x12.jpg 16w, https:\/\/campome.com\/wp-content\/uploads\/2023\/07\/Cuisine-castellane-2023-900x675.jpg 900w, https:\/\/campome.com\/wp-content\/uploads\/2023\/07\/Cuisine-castellane-2023-1280x960.jpg 1280w\" sizes=\"auto, (max-width: 1024px) 100vw, 1024px\" \/><\/figure>\n<\/figure>\n\n\n\n<figure class=\"wp-block-gallery has-nested-images columns-1 is-cropped wp-block-gallery-3 is-layout-flex wp-block-gallery-is-layout-flex\">\n<figure class=\"wp-block-image size-large\"><img loading=\"lazy\" decoding=\"async\" width=\"768\" height=\"1024\" data-id=\"1635\" src=\"https:\/\/campome.com\/wp-content\/uploads\/2022\/04\/Sde-Castellane-768x1024.jpg\" alt=\"\" class=\"wp-image-1635\" srcset=\"https:\/\/campome.com\/wp-content\/uploads\/2022\/04\/Sde-Castellane-768x1024.jpg 768w, https:\/\/campome.com\/wp-content\/uploads\/2022\/04\/Sde-Castellane-225x300.jpg 225w, https:\/\/campome.com\/wp-content\/uploads\/2022\/04\/Sde-Castellane-1152x1536.jpg 1152w, https:\/\/campome.com\/wp-content\/uploads\/2022\/04\/Sde-Castellane-1536x2048.jpg 1536w, https:\/\/campome.com\/wp-content\/uploads\/2022\/04\/Sde-Castellane-900x1200.jpg 900w, https:\/\/campome.com\/wp-content\/uploads\/2022\/04\/Sde-Castellane-1280x1707.jpg 1280w, https:\/\/campome.com\/wp-content\/uploads\/2022\/04\/Sde-Castellane-scaled.jpg 1920w\" sizes=\"auto, (max-width: 768px) 100vw, 768px\" \/><\/figure>\n\n\n\n<figure class=\"wp-block-image size-large\"><img loading=\"lazy\" decoding=\"async\" width=\"768\" height=\"1024\" data-id=\"2412\" src=\"https:\/\/campome.com\/wp-content\/uploads\/2025\/05\/IMG_20250503_183719-1-768x1024.jpg\" alt=\"\" class=\"wp-image-2412\" srcset=\"https:\/\/campome.com\/wp-content\/uploads\/2025\/05\/IMG_20250503_183719-1-768x1024.jpg 768w, https:\/\/campome.com\/wp-content\/uploads\/2025\/05\/IMG_20250503_183719-1-225x300.jpg 225w, https:\/\/campome.com\/wp-content\/uploads\/2025\/05\/IMG_20250503_183719-1-1152x1536.jpg 1152w, https:\/\/campome.com\/wp-content\/uploads\/2025\/05\/IMG_20250503_183719-1-1536x2048.jpg 1536w, https:\/\/campome.com\/wp-content\/uploads\/2025\/05\/IMG_20250503_183719-1-9x12.jpg 9w, https:\/\/campome.com\/wp-content\/uploads\/2025\/05\/IMG_20250503_183719-1-900x1200.jpg 900w, https:\/\/campome.com\/wp-content\/uploads\/2025\/05\/IMG_20250503_183719-1-1280x1707.jpg 1280w, https:\/\/campome.com\/wp-content\/uploads\/2025\/05\/IMG_20250503_183719-1-scaled.jpg 1920w\" sizes=\"auto, (max-width: 768px) 100vw, 768px\" \/><\/figure>\n<\/figure>\n\n\n\n<h2 class=\"wp-block-heading\">Caract\u00e9ristiques du g\u00eete<\/h2>\n\n\n\n<p>Adresse du g\u00eete rural&nbsp;: Route de la Castellane \u2013 66500 Camp\u00f4me                                  Classement&nbsp;: 3 \u00e9toiles (2022)                                                                                                                Animaux&nbsp;: accept\u00e9s                                                                                                                                            Capacit\u00e9&nbsp;: 2P                                                                                                                                              Superficie&nbsp;: 30 m2<\/p>\n\n\n\n<p>G\u00eete de plain-pied am\u00e9nag\u00e9 dans dans une maison restaur\u00e9e du village situ\u00e9e \u00e0 proximit\u00e9 de l\u2019aire multisports. Belle exposition, g\u00eete tr\u00e8s ensoleill\u00e9. Accessible au personnes \u00e0 mobilit\u00e9 r\u00e9duite. Non accessible aux fauteuils roulants.<\/p>\n\n\n\n<p>Appartement\u00a0:\u00a0\u00a0\u00a0 Cuisine \u00e9quip\u00e9e\u00a0\/s\u00e9jour (+1 petit canap\u00e9), 1 Chambre (2 lits en 90cm), salle d\u2019eau\/WC. Les lits sont \u00e9quip\u00e9s de couettes et couvertures et d&rsquo;un traversin et de 4 oreillers (65\/65).<\/p>\n\n\n\n<p>Equipements&nbsp;: frigo\/cong\u00e9lateur, micro-ondes, four et plaque cuisson \u00e9lectrique, lave linge, canap\u00e9 lit (clic-clac 140), TV, Chauffage \u00e9lectrique, vaisselle, grille pain, bouilloire, cafeti\u00e8re \u00e9lectrique filtres, autocuiseur, party-cr\u00eapes, aspirateur, ustensiles de m\u00e9nage, \u00e9tendoir, volets, rideaux.<\/p>\n\n\n\n<p>Stationnement&nbsp;: Place r\u00e9serv\u00e9e \u00e0 proximit\u00e9 imm\u00e9diate. <\/p>\n\n\n\n<p>Terrasse de 11m2 \u00e9quip\u00e9e d&rsquo;un salon de jardin.<\/p>\n\n\n\n<p>Wifi dans le g\u00eete&nbsp;: <strong>NON<\/strong> (connexion gratuite et t\u00e9l\u00e9travail possible sur demande \u00e0 la mairie situ\u00e9e \u00e0 150m)<\/p>\n\n\n\n<p>Pour le bonheur des camp\u00f4mois, les cloches de l&rsquo;\u00e9glise sonnent les heures !<\/p>\n\n\n\n<h2 class=\"wp-block-heading\">Tarifs<\/h2>\n\n\n\n<p>Moyenne saison : Avril -mai &#8211; juin &#8211; octobre &#8211;  novembre 245\u20ac<\/p>\n\n\n\n<p>Haute saison : juillet &#8211; ao\u00fbt &#8211; septembre 275\u20ac<\/p>\n\n\n\n<p>Week-end , 2 nuits  130\u20ac<\/p>\n\n\n\n<h2 class=\"wp-block-heading\"><strong>Les charges et prestations en sus <\/strong><\/h2>\n\n\n\n<p>Consommation \u00e9lectrique : Forfait de 30\u20ac semaine octobre- novembre &#8211; avril . Forfait de 15\u20ac semaine du 1er mai au 30 septembre <br>Taxe de s\u00e9jour : 1.39\u20ac par jour et par personne majeure<\/p>\n\n\n\n<ul class=\"wp-block-list\">\n<li>&#8211; Location draps&nbsp;: &nbsp;10 \u20ac par couchage<\/li>\n\n\n\n<li>&#8211; Location linge de toilette&nbsp;: &nbsp;10 \u20ac par personne &nbsp;&nbsp;&nbsp;&nbsp;&nbsp;&nbsp;&nbsp;&nbsp;&nbsp;<\/li>\n\n\n\n<li>&#8211; Service de m\u00e9nage&nbsp;: 70 \u20ac par g\u00eete <strong>(factur\u00e9 automatiquement si le g\u00eete n\u2019est pas laiss\u00e9 dans le m\u00eame \u00e9tat de propret\u00e9 qu\u2019\u00e0 votre arriv\u00e9e)<\/strong><\/li>\n<\/ul>\n\n\n\n<h2 class=\"wp-block-heading\"><strong>Loisirs et commerces \u00e0 distance du g\u00eete<\/strong><\/h2>\n\n\n\n<ul class=\"wp-block-list\">\n<li>Mer : 65 km Lacs et plans d\u2019eau : 8 km<\/li>\n\n\n\n<li>Terrain de tenis : 100m Piscine : 8 km<\/li>\n\n\n\n<li>Equitation : 8 km<\/li>\n\n\n\n<li>Golf : 60 km<\/li>\n\n\n\n<li>Mini-golf : 1 km<\/li>\n\n\n\n<li>Cano\u00eb-kayak : 8 km<\/li>\n\n\n\n<li>Ski : 50 km<\/li>\n\n\n\n<li>Canyoning : 1km<\/li>\n\n\n\n<li>P\u00eache : 100 m<\/li>\n\n\n\n<li>D\u00e9part randonn\u00e9e guid\u00e9e : 1 km<\/li>\n\n\n\n<li>Location v\u00e9los \u00e9lectriques : 3 km<\/li>\n\n\n\n<li>Ville la plus proche : Prades<\/li>\n\n\n\n<li>Abbaye m\u00e9di\u00e9vale : 10 km<\/li>\n\n\n\n<li>Ch\u00e2teau m\u00e9di\u00e9val : 12 km<\/li>\n\n\n\n<li>Station thermale : 1.5 km<\/li>\n\n\n\n<li>Bus \u00e0 1\u20ac : 50m<\/li>\n\n\n\n<li>Gare sncf : 8 km<\/li>\n\n\n\n<li>Taxi : 8 km Epicerie : 1 km<\/li>\n\n\n\n<li>Pain : 1 km<\/li>\n\n\n\n<li>Supermarch\u00e9s : 8 km<\/li>\n\n\n\n<li>M\u00e9decins\/Pharmacie\/Clinique : 8 km<\/li>\n<\/ul>\n\n\n\n<p><\/p>\n","protected":false},"excerpt":{"rendered":"<p>Caract\u00e9ristiques du g\u00eete Adresse du g\u00eete rural&nbsp;: Route de la Castellane \u2013 66500 Camp\u00f4me Classement&nbsp;: 3 \u00e9toiles (2022) Animaux&nbsp;: accept\u00e9s Capacit\u00e9&nbsp;: 2P Superficie&nbsp;: 30 m2 G\u00eete de plain-pied am\u00e9nag\u00e9 dans dans une maison restaur\u00e9e du village situ\u00e9e \u00e0 proximit\u00e9 de l\u2019aire multisports. Belle exposition, g\u00eete tr\u00e8s ensoleill\u00e9. Accessible au personnes \u00e0 mobilit\u00e9 r\u00e9duite. Non accessible [&hellip;]<\/p>\n","protected":false},"author":1,"featured_media":0,"parent":0,"menu_order":0,"comment_status":"closed","ping_status":"closed","template":"full-width-page-template.php","meta":{"_monsterinsights_skip_tracking":false,"_monsterinsights_sitenote_active":false,"_monsterinsights_sitenote_note":"","_monsterinsights_sitenote_category":0,"footnotes":""},"class_list":["post-136","page","type-page","status-publish","hentry"],"yoast_head":"<!-- This site is optimized with the Yoast SEO plugin v27.4 - https:\/\/yoast.com\/product\/yoast-seo-wordpress\/ -->\n<title>G\u00eete &quot;Le castellane&quot; - Mairie de Camp\u00f4me<\/title>\n<meta name=\"robots\" content=\"index, follow, max-snippet:-1, max-image-preview:large, max-video-preview:-1\" \/>\n<link rel=\"canonical\" href=\"https:\/\/campome.com\/index.php\/gite-le-castellane\/\" \/>\n<meta property=\"og:locale\" content=\"fr_FR\" \/>\n<meta property=\"og:type\" content=\"article\" \/>\n<meta property=\"og:title\" content=\"G\u00eete &quot;Le castellane&quot; - Mairie de Camp\u00f4me\" \/>\n<meta property=\"og:description\" content=\"Caract\u00e9ristiques du g\u00eete Adresse du g\u00eete rural&nbsp;: Route de la Castellane \u2013 66500 Camp\u00f4me Classement&nbsp;: 3 \u00e9toiles (2022) Animaux&nbsp;: accept\u00e9s Capacit\u00e9&nbsp;: 2P Superficie&nbsp;: 30 m2 G\u00eete de plain-pied am\u00e9nag\u00e9 dans dans une maison restaur\u00e9e du village situ\u00e9e \u00e0 proximit\u00e9 de l\u2019aire multisports. Belle exposition, g\u00eete tr\u00e8s ensoleill\u00e9. Accessible au personnes \u00e0 mobilit\u00e9 r\u00e9duite. Non accessible [&hellip;]\" \/>\n<meta property=\"og:url\" content=\"https:\/\/campome.com\/index.php\/gite-le-castellane\/\" \/>\n<meta property=\"og:site_name\" content=\"Mairie de Camp\u00f4me\" \/>\n<meta property=\"article:modified_time\" content=\"2026-04-15T12:53:17+00:00\" \/>\n<meta property=\"og:image\" content=\"https:\/\/campome.com\/wp-content\/uploads\/2023\/07\/Sejour-castellane-2023-scaled.jpg\" \/>\n\t<meta property=\"og:image:width\" content=\"2560\" \/>\n\t<meta property=\"og:image:height\" content=\"1920\" \/>\n\t<meta property=\"og:image:type\" content=\"image\/jpeg\" \/>\n<meta name=\"twitter:card\" content=\"summary_large_image\" \/>\n<meta name=\"twitter:label1\" content=\"Dur\u00e9e de lecture estim\u00e9e\" \/>\n\t<meta name=\"twitter:data1\" content=\"3 minutes\" \/>\n<script type=\"application\/ld+json\" class=\"yoast-schema-graph\">{\"@context\":\"https:\\\/\\\/schema.org\",\"@graph\":[{\"@type\":\"WebPage\",\"@id\":\"https:\\\/\\\/campome.com\\\/index.php\\\/gite-le-castellane\\\/\",\"url\":\"https:\\\/\\\/campome.com\\\/index.php\\\/gite-le-castellane\\\/\",\"name\":\"G\u00eete \\\"Le castellane\\\" - Mairie de Camp\u00f4me\",\"isPartOf\":{\"@id\":\"https:\\\/\\\/campome.com\\\/#website\"},\"primaryImageOfPage\":{\"@id\":\"https:\\\/\\\/campome.com\\\/index.php\\\/gite-le-castellane\\\/#primaryimage\"},\"image\":{\"@id\":\"https:\\\/\\\/campome.com\\\/index.php\\\/gite-le-castellane\\\/#primaryimage\"},\"thumbnailUrl\":\"https:\\\/\\\/campome.com\\\/wp-content\\\/uploads\\\/2023\\\/07\\\/Sejour-castellane-2023-1024x768.jpg\",\"datePublished\":\"2020-06-23T16:50:15+00:00\",\"dateModified\":\"2026-04-15T12:53:17+00:00\",\"breadcrumb\":{\"@id\":\"https:\\\/\\\/campome.com\\\/index.php\\\/gite-le-castellane\\\/#breadcrumb\"},\"inLanguage\":\"fr-FR\",\"potentialAction\":[{\"@type\":\"ReadAction\",\"target\":[\"https:\\\/\\\/campome.com\\\/index.php\\\/gite-le-castellane\\\/\"]}]},{\"@type\":\"ImageObject\",\"inLanguage\":\"fr-FR\",\"@id\":\"https:\\\/\\\/campome.com\\\/index.php\\\/gite-le-castellane\\\/#primaryimage\",\"url\":\"https:\\\/\\\/campome.com\\\/wp-content\\\/uploads\\\/2023\\\/07\\\/Sejour-castellane-2023-scaled.jpg\",\"contentUrl\":\"https:\\\/\\\/campome.com\\\/wp-content\\\/uploads\\\/2023\\\/07\\\/Sejour-castellane-2023-scaled.jpg\",\"width\":2560,\"height\":1920},{\"@type\":\"BreadcrumbList\",\"@id\":\"https:\\\/\\\/campome.com\\\/index.php\\\/gite-le-castellane\\\/#breadcrumb\",\"itemListElement\":[{\"@type\":\"ListItem\",\"position\":1,\"name\":\"Accueil\",\"item\":\"https:\\\/\\\/campome.com\\\/\"},{\"@type\":\"ListItem\",\"position\":2,\"name\":\"G\u00eete \u00ab\u00a0Le castellane\u00a0\u00bb\"}]},{\"@type\":\"WebSite\",\"@id\":\"https:\\\/\\\/campome.com\\\/#website\",\"url\":\"https:\\\/\\\/campome.com\\\/\",\"name\":\"Mairie de Camp\u00f4me\",\"description\":\"Bienvenue sur le site de la mairie de Camp\u00f4me\",\"potentialAction\":[{\"@type\":\"SearchAction\",\"target\":{\"@type\":\"EntryPoint\",\"urlTemplate\":\"https:\\\/\\\/campome.com\\\/?s={search_term_string}\"},\"query-input\":{\"@type\":\"PropertyValueSpecification\",\"valueRequired\":true,\"valueName\":\"search_term_string\"}}],\"inLanguage\":\"fr-FR\"}]}<\/script>\n<!-- \/ Yoast SEO plugin. -->","yoast_head_json":{"title":"G\u00eete \"Le castellane\" - Mairie de Camp\u00f4me","robots":{"index":"index","follow":"follow","max-snippet":"max-snippet:-1","max-image-preview":"max-image-preview:large","max-video-preview":"max-video-preview:-1"},"canonical":"https:\/\/campome.com\/index.php\/gite-le-castellane\/","og_locale":"fr_FR","og_type":"article","og_title":"G\u00eete \"Le castellane\" - Mairie de Camp\u00f4me","og_description":"Caract\u00e9ristiques du g\u00eete Adresse du g\u00eete rural&nbsp;: Route de la Castellane \u2013 66500 Camp\u00f4me Classement&nbsp;: 3 \u00e9toiles (2022) Animaux&nbsp;: accept\u00e9s Capacit\u00e9&nbsp;: 2P Superficie&nbsp;: 30 m2 G\u00eete de plain-pied am\u00e9nag\u00e9 dans dans une maison restaur\u00e9e du village situ\u00e9e \u00e0 proximit\u00e9 de l\u2019aire multisports. Belle exposition, g\u00eete tr\u00e8s ensoleill\u00e9. Accessible au personnes \u00e0 mobilit\u00e9 r\u00e9duite. Non accessible [&hellip;]","og_url":"https:\/\/campome.com\/index.php\/gite-le-castellane\/","og_site_name":"Mairie de Camp\u00f4me","article_modified_time":"2026-04-15T12:53:17+00:00","og_image":[{"width":2560,"height":1920,"url":"https:\/\/campome.com\/wp-content\/uploads\/2023\/07\/Sejour-castellane-2023-scaled.jpg","type":"image\/jpeg"}],"twitter_card":"summary_large_image","twitter_misc":{"Dur\u00e9e de lecture estim\u00e9e":"3 minutes"},"schema":{"@context":"https:\/\/schema.org","@graph":[{"@type":"WebPage","@id":"https:\/\/campome.com\/index.php\/gite-le-castellane\/","url":"https:\/\/campome.com\/index.php\/gite-le-castellane\/","name":"G\u00eete \"Le castellane\" - Mairie de Camp\u00f4me","isPartOf":{"@id":"https:\/\/campome.com\/#website"},"primaryImageOfPage":{"@id":"https:\/\/campome.com\/index.php\/gite-le-castellane\/#primaryimage"},"image":{"@id":"https:\/\/campome.com\/index.php\/gite-le-castellane\/#primaryimage"},"thumbnailUrl":"https:\/\/campome.com\/wp-content\/uploads\/2023\/07\/Sejour-castellane-2023-1024x768.jpg","datePublished":"2020-06-23T16:50:15+00:00","dateModified":"2026-04-15T12:53:17+00:00","breadcrumb":{"@id":"https:\/\/campome.com\/index.php\/gite-le-castellane\/#breadcrumb"},"inLanguage":"fr-FR","potentialAction":[{"@type":"ReadAction","target":["https:\/\/campome.com\/index.php\/gite-le-castellane\/"]}]},{"@type":"ImageObject","inLanguage":"fr-FR","@id":"https:\/\/campome.com\/index.php\/gite-le-castellane\/#primaryimage","url":"https:\/\/campome.com\/wp-content\/uploads\/2023\/07\/Sejour-castellane-2023-scaled.jpg","contentUrl":"https:\/\/campome.com\/wp-content\/uploads\/2023\/07\/Sejour-castellane-2023-scaled.jpg","width":2560,"height":1920},{"@type":"BreadcrumbList","@id":"https:\/\/campome.com\/index.php\/gite-le-castellane\/#breadcrumb","itemListElement":[{"@type":"ListItem","position":1,"name":"Accueil","item":"https:\/\/campome.com\/"},{"@type":"ListItem","position":2,"name":"G\u00eete \u00ab\u00a0Le castellane\u00a0\u00bb"}]},{"@type":"WebSite","@id":"https:\/\/campome.com\/#website","url":"https:\/\/campome.com\/","name":"Mairie de Camp\u00f4me","description":"Bienvenue sur le site de la mairie de Camp\u00f4me","potentialAction":[{"@type":"SearchAction","target":{"@type":"EntryPoint","urlTemplate":"https:\/\/campome.com\/?s={search_term_string}"},"query-input":{"@type":"PropertyValueSpecification","valueRequired":true,"valueName":"search_term_string"}}],"inLanguage":"fr-FR"}]}},"_links":{"self":[{"href":"https:\/\/campome.com\/index.php\/wp-json\/wp\/v2\/pages\/136","targetHints":{"allow":["GET"]}}],"collection":[{"href":"https:\/\/campome.com\/index.php\/wp-json\/wp\/v2\/pages"}],"about":[{"href":"https:\/\/campome.com\/index.php\/wp-json\/wp\/v2\/types\/page"}],"author":[{"embeddable":true,"href":"https:\/\/campome.com\/index.php\/wp-json\/wp\/v2\/users\/1"}],"replies":[{"embeddable":true,"href":"https:\/\/campome.com\/index.php\/wp-json\/wp\/v2\/comments?post=136"}],"version-history":[{"count":28,"href":"https:\/\/campome.com\/index.php\/wp-json\/wp\/v2\/pages\/136\/revisions"}],"predecessor-version":[{"id":2621,"href":"https:\/\/campome.com\/index.php\/wp-json\/wp\/v2\/pages\/136\/revisions\/2621"}],"wp:attachment":[{"href":"https:\/\/campome.com\/index.php\/wp-json\/wp\/v2\/media?parent=136"}],"curies":[{"name":"wp","href":"https:\/\/api.w.org\/{rel}","templated":true}]}}