{"id":142,"date":"2020-06-23T18:54:09","date_gmt":"2020-06-23T16:54:09","guid":{"rendered":"http:\/\/campome.com\/?page_id=142"},"modified":"2026-04-15T14:43:48","modified_gmt":"2026-04-15T12:43:48","slug":"gite-la-fontaine","status":"publish","type":"page","link":"https:\/\/campome.com\/index.php\/gite-la-fontaine\/","title":{"rendered":"G\u00eete \u00ab\u00a0La Fontaine\u00a0\u00bb"},"content":{"rendered":"\n<figure class=\"wp-block-image size-large\"><img loading=\"lazy\" decoding=\"async\" width=\"1024\" height=\"768\" src=\"https:\/\/campome.com\/wp-content\/uploads\/2025\/04\/Salon-1024x768.jpg\" alt=\"\" class=\"wp-image-2395\" srcset=\"https:\/\/campome.com\/wp-content\/uploads\/2025\/04\/Salon-1024x768.jpg 1024w, https:\/\/campome.com\/wp-content\/uploads\/2025\/04\/Salon-300x225.jpg 300w, https:\/\/campome.com\/wp-content\/uploads\/2025\/04\/Salon-768x576.jpg 768w, https:\/\/campome.com\/wp-content\/uploads\/2025\/04\/Salon-1536x1152.jpg 1536w, https:\/\/campome.com\/wp-content\/uploads\/2025\/04\/Salon-2048x1536.jpg 2048w, https:\/\/campome.com\/wp-content\/uploads\/2025\/04\/Salon-16x12.jpg 16w, https:\/\/campome.com\/wp-content\/uploads\/2025\/04\/Salon-900x675.jpg 900w, https:\/\/campome.com\/wp-content\/uploads\/2025\/04\/Salon-1280x960.jpg 1280w\" sizes=\"auto, (max-width: 1024px) 100vw, 1024px\" \/><\/figure>\n\n\n\n<div class=\"wp-block-group\"><div class=\"wp-block-group__inner-container is-layout-flow wp-block-group-is-layout-flow\">\n<div class=\"wp-block-columns is-layout-flex wp-container-core-columns-is-layout-9d6595d7 wp-block-columns-is-layout-flex\">\n<div class=\"wp-block-column is-layout-flow wp-block-column-is-layout-flow\" style=\"flex-basis:100%\">\n<figure class=\"wp-block-gallery aligncenter has-nested-images columns-0 is-cropped wp-block-gallery-1 is-layout-flex wp-block-gallery-is-layout-flex\">\n<figure class=\"wp-block-image size-large\"><img loading=\"lazy\" decoding=\"async\" width=\"1024\" height=\"768\" data-id=\"2393\" src=\"https:\/\/campome.com\/wp-content\/uploads\/2025\/04\/Cuisine-1024x768.jpg\" alt=\"\" class=\"wp-image-2393\" srcset=\"https:\/\/campome.com\/wp-content\/uploads\/2025\/04\/Cuisine-1024x768.jpg 1024w, https:\/\/campome.com\/wp-content\/uploads\/2025\/04\/Cuisine-300x225.jpg 300w, https:\/\/campome.com\/wp-content\/uploads\/2025\/04\/Cuisine-768x576.jpg 768w, https:\/\/campome.com\/wp-content\/uploads\/2025\/04\/Cuisine-1536x1152.jpg 1536w, https:\/\/campome.com\/wp-content\/uploads\/2025\/04\/Cuisine-2048x1536.jpg 2048w, https:\/\/campome.com\/wp-content\/uploads\/2025\/04\/Cuisine-16x12.jpg 16w, https:\/\/campome.com\/wp-content\/uploads\/2025\/04\/Cuisine-900x675.jpg 900w, https:\/\/campome.com\/wp-content\/uploads\/2025\/04\/Cuisine-1280x960.jpg 1280w\" sizes=\"auto, (max-width: 1024px) 100vw, 1024px\" \/><\/figure>\n<\/figure>\n<\/div>\n<\/div>\n\n\n\n<figure class=\"wp-block-gallery has-nested-images columns-default is-cropped wp-block-gallery-2 is-layout-flex wp-block-gallery-is-layout-flex\">\n<figure class=\"wp-block-image size-large\"><img loading=\"lazy\" decoding=\"async\" width=\"1024\" height=\"768\" data-id=\"1781\" src=\"https:\/\/campome.com\/wp-content\/uploads\/2022\/10\/Chambre-parentale-Fontaine-2022-1024x768.jpg\" alt=\"\" class=\"wp-image-1781\" srcset=\"https:\/\/campome.com\/wp-content\/uploads\/2022\/10\/Chambre-parentale-Fontaine-2022-1024x768.jpg 1024w, https:\/\/campome.com\/wp-content\/uploads\/2022\/10\/Chambre-parentale-Fontaine-2022-300x225.jpg 300w, https:\/\/campome.com\/wp-content\/uploads\/2022\/10\/Chambre-parentale-Fontaine-2022-768x576.jpg 768w, https:\/\/campome.com\/wp-content\/uploads\/2022\/10\/Chambre-parentale-Fontaine-2022-1536x1152.jpg 1536w, https:\/\/campome.com\/wp-content\/uploads\/2022\/10\/Chambre-parentale-Fontaine-2022-16x12.jpg 16w, https:\/\/campome.com\/wp-content\/uploads\/2022\/10\/Chambre-parentale-Fontaine-2022-900x675.jpg 900w, https:\/\/campome.com\/wp-content\/uploads\/2022\/10\/Chambre-parentale-Fontaine-2022-1280x960.jpg 1280w, https:\/\/campome.com\/wp-content\/uploads\/2022\/10\/Chambre-parentale-Fontaine-2022.jpg 1600w\" sizes=\"auto, (max-width: 1024px) 100vw, 1024px\" \/><\/figure>\n<\/figure>\n\n\n\n<div class=\"wp-block-columns is-layout-flex wp-container-core-columns-is-layout-9d6595d7 wp-block-columns-is-layout-flex\">\n<div class=\"wp-block-column is-layout-flow wp-block-column-is-layout-flow\" style=\"flex-basis:100%\">\n<div class=\"wp-block-group\"><div class=\"wp-block-group__inner-container is-layout-flow wp-block-group-is-layout-flow\"><style>.wp-block-kadence-advancedgallery .kb-gallery-type-masonry.kb-gallery-id-142_ff9071-b1{margin:-5px;}.kb-gallery-type-masonry.kb-gallery-id-142_ff9071-b1 .kadence-blocks-gallery-item{padding:5px;}.kb-gallery-id-142_ff9071-b1 .kadence-blocks-gallery-item .kb-gal-image-radius, .kb-gallery-id-142_ff9071-b1 .kb-slide-item .kb-gal-image-radius img{border-radius:0px 0px 0px 0px;;}<\/style><div class=\"kb-gallery-wrap-id-142_ff9071-b1 alignnone wp-block-kadence-advancedgallery\"><ul class=\"kb-gallery-ul kb-gallery-non-static kb-gallery-type-masonry kb-masonry-init kb-gallery-id-142_ff9071-b1 kb-gallery-caption-style-bottom-hover kb-gallery-filter-none\" data-image-filter=\"none\" data-item-selector=\".kadence-blocks-gallery-item\" data-lightbox-caption=\"true\" data-columns-xxl=\"1\" data-columns-xl=\"1\" data-columns-md=\"1\" data-columns-sm=\"1\" data-columns-xs=\"1\" data-columns-ss=\"1\"><li class=\"kadence-blocks-gallery-item\" tabindex=\"0\"><div class=\"kadence-blocks-gallery-item-inner\"><figure class=\"kb-gallery-figure kadence-blocks-gallery-item-hide-caption\"><div class=\"kb-gal-image-radius\" style=\"max-width:629px;\"><div class=\"kb-gallery-image-contain kadence-blocks-gallery-intrinsic\" style=\"padding-bottom:133%;\"><img loading=\"lazy\" decoding=\"async\" src=\"http:\/\/campome.com\/wp-content\/uploads\/2021\/07\/Facade-fontaine-1-768x1024.jpg\" width=\"629\" height=\"839\" alt=\"\" data-full-image=\"http:\/\/campome.com\/wp-content\/uploads\/2021\/07\/Facade-fontaine-1.jpg\" data-light-image=\"http:\/\/campome.com\/wp-content\/uploads\/2021\/07\/Facade-fontaine-1.jpg\" data-id=\"1143\" class=\"wp-image-1143\" srcset=\"https:\/\/campome.com\/wp-content\/uploads\/2021\/07\/Facade-fontaine-1-768x1024.jpg 768w, https:\/\/campome.com\/wp-content\/uploads\/2021\/07\/Facade-fontaine-1-225x300.jpg 225w, https:\/\/campome.com\/wp-content\/uploads\/2021\/07\/Facade-fontaine-1-1152x1536.jpg 1152w, https:\/\/campome.com\/wp-content\/uploads\/2021\/07\/Facade-fontaine-1-900x1200.jpg 900w, https:\/\/campome.com\/wp-content\/uploads\/2021\/07\/Facade-fontaine-1-1280x1707.jpg 1280w, https:\/\/campome.com\/wp-content\/uploads\/2021\/07\/Facade-fontaine-1.jpg 1488w\" sizes=\"auto, (max-width: 629px) 100vw, 629px\" \/><\/div><\/div><\/figure><\/div><\/li><\/ul><\/div><\/div><\/div>\n<\/div>\n<\/div>\n\n\n\n<div class=\"wp-block-group is-nowrap is-layout-flex wp-container-core-group-is-layout-ad2f72ca wp-block-group-is-layout-flex\">\n<figure class=\"wp-block-image size-large\"><img loading=\"lazy\" decoding=\"async\" width=\"768\" height=\"1024\" src=\"https:\/\/campome.com\/wp-content\/uploads\/2025\/04\/Salle-deau-768x1024.jpg\" alt=\"\" class=\"wp-image-2396\" srcset=\"https:\/\/campome.com\/wp-content\/uploads\/2025\/04\/Salle-deau-768x1024.jpg 768w, https:\/\/campome.com\/wp-content\/uploads\/2025\/04\/Salle-deau-225x300.jpg 225w, https:\/\/campome.com\/wp-content\/uploads\/2025\/04\/Salle-deau-1152x1536.jpg 1152w, https:\/\/campome.com\/wp-content\/uploads\/2025\/04\/Salle-deau-1536x2048.jpg 1536w, https:\/\/campome.com\/wp-content\/uploads\/2025\/04\/Salle-deau-9x12.jpg 9w, https:\/\/campome.com\/wp-content\/uploads\/2025\/04\/Salle-deau-900x1200.jpg 900w, https:\/\/campome.com\/wp-content\/uploads\/2025\/04\/Salle-deau-1280x1707.jpg 1280w, https:\/\/campome.com\/wp-content\/uploads\/2025\/04\/Salle-deau-scaled.jpg 1920w\" sizes=\"auto, (max-width: 768px) 100vw, 768px\" \/><\/figure>\n<\/div>\n<\/div><\/div>\n\n\n\n<figure class=\"wp-block-image size-large\"><img loading=\"lazy\" decoding=\"async\" width=\"1024\" height=\"768\" src=\"https:\/\/campome.com\/wp-content\/uploads\/2022\/10\/Chambre-enfants-Fontaine-2022-1024x768.jpg\" alt=\"\" class=\"wp-image-1782\" srcset=\"https:\/\/campome.com\/wp-content\/uploads\/2022\/10\/Chambre-enfants-Fontaine-2022-1024x768.jpg 1024w, https:\/\/campome.com\/wp-content\/uploads\/2022\/10\/Chambre-enfants-Fontaine-2022-300x225.jpg 300w, https:\/\/campome.com\/wp-content\/uploads\/2022\/10\/Chambre-enfants-Fontaine-2022-768x576.jpg 768w, https:\/\/campome.com\/wp-content\/uploads\/2022\/10\/Chambre-enfants-Fontaine-2022-1536x1152.jpg 1536w, https:\/\/campome.com\/wp-content\/uploads\/2022\/10\/Chambre-enfants-Fontaine-2022-16x12.jpg 16w, https:\/\/campome.com\/wp-content\/uploads\/2022\/10\/Chambre-enfants-Fontaine-2022-900x675.jpg 900w, https:\/\/campome.com\/wp-content\/uploads\/2022\/10\/Chambre-enfants-Fontaine-2022-1280x960.jpg 1280w, https:\/\/campome.com\/wp-content\/uploads\/2022\/10\/Chambre-enfants-Fontaine-2022.jpg 1600w\" sizes=\"auto, (max-width: 1024px) 100vw, 1024px\" \/><\/figure>\n\n\n\n<h2 class=\"wp-block-heading\"><strong>caract\u00e9ristiques du g\u00eete<\/strong><\/h2>\n\n\n\n<p>Adresse du g\u00eete rural&nbsp;: Fontaine, Rue de la fontaine \u2013 66500 Camp\u00f4me                                          Classement&nbsp;: 3 \u00e9toiles (juillet 2021)                                                                                                                          Animaux&nbsp;: accept\u00e9s                                                                                                                              Capacit\u00e9&nbsp;: 5P                                                                                                                                                           Superficie&nbsp;: 70 m2<\/p>\n\n\n\n<p>G\u00eete dans une ancienne maison typique du village. (acc\u00e8s par un escalier typique en pierres dont les 8 marches sont irr\u00e9guli\u00e8res)<\/p>\n\n\n\n<p>Rdc&nbsp;: Cave, lave linge                                                                                                                                                 1<sup>er<\/sup> \u00e9tage&nbsp;: Cuisine&nbsp;\u00e9quip\u00e9e\/s\u00e9jour avec canap\u00e9, salle d\u2019eau (douche italienne), WC ind\u00e9pendant avec fen\u00eatre.                                                                                                                                                                    2<sup>\u00e8me<\/sup> \u00e9tage&nbsp;: 1 Chambre (1 lit 140 + 1 lit 90), 1 chambre&nbsp; (2 lits superpos\u00e9s 90). Le lit est \u00e9quip\u00e9 de couettes, couvertures et d&rsquo;un traversin et de 2 oreillers par personne (65\/65).<\/p>\n\n\n\n<p>Equipements\u00a0: frigo\/cong\u00e9lateur, micro-ondes, four et plaque cuisson vitroc\u00e9ramique, lave vaisselle, lave linge, canap\u00e9 lit (clic-clac 140), TV, Chauffage \u00e9lectrique, vaisselle, grille pain, bouilloire, cafeti\u00e8re \u00e9lectrique filtres, autocuiseur, aspirateur, ustensiles de m\u00e9nage, \u00e9tendoir, volets, rideaux, s\u00e8che-cheveux.<\/p>\n\n\n\n<p>Stationnement&nbsp;: Domaine public, local v\u00e9lo.<\/p>\n\n\n\n<p>Wifi dans le g\u00eete&nbsp;: NON (connexion gratuite et t\u00e9l\u00e9travail possible sur demande \u00e0 la mairie situ\u00e9e \u00e0 50m)<\/p>\n\n\n\n<p>Pour le bonheur des camp\u00f4mois, les cloches de l&rsquo;\u00e9glise sonnent les heures !<\/p>\n\n\n\n<h2 class=\"wp-block-heading\">Tarifs<\/h2>\n\n\n\n<p>Moyenne saison : Avril- mai &#8211; juin &#8211; octobre &#8211; novembre 240\u20ac<\/p>\n\n\n\n<p>Haute saison : juillet &#8211; ao\u00fbt &#8211; septembre    270\u20ac<\/p>\n\n\n\n<p>Week-end , 2 nuits  130\u20ac<\/p>\n\n\n\n<h2 class=\"wp-block-heading\"><strong>Les charges et prestations en sus <\/strong><\/h2>\n\n\n\n<p>Consommation \u00e9lectrique : Forfait de 30\u20ac semaine octobre- novembre &#8211; avril . Forfait de 15\u20ac semaine du 1er mai au 30 septembre <br>Taxe de s\u00e9jour : 1.39\u20ac par jour et par personne majeure<\/p>\n\n\n\n<ul class=\"wp-block-list\">\n<li>&#8211; Location draps&nbsp;: &nbsp;10 \u20ac par couchage<\/li>\n\n\n\n<li>&#8211; Location linge de toilette&nbsp;: &nbsp;10 \u20ac par personne &nbsp;&nbsp;&nbsp;&nbsp;&nbsp;&nbsp;&nbsp;&nbsp;&nbsp;<\/li>\n\n\n\n<li>&#8211; Service de m\u00e9nage&nbsp;: 70 \u20ac par g\u00eete <strong>(factur\u00e9 automatiquement si le g\u00eete n\u2019est pas laiss\u00e9 dans le m\u00eame \u00e9tat de propret\u00e9 qu\u2019\u00e0 votre arriv\u00e9e)<\/strong><\/li>\n<\/ul>\n\n\n\n<h2 class=\"wp-block-heading\"><strong>Loisirs et commerces \u00e0 distance du g\u00eete<\/strong><\/h2>\n\n\n\n<ul class=\"wp-block-list\">\n<li>Mer : 65 km Lacs et plans d\u2019eau : 8 km<\/li>\n\n\n\n<li>Terrain de tenis : 100m Piscine : 8 km<\/li>\n\n\n\n<li>Equitation : 8 km<\/li>\n\n\n\n<li>Golf : 60 km<\/li>\n\n\n\n<li>Mini-golf : 1 km<\/li>\n\n\n\n<li>Cano\u00eb-kayak : 8 km<\/li>\n\n\n\n<li>Ski : 50 km<\/li>\n\n\n\n<li>Canyoning : 1km<\/li>\n\n\n\n<li>P\u00eache : 100 m<\/li>\n\n\n\n<li>D\u00e9part randonn\u00e9e guid\u00e9e : 1 k<\/li>\n\n\n\n<li>Ville la plus proche : Prades<\/li>\n\n\n\n<li>Abbaye m\u00e9di\u00e9vale : 10 km<\/li>\n\n\n\n<li>Ch\u00e2teau m\u00e9di\u00e9val : 12 km<\/li>\n\n\n\n<li>Station thermale : 1.5 km<\/li>\n\n\n\n<li>Bus \u00e0 1\u20ac : 50m<\/li>\n\n\n\n<li>Gare sncf : 8 km<\/li>\n\n\n\n<li>Taxi : 8 km Epicerie : 1 km<\/li>\n\n\n\n<li>Pain : 1 km<\/li>\n\n\n\n<li>Supermarch\u00e9s : 8 km<\/li>\n\n\n\n<li>M\u00e9decins\/Pharmacie\/Clinique : 8 km<\/li>\n<\/ul>\n\n\n\n<figure class=\"wp-block-table is-style-regular\"><table><tbody><tr><td><\/td><td><\/td><td><br><br><br><br><br><br><br><br><br><br><\/td><td><\/td><td><\/td><\/tr><tr><td><\/td><td><\/td><td><\/td><td><\/td><td><\/td><\/tr><\/tbody><\/table><\/figure>\n\n\n\n<p><\/p>\n","protected":false},"excerpt":{"rendered":"<p>caract\u00e9ristiques du g\u00eete Adresse du g\u00eete rural&nbsp;: Fontaine, Rue de la fontaine \u2013 66500 Camp\u00f4me Classement&nbsp;: 3 \u00e9toiles (juillet 2021) Animaux&nbsp;: accept\u00e9s Capacit\u00e9&nbsp;: 5P Superficie&nbsp;: 70 m2 G\u00eete dans une ancienne maison typique du village. (acc\u00e8s par un escalier typique en pierres dont les 8 marches sont irr\u00e9guli\u00e8res) Rdc&nbsp;: Cave, lave linge 1er \u00e9tage&nbsp;: Cuisine&nbsp;\u00e9quip\u00e9e\/s\u00e9jour [&hellip;]<\/p>\n","protected":false},"author":1,"featured_media":0,"parent":0,"menu_order":0,"comment_status":"closed","ping_status":"closed","template":"full-width-page-template.php","meta":{"_monsterinsights_skip_tracking":false,"_monsterinsights_sitenote_active":false,"_monsterinsights_sitenote_note":"","_monsterinsights_sitenote_category":0,"footnotes":""},"class_list":["post-142","page","type-page","status-publish","hentry"],"yoast_head":"<!-- This site is optimized with the Yoast SEO plugin v27.4 - https:\/\/yoast.com\/product\/yoast-seo-wordpress\/ -->\n<title>G\u00eete &quot;La Fontaine&quot; - Mairie de Camp\u00f4me<\/title>\n<meta name=\"robots\" content=\"index, follow, max-snippet:-1, max-image-preview:large, max-video-preview:-1\" \/>\n<link rel=\"canonical\" href=\"https:\/\/campome.com\/index.php\/gite-la-fontaine\/\" \/>\n<meta property=\"og:locale\" content=\"fr_FR\" \/>\n<meta property=\"og:type\" content=\"article\" \/>\n<meta property=\"og:title\" content=\"G\u00eete &quot;La Fontaine&quot; - Mairie de Camp\u00f4me\" \/>\n<meta property=\"og:description\" content=\"caract\u00e9ristiques du g\u00eete Adresse du g\u00eete rural&nbsp;: Fontaine, Rue de la fontaine \u2013 66500 Camp\u00f4me Classement&nbsp;: 3 \u00e9toiles (juillet 2021) Animaux&nbsp;: accept\u00e9s Capacit\u00e9&nbsp;: 5P Superficie&nbsp;: 70 m2 G\u00eete dans une ancienne maison typique du village. (acc\u00e8s par un escalier typique en pierres dont les 8 marches sont irr\u00e9guli\u00e8res) Rdc&nbsp;: Cave, lave linge 1er \u00e9tage&nbsp;: Cuisine&nbsp;\u00e9quip\u00e9e\/s\u00e9jour [&hellip;]\" \/>\n<meta property=\"og:url\" content=\"https:\/\/campome.com\/index.php\/gite-la-fontaine\/\" \/>\n<meta property=\"og:site_name\" content=\"Mairie de Camp\u00f4me\" \/>\n<meta property=\"article:modified_time\" content=\"2026-04-15T12:43:48+00:00\" \/>\n<meta property=\"og:image\" content=\"https:\/\/campome.com\/wp-content\/uploads\/2025\/04\/Salon-scaled.jpg\" \/>\n\t<meta property=\"og:image:width\" content=\"2560\" \/>\n\t<meta property=\"og:image:height\" content=\"1920\" \/>\n\t<meta property=\"og:image:type\" content=\"image\/jpeg\" \/>\n<meta name=\"twitter:card\" content=\"summary_large_image\" \/>\n<meta name=\"twitter:label1\" content=\"Dur\u00e9e de lecture estim\u00e9e\" \/>\n\t<meta name=\"twitter:data1\" content=\"3 minutes\" \/>\n<script type=\"application\/ld+json\" class=\"yoast-schema-graph\">{\"@context\":\"https:\\\/\\\/schema.org\",\"@graph\":[{\"@type\":\"WebPage\",\"@id\":\"https:\\\/\\\/campome.com\\\/index.php\\\/gite-la-fontaine\\\/\",\"url\":\"https:\\\/\\\/campome.com\\\/index.php\\\/gite-la-fontaine\\\/\",\"name\":\"G\u00eete \\\"La Fontaine\\\" - Mairie de Camp\u00f4me\",\"isPartOf\":{\"@id\":\"https:\\\/\\\/campome.com\\\/#website\"},\"primaryImageOfPage\":{\"@id\":\"https:\\\/\\\/campome.com\\\/index.php\\\/gite-la-fontaine\\\/#primaryimage\"},\"image\":{\"@id\":\"https:\\\/\\\/campome.com\\\/index.php\\\/gite-la-fontaine\\\/#primaryimage\"},\"thumbnailUrl\":\"https:\\\/\\\/campome.com\\\/wp-content\\\/uploads\\\/2025\\\/04\\\/Salon-1024x768.jpg\",\"datePublished\":\"2020-06-23T16:54:09+00:00\",\"dateModified\":\"2026-04-15T12:43:48+00:00\",\"breadcrumb\":{\"@id\":\"https:\\\/\\\/campome.com\\\/index.php\\\/gite-la-fontaine\\\/#breadcrumb\"},\"inLanguage\":\"fr-FR\",\"potentialAction\":[{\"@type\":\"ReadAction\",\"target\":[\"https:\\\/\\\/campome.com\\\/index.php\\\/gite-la-fontaine\\\/\"]}]},{\"@type\":\"ImageObject\",\"inLanguage\":\"fr-FR\",\"@id\":\"https:\\\/\\\/campome.com\\\/index.php\\\/gite-la-fontaine\\\/#primaryimage\",\"url\":\"https:\\\/\\\/campome.com\\\/wp-content\\\/uploads\\\/2025\\\/04\\\/Salon-scaled.jpg\",\"contentUrl\":\"https:\\\/\\\/campome.com\\\/wp-content\\\/uploads\\\/2025\\\/04\\\/Salon-scaled.jpg\",\"width\":2560,\"height\":1920},{\"@type\":\"BreadcrumbList\",\"@id\":\"https:\\\/\\\/campome.com\\\/index.php\\\/gite-la-fontaine\\\/#breadcrumb\",\"itemListElement\":[{\"@type\":\"ListItem\",\"position\":1,\"name\":\"Accueil\",\"item\":\"https:\\\/\\\/campome.com\\\/\"},{\"@type\":\"ListItem\",\"position\":2,\"name\":\"G\u00eete \u00ab\u00a0La Fontaine\u00a0\u00bb\"}]},{\"@type\":\"WebSite\",\"@id\":\"https:\\\/\\\/campome.com\\\/#website\",\"url\":\"https:\\\/\\\/campome.com\\\/\",\"name\":\"Mairie de Camp\u00f4me\",\"description\":\"Bienvenue sur le site de la mairie de Camp\u00f4me\",\"potentialAction\":[{\"@type\":\"SearchAction\",\"target\":{\"@type\":\"EntryPoint\",\"urlTemplate\":\"https:\\\/\\\/campome.com\\\/?s={search_term_string}\"},\"query-input\":{\"@type\":\"PropertyValueSpecification\",\"valueRequired\":true,\"valueName\":\"search_term_string\"}}],\"inLanguage\":\"fr-FR\"}]}<\/script>\n<!-- \/ Yoast SEO plugin. -->","yoast_head_json":{"title":"G\u00eete \"La Fontaine\" - Mairie de Camp\u00f4me","robots":{"index":"index","follow":"follow","max-snippet":"max-snippet:-1","max-image-preview":"max-image-preview:large","max-video-preview":"max-video-preview:-1"},"canonical":"https:\/\/campome.com\/index.php\/gite-la-fontaine\/","og_locale":"fr_FR","og_type":"article","og_title":"G\u00eete \"La Fontaine\" - Mairie de Camp\u00f4me","og_description":"caract\u00e9ristiques du g\u00eete Adresse du g\u00eete rural&nbsp;: Fontaine, Rue de la fontaine \u2013 66500 Camp\u00f4me Classement&nbsp;: 3 \u00e9toiles (juillet 2021) Animaux&nbsp;: accept\u00e9s Capacit\u00e9&nbsp;: 5P Superficie&nbsp;: 70 m2 G\u00eete dans une ancienne maison typique du village. (acc\u00e8s par un escalier typique en pierres dont les 8 marches sont irr\u00e9guli\u00e8res) Rdc&nbsp;: Cave, lave linge 1er \u00e9tage&nbsp;: Cuisine&nbsp;\u00e9quip\u00e9e\/s\u00e9jour [&hellip;]","og_url":"https:\/\/campome.com\/index.php\/gite-la-fontaine\/","og_site_name":"Mairie de Camp\u00f4me","article_modified_time":"2026-04-15T12:43:48+00:00","og_image":[{"width":2560,"height":1920,"url":"https:\/\/campome.com\/wp-content\/uploads\/2025\/04\/Salon-scaled.jpg","type":"image\/jpeg"}],"twitter_card":"summary_large_image","twitter_misc":{"Dur\u00e9e de lecture estim\u00e9e":"3 minutes"},"schema":{"@context":"https:\/\/schema.org","@graph":[{"@type":"WebPage","@id":"https:\/\/campome.com\/index.php\/gite-la-fontaine\/","url":"https:\/\/campome.com\/index.php\/gite-la-fontaine\/","name":"G\u00eete \"La Fontaine\" - Mairie de Camp\u00f4me","isPartOf":{"@id":"https:\/\/campome.com\/#website"},"primaryImageOfPage":{"@id":"https:\/\/campome.com\/index.php\/gite-la-fontaine\/#primaryimage"},"image":{"@id":"https:\/\/campome.com\/index.php\/gite-la-fontaine\/#primaryimage"},"thumbnailUrl":"https:\/\/campome.com\/wp-content\/uploads\/2025\/04\/Salon-1024x768.jpg","datePublished":"2020-06-23T16:54:09+00:00","dateModified":"2026-04-15T12:43:48+00:00","breadcrumb":{"@id":"https:\/\/campome.com\/index.php\/gite-la-fontaine\/#breadcrumb"},"inLanguage":"fr-FR","potentialAction":[{"@type":"ReadAction","target":["https:\/\/campome.com\/index.php\/gite-la-fontaine\/"]}]},{"@type":"ImageObject","inLanguage":"fr-FR","@id":"https:\/\/campome.com\/index.php\/gite-la-fontaine\/#primaryimage","url":"https:\/\/campome.com\/wp-content\/uploads\/2025\/04\/Salon-scaled.jpg","contentUrl":"https:\/\/campome.com\/wp-content\/uploads\/2025\/04\/Salon-scaled.jpg","width":2560,"height":1920},{"@type":"BreadcrumbList","@id":"https:\/\/campome.com\/index.php\/gite-la-fontaine\/#breadcrumb","itemListElement":[{"@type":"ListItem","position":1,"name":"Accueil","item":"https:\/\/campome.com\/"},{"@type":"ListItem","position":2,"name":"G\u00eete \u00ab\u00a0La Fontaine\u00a0\u00bb"}]},{"@type":"WebSite","@id":"https:\/\/campome.com\/#website","url":"https:\/\/campome.com\/","name":"Mairie de Camp\u00f4me","description":"Bienvenue sur le site de la mairie de Camp\u00f4me","potentialAction":[{"@type":"SearchAction","target":{"@type":"EntryPoint","urlTemplate":"https:\/\/campome.com\/?s={search_term_string}"},"query-input":{"@type":"PropertyValueSpecification","valueRequired":true,"valueName":"search_term_string"}}],"inLanguage":"fr-FR"}]}},"_links":{"self":[{"href":"https:\/\/campome.com\/index.php\/wp-json\/wp\/v2\/pages\/142","targetHints":{"allow":["GET"]}}],"collection":[{"href":"https:\/\/campome.com\/index.php\/wp-json\/wp\/v2\/pages"}],"about":[{"href":"https:\/\/campome.com\/index.php\/wp-json\/wp\/v2\/types\/page"}],"author":[{"embeddable":true,"href":"https:\/\/campome.com\/index.php\/wp-json\/wp\/v2\/users\/1"}],"replies":[{"embeddable":true,"href":"https:\/\/campome.com\/index.php\/wp-json\/wp\/v2\/comments?post=142"}],"version-history":[{"count":33,"href":"https:\/\/campome.com\/index.php\/wp-json\/wp\/v2\/pages\/142\/revisions"}],"predecessor-version":[{"id":2617,"href":"https:\/\/campome.com\/index.php\/wp-json\/wp\/v2\/pages\/142\/revisions\/2617"}],"wp:attachment":[{"href":"https:\/\/campome.com\/index.php\/wp-json\/wp\/v2\/media?parent=142"}],"curies":[{"name":"wp","href":"https:\/\/api.w.org\/{rel}","templated":true}]}}