{"id":145,"date":"2020-06-23T18:55:06","date_gmt":"2020-06-23T16:55:06","guid":{"rendered":"http:\/\/campome.com\/?page_id=145"},"modified":"2026-04-15T13:04:21","modified_gmt":"2026-04-15T11:04:21","slug":"gite-le-presbytere","status":"publish","type":"page","link":"https:\/\/campome.com\/index.php\/gite-le-presbytere\/","title":{"rendered":"G\u00eete \u00ab\u00a0Le Presbyt\u00e8re\u00a0\u00bb"},"content":{"rendered":"\n<figure class=\"wp-block-gallery has-nested-images columns-1 is-cropped wp-block-gallery-1 is-layout-flex wp-block-gallery-is-layout-flex\">\n<figure class=\"wp-block-image size-large\"><img loading=\"lazy\" decoding=\"async\" width=\"1024\" height=\"771\" data-id=\"2419\" src=\"https:\/\/campome.com\/wp-content\/uploads\/2025\/05\/Presbytere-sejour-salon-1024x771.jpg\" alt=\"\" class=\"wp-image-2419\" srcset=\"https:\/\/campome.com\/wp-content\/uploads\/2025\/05\/Presbytere-sejour-salon-1024x771.jpg 1024w, https:\/\/campome.com\/wp-content\/uploads\/2025\/05\/Presbytere-sejour-salon-300x226.jpg 300w, https:\/\/campome.com\/wp-content\/uploads\/2025\/05\/Presbytere-sejour-salon-768x578.jpg 768w, https:\/\/campome.com\/wp-content\/uploads\/2025\/05\/Presbytere-sejour-salon-1536x1156.jpg 1536w, https:\/\/campome.com\/wp-content\/uploads\/2025\/05\/Presbytere-sejour-salon-16x12.jpg 16w, https:\/\/campome.com\/wp-content\/uploads\/2025\/05\/Presbytere-sejour-salon-900x677.jpg 900w, https:\/\/campome.com\/wp-content\/uploads\/2025\/05\/Presbytere-sejour-salon-1280x963.jpg 1280w, https:\/\/campome.com\/wp-content\/uploads\/2025\/05\/Presbytere-sejour-salon.jpg 1600w\" sizes=\"auto, (max-width: 1024px) 100vw, 1024px\" \/><\/figure>\n\n\n\n<figure class=\"wp-block-image size-large\"><img loading=\"lazy\" decoding=\"async\" width=\"1024\" height=\"771\" data-id=\"2422\" src=\"https:\/\/campome.com\/wp-content\/uploads\/2025\/05\/Presbytere-salon-1024x771.jpg\" alt=\"\" class=\"wp-image-2422\" srcset=\"https:\/\/campome.com\/wp-content\/uploads\/2025\/05\/Presbytere-salon-1024x771.jpg 1024w, https:\/\/campome.com\/wp-content\/uploads\/2025\/05\/Presbytere-salon-300x226.jpg 300w, https:\/\/campome.com\/wp-content\/uploads\/2025\/05\/Presbytere-salon-768x578.jpg 768w, https:\/\/campome.com\/wp-content\/uploads\/2025\/05\/Presbytere-salon-1536x1156.jpg 1536w, https:\/\/campome.com\/wp-content\/uploads\/2025\/05\/Presbytere-salon-16x12.jpg 16w, https:\/\/campome.com\/wp-content\/uploads\/2025\/05\/Presbytere-salon-900x677.jpg 900w, https:\/\/campome.com\/wp-content\/uploads\/2025\/05\/Presbytere-salon-1280x963.jpg 1280w, https:\/\/campome.com\/wp-content\/uploads\/2025\/05\/Presbytere-salon.jpg 1600w\" sizes=\"auto, (max-width: 1024px) 100vw, 1024px\" \/><\/figure>\n<\/figure>\n\n\n\n<div class=\"wp-block-columns is-layout-flex wp-container-core-columns-is-layout-9d6595d7 wp-block-columns-is-layout-flex\">\n<div class=\"wp-block-column is-layout-flow wp-block-column-is-layout-flow\" style=\"flex-basis:100%\">\n<div class=\"wp-block-group\"><div class=\"wp-block-group__inner-container is-layout-flow wp-block-group-is-layout-flow\">\n<figure class=\"wp-block-gallery has-nested-images columns-1 is-cropped wp-block-gallery-2 is-layout-flex wp-block-gallery-is-layout-flex\">\n<figure class=\"wp-block-image size-large\"><img loading=\"lazy\" decoding=\"async\" width=\"1024\" height=\"768\" data-id=\"2423\" src=\"https:\/\/campome.com\/wp-content\/uploads\/2025\/05\/Chambre-double-presbytere-1024x768.jpg\" alt=\"\" class=\"wp-image-2423\" srcset=\"https:\/\/campome.com\/wp-content\/uploads\/2025\/05\/Chambre-double-presbytere-1024x768.jpg 1024w, https:\/\/campome.com\/wp-content\/uploads\/2025\/05\/Chambre-double-presbytere-300x225.jpg 300w, https:\/\/campome.com\/wp-content\/uploads\/2025\/05\/Chambre-double-presbytere-768x576.jpg 768w, https:\/\/campome.com\/wp-content\/uploads\/2025\/05\/Chambre-double-presbytere-16x12.jpg 16w, https:\/\/campome.com\/wp-content\/uploads\/2025\/05\/Chambre-double-presbytere-900x675.jpg 900w, https:\/\/campome.com\/wp-content\/uploads\/2025\/05\/Chambre-double-presbytere-1280x960.jpg 1280w, https:\/\/campome.com\/wp-content\/uploads\/2025\/05\/Chambre-double-presbytere.jpg 1288w\" sizes=\"auto, (max-width: 1024px) 100vw, 1024px\" \/><\/figure>\n\n\n\n<figure class=\"wp-block-image size-large\"><img loading=\"lazy\" decoding=\"async\" width=\"1024\" height=\"768\" data-id=\"2424\" src=\"https:\/\/campome.com\/wp-content\/uploads\/2025\/05\/Chambre-presbytere-1024x768.jpg\" alt=\"\" class=\"wp-image-2424\" srcset=\"https:\/\/campome.com\/wp-content\/uploads\/2025\/05\/Chambre-presbytere-1024x768.jpg 1024w, https:\/\/campome.com\/wp-content\/uploads\/2025\/05\/Chambre-presbytere-300x225.jpg 300w, https:\/\/campome.com\/wp-content\/uploads\/2025\/05\/Chambre-presbytere-768x576.jpg 768w, https:\/\/campome.com\/wp-content\/uploads\/2025\/05\/Chambre-presbytere-16x12.jpg 16w, https:\/\/campome.com\/wp-content\/uploads\/2025\/05\/Chambre-presbytere-900x675.jpg 900w, https:\/\/campome.com\/wp-content\/uploads\/2025\/05\/Chambre-presbytere-1280x960.jpg 1280w, https:\/\/campome.com\/wp-content\/uploads\/2025\/05\/Chambre-presbytere.jpg 1288w\" sizes=\"auto, (max-width: 1024px) 100vw, 1024px\" \/><\/figure>\n<\/figure>\n<\/div><\/div>\n<\/div>\n<\/div>\n\n\n\n<div class=\"wp-block-columns is-layout-flex wp-container-core-columns-is-layout-9d6595d7 wp-block-columns-is-layout-flex\">\n<div class=\"wp-block-column is-layout-flow wp-block-column-is-layout-flow\" style=\"flex-basis:100%\">\n<div class=\"wp-block-columns is-layout-flex wp-container-core-columns-is-layout-9d6595d7 wp-block-columns-is-layout-flex\">\n<div class=\"wp-block-column is-layout-flow wp-block-column-is-layout-flow\" style=\"flex-basis:100%\">\n<figure class=\"wp-block-gallery has-nested-images columns-1 is-cropped wp-block-gallery-3 is-layout-flex wp-block-gallery-is-layout-flex\">\n<figure class=\"wp-block-image size-large\"><img loading=\"lazy\" decoding=\"async\" width=\"1024\" height=\"768\" data-id=\"2425\" src=\"https:\/\/campome.com\/wp-content\/uploads\/2025\/05\/cuisine-presbytere-1024x768.jpg\" alt=\"\" class=\"wp-image-2425\" srcset=\"https:\/\/campome.com\/wp-content\/uploads\/2025\/05\/cuisine-presbytere-1024x768.jpg 1024w, https:\/\/campome.com\/wp-content\/uploads\/2025\/05\/cuisine-presbytere-300x225.jpg 300w, https:\/\/campome.com\/wp-content\/uploads\/2025\/05\/cuisine-presbytere-768x576.jpg 768w, https:\/\/campome.com\/wp-content\/uploads\/2025\/05\/cuisine-presbytere-16x12.jpg 16w, https:\/\/campome.com\/wp-content\/uploads\/2025\/05\/cuisine-presbytere-900x675.jpg 900w, https:\/\/campome.com\/wp-content\/uploads\/2025\/05\/cuisine-presbytere-1280x960.jpg 1280w, https:\/\/campome.com\/wp-content\/uploads\/2025\/05\/cuisine-presbytere.jpg 1288w\" sizes=\"auto, (max-width: 1024px) 100vw, 1024px\" \/><\/figure>\n\n\n\n<figure class=\"wp-block-image size-large\"><img loading=\"lazy\" decoding=\"async\" width=\"768\" height=\"1024\" data-id=\"304\" src=\"https:\/\/campome.com\/wp-content\/uploads\/2020\/07\/vue-clocher-768x1024.jpg\" alt=\"\" class=\"wp-image-304\" srcset=\"https:\/\/campome.com\/wp-content\/uploads\/2020\/07\/vue-clocher-768x1024.jpg 768w, https:\/\/campome.com\/wp-content\/uploads\/2020\/07\/vue-clocher-225x300.jpg 225w, https:\/\/campome.com\/wp-content\/uploads\/2020\/07\/vue-clocher-1152x1536.jpg 1152w, https:\/\/campome.com\/wp-content\/uploads\/2020\/07\/vue-clocher-1536x2048.jpg 1536w, https:\/\/campome.com\/wp-content\/uploads\/2020\/07\/vue-clocher-900x1200.jpg 900w, https:\/\/campome.com\/wp-content\/uploads\/2020\/07\/vue-clocher-1280x1707.jpg 1280w, https:\/\/campome.com\/wp-content\/uploads\/2020\/07\/vue-clocher-scaled.jpg 1920w\" sizes=\"auto, (max-width: 768px) 100vw, 768px\" \/><\/figure>\n<\/figure>\n<\/div>\n<\/div>\n<\/div>\n<\/div>\n\n\n\n<p>Adresse du g\u00eete rural : 17 Rue d\u2019Alger \u2013 66500 Camp\u00f4me Classement\u00a0: 2 \u00e9toiles (2023) Animaux\u00a0: accept\u00e9s Capacit\u00e9\u00a0: 4 P (+ couchage d\u2019appoint) Superficie\u00a0: 70 m2 G\u00eete am\u00e9nag\u00e9 dans au 2<sup>\u00e8me<\/sup> \u00e9tage de l\u2019ancien presbyt\u00e8re du village (escalier confortable) RDC\u00a0: Hall d\u2019entr\u00e9e, cave privative, buanderie commune.<\/p>\n\n\n\n<p>Appartement&nbsp;:&nbsp;Cuisine, Salle \u00e0 manger&nbsp;\/s\u00e9jour (avec 2 canap\u00e9s lits 140 pour couchage d\u2019appoint), 2 Chambres (1 lit 140 et 2 lits 90), salle de bain + baignoire, WC s\u00e9par\u00e9s. Le lit est \u00e9quip\u00e9 de couettes, couvertures et d&rsquo;un traversin et de deux oreillers (65\/65). <\/p>\n\n\n\n<p>Equipements\u00a0: frigo\/cong\u00e9lateur, micro-ondes, four et plaque cuisson \u00e9lectrique, lave linge, canap\u00e9 lit (clic-clac 140), TV, chauffage \u00e9lectrique, vaisselle, grille pain, bouilloire, cafeti\u00e8re \u00e9lectrique filtres, autocuiseur, aspirateur, ustensiles de m\u00e9nage, \u00e9tendoir, jeu de soci\u00e9t\u00e9, cartes \u00e0 jouer, livres, volets, rideaux.<\/p>\n\n\n\n<p>Stationnement&nbsp;: Domaine public \u00e0 proximit\u00e9 imm\u00e9diate, local v\u00e9lo.<\/p>\n\n\n\n<p>Wifi dans le g\u00eete\u00a0: <strong>NON<\/strong> (connexion gratuite et t\u00e9l\u00e9travail possible sur demande \u00e0 la mairie situ\u00e9e \u00e0 100m)<\/p>\n\n\n\n<p>Stationnement&nbsp;: Domaine public \u00e0 proximit\u00e9 imm\u00e9diate, local v\u00e9lo.<\/p>\n\n\n\n<p>Pour le bonheur des camp\u00f4mois, les cloches de l&rsquo;\u00e9glise sonnent les heures !<\/p>\n\n\n\n<h2 class=\"wp-block-heading\">Tarifs<\/h2>\n\n\n\n<p>Moyenne saison : Avril -mai &#8211; juin &#8211; octobre &#8211; novembre 240\u20ac<\/p>\n\n\n\n<p>Haute saison : juillet &#8211; ao\u00fbt &#8211; septembre    270\u20ac<\/p>\n\n\n\n<p>Week-end , 2 nuits 130\u20ac<\/p>\n\n\n\n<h2 class=\"wp-block-heading\"><strong>Les charges et prestations en sus :<\/strong><\/h2>\n\n\n\n<p>Consommation \u00e9lectrique : Forfait de 30\u20ac semaine octobre- novembre &#8211; avril . Forfait de 15\u20ac semaine du 1er mai au 30 septembre <br>Taxe de s\u00e9jour : 0.99\u20ac par jour et par personne majeure<\/p>\n\n\n\n<p>Location draps&nbsp;:  10\u20ac par couchage Location linge de toilette&nbsp;: 10 \u20ac par personne &nbsp;&nbsp;&nbsp;&nbsp;&nbsp;&nbsp;&nbsp;&nbsp;&nbsp; Service de m\u00e9nage : 70 \u20ac par g\u00eete (<strong>factur\u00e9 automatiquement si le g\u00eete n\u2019est pas laiss\u00e9 dans le m\u00eame \u00e9tat de propret\u00e9 qu\u2019\u00e0 votre arriv\u00e9e<\/strong>)<\/p>\n\n\n\n<h2 class=\"wp-block-heading\">Loisirs et commerces \u00e0 distance du g\u00eete<\/h2>\n\n\n\n<ul class=\"wp-block-list\">\n<li>Mer : 65 km Lacs et plans d\u2019eau : 8 km<\/li>\n\n\n\n<li>Terrain de tenis : 100m Piscine : 8 km<\/li>\n\n\n\n<li>Equitation : 8 km<\/li>\n\n\n\n<li>Golf : 60 km<\/li>\n\n\n\n<li>Mini golf : 1 km<\/li>\n\n\n\n<li>Cano\u00eb-kayak : 8 km<\/li>\n\n\n\n<li>Ski : 50 km<\/li>\n\n\n\n<li>Canyoning : 1km<\/li>\n\n\n\n<li>P\u00eache : 100 m<\/li>\n\n\n\n<li>D\u00e9part randonn\u00e9e guid\u00e9e : 1 km<\/li>\n\n\n\n<li>Location de v\u00e9lo \u00e9lectriques : 3 km<\/li>\n\n\n\n<li>Ville la plus proche : Prades<\/li>\n\n\n\n<li>Abbaye m\u00e9di\u00e9vale : 10 km<\/li>\n\n\n\n<li>Ch\u00e2teau m\u00e9di\u00e9val : 12 km<\/li>\n\n\n\n<li>Station thermale : 1.5 km<\/li>\n\n\n\n<li>Bus \u00e0 1\u20ac : 50m<\/li>\n\n\n\n<li>Gare sncf : 8 km<\/li>\n\n\n\n<li>Taxi : 8 km Epicerie : 1 km<\/li>\n\n\n\n<li>Pain : 1 km<\/li>\n\n\n\n<li>Supermarch\u00e9s : 8 km<\/li>\n\n\n\n<li>M\u00e9decins\/Pharmacie\/Clinique : 8 km<\/li>\n<\/ul>\n\n\n\n<p><\/p>\n\n\n\n<p><\/p>\n","protected":false},"excerpt":{"rendered":"<p>Adresse du g\u00eete rural : 17 Rue d\u2019Alger \u2013 66500 Camp\u00f4me Classement\u00a0: 2 \u00e9toiles (2023) Animaux\u00a0: accept\u00e9s Capacit\u00e9\u00a0: 4 P (+ couchage d\u2019appoint) Superficie\u00a0: 70 m2 G\u00eete am\u00e9nag\u00e9 dans au 2\u00e8me \u00e9tage de l\u2019ancien presbyt\u00e8re du village (escalier confortable) RDC\u00a0: Hall d\u2019entr\u00e9e, cave privative, buanderie commune. Appartement&nbsp;:&nbsp;Cuisine, Salle \u00e0 manger&nbsp;\/s\u00e9jour (avec 2 canap\u00e9s lits 140 [&hellip;]<\/p>\n","protected":false},"author":1,"featured_media":0,"parent":0,"menu_order":0,"comment_status":"closed","ping_status":"closed","template":"full-width-page-template.php","meta":{"_monsterinsights_skip_tracking":false,"_monsterinsights_sitenote_active":false,"_monsterinsights_sitenote_note":"","_monsterinsights_sitenote_category":0,"footnotes":""},"class_list":["post-145","page","type-page","status-publish","hentry"],"yoast_head":"<!-- This site is optimized with the Yoast SEO plugin v27.4 - https:\/\/yoast.com\/product\/yoast-seo-wordpress\/ -->\n<title>G\u00eete &quot;Le Presbyt\u00e8re&quot; - Mairie de Camp\u00f4me<\/title>\n<meta name=\"robots\" content=\"index, follow, max-snippet:-1, max-image-preview:large, max-video-preview:-1\" \/>\n<link rel=\"canonical\" href=\"https:\/\/campome.com\/index.php\/gite-le-presbytere\/\" \/>\n<meta property=\"og:locale\" content=\"fr_FR\" \/>\n<meta property=\"og:type\" content=\"article\" \/>\n<meta property=\"og:title\" content=\"G\u00eete &quot;Le Presbyt\u00e8re&quot; - Mairie de Camp\u00f4me\" \/>\n<meta property=\"og:description\" content=\"Adresse du g\u00eete rural : 17 Rue d\u2019Alger \u2013 66500 Camp\u00f4me Classement\u00a0: 2 \u00e9toiles (2023) Animaux\u00a0: accept\u00e9s Capacit\u00e9\u00a0: 4 P (+ couchage d\u2019appoint) Superficie\u00a0: 70 m2 G\u00eete am\u00e9nag\u00e9 dans au 2\u00e8me \u00e9tage de l\u2019ancien presbyt\u00e8re du village (escalier confortable) RDC\u00a0: Hall d\u2019entr\u00e9e, cave privative, buanderie commune. Appartement&nbsp;:&nbsp;Cuisine, Salle \u00e0 manger&nbsp;\/s\u00e9jour (avec 2 canap\u00e9s lits 140 [&hellip;]\" \/>\n<meta property=\"og:url\" content=\"https:\/\/campome.com\/index.php\/gite-le-presbytere\/\" \/>\n<meta property=\"og:site_name\" content=\"Mairie de Camp\u00f4me\" \/>\n<meta property=\"article:modified_time\" content=\"2026-04-15T11:04:21+00:00\" \/>\n<meta property=\"og:image\" content=\"https:\/\/campome.com\/wp-content\/uploads\/2025\/05\/Presbytere-sejour-salon.jpg\" \/>\n\t<meta property=\"og:image:width\" content=\"1600\" \/>\n\t<meta property=\"og:image:height\" content=\"1204\" \/>\n\t<meta property=\"og:image:type\" content=\"image\/jpeg\" \/>\n<meta name=\"twitter:card\" content=\"summary_large_image\" \/>\n<meta name=\"twitter:label1\" content=\"Dur\u00e9e de lecture estim\u00e9e\" \/>\n\t<meta name=\"twitter:data1\" content=\"4 minutes\" \/>\n<script type=\"application\/ld+json\" class=\"yoast-schema-graph\">{\"@context\":\"https:\\\/\\\/schema.org\",\"@graph\":[{\"@type\":\"WebPage\",\"@id\":\"https:\\\/\\\/campome.com\\\/index.php\\\/gite-le-presbytere\\\/\",\"url\":\"https:\\\/\\\/campome.com\\\/index.php\\\/gite-le-presbytere\\\/\",\"name\":\"G\u00eete \\\"Le Presbyt\u00e8re\\\" - Mairie de Camp\u00f4me\",\"isPartOf\":{\"@id\":\"https:\\\/\\\/campome.com\\\/#website\"},\"primaryImageOfPage\":{\"@id\":\"https:\\\/\\\/campome.com\\\/index.php\\\/gite-le-presbytere\\\/#primaryimage\"},\"image\":{\"@id\":\"https:\\\/\\\/campome.com\\\/index.php\\\/gite-le-presbytere\\\/#primaryimage\"},\"thumbnailUrl\":\"https:\\\/\\\/campome.com\\\/wp-content\\\/uploads\\\/2025\\\/05\\\/Presbytere-sejour-salon-1024x771.jpg\",\"datePublished\":\"2020-06-23T16:55:06+00:00\",\"dateModified\":\"2026-04-15T11:04:21+00:00\",\"breadcrumb\":{\"@id\":\"https:\\\/\\\/campome.com\\\/index.php\\\/gite-le-presbytere\\\/#breadcrumb\"},\"inLanguage\":\"fr-FR\",\"potentialAction\":[{\"@type\":\"ReadAction\",\"target\":[\"https:\\\/\\\/campome.com\\\/index.php\\\/gite-le-presbytere\\\/\"]}]},{\"@type\":\"ImageObject\",\"inLanguage\":\"fr-FR\",\"@id\":\"https:\\\/\\\/campome.com\\\/index.php\\\/gite-le-presbytere\\\/#primaryimage\",\"url\":\"https:\\\/\\\/campome.com\\\/wp-content\\\/uploads\\\/2025\\\/05\\\/Presbytere-sejour-salon.jpg\",\"contentUrl\":\"https:\\\/\\\/campome.com\\\/wp-content\\\/uploads\\\/2025\\\/05\\\/Presbytere-sejour-salon.jpg\",\"width\":1600,\"height\":1204},{\"@type\":\"BreadcrumbList\",\"@id\":\"https:\\\/\\\/campome.com\\\/index.php\\\/gite-le-presbytere\\\/#breadcrumb\",\"itemListElement\":[{\"@type\":\"ListItem\",\"position\":1,\"name\":\"Accueil\",\"item\":\"https:\\\/\\\/campome.com\\\/\"},{\"@type\":\"ListItem\",\"position\":2,\"name\":\"G\u00eete \u00ab\u00a0Le Presbyt\u00e8re\u00a0\u00bb\"}]},{\"@type\":\"WebSite\",\"@id\":\"https:\\\/\\\/campome.com\\\/#website\",\"url\":\"https:\\\/\\\/campome.com\\\/\",\"name\":\"Mairie de Camp\u00f4me\",\"description\":\"Bienvenue sur le site de la mairie de Camp\u00f4me\",\"potentialAction\":[{\"@type\":\"SearchAction\",\"target\":{\"@type\":\"EntryPoint\",\"urlTemplate\":\"https:\\\/\\\/campome.com\\\/?s={search_term_string}\"},\"query-input\":{\"@type\":\"PropertyValueSpecification\",\"valueRequired\":true,\"valueName\":\"search_term_string\"}}],\"inLanguage\":\"fr-FR\"}]}<\/script>\n<!-- \/ Yoast SEO plugin. -->","yoast_head_json":{"title":"G\u00eete \"Le Presbyt\u00e8re\" - Mairie de Camp\u00f4me","robots":{"index":"index","follow":"follow","max-snippet":"max-snippet:-1","max-image-preview":"max-image-preview:large","max-video-preview":"max-video-preview:-1"},"canonical":"https:\/\/campome.com\/index.php\/gite-le-presbytere\/","og_locale":"fr_FR","og_type":"article","og_title":"G\u00eete \"Le Presbyt\u00e8re\" - Mairie de Camp\u00f4me","og_description":"Adresse du g\u00eete rural : 17 Rue d\u2019Alger \u2013 66500 Camp\u00f4me Classement\u00a0: 2 \u00e9toiles (2023) Animaux\u00a0: accept\u00e9s Capacit\u00e9\u00a0: 4 P (+ couchage d\u2019appoint) Superficie\u00a0: 70 m2 G\u00eete am\u00e9nag\u00e9 dans au 2\u00e8me \u00e9tage de l\u2019ancien presbyt\u00e8re du village (escalier confortable) RDC\u00a0: Hall d\u2019entr\u00e9e, cave privative, buanderie commune. Appartement&nbsp;:&nbsp;Cuisine, Salle \u00e0 manger&nbsp;\/s\u00e9jour (avec 2 canap\u00e9s lits 140 [&hellip;]","og_url":"https:\/\/campome.com\/index.php\/gite-le-presbytere\/","og_site_name":"Mairie de Camp\u00f4me","article_modified_time":"2026-04-15T11:04:21+00:00","og_image":[{"width":1600,"height":1204,"url":"https:\/\/campome.com\/wp-content\/uploads\/2025\/05\/Presbytere-sejour-salon.jpg","type":"image\/jpeg"}],"twitter_card":"summary_large_image","twitter_misc":{"Dur\u00e9e de lecture estim\u00e9e":"4 minutes"},"schema":{"@context":"https:\/\/schema.org","@graph":[{"@type":"WebPage","@id":"https:\/\/campome.com\/index.php\/gite-le-presbytere\/","url":"https:\/\/campome.com\/index.php\/gite-le-presbytere\/","name":"G\u00eete \"Le Presbyt\u00e8re\" - Mairie de Camp\u00f4me","isPartOf":{"@id":"https:\/\/campome.com\/#website"},"primaryImageOfPage":{"@id":"https:\/\/campome.com\/index.php\/gite-le-presbytere\/#primaryimage"},"image":{"@id":"https:\/\/campome.com\/index.php\/gite-le-presbytere\/#primaryimage"},"thumbnailUrl":"https:\/\/campome.com\/wp-content\/uploads\/2025\/05\/Presbytere-sejour-salon-1024x771.jpg","datePublished":"2020-06-23T16:55:06+00:00","dateModified":"2026-04-15T11:04:21+00:00","breadcrumb":{"@id":"https:\/\/campome.com\/index.php\/gite-le-presbytere\/#breadcrumb"},"inLanguage":"fr-FR","potentialAction":[{"@type":"ReadAction","target":["https:\/\/campome.com\/index.php\/gite-le-presbytere\/"]}]},{"@type":"ImageObject","inLanguage":"fr-FR","@id":"https:\/\/campome.com\/index.php\/gite-le-presbytere\/#primaryimage","url":"https:\/\/campome.com\/wp-content\/uploads\/2025\/05\/Presbytere-sejour-salon.jpg","contentUrl":"https:\/\/campome.com\/wp-content\/uploads\/2025\/05\/Presbytere-sejour-salon.jpg","width":1600,"height":1204},{"@type":"BreadcrumbList","@id":"https:\/\/campome.com\/index.php\/gite-le-presbytere\/#breadcrumb","itemListElement":[{"@type":"ListItem","position":1,"name":"Accueil","item":"https:\/\/campome.com\/"},{"@type":"ListItem","position":2,"name":"G\u00eete \u00ab\u00a0Le Presbyt\u00e8re\u00a0\u00bb"}]},{"@type":"WebSite","@id":"https:\/\/campome.com\/#website","url":"https:\/\/campome.com\/","name":"Mairie de Camp\u00f4me","description":"Bienvenue sur le site de la mairie de Camp\u00f4me","potentialAction":[{"@type":"SearchAction","target":{"@type":"EntryPoint","urlTemplate":"https:\/\/campome.com\/?s={search_term_string}"},"query-input":{"@type":"PropertyValueSpecification","valueRequired":true,"valueName":"search_term_string"}}],"inLanguage":"fr-FR"}]}},"_links":{"self":[{"href":"https:\/\/campome.com\/index.php\/wp-json\/wp\/v2\/pages\/145","targetHints":{"allow":["GET"]}}],"collection":[{"href":"https:\/\/campome.com\/index.php\/wp-json\/wp\/v2\/pages"}],"about":[{"href":"https:\/\/campome.com\/index.php\/wp-json\/wp\/v2\/types\/page"}],"author":[{"embeddable":true,"href":"https:\/\/campome.com\/index.php\/wp-json\/wp\/v2\/users\/1"}],"replies":[{"embeddable":true,"href":"https:\/\/campome.com\/index.php\/wp-json\/wp\/v2\/comments?post=145"}],"version-history":[{"count":22,"href":"https:\/\/campome.com\/index.php\/wp-json\/wp\/v2\/pages\/145\/revisions"}],"predecessor-version":[{"id":2610,"href":"https:\/\/campome.com\/index.php\/wp-json\/wp\/v2\/pages\/145\/revisions\/2610"}],"wp:attachment":[{"href":"https:\/\/campome.com\/index.php\/wp-json\/wp\/v2\/media?parent=145"}],"curies":[{"name":"wp","href":"https:\/\/api.w.org\/{rel}","templated":true}]}}