{"id":1540,"date":"2022-03-17T18:44:47","date_gmt":"2022-03-17T17:44:47","guid":{"rendered":"http:\/\/campome.com\/?page_id=1540"},"modified":"2022-03-17T18:54:01","modified_gmt":"2022-03-17T17:54:01","slug":"focs-de-la-sant-joan-feux-de-la-saint-jean","status":"publish","type":"page","link":"https:\/\/campome.com\/index.php\/focs-de-la-sant-joan-feux-de-la-saint-jean\/","title":{"rendered":"Focs de la Sant Joan"},"content":{"rendered":"\n<h3 class=\"wp-block-heading\">Feux de la Saint Jean<\/h3>\n\n\n\n<p><strong>Tradition<\/strong>\u00a0 Ancienne tradition populaire qui avait quasiment disparu apr\u00e8s la seconde guerre mondiale. Seuls quelques petits villages ou hameaux la maintenaient en organisant une veill\u00e9e m\u00ealant sardanes, chants, folklore.<\/p>\n\n\n\n<p><strong>Naissance des feux<\/strong>\u00a0 Le 23 juin 1955, Fran\u00e7ois Pujade, Pr\u00e9sident du groupe arl\u00e9sien d\u2019excursionnistes, voulu f\u00eater son anniversaire au sommet du Canigou. Il rassembla une troupe d\u2019excursionnistes qui fit l\u2019ascension, charg\u00e9e de fagots afin d\u2019illuminer le pic pour cette soir\u00e9e de solstice d\u2019\u00e9t\u00e9. Le 23 juin 1955, c\u2019\u00e9tait \u00e9galement le jour de la victoire de l\u2019USAP en championnat de France de Rugby\u00a0; quelques supporters qui avaient fait le v\u0153u d\u2019allumer un feu au sommet du Canigou en cas de victoire se joignirent aux montagnards arl\u00e9siens. L\u2019ann\u00e9e suivante, tous les villages catalans entr\u00e8rent \u00e0 nouveau dans la ronde de la tradition\u00a0; La radio locale transmettait les festivit\u00e9s avec le concours de chanteurs catalans. Le sommet du Canigou peut \u00eatre vu depuis une grande partie des deux Catalogne, aussi le message fut donn\u00e9\u00a0: \u00ab\u00a0quand le pic s\u2019allumera, tous le verront et allumeront \u00e0 leur tour le feu\u00a0\u00bb. Au cours des ann\u00e9es suivantes, les feux de la saint Jean prirent une toute autre dimension\u00a0: En 1957, plusieurs \u00e9quipes du Cercle Des Jeunes illumin\u00e8rent diff\u00e9rents sommets, tours \u00e0 signaux, anciens ch\u00e2teaux, pour constituer une grande cha\u00eene des feux\u00a0; En 1963, Jean Igl\u00e9sis, Pr\u00e9sident du Cercle Des Jeunes, prend l\u2019initiative d\u2019organiser un relais humain g\u00e9ant pour descendre la flamme du pic du Canigou jusqu\u2019\u00e0 la plaine. Dans chaque village, se partagent alors la \u00ab\u00a0coca catalane\u00a0\u00bb (fougasse ronde) et le \u00ab\u00a0vi dol\u00e7\u00a0\u00bb (muscat) de l\u2019amiti\u00e9\u00a0autour d\u2019un feu de joie au dessus duquel il est coutume de sauter.<\/p>\n\n\n\n<p><strong>Le bouquet de la saint Jean<\/strong>&nbsp;Le jour suivant la c\u00e9l\u00e9bration des feux de la Saint Jean, avant le lever du soleil, il est de coutume de partir parcourir les sentiers \u00e0 la recherche de fleurs rev\u00eatant des&nbsp; vertus m\u00e9dicinales et li\u00e9es aux traditions, aux mythes et aux l\u00e9gendes. Une fois la cueillette des fleurs achev\u00e9e, on se met autour d\u2019une table ou bien assis \u00e0 m\u00eame le sol, en cercle, la r\u00e9colte au centre, pour confectionner les bouquets, croix ou couronnes. Ils sont destin\u00e9s \u00e0 \u00eatre accroch\u00e9s sur la porte d\u2019entr\u00e9e en guise de porte bonheur. L\u2019ann\u00e9e suivante, un bouquet frais vient remplacer l\u2019ancien que l\u2019on br\u00fble.<\/p>\n\n\n\n<p><strong>Composition&nbsp;:<\/strong>&nbsp;Le bouquet peut se composer de diff\u00e9rentes fleurs de 3 \u00e0 21 esp\u00e8ces selon la r\u00e9gion. Il l\u2019est plus traditionnellement des 4 suivantes&nbsp;:<\/p>\n\n\n\n<p><strong>Le mille pertuis<\/strong>&nbsp;Huile de millepertuis agit sur les br\u00fblures, les coups de soleil, les plaies. La plante combat les infections pulmonaires et urinaires. C\u2019est \u00e9galement un antid\u00e9presseur, les anciens l\u2019utilisaient pour combattre la m\u00e9lancolie.<\/p>\n\n\n\n<p><strong>L\u2019immortelle<\/strong>&nbsp;Plante r\u00e9put\u00e9e pour ses pouvoirs mystiques de long\u00e9vit\u00e9 et d\u2019immortalit\u00e9&nbsp;; elle est utilis\u00e9e comme condiment pour accompagner les c\u00e9r\u00e9ales, on la retrouve aussi dans les produits cosm\u00e9tiques.<\/p>\n\n\n\n<p><strong>Le noyer<\/strong>&nbsp;Les feuilles sont efficaces contre les affections de la peau.<\/p>\n\n\n\n<p><strong>L\u2019orpin<\/strong>&nbsp;Dans le temps on le r\u00e9duisait en poudre pour soigner les crises d\u2019\u00e9pilepsie, les diarrh\u00e9es. De nos jours, les laboratoires l\u2019utilisent pour la pr\u00e9paration de m\u00e9dicaments contre l\u2019art\u00e9rioscl\u00e9rose et l\u2019hypertension.<\/p>\n\n\n\n<p><strong>La l\u00e9gende&nbsp;:<\/strong>&nbsp;\u00ab&nbsp;<em>C\u2019est l\u2019histoire de Maria, une belle jeune fille qui la nuit de la Saint Jean fait connaissance d\u2019un bel inconnu. A l\u2019aube, la belle court la garrigue cueillir le ramellet Sant Joanenc&nbsp; (le bouquet de la Saint Jean)<\/em><em>compos\u00e9 de trois ou sept esp\u00e8ces d\u2019herbes sauvages et sacr\u00e9es&nbsp;: l\u2019immortelle (sempreviva), le millepertuis (perico groc), 3 feuilles de noyer (noguera)<\/em><strong>.<\/strong>&nbsp;<em>Elle r\u00e9unit ces herbes en croix pour les clouer sur la porte d\u2019entr\u00e9e du logis. Maria remplace alors le bouquet de l\u2019ann\u00e9e \u00e9coul\u00e9e le br\u00fble dans la chemin\u00e9e dont la fum\u00e9e s\u2019\u00e9chappe vers le soleil en promesse de prosp\u00e9rit\u00e9 des cieux\u2026 Ce bouquet poss\u00e9derait les vertus d\u2019\u00e9loigner, diable, bruixes et esprits malfaisants. Au matin, comme convenu, le galant se pr\u00e9senta au seuil du logis de la belle Maria. Il \u00e9baucha plusieurs tentatives pour y entrer mais fut pris de malaises. Devant ses \u00e9checs, il disparu soudain dans une odeur \u00e2cre de souffre en l\u00e2chant un lugubre hurlement. La belle effray\u00e9e r\u00e9alisa alors que sous les beaux traits du pr\u00e9tendant se dissimulait le diable.&nbsp;Son&nbsp;ramellet de Bonaventura venait de la sauver. Ainsi, court toujours cette belle l\u00e9gende dans les Aspres\u2026et dans tout le Pays Catalan&nbsp;<\/em>!<\/p>\n","protected":false},"excerpt":{"rendered":"<p>Feux de la Saint Jean Tradition\u00a0 Ancienne tradition populaire qui avait quasiment disparu apr\u00e8s la seconde guerre mondiale. Seuls quelques petits villages ou hameaux la maintenaient en organisant une veill\u00e9e m\u00ealant sardanes, chants, folklore. Naissance des feux\u00a0 Le 23 juin 1955, Fran\u00e7ois Pujade, Pr\u00e9sident du groupe arl\u00e9sien d\u2019excursionnistes, voulu f\u00eater son anniversaire au sommet du [&hellip;]<\/p>\n","protected":false},"author":1,"featured_media":0,"parent":0,"menu_order":0,"comment_status":"closed","ping_status":"closed","template":"full-width-page-template.php","meta":{"_monsterinsights_skip_tracking":false,"_monsterinsights_sitenote_active":false,"_monsterinsights_sitenote_note":"","_monsterinsights_sitenote_category":0,"footnotes":""},"class_list":["post-1540","page","type-page","status-publish","hentry"],"yoast_head":"<!-- This site is optimized with the Yoast SEO plugin v27.3 - https:\/\/yoast.com\/product\/yoast-seo-wordpress\/ -->\n<title>Focs de la Sant Joan - Mairie de Camp\u00f4me<\/title>\n<meta name=\"robots\" content=\"index, follow, max-snippet:-1, max-image-preview:large, max-video-preview:-1\" \/>\n<link rel=\"canonical\" href=\"https:\/\/campome.com\/index.php\/focs-de-la-sant-joan-feux-de-la-saint-jean\/\" \/>\n<meta property=\"og:locale\" content=\"fr_FR\" \/>\n<meta property=\"og:type\" content=\"article\" \/>\n<meta property=\"og:title\" content=\"Focs de la Sant Joan - Mairie de Camp\u00f4me\" \/>\n<meta property=\"og:description\" content=\"Feux de la Saint Jean Tradition\u00a0 Ancienne tradition populaire qui avait quasiment disparu apr\u00e8s la seconde guerre mondiale. Seuls quelques petits villages ou hameaux la maintenaient en organisant une veill\u00e9e m\u00ealant sardanes, chants, folklore. Naissance des feux\u00a0 Le 23 juin 1955, Fran\u00e7ois Pujade, Pr\u00e9sident du groupe arl\u00e9sien d\u2019excursionnistes, voulu f\u00eater son anniversaire au sommet du [&hellip;]\" \/>\n<meta property=\"og:url\" content=\"https:\/\/campome.com\/index.php\/focs-de-la-sant-joan-feux-de-la-saint-jean\/\" \/>\n<meta property=\"og:site_name\" content=\"Mairie de Camp\u00f4me\" \/>\n<meta property=\"article:modified_time\" content=\"2022-03-17T17:54:01+00:00\" \/>\n<meta name=\"twitter:card\" content=\"summary_large_image\" \/>\n<meta name=\"twitter:label1\" content=\"Dur\u00e9e de lecture estim\u00e9e\" \/>\n\t<meta name=\"twitter:data1\" content=\"4 minutes\" \/>\n<script type=\"application\/ld+json\" class=\"yoast-schema-graph\">{\"@context\":\"https:\\\/\\\/schema.org\",\"@graph\":[{\"@type\":\"WebPage\",\"@id\":\"https:\\\/\\\/campome.com\\\/index.php\\\/focs-de-la-sant-joan-feux-de-la-saint-jean\\\/\",\"url\":\"https:\\\/\\\/campome.com\\\/index.php\\\/focs-de-la-sant-joan-feux-de-la-saint-jean\\\/\",\"name\":\"Focs de la Sant Joan - Mairie de Camp\u00f4me\",\"isPartOf\":{\"@id\":\"https:\\\/\\\/campome.com\\\/#website\"},\"datePublished\":\"2022-03-17T17:44:47+00:00\",\"dateModified\":\"2022-03-17T17:54:01+00:00\",\"breadcrumb\":{\"@id\":\"https:\\\/\\\/campome.com\\\/index.php\\\/focs-de-la-sant-joan-feux-de-la-saint-jean\\\/#breadcrumb\"},\"inLanguage\":\"fr-FR\",\"potentialAction\":[{\"@type\":\"ReadAction\",\"target\":[\"https:\\\/\\\/campome.com\\\/index.php\\\/focs-de-la-sant-joan-feux-de-la-saint-jean\\\/\"]}]},{\"@type\":\"BreadcrumbList\",\"@id\":\"https:\\\/\\\/campome.com\\\/index.php\\\/focs-de-la-sant-joan-feux-de-la-saint-jean\\\/#breadcrumb\",\"itemListElement\":[{\"@type\":\"ListItem\",\"position\":1,\"name\":\"Accueil\",\"item\":\"https:\\\/\\\/campome.com\\\/\"},{\"@type\":\"ListItem\",\"position\":2,\"name\":\"Focs de la Sant Joan\"}]},{\"@type\":\"WebSite\",\"@id\":\"https:\\\/\\\/campome.com\\\/#website\",\"url\":\"https:\\\/\\\/campome.com\\\/\",\"name\":\"Mairie de Camp\u00f4me\",\"description\":\"Bienvenue sur le site de la mairie de Camp\u00f4me\",\"potentialAction\":[{\"@type\":\"SearchAction\",\"target\":{\"@type\":\"EntryPoint\",\"urlTemplate\":\"https:\\\/\\\/campome.com\\\/?s={search_term_string}\"},\"query-input\":{\"@type\":\"PropertyValueSpecification\",\"valueRequired\":true,\"valueName\":\"search_term_string\"}}],\"inLanguage\":\"fr-FR\"}]}<\/script>\n<!-- \/ Yoast SEO plugin. -->","yoast_head_json":{"title":"Focs de la Sant Joan - Mairie de Camp\u00f4me","robots":{"index":"index","follow":"follow","max-snippet":"max-snippet:-1","max-image-preview":"max-image-preview:large","max-video-preview":"max-video-preview:-1"},"canonical":"https:\/\/campome.com\/index.php\/focs-de-la-sant-joan-feux-de-la-saint-jean\/","og_locale":"fr_FR","og_type":"article","og_title":"Focs de la Sant Joan - Mairie de Camp\u00f4me","og_description":"Feux de la Saint Jean Tradition\u00a0 Ancienne tradition populaire qui avait quasiment disparu apr\u00e8s la seconde guerre mondiale. Seuls quelques petits villages ou hameaux la maintenaient en organisant une veill\u00e9e m\u00ealant sardanes, chants, folklore. Naissance des feux\u00a0 Le 23 juin 1955, Fran\u00e7ois Pujade, Pr\u00e9sident du groupe arl\u00e9sien d\u2019excursionnistes, voulu f\u00eater son anniversaire au sommet du [&hellip;]","og_url":"https:\/\/campome.com\/index.php\/focs-de-la-sant-joan-feux-de-la-saint-jean\/","og_site_name":"Mairie de Camp\u00f4me","article_modified_time":"2022-03-17T17:54:01+00:00","twitter_card":"summary_large_image","twitter_misc":{"Dur\u00e9e de lecture estim\u00e9e":"4 minutes"},"schema":{"@context":"https:\/\/schema.org","@graph":[{"@type":"WebPage","@id":"https:\/\/campome.com\/index.php\/focs-de-la-sant-joan-feux-de-la-saint-jean\/","url":"https:\/\/campome.com\/index.php\/focs-de-la-sant-joan-feux-de-la-saint-jean\/","name":"Focs de la Sant Joan - Mairie de Camp\u00f4me","isPartOf":{"@id":"https:\/\/campome.com\/#website"},"datePublished":"2022-03-17T17:44:47+00:00","dateModified":"2022-03-17T17:54:01+00:00","breadcrumb":{"@id":"https:\/\/campome.com\/index.php\/focs-de-la-sant-joan-feux-de-la-saint-jean\/#breadcrumb"},"inLanguage":"fr-FR","potentialAction":[{"@type":"ReadAction","target":["https:\/\/campome.com\/index.php\/focs-de-la-sant-joan-feux-de-la-saint-jean\/"]}]},{"@type":"BreadcrumbList","@id":"https:\/\/campome.com\/index.php\/focs-de-la-sant-joan-feux-de-la-saint-jean\/#breadcrumb","itemListElement":[{"@type":"ListItem","position":1,"name":"Accueil","item":"https:\/\/campome.com\/"},{"@type":"ListItem","position":2,"name":"Focs de la Sant Joan"}]},{"@type":"WebSite","@id":"https:\/\/campome.com\/#website","url":"https:\/\/campome.com\/","name":"Mairie de Camp\u00f4me","description":"Bienvenue sur le site de la mairie de Camp\u00f4me","potentialAction":[{"@type":"SearchAction","target":{"@type":"EntryPoint","urlTemplate":"https:\/\/campome.com\/?s={search_term_string}"},"query-input":{"@type":"PropertyValueSpecification","valueRequired":true,"valueName":"search_term_string"}}],"inLanguage":"fr-FR"}]}},"_links":{"self":[{"href":"https:\/\/campome.com\/index.php\/wp-json\/wp\/v2\/pages\/1540","targetHints":{"allow":["GET"]}}],"collection":[{"href":"https:\/\/campome.com\/index.php\/wp-json\/wp\/v2\/pages"}],"about":[{"href":"https:\/\/campome.com\/index.php\/wp-json\/wp\/v2\/types\/page"}],"author":[{"embeddable":true,"href":"https:\/\/campome.com\/index.php\/wp-json\/wp\/v2\/users\/1"}],"replies":[{"embeddable":true,"href":"https:\/\/campome.com\/index.php\/wp-json\/wp\/v2\/comments?post=1540"}],"version-history":[{"count":5,"href":"https:\/\/campome.com\/index.php\/wp-json\/wp\/v2\/pages\/1540\/revisions"}],"predecessor-version":[{"id":1547,"href":"https:\/\/campome.com\/index.php\/wp-json\/wp\/v2\/pages\/1540\/revisions\/1547"}],"wp:attachment":[{"href":"https:\/\/campome.com\/index.php\/wp-json\/wp\/v2\/media?parent=1540"}],"curies":[{"name":"wp","href":"https:\/\/api.w.org\/{rel}","templated":true}]}}