{"id":155,"date":"2020-06-23T18:57:30","date_gmt":"2020-06-23T16:57:30","guid":{"rendered":"http:\/\/campome.com\/?page_id=155"},"modified":"2026-01-19T19:06:34","modified_gmt":"2026-01-19T18:06:34","slug":"gite-col-de-jau","status":"publish","type":"page","link":"https:\/\/campome.com\/index.php\/gite-col-de-jau\/","title":{"rendered":"G\u00eete \u00ab\u00a0Col de Jau\u00a0\u00bb"},"content":{"rendered":"\n<figure class=\"wp-block-gallery has-nested-images columns-2 is-cropped wp-block-gallery-1 is-layout-flex wp-block-gallery-is-layout-flex\">\n<figure class=\"wp-block-image size-large\"><img loading=\"lazy\" decoding=\"async\" width=\"1024\" height=\"768\" data-id=\"2171\" src=\"https:\/\/campome.com\/wp-content\/uploads\/2024\/05\/Terrasse-gite-col-de-Jau-1024x768.jpg\" alt=\"\" class=\"wp-image-2171\" srcset=\"https:\/\/campome.com\/wp-content\/uploads\/2024\/05\/Terrasse-gite-col-de-Jau-1024x768.jpg 1024w, https:\/\/campome.com\/wp-content\/uploads\/2024\/05\/Terrasse-gite-col-de-Jau-300x225.jpg 300w, https:\/\/campome.com\/wp-content\/uploads\/2024\/05\/Terrasse-gite-col-de-Jau-768x576.jpg 768w, https:\/\/campome.com\/wp-content\/uploads\/2024\/05\/Terrasse-gite-col-de-Jau-1536x1152.jpg 1536w, https:\/\/campome.com\/wp-content\/uploads\/2024\/05\/Terrasse-gite-col-de-Jau-16x12.jpg 16w, https:\/\/campome.com\/wp-content\/uploads\/2024\/05\/Terrasse-gite-col-de-Jau-900x675.jpg 900w, https:\/\/campome.com\/wp-content\/uploads\/2024\/05\/Terrasse-gite-col-de-Jau-1280x960.jpg 1280w, https:\/\/campome.com\/wp-content\/uploads\/2024\/05\/Terrasse-gite-col-de-Jau.jpg 1600w\" sizes=\"auto, (max-width: 1024px) 100vw, 1024px\" \/><\/figure>\n\n\n\n<figure class=\"wp-block-image size-large\"><img loading=\"lazy\" decoding=\"async\" width=\"1024\" height=\"768\" data-id=\"1638\" src=\"https:\/\/campome.com\/wp-content\/uploads\/2022\/04\/Vue-Nature-Col-de-Jau-1024x768.jpg\" alt=\"\" class=\"wp-image-1638\" srcset=\"https:\/\/campome.com\/wp-content\/uploads\/2022\/04\/Vue-Nature-Col-de-Jau-1024x768.jpg 1024w, https:\/\/campome.com\/wp-content\/uploads\/2022\/04\/Vue-Nature-Col-de-Jau-300x225.jpg 300w, https:\/\/campome.com\/wp-content\/uploads\/2022\/04\/Vue-Nature-Col-de-Jau-768x576.jpg 768w, https:\/\/campome.com\/wp-content\/uploads\/2022\/04\/Vue-Nature-Col-de-Jau-1536x1152.jpg 1536w, https:\/\/campome.com\/wp-content\/uploads\/2022\/04\/Vue-Nature-Col-de-Jau-2048x1536.jpg 2048w, https:\/\/campome.com\/wp-content\/uploads\/2022\/04\/Vue-Nature-Col-de-Jau-900x675.jpg 900w, https:\/\/campome.com\/wp-content\/uploads\/2022\/04\/Vue-Nature-Col-de-Jau-1280x960.jpg 1280w\" sizes=\"auto, (max-width: 1024px) 100vw, 1024px\" \/><\/figure>\n<\/figure>\n\n\n\n<figure class=\"wp-block-gallery has-nested-images columns-0 is-cropped wp-block-gallery-2 is-layout-flex wp-block-gallery-is-layout-flex\">\n<figure class=\"wp-block-image size-large\"><img loading=\"lazy\" decoding=\"async\" width=\"1024\" height=\"768\" data-id=\"2442\" src=\"https:\/\/campome.com\/wp-content\/uploads\/2025\/05\/Cuisine-Col-de-Jau-1024x768.jpg\" alt=\"\" class=\"wp-image-2442\" srcset=\"https:\/\/campome.com\/wp-content\/uploads\/2025\/05\/Cuisine-Col-de-Jau-1024x768.jpg 1024w, https:\/\/campome.com\/wp-content\/uploads\/2025\/05\/Cuisine-Col-de-Jau-300x225.jpg 300w, https:\/\/campome.com\/wp-content\/uploads\/2025\/05\/Cuisine-Col-de-Jau-768x576.jpg 768w, https:\/\/campome.com\/wp-content\/uploads\/2025\/05\/Cuisine-Col-de-Jau-16x12.jpg 16w, https:\/\/campome.com\/wp-content\/uploads\/2025\/05\/Cuisine-Col-de-Jau-900x675.jpg 900w, https:\/\/campome.com\/wp-content\/uploads\/2025\/05\/Cuisine-Col-de-Jau-1280x960.jpg 1280w, https:\/\/campome.com\/wp-content\/uploads\/2025\/05\/Cuisine-Col-de-Jau.jpg 1288w\" sizes=\"auto, (max-width: 1024px) 100vw, 1024px\" \/><\/figure>\n\n\n\n<figure class=\"wp-block-image size-large\"><img loading=\"lazy\" decoding=\"async\" width=\"1024\" height=\"768\" data-id=\"2444\" src=\"https:\/\/campome.com\/wp-content\/uploads\/2025\/05\/salle-a-manger-col-de-jau-1024x768.jpg\" alt=\"\" class=\"wp-image-2444\" srcset=\"https:\/\/campome.com\/wp-content\/uploads\/2025\/05\/salle-a-manger-col-de-jau-1024x768.jpg 1024w, https:\/\/campome.com\/wp-content\/uploads\/2025\/05\/salle-a-manger-col-de-jau-300x225.jpg 300w, https:\/\/campome.com\/wp-content\/uploads\/2025\/05\/salle-a-manger-col-de-jau-768x576.jpg 768w, https:\/\/campome.com\/wp-content\/uploads\/2025\/05\/salle-a-manger-col-de-jau-16x12.jpg 16w, https:\/\/campome.com\/wp-content\/uploads\/2025\/05\/salle-a-manger-col-de-jau-900x675.jpg 900w, https:\/\/campome.com\/wp-content\/uploads\/2025\/05\/salle-a-manger-col-de-jau-1280x960.jpg 1280w, https:\/\/campome.com\/wp-content\/uploads\/2025\/05\/salle-a-manger-col-de-jau.jpg 1288w\" sizes=\"auto, (max-width: 1024px) 100vw, 1024px\" \/><\/figure>\n\n\n\n<figure class=\"wp-block-image size-large\"><img loading=\"lazy\" decoding=\"async\" width=\"1024\" height=\"768\" data-id=\"1776\" src=\"https:\/\/campome.com\/wp-content\/uploads\/2022\/10\/Chambre-col-de-jau-1024x768.jpg\" alt=\"\" class=\"wp-image-1776\" srcset=\"https:\/\/campome.com\/wp-content\/uploads\/2022\/10\/Chambre-col-de-jau-1024x768.jpg 1024w, https:\/\/campome.com\/wp-content\/uploads\/2022\/10\/Chambre-col-de-jau-300x225.jpg 300w, https:\/\/campome.com\/wp-content\/uploads\/2022\/10\/Chambre-col-de-jau-768x576.jpg 768w, https:\/\/campome.com\/wp-content\/uploads\/2022\/10\/Chambre-col-de-jau-1536x1152.jpg 1536w, https:\/\/campome.com\/wp-content\/uploads\/2022\/10\/Chambre-col-de-jau-16x12.jpg 16w, https:\/\/campome.com\/wp-content\/uploads\/2022\/10\/Chambre-col-de-jau-900x675.jpg 900w, https:\/\/campome.com\/wp-content\/uploads\/2022\/10\/Chambre-col-de-jau-1280x960.jpg 1280w, https:\/\/campome.com\/wp-content\/uploads\/2022\/10\/Chambre-col-de-jau.jpg 2016w\" sizes=\"auto, (max-width: 1024px) 100vw, 1024px\" \/><\/figure>\n<\/figure>\n\n\n\n<h2 class=\"wp-block-heading\">Caract\u00e9ristiques du g\u00eete<\/h2>\n\n\n\n<p>Adresse du g\u00eete rural&nbsp;: Route de la Castellane \u2013 66500 <strong>Camp\u00f4me<\/strong><\/p>\n\n\n\n<p>Classement&nbsp;: 2 \u00e9toiles (2023)                                                                                                       Animaux&nbsp;: accept\u00e9s                                                                                                                          Capacit\u00e9&nbsp;: 2P (+2 couchages d\u2019appoint)                                                                                                                               Superficie&nbsp;: 42 m2<\/p>\n\n\n\n<p>G\u00eete de plain-pied  am\u00e9nag\u00e9 dans une maison restaur\u00e9e du village situ\u00e9e \u00e0 proximit\u00e9 de l\u2019aire multisports. Belle exposition, <strong>g\u00eete<\/strong> ensoleill\u00e9 avec tr\u00e8s belle terrasse.                                                                                      Appartement&nbsp;:&nbsp;&nbsp;&nbsp; Cuisine&nbsp;\/s\u00e9jour (+ &nbsp;1 canap\u00e9 pour couchage d\u2019appoint), 1 Chambre (1 lit 140), salle d\u2019eau\/WC. Le lit est \u00e9quip\u00e9 de couettes, couvertures et d&rsquo;un traversin et de deux oreillers (65\/65).<\/p>\n\n\n\n<p>Equipements&nbsp;: &nbsp;&nbsp;&nbsp; frigo\/cong\u00e9lateur, micro-ondes, four et plaques cuisson \u00e9lectriques, lave linge, canap\u00e9 lit (clic-clac 140), TV, Chauffage \u00e9lectrique, vaisselle, grille pain, bouilloire, cafeti\u00e8re \u00e9lectrique filtres, autocuiseur, aspirateur, ustensiles de m\u00e9nage, \u00e9tendoir, volets, rideaux.<\/p>\n\n\n\n<p>Stationnement&nbsp;: Domaine public \u00e0 proximit\u00e9 imm\u00e9diate<\/p>\n\n\n\n<p>Wifi dans le g\u00eete&nbsp;: NON (connexion gratuite et t\u00e9l\u00e9travail possible sur demande \u00e0 la mairie situ\u00e9e \u00e0 100m)<\/p>\n\n\n\n<p>Pour le bonheur des camp\u00f4mois, les cloches de l&rsquo;\u00e9glise sonnent les heures !<\/p>\n\n\n\n<h2 class=\"wp-block-heading\"><strong>Tarifs<\/strong><\/h2>\n\n\n\n<p>Moyenne saison : Avril -mai &#8211; juin &#8211; octobre &#8211; novembre 245\u20ac<\/p>\n\n\n\n<p>Haute saison : juillet &#8211; ao\u00fbt &#8211; septembre    265\u20ac<\/p>\n\n\n\n<p>Week-end , 2 nuits 130\u20ac<\/p>\n\n\n\n<h2 class=\"wp-block-heading\">Les charges et prestations en sus<\/h2>\n\n\n\n<p>Consommation \u00e9lectrique : Forfait de 30\u20ac semaine octobre- novembre &#8211; avril . Forfait de 15\u20ac semaine du 1er mai au 30 septembre <br>Taxe de s\u00e9jour : 0.99\u20ac par jour et par personne majeure<\/p>\n\n\n\n<ul class=\"wp-block-list\">\n<li>Location draps&nbsp;: &nbsp; 10 \u20ac par couchage<\/li>\n\n\n\n<li>Location linge de toilette&nbsp;: &nbsp;10 \u20ac par personne &nbsp;&nbsp;&nbsp;&nbsp;&nbsp;&nbsp;&nbsp;&nbsp;&nbsp;<\/li>\n\n\n\n<li>Service de m\u00e9nage&nbsp;: &nbsp;&nbsp;70 \u20ac par g\u00eete (<strong>factur\u00e9 automatiquement si le g\u00eete n\u2019est pas laiss\u00e9 dans le m\u00eame \u00e9tat de propret\u00e9 qu\u2019\u00e0 votre arriv\u00e9e)<\/strong><\/li>\n<\/ul>\n\n\n\n<h2 class=\"wp-block-heading\">Loisirs et commerces \u00e0 distance du g\u00eete<\/h2>\n\n\n\n<ul class=\"wp-block-list\">\n<li>Mer : 65 km Lacs et plans d\u2019eau : 8 km<\/li>\n\n\n\n<li>Terrain de tenis : 100m Piscine : 8 km<\/li>\n\n\n\n<li>Equitation : 8 km<\/li>\n\n\n\n<li>Golf : 60 km<\/li>\n\n\n\n<li>Mini-golf : 1 km<\/li>\n\n\n\n<li>Cano\u00eb-kayak : 8 km<\/li>\n\n\n\n<li>Ski : 50 km<\/li>\n\n\n\n<li>Canyoning : 1km<\/li>\n\n\n\n<li>P\u00eache : 100 m<\/li>\n\n\n\n<li>D\u00e9part randonn\u00e9e guid\u00e9e : 1 k<\/li>\n\n\n\n<li>Ville la plus proche : Prades<\/li>\n\n\n\n<li>Abbaye m\u00e9di\u00e9vale : 10 km<\/li>\n\n\n\n<li>Ch\u00e2teau m\u00e9di\u00e9val : 12 km<\/li>\n\n\n\n<li>Station thermale : 1.5 km<\/li>\n\n\n\n<li>Bus \u00e0 1\u20ac : 50m<\/li>\n\n\n\n<li>Gare sncf : 8 km<\/li>\n\n\n\n<li>Taxi : 8 km Epicerie : 1 km<\/li>\n\n\n\n<li>Pain : 1 km<\/li>\n\n\n\n<li>Supermarch\u00e9s : 8 km<\/li>\n\n\n\n<li>M\u00e9decins\/Pharmacie\/Clinique : 8 km<\/li>\n<\/ul>\n\n\n\n<p><a href=\"https:\/\/www.tourisme-canigou.com\/organisez\/dormir\/locations-de-vacances\/col-de-jau-630869\" target=\"_blank\" aria-label=\"undefined (s\u2019ouvre dans un nouvel onglet)\" rel=\"noreferrer noopener\">https:\/\/www.tourisme-canigou.com\/organisez\/dormir\/locations-de-vacances\/col-de-jau-630869<\/a><\/p>\n","protected":false},"excerpt":{"rendered":"<p>Caract\u00e9ristiques du g\u00eete Adresse du g\u00eete rural&nbsp;: Route de la Castellane \u2013 66500 Camp\u00f4me Classement&nbsp;: 2 \u00e9toiles (2023) Animaux&nbsp;: accept\u00e9s Capacit\u00e9&nbsp;: 2P (+2 couchages d\u2019appoint) Superficie&nbsp;: 42 m2 G\u00eete de plain-pied am\u00e9nag\u00e9 dans une maison restaur\u00e9e du village situ\u00e9e \u00e0 proximit\u00e9 de l\u2019aire multisports. Belle exposition, g\u00eete ensoleill\u00e9 avec tr\u00e8s belle terrasse. Appartement&nbsp;:&nbsp;&nbsp;&nbsp; Cuisine&nbsp;\/s\u00e9jour (+ [&hellip;]<\/p>\n","protected":false},"author":1,"featured_media":0,"parent":0,"menu_order":0,"comment_status":"closed","ping_status":"closed","template":"full-width-page-template.php","meta":{"_monsterinsights_skip_tracking":false,"_monsterinsights_sitenote_active":false,"_monsterinsights_sitenote_note":"","_monsterinsights_sitenote_category":0,"footnotes":""},"class_list":["post-155","page","type-page","status-publish","hentry"],"yoast_head":"<!-- This site is optimized with the Yoast SEO plugin v27.3 - https:\/\/yoast.com\/product\/yoast-seo-wordpress\/ -->\n<title>G\u00eete &quot;Col de Jau&quot; - Mairie de Camp\u00f4me<\/title>\n<meta name=\"robots\" content=\"index, follow, max-snippet:-1, max-image-preview:large, max-video-preview:-1\" \/>\n<link rel=\"canonical\" href=\"https:\/\/campome.com\/index.php\/gite-col-de-jau\/\" \/>\n<meta property=\"og:locale\" content=\"fr_FR\" \/>\n<meta property=\"og:type\" content=\"article\" \/>\n<meta property=\"og:title\" content=\"G\u00eete &quot;Col de Jau&quot; - Mairie de Camp\u00f4me\" \/>\n<meta property=\"og:description\" content=\"Caract\u00e9ristiques du g\u00eete Adresse du g\u00eete rural&nbsp;: Route de la Castellane \u2013 66500 Camp\u00f4me Classement&nbsp;: 2 \u00e9toiles (2023) Animaux&nbsp;: accept\u00e9s Capacit\u00e9&nbsp;: 2P (+2 couchages d\u2019appoint) Superficie&nbsp;: 42 m2 G\u00eete de plain-pied am\u00e9nag\u00e9 dans une maison restaur\u00e9e du village situ\u00e9e \u00e0 proximit\u00e9 de l\u2019aire multisports. Belle exposition, g\u00eete ensoleill\u00e9 avec tr\u00e8s belle terrasse. Appartement&nbsp;:&nbsp;&nbsp;&nbsp; Cuisine&nbsp;\/s\u00e9jour (+ [&hellip;]\" \/>\n<meta property=\"og:url\" content=\"https:\/\/campome.com\/index.php\/gite-col-de-jau\/\" \/>\n<meta property=\"og:site_name\" content=\"Mairie de Camp\u00f4me\" \/>\n<meta property=\"article:modified_time\" content=\"2026-01-19T18:06:34+00:00\" \/>\n<meta property=\"og:image\" content=\"https:\/\/campome.com\/wp-content\/uploads\/2024\/05\/Terrasse-gite-col-de-Jau.jpg\" \/>\n\t<meta property=\"og:image:width\" content=\"1600\" \/>\n\t<meta property=\"og:image:height\" content=\"1200\" \/>\n\t<meta property=\"og:image:type\" content=\"image\/jpeg\" \/>\n<meta name=\"twitter:card\" content=\"summary_large_image\" \/>\n<meta name=\"twitter:label1\" content=\"Dur\u00e9e de lecture estim\u00e9e\" \/>\n\t<meta name=\"twitter:data1\" content=\"3 minutes\" \/>\n<script type=\"application\/ld+json\" class=\"yoast-schema-graph\">{\"@context\":\"https:\\\/\\\/schema.org\",\"@graph\":[{\"@type\":\"WebPage\",\"@id\":\"https:\\\/\\\/campome.com\\\/index.php\\\/gite-col-de-jau\\\/\",\"url\":\"https:\\\/\\\/campome.com\\\/index.php\\\/gite-col-de-jau\\\/\",\"name\":\"G\u00eete \\\"Col de Jau\\\" - Mairie de Camp\u00f4me\",\"isPartOf\":{\"@id\":\"https:\\\/\\\/campome.com\\\/#website\"},\"primaryImageOfPage\":{\"@id\":\"https:\\\/\\\/campome.com\\\/index.php\\\/gite-col-de-jau\\\/#primaryimage\"},\"image\":{\"@id\":\"https:\\\/\\\/campome.com\\\/index.php\\\/gite-col-de-jau\\\/#primaryimage\"},\"thumbnailUrl\":\"https:\\\/\\\/campome.com\\\/wp-content\\\/uploads\\\/2024\\\/05\\\/Terrasse-gite-col-de-Jau-1024x768.jpg\",\"datePublished\":\"2020-06-23T16:57:30+00:00\",\"dateModified\":\"2026-01-19T18:06:34+00:00\",\"breadcrumb\":{\"@id\":\"https:\\\/\\\/campome.com\\\/index.php\\\/gite-col-de-jau\\\/#breadcrumb\"},\"inLanguage\":\"fr-FR\",\"potentialAction\":[{\"@type\":\"ReadAction\",\"target\":[\"https:\\\/\\\/campome.com\\\/index.php\\\/gite-col-de-jau\\\/\"]}]},{\"@type\":\"ImageObject\",\"inLanguage\":\"fr-FR\",\"@id\":\"https:\\\/\\\/campome.com\\\/index.php\\\/gite-col-de-jau\\\/#primaryimage\",\"url\":\"https:\\\/\\\/campome.com\\\/wp-content\\\/uploads\\\/2024\\\/05\\\/Terrasse-gite-col-de-Jau.jpg\",\"contentUrl\":\"https:\\\/\\\/campome.com\\\/wp-content\\\/uploads\\\/2024\\\/05\\\/Terrasse-gite-col-de-Jau.jpg\",\"width\":1600,\"height\":1200},{\"@type\":\"BreadcrumbList\",\"@id\":\"https:\\\/\\\/campome.com\\\/index.php\\\/gite-col-de-jau\\\/#breadcrumb\",\"itemListElement\":[{\"@type\":\"ListItem\",\"position\":1,\"name\":\"Accueil\",\"item\":\"https:\\\/\\\/campome.com\\\/\"},{\"@type\":\"ListItem\",\"position\":2,\"name\":\"G\u00eete \u00ab\u00a0Col de Jau\u00a0\u00bb\"}]},{\"@type\":\"WebSite\",\"@id\":\"https:\\\/\\\/campome.com\\\/#website\",\"url\":\"https:\\\/\\\/campome.com\\\/\",\"name\":\"Mairie de Camp\u00f4me\",\"description\":\"Bienvenue sur le site de la mairie de Camp\u00f4me\",\"potentialAction\":[{\"@type\":\"SearchAction\",\"target\":{\"@type\":\"EntryPoint\",\"urlTemplate\":\"https:\\\/\\\/campome.com\\\/?s={search_term_string}\"},\"query-input\":{\"@type\":\"PropertyValueSpecification\",\"valueRequired\":true,\"valueName\":\"search_term_string\"}}],\"inLanguage\":\"fr-FR\"}]}<\/script>\n<!-- \/ Yoast SEO plugin. -->","yoast_head_json":{"title":"G\u00eete \"Col de Jau\" - Mairie de Camp\u00f4me","robots":{"index":"index","follow":"follow","max-snippet":"max-snippet:-1","max-image-preview":"max-image-preview:large","max-video-preview":"max-video-preview:-1"},"canonical":"https:\/\/campome.com\/index.php\/gite-col-de-jau\/","og_locale":"fr_FR","og_type":"article","og_title":"G\u00eete \"Col de Jau\" - Mairie de Camp\u00f4me","og_description":"Caract\u00e9ristiques du g\u00eete Adresse du g\u00eete rural&nbsp;: Route de la Castellane \u2013 66500 Camp\u00f4me Classement&nbsp;: 2 \u00e9toiles (2023) Animaux&nbsp;: accept\u00e9s Capacit\u00e9&nbsp;: 2P (+2 couchages d\u2019appoint) Superficie&nbsp;: 42 m2 G\u00eete de plain-pied am\u00e9nag\u00e9 dans une maison restaur\u00e9e du village situ\u00e9e \u00e0 proximit\u00e9 de l\u2019aire multisports. Belle exposition, g\u00eete ensoleill\u00e9 avec tr\u00e8s belle terrasse. Appartement&nbsp;:&nbsp;&nbsp;&nbsp; Cuisine&nbsp;\/s\u00e9jour (+ [&hellip;]","og_url":"https:\/\/campome.com\/index.php\/gite-col-de-jau\/","og_site_name":"Mairie de Camp\u00f4me","article_modified_time":"2026-01-19T18:06:34+00:00","og_image":[{"width":1600,"height":1200,"url":"https:\/\/campome.com\/wp-content\/uploads\/2024\/05\/Terrasse-gite-col-de-Jau.jpg","type":"image\/jpeg"}],"twitter_card":"summary_large_image","twitter_misc":{"Dur\u00e9e de lecture estim\u00e9e":"3 minutes"},"schema":{"@context":"https:\/\/schema.org","@graph":[{"@type":"WebPage","@id":"https:\/\/campome.com\/index.php\/gite-col-de-jau\/","url":"https:\/\/campome.com\/index.php\/gite-col-de-jau\/","name":"G\u00eete \"Col de Jau\" - Mairie de Camp\u00f4me","isPartOf":{"@id":"https:\/\/campome.com\/#website"},"primaryImageOfPage":{"@id":"https:\/\/campome.com\/index.php\/gite-col-de-jau\/#primaryimage"},"image":{"@id":"https:\/\/campome.com\/index.php\/gite-col-de-jau\/#primaryimage"},"thumbnailUrl":"https:\/\/campome.com\/wp-content\/uploads\/2024\/05\/Terrasse-gite-col-de-Jau-1024x768.jpg","datePublished":"2020-06-23T16:57:30+00:00","dateModified":"2026-01-19T18:06:34+00:00","breadcrumb":{"@id":"https:\/\/campome.com\/index.php\/gite-col-de-jau\/#breadcrumb"},"inLanguage":"fr-FR","potentialAction":[{"@type":"ReadAction","target":["https:\/\/campome.com\/index.php\/gite-col-de-jau\/"]}]},{"@type":"ImageObject","inLanguage":"fr-FR","@id":"https:\/\/campome.com\/index.php\/gite-col-de-jau\/#primaryimage","url":"https:\/\/campome.com\/wp-content\/uploads\/2024\/05\/Terrasse-gite-col-de-Jau.jpg","contentUrl":"https:\/\/campome.com\/wp-content\/uploads\/2024\/05\/Terrasse-gite-col-de-Jau.jpg","width":1600,"height":1200},{"@type":"BreadcrumbList","@id":"https:\/\/campome.com\/index.php\/gite-col-de-jau\/#breadcrumb","itemListElement":[{"@type":"ListItem","position":1,"name":"Accueil","item":"https:\/\/campome.com\/"},{"@type":"ListItem","position":2,"name":"G\u00eete \u00ab\u00a0Col de Jau\u00a0\u00bb"}]},{"@type":"WebSite","@id":"https:\/\/campome.com\/#website","url":"https:\/\/campome.com\/","name":"Mairie de Camp\u00f4me","description":"Bienvenue sur le site de la mairie de Camp\u00f4me","potentialAction":[{"@type":"SearchAction","target":{"@type":"EntryPoint","urlTemplate":"https:\/\/campome.com\/?s={search_term_string}"},"query-input":{"@type":"PropertyValueSpecification","valueRequired":true,"valueName":"search_term_string"}}],"inLanguage":"fr-FR"}]}},"_links":{"self":[{"href":"https:\/\/campome.com\/index.php\/wp-json\/wp\/v2\/pages\/155","targetHints":{"allow":["GET"]}}],"collection":[{"href":"https:\/\/campome.com\/index.php\/wp-json\/wp\/v2\/pages"}],"about":[{"href":"https:\/\/campome.com\/index.php\/wp-json\/wp\/v2\/types\/page"}],"author":[{"embeddable":true,"href":"https:\/\/campome.com\/index.php\/wp-json\/wp\/v2\/users\/1"}],"replies":[{"embeddable":true,"href":"https:\/\/campome.com\/index.php\/wp-json\/wp\/v2\/comments?post=155"}],"version-history":[{"count":31,"href":"https:\/\/campome.com\/index.php\/wp-json\/wp\/v2\/pages\/155\/revisions"}],"predecessor-version":[{"id":2565,"href":"https:\/\/campome.com\/index.php\/wp-json\/wp\/v2\/pages\/155\/revisions\/2565"}],"wp:attachment":[{"href":"https:\/\/campome.com\/index.php\/wp-json\/wp\/v2\/media?parent=155"}],"curies":[{"name":"wp","href":"https:\/\/api.w.org\/{rel}","templated":true}]}}