{"id":1559,"date":"2022-04-02T18:07:15","date_gmt":"2022-04-02T16:07:15","guid":{"rendered":"http:\/\/campome.com\/?page_id=1559"},"modified":"2022-04-03T07:24:39","modified_gmt":"2022-04-03T05:24:39","slug":"les-castells-et-les-castellers-une-tradition-de-tour-humaine","status":"publish","type":"page","link":"https:\/\/campome.com\/index.php\/les-castells-et-les-castellers-une-tradition-de-tour-humaine\/","title":{"rendered":"Els Castells"},"content":{"rendered":"\n<h4 class=\"wp-block-heading\"><strong>La tradition des tours humaines, un symbole catalan<\/strong><\/h4>\n\n\n\n<figure class=\"wp-block-gallery columns-3 is-cropped wp-block-gallery-1 is-layout-flex wp-block-gallery-is-layout-flex\"><ul class=\"blocks-gallery-grid\"><li class=\"blocks-gallery-item\"><figure><img loading=\"lazy\" decoding=\"async\" width=\"1024\" height=\"769\" src=\"http:\/\/campome.com\/wp-content\/uploads\/2022\/04\/30813942_2142223416034250_7675297163194213942_o-1024x769.jpg\" alt=\"\" data-id=\"1569\" data-full-url=\"http:\/\/campome.com\/wp-content\/uploads\/2022\/04\/30813942_2142223416034250_7675297163194213942_o.jpg\" data-link=\"http:\/\/campome.com\/index.php\/les-castells-et-les-castellers-une-tradition-de-tour-humaine\/30813942_2142223416034250_7675297163194213942_o\/\" class=\"wp-image-1569\" srcset=\"https:\/\/campome.com\/wp-content\/uploads\/2022\/04\/30813942_2142223416034250_7675297163194213942_o-1024x769.jpg 1024w, https:\/\/campome.com\/wp-content\/uploads\/2022\/04\/30813942_2142223416034250_7675297163194213942_o-300x225.jpg 300w, https:\/\/campome.com\/wp-content\/uploads\/2022\/04\/30813942_2142223416034250_7675297163194213942_o-768x577.jpg 768w, https:\/\/campome.com\/wp-content\/uploads\/2022\/04\/30813942_2142223416034250_7675297163194213942_o-1536x1153.jpg 1536w, https:\/\/campome.com\/wp-content\/uploads\/2022\/04\/30813942_2142223416034250_7675297163194213942_o-900x676.jpg 900w, https:\/\/campome.com\/wp-content\/uploads\/2022\/04\/30813942_2142223416034250_7675297163194213942_o-1280x961.jpg 1280w, https:\/\/campome.com\/wp-content\/uploads\/2022\/04\/30813942_2142223416034250_7675297163194213942_o.jpg 1722w\" sizes=\"auto, (max-width: 1024px) 100vw, 1024px\" \/><\/figure><\/li><li class=\"blocks-gallery-item\"><figure><img loading=\"lazy\" decoding=\"async\" width=\"752\" height=\"1008\" src=\"http:\/\/campome.com\/wp-content\/uploads\/2022\/04\/30848533_2142227162700542_2299727474235737334_o.jpg\" alt=\"\" data-id=\"1570\" data-full-url=\"http:\/\/campome.com\/wp-content\/uploads\/2022\/04\/30848533_2142227162700542_2299727474235737334_o.jpg\" data-link=\"http:\/\/campome.com\/index.php\/les-castells-et-les-castellers-une-tradition-de-tour-humaine\/30848533_2142227162700542_2299727474235737334_o\/\" class=\"wp-image-1570\" srcset=\"https:\/\/campome.com\/wp-content\/uploads\/2022\/04\/30848533_2142227162700542_2299727474235737334_o.jpg 752w, https:\/\/campome.com\/wp-content\/uploads\/2022\/04\/30848533_2142227162700542_2299727474235737334_o-224x300.jpg 224w\" sizes=\"auto, (max-width: 752px) 100vw, 752px\" \/><\/figure><\/li><li class=\"blocks-gallery-item\"><figure><img loading=\"lazy\" decoding=\"async\" width=\"683\" height=\"1024\" src=\"http:\/\/campome.com\/wp-content\/uploads\/2022\/04\/30424891_2142224999367425_3949629468636540905_o-683x1024.jpg\" alt=\"\" data-id=\"1571\" data-full-url=\"http:\/\/campome.com\/wp-content\/uploads\/2022\/04\/30424891_2142224999367425_3949629468636540905_o.jpg\" data-link=\"http:\/\/campome.com\/index.php\/les-castells-et-les-castellers-une-tradition-de-tour-humaine\/30424891_2142224999367425_3949629468636540905_o\/\" class=\"wp-image-1571\" srcset=\"https:\/\/campome.com\/wp-content\/uploads\/2022\/04\/30424891_2142224999367425_3949629468636540905_o-683x1024.jpg 683w, https:\/\/campome.com\/wp-content\/uploads\/2022\/04\/30424891_2142224999367425_3949629468636540905_o-200x300.jpg 200w, https:\/\/campome.com\/wp-content\/uploads\/2022\/04\/30424891_2142224999367425_3949629468636540905_o-768x1152.jpg 768w, https:\/\/campome.com\/wp-content\/uploads\/2022\/04\/30424891_2142224999367425_3949629468636540905_o.jpg 864w\" sizes=\"auto, (max-width: 683px) 100vw, 683px\" \/><\/figure><\/li><\/ul><\/figure>\n\n\n\n<h5 class=\"wp-block-heading\">L\u2019origine des&nbsp;<em>castells<\/em>&nbsp;<\/h5>\n\n\n\n<p>Elle est incertaine, mais on consid\u00e8re qu\u2019ils sont issus d\u2019anciennes danses valenciennes qui se terminaient par de petites tours humaines. Au fil du temps, ils sont devenus une discipline \u00e0 part enti\u00e8re.  Alors que les symboles catalans tels que l\u2019hymne national, la sardane, le drapeau et bien s\u00fbr la langue \u00e9taient interdits sous la dictature franquiste, les\u00a0<em>castells<\/em>\u00a0n\u2019ont jamais fait l\u2019objet d\u2019une quelconque prohibition. Ils sont toutefois plus ou moins d\u00e9laiss\u00e9s avant de revenir en force dans les ann\u00e9es 1980, lors de la transition d\u00e9mocratique. Depuis 2006, les\u00a0<em>castells<\/em>\u00a0sont inscrits au patrimoine culturel immat\u00e9riel de l\u2019humanit\u00e9 de l\u2019UNESCO.<\/p>\n\n\n\n<p><strong>D\u00e9roulement des Castells<\/strong><\/p>\n\n\n\n<p>Les&nbsp;<em>castells<\/em>&nbsp;sont des tours humaines statiques de six \u00e0 dix \u00e9tages. En principe, c\u2019est toujours un enfant muni d\u2019un casque qui grimpe \u00e0 son sommet. Le&nbsp;<em>castell<\/em>&nbsp;est achev\u00e9 quand celui-ci l\u00e8ve un&nbsp;bras en l\u2019air mais il n\u2019est valid\u00e9 que lorsque les participants sont revenus \u00e0 terre : il n\u2019y a alors plus de risque de chute.<\/p>\n\n\n\n<p>Les&nbsp;<em>castells<\/em>&nbsp;se construisent au rythme d\u2019une musique appel\u00e9e \u00ab&nbsp;<em>toc de castells<\/em>&nbsp;\u00bb. les&nbsp;<em>castellers<\/em>&nbsp;suivent la m\u00e9lodie pour coordonner leurs mouvements et elle indique la progression des <em>castellers<\/em>. Avant chaque&nbsp;<em>castell<\/em>, c\u2019est le \u00ab&nbsp;<em>toc d\u2019entrada a la pla\u00e7a<\/em>&nbsp;\u00bb qui retentit. Les&nbsp;<em>castells<\/em>&nbsp;sont ensuite g\u00e9n\u00e9ralement suivis d\u2019un repas, auquel le public est invit\u00e9 quand retentit la chanson du \u00ab&nbsp;<em>toc de vermut<\/em>&nbsp;\u00bb. Tout est savamment orchestr\u00e9.<\/p>\n\n\n\n<p><strong>Composition du Castell<\/strong><\/p>\n\n\n\n<p>Les&nbsp;<em>castells<\/em>&nbsp;se divisent en trois parties :<\/p>\n\n\n\n<p>La&nbsp;<em>pinya&nbsp;<\/em>(pomme de pin) : la base de la tour. Son r\u00f4le est d\u2019amortir la chute si elle venait \u00e0 se produire. C\u2019est donc sur elle que repose tout le poids du&nbsp;<em>castell<\/em>.<\/p>\n\n\n\n<p>Le&nbsp;<em>tronc&nbsp;<\/em>: structure verticale qui fait la liaison entre la base et le sommet de la tour.<\/p>\n\n\n\n<p>Le&nbsp;<em>pom de dalt&nbsp;<\/em>: il est form\u00e9 par des enfants car leur poids plume et leur souplesse leur permettent d\u2019escalader plus facilement le&nbsp;<em>castell<\/em>&nbsp;pour se hisser jusqu\u2019en haut.<\/p>\n\n\n\n<p>Les&nbsp;<em>castellers<\/em>&nbsp;(on appelle ainsi les participants du&nbsp;<em>castell<\/em>) les plus robustes sont plac\u00e9s en bas du ch\u00e2teau. Plus on monte, plus les&nbsp;<em>castellers<\/em>&nbsp;sont l\u00e9gers et agiles.<\/p>\n\n\n\n<p><strong>Costumes et&nbsp;<em>colles<\/em>&nbsp;(\u00e9quipes)<\/strong><\/p>\n\n\n\n<p>Les&nbsp;<em>castellers<\/em>&nbsp;s\u2019organisent en \u00e9quipes (<em>colles<\/em>) et s\u2019affrontent lors de nombreux concours. L\u2019objectif&nbsp;est de  r\u00e9aliser le&nbsp;<em>castell<\/em>&nbsp;le plus impressionnant. Pour qu\u2019ils soient reconnaissables, les membres d\u2019une \u00e9quipe portent tous une chemise de la m\u00eame couleur.<\/p>\n\n\n\n<p>Les colles, au nombre de 70, plus 20 en formation et 12 universitaires, sont catalanes mais il en existe hors Catalogne (\u00e0 Londres, Montr\u00e9al, Bal\u00e9ares, Andorra, Paris, &#8230;).<\/p>\n\n\n\n<p>Une <em>colle<\/em> locale : Pallagos del conflent <a href=\"http:\/\/pallagos.com\/les-pallagos\/\" target=\"_blank\" rel=\"noreferrer noopener\">http:\/\/pallagos.com\/les-pallagos\/<\/a><\/p>\n","protected":false},"excerpt":{"rendered":"<p>La tradition des tours humaines, un symbole catalan L\u2019origine des&nbsp;castells&nbsp; Elle est incertaine, mais on consid\u00e8re qu\u2019ils sont issus d\u2019anciennes danses valenciennes qui se terminaient par de petites tours humaines. Au fil du temps, ils sont devenus une discipline \u00e0 part enti\u00e8re. Alors que les symboles catalans tels que l\u2019hymne national, la sardane, le drapeau [&hellip;]<\/p>\n","protected":false},"author":1,"featured_media":0,"parent":0,"menu_order":0,"comment_status":"closed","ping_status":"closed","template":"full-width-page-template.php","meta":{"_monsterinsights_skip_tracking":false,"_monsterinsights_sitenote_active":false,"_monsterinsights_sitenote_note":"","_monsterinsights_sitenote_category":0,"footnotes":""},"class_list":["post-1559","page","type-page","status-publish","hentry"],"yoast_head":"<!-- This site is optimized with the Yoast SEO plugin v27.3 - https:\/\/yoast.com\/product\/yoast-seo-wordpress\/ -->\n<title>les-castells-et-les-castellers-une-tradition-de-tour-humaine<\/title>\n<meta name=\"description\" content=\"La tradition des tours humaines, symbole catalan est inscrite au patrimoine culturel immat\u00e9riel de l\u2019humanit\u00e9 de l\u2019UNESCO depuis 2006\" \/>\n<meta name=\"robots\" content=\"index, follow, max-snippet:-1, max-image-preview:large, max-video-preview:-1\" \/>\n<link rel=\"canonical\" href=\"https:\/\/campome.com\/index.php\/les-castells-et-les-castellers-une-tradition-de-tour-humaine\/\" \/>\n<meta property=\"og:locale\" content=\"fr_FR\" \/>\n<meta property=\"og:type\" content=\"article\" \/>\n<meta property=\"og:title\" content=\"les-castells-et-les-castellers-une-tradition-de-tour-humaine\" \/>\n<meta property=\"og:description\" content=\"La tradition des tours humaines, symbole catalan est inscrite au patrimoine culturel immat\u00e9riel de l\u2019humanit\u00e9 de l\u2019UNESCO depuis 2006\" \/>\n<meta property=\"og:url\" content=\"https:\/\/campome.com\/index.php\/les-castells-et-les-castellers-une-tradition-de-tour-humaine\/\" \/>\n<meta property=\"og:site_name\" content=\"Mairie de Camp\u00f4me\" \/>\n<meta property=\"article:modified_time\" content=\"2022-04-03T05:24:39+00:00\" \/>\n<meta property=\"og:image\" content=\"http:\/\/campome.com\/wp-content\/uploads\/2022\/04\/30813942_2142223416034250_7675297163194213942_o-1024x769.jpg\" \/>\n<meta name=\"twitter:card\" content=\"summary_large_image\" \/>\n<meta name=\"twitter:label1\" content=\"Dur\u00e9e de lecture estim\u00e9e\" \/>\n\t<meta name=\"twitter:data1\" content=\"3 minutes\" \/>\n<script type=\"application\/ld+json\" class=\"yoast-schema-graph\">{\"@context\":\"https:\\\/\\\/schema.org\",\"@graph\":[{\"@type\":\"WebPage\",\"@id\":\"https:\\\/\\\/campome.com\\\/index.php\\\/les-castells-et-les-castellers-une-tradition-de-tour-humaine\\\/\",\"url\":\"https:\\\/\\\/campome.com\\\/index.php\\\/les-castells-et-les-castellers-une-tradition-de-tour-humaine\\\/\",\"name\":\"les-castells-et-les-castellers-une-tradition-de-tour-humaine\",\"isPartOf\":{\"@id\":\"https:\\\/\\\/campome.com\\\/#website\"},\"primaryImageOfPage\":{\"@id\":\"https:\\\/\\\/campome.com\\\/index.php\\\/les-castells-et-les-castellers-une-tradition-de-tour-humaine\\\/#primaryimage\"},\"image\":{\"@id\":\"https:\\\/\\\/campome.com\\\/index.php\\\/les-castells-et-les-castellers-une-tradition-de-tour-humaine\\\/#primaryimage\"},\"thumbnailUrl\":\"http:\\\/\\\/campome.com\\\/wp-content\\\/uploads\\\/2022\\\/04\\\/30813942_2142223416034250_7675297163194213942_o-1024x769.jpg\",\"datePublished\":\"2022-04-02T16:07:15+00:00\",\"dateModified\":\"2022-04-03T05:24:39+00:00\",\"description\":\"La tradition des tours humaines, symbole catalan est inscrite au patrimoine culturel immat\u00e9riel de l\u2019humanit\u00e9 de l\u2019UNESCO depuis 2006\",\"breadcrumb\":{\"@id\":\"https:\\\/\\\/campome.com\\\/index.php\\\/les-castells-et-les-castellers-une-tradition-de-tour-humaine\\\/#breadcrumb\"},\"inLanguage\":\"fr-FR\",\"potentialAction\":[{\"@type\":\"ReadAction\",\"target\":[\"https:\\\/\\\/campome.com\\\/index.php\\\/les-castells-et-les-castellers-une-tradition-de-tour-humaine\\\/\"]}]},{\"@type\":\"ImageObject\",\"inLanguage\":\"fr-FR\",\"@id\":\"https:\\\/\\\/campome.com\\\/index.php\\\/les-castells-et-les-castellers-une-tradition-de-tour-humaine\\\/#primaryimage\",\"url\":\"http:\\\/\\\/campome.com\\\/wp-content\\\/uploads\\\/2022\\\/04\\\/30813942_2142223416034250_7675297163194213942_o-1024x769.jpg\",\"contentUrl\":\"http:\\\/\\\/campome.com\\\/wp-content\\\/uploads\\\/2022\\\/04\\\/30813942_2142223416034250_7675297163194213942_o-1024x769.jpg\"},{\"@type\":\"BreadcrumbList\",\"@id\":\"https:\\\/\\\/campome.com\\\/index.php\\\/les-castells-et-les-castellers-une-tradition-de-tour-humaine\\\/#breadcrumb\",\"itemListElement\":[{\"@type\":\"ListItem\",\"position\":1,\"name\":\"Accueil\",\"item\":\"https:\\\/\\\/campome.com\\\/\"},{\"@type\":\"ListItem\",\"position\":2,\"name\":\"Els Castells\"}]},{\"@type\":\"WebSite\",\"@id\":\"https:\\\/\\\/campome.com\\\/#website\",\"url\":\"https:\\\/\\\/campome.com\\\/\",\"name\":\"Mairie de Camp\u00f4me\",\"description\":\"Bienvenue sur le site de la mairie de Camp\u00f4me\",\"potentialAction\":[{\"@type\":\"SearchAction\",\"target\":{\"@type\":\"EntryPoint\",\"urlTemplate\":\"https:\\\/\\\/campome.com\\\/?s={search_term_string}\"},\"query-input\":{\"@type\":\"PropertyValueSpecification\",\"valueRequired\":true,\"valueName\":\"search_term_string\"}}],\"inLanguage\":\"fr-FR\"}]}<\/script>\n<!-- \/ Yoast SEO plugin. -->","yoast_head_json":{"title":"les-castells-et-les-castellers-une-tradition-de-tour-humaine","description":"La tradition des tours humaines, symbole catalan est inscrite au patrimoine culturel immat\u00e9riel de l\u2019humanit\u00e9 de l\u2019UNESCO depuis 2006","robots":{"index":"index","follow":"follow","max-snippet":"max-snippet:-1","max-image-preview":"max-image-preview:large","max-video-preview":"max-video-preview:-1"},"canonical":"https:\/\/campome.com\/index.php\/les-castells-et-les-castellers-une-tradition-de-tour-humaine\/","og_locale":"fr_FR","og_type":"article","og_title":"les-castells-et-les-castellers-une-tradition-de-tour-humaine","og_description":"La tradition des tours humaines, symbole catalan est inscrite au patrimoine culturel immat\u00e9riel de l\u2019humanit\u00e9 de l\u2019UNESCO depuis 2006","og_url":"https:\/\/campome.com\/index.php\/les-castells-et-les-castellers-une-tradition-de-tour-humaine\/","og_site_name":"Mairie de Camp\u00f4me","article_modified_time":"2022-04-03T05:24:39+00:00","og_image":[{"url":"http:\/\/campome.com\/wp-content\/uploads\/2022\/04\/30813942_2142223416034250_7675297163194213942_o-1024x769.jpg","type":"","width":"","height":""}],"twitter_card":"summary_large_image","twitter_misc":{"Dur\u00e9e de lecture estim\u00e9e":"3 minutes"},"schema":{"@context":"https:\/\/schema.org","@graph":[{"@type":"WebPage","@id":"https:\/\/campome.com\/index.php\/les-castells-et-les-castellers-une-tradition-de-tour-humaine\/","url":"https:\/\/campome.com\/index.php\/les-castells-et-les-castellers-une-tradition-de-tour-humaine\/","name":"les-castells-et-les-castellers-une-tradition-de-tour-humaine","isPartOf":{"@id":"https:\/\/campome.com\/#website"},"primaryImageOfPage":{"@id":"https:\/\/campome.com\/index.php\/les-castells-et-les-castellers-une-tradition-de-tour-humaine\/#primaryimage"},"image":{"@id":"https:\/\/campome.com\/index.php\/les-castells-et-les-castellers-une-tradition-de-tour-humaine\/#primaryimage"},"thumbnailUrl":"http:\/\/campome.com\/wp-content\/uploads\/2022\/04\/30813942_2142223416034250_7675297163194213942_o-1024x769.jpg","datePublished":"2022-04-02T16:07:15+00:00","dateModified":"2022-04-03T05:24:39+00:00","description":"La tradition des tours humaines, symbole catalan est inscrite au patrimoine culturel immat\u00e9riel de l\u2019humanit\u00e9 de l\u2019UNESCO depuis 2006","breadcrumb":{"@id":"https:\/\/campome.com\/index.php\/les-castells-et-les-castellers-une-tradition-de-tour-humaine\/#breadcrumb"},"inLanguage":"fr-FR","potentialAction":[{"@type":"ReadAction","target":["https:\/\/campome.com\/index.php\/les-castells-et-les-castellers-une-tradition-de-tour-humaine\/"]}]},{"@type":"ImageObject","inLanguage":"fr-FR","@id":"https:\/\/campome.com\/index.php\/les-castells-et-les-castellers-une-tradition-de-tour-humaine\/#primaryimage","url":"http:\/\/campome.com\/wp-content\/uploads\/2022\/04\/30813942_2142223416034250_7675297163194213942_o-1024x769.jpg","contentUrl":"http:\/\/campome.com\/wp-content\/uploads\/2022\/04\/30813942_2142223416034250_7675297163194213942_o-1024x769.jpg"},{"@type":"BreadcrumbList","@id":"https:\/\/campome.com\/index.php\/les-castells-et-les-castellers-une-tradition-de-tour-humaine\/#breadcrumb","itemListElement":[{"@type":"ListItem","position":1,"name":"Accueil","item":"https:\/\/campome.com\/"},{"@type":"ListItem","position":2,"name":"Els Castells"}]},{"@type":"WebSite","@id":"https:\/\/campome.com\/#website","url":"https:\/\/campome.com\/","name":"Mairie de Camp\u00f4me","description":"Bienvenue sur le site de la mairie de Camp\u00f4me","potentialAction":[{"@type":"SearchAction","target":{"@type":"EntryPoint","urlTemplate":"https:\/\/campome.com\/?s={search_term_string}"},"query-input":{"@type":"PropertyValueSpecification","valueRequired":true,"valueName":"search_term_string"}}],"inLanguage":"fr-FR"}]}},"_links":{"self":[{"href":"https:\/\/campome.com\/index.php\/wp-json\/wp\/v2\/pages\/1559","targetHints":{"allow":["GET"]}}],"collection":[{"href":"https:\/\/campome.com\/index.php\/wp-json\/wp\/v2\/pages"}],"about":[{"href":"https:\/\/campome.com\/index.php\/wp-json\/wp\/v2\/types\/page"}],"author":[{"embeddable":true,"href":"https:\/\/campome.com\/index.php\/wp-json\/wp\/v2\/users\/1"}],"replies":[{"embeddable":true,"href":"https:\/\/campome.com\/index.php\/wp-json\/wp\/v2\/comments?post=1559"}],"version-history":[{"count":8,"href":"https:\/\/campome.com\/index.php\/wp-json\/wp\/v2\/pages\/1559\/revisions"}],"predecessor-version":[{"id":1574,"href":"https:\/\/campome.com\/index.php\/wp-json\/wp\/v2\/pages\/1559\/revisions\/1574"}],"wp:attachment":[{"href":"https:\/\/campome.com\/index.php\/wp-json\/wp\/v2\/media?parent=1559"}],"curies":[{"name":"wp","href":"https:\/\/api.w.org\/{rel}","templated":true}]}}