{"id":1575,"date":"2022-04-03T09:22:27","date_gmt":"2022-04-03T07:22:27","guid":{"rendered":"http:\/\/campome.com\/?page_id=1575"},"modified":"2022-04-03T17:09:19","modified_gmt":"2022-04-03T15:09:19","slug":"goigs-dels-ous","status":"publish","type":"page","link":"https:\/\/campome.com\/index.php\/goigs-dels-ous\/","title":{"rendered":"Goigs dels ous"},"content":{"rendered":"\n<h4 class=\"wp-block-heading\">Origine : Els Goigs dels ous<\/h4>\n\n\n\n<p>Ce terme se traduit par \u00ab\u00a0cantiques des \u0153ufs\u00a0\u00bb. Il s\u2019agit d\u2019une tradition catalane qui se c\u00e9l\u00e8bre pendant la f\u00eate de P\u00e2ques. Les goigs (se prononce \u00ab\u00a0gotch) sont des po\u00e8mes chant\u00e9s en l\u2019honneur de la Vierge ou d\u2019un saint en particulier, c\u2019est pour cette raison qu\u2019ils sont tr\u00e8s nombreux.<\/p>\n\n\n\n<p>Il semblerait que leur origine remonte au Pape Cl\u00e9ment IV (1265-1268) qui composa un po\u00e8me \u00ab Los 7 Gautz de Nostra Dona \u00bb.<\/p>\n\n\n\n<p>Au Moyen-\u00e2ge, les troubadours reprennent et d\u00e9veloppent cette tradition en chantant des goigs tant sacr\u00e9s que profanes. <\/p>\n\n\n\n<p>La tradition des goigs est tr\u00e8s\u00a0 pr\u00e9sente en Conflent et en Roussillon. Cependant, au fil du temps, le th\u00e8me s\u2019est \u00e9loign\u00e9 du sacr\u00e9. Qu\u2019ils soient en l\u2019honneur de la Vierge, d&rsquo;un saint ou populaires, ces chants sont accueillis dans la joie et l\u2019all\u00e9gresse par les habitants.<\/p>\n\n\n\n<h4 class=\"wp-block-heading\">D\u00e9roulement&nbsp;<\/h4>\n\n\n\n<p>Le soir du Samedi Saint ou dimanche au petit matin, des groupes de chanteurs parcourent les rues des villes et villages, en chantant sous les balcons, de maison en maison.<\/p>\n\n\n\n<p>G\u00e9n\u00e9ralement v\u00eatus de costumes catalan traditionnel, de la <em>barretina<\/em> (chapeau) pour les hommes et la <em>c\u00f3fia<\/em> (coiffe) pour les femmes et munis de la <em>cistella<\/em> (panier d\u2019osier), ils collectent les \u0153ufs mais aussi boudins et bonnes bouteilles offerts par les habitants.<\/p>\n\n\n\n<p>Le lundi de P\u00e2ques, l&rsquo;omelette pascale pr\u00e9par\u00e9e avec les dons est d\u00e9gust\u00e9e.<\/p>\n\n\n\n<p>Dans la vall\u00e9e de la Castellane, ce sont Les Pastorets de Mosset qui traditionnellement chantaient les goigs dans les rues de Mosset et \u00e0 certaines occasion sur la place du village de Camp\u00f4me.<\/p>\n\n\n\n<h4 class=\"wp-block-heading\">Illustrations<\/h4>\n\n\n\n<p>Am\u00e9lie-les-bains -Palalda : <a href=\"https:\/\/www.youtube.com\/watch?v=exMznL8CCww\" target=\"_blank\" aria-label=\"undefined (s\u2019ouvre dans un nouvel onglet)\" rel=\"noreferrer noopener\">https:\/\/www.youtube.com\/watch?v=exMznL8CCww<\/a><\/p>\n\n\n\n<p><\/p>\n","protected":false},"excerpt":{"rendered":"<p>Origine : Els Goigs dels ous Ce terme se traduit par \u00ab\u00a0cantiques des \u0153ufs\u00a0\u00bb. Il s\u2019agit d\u2019une tradition catalane qui se c\u00e9l\u00e8bre pendant la f\u00eate de P\u00e2ques. Les goigs (se prononce \u00ab\u00a0gotch) sont des po\u00e8mes chant\u00e9s en l\u2019honneur de la Vierge ou d\u2019un saint en particulier, c\u2019est pour cette raison qu\u2019ils sont tr\u00e8s nombreux. Il [&hellip;]<\/p>\n","protected":false},"author":1,"featured_media":0,"parent":0,"menu_order":0,"comment_status":"closed","ping_status":"closed","template":"full-width-page-template.php","meta":{"_monsterinsights_skip_tracking":false,"_monsterinsights_sitenote_active":false,"_monsterinsights_sitenote_note":"","_monsterinsights_sitenote_category":0,"footnotes":""},"class_list":["post-1575","page","type-page","status-publish","hentry"],"yoast_head":"<!-- This site is optimized with the Yoast SEO plugin v27.4 - https:\/\/yoast.com\/product\/yoast-seo-wordpress\/ -->\n<title>goigs dels ous Tradition catalane p\u00e2ques f\u00eate<\/title>\n<meta name=\"description\" content=\"Tradition catalane qui se c\u00e9l\u00e8bre pendant la f\u00eate de P\u00e2ques. les participants chantent en l\u2019honneur de la Vierge, de Saint ou populaires.\" \/>\n<meta name=\"robots\" content=\"index, follow, max-snippet:-1, max-image-preview:large, max-video-preview:-1\" \/>\n<link rel=\"canonical\" href=\"https:\/\/campome.com\/index.php\/goigs-dels-ous\/\" \/>\n<meta property=\"og:locale\" content=\"fr_FR\" \/>\n<meta property=\"og:type\" content=\"article\" \/>\n<meta property=\"og:title\" content=\"goigs dels ous Tradition catalane p\u00e2ques f\u00eate\" \/>\n<meta property=\"og:description\" content=\"Tradition catalane qui se c\u00e9l\u00e8bre pendant la f\u00eate de P\u00e2ques. les participants chantent en l\u2019honneur de la Vierge, de Saint ou populaires.\" \/>\n<meta property=\"og:url\" content=\"https:\/\/campome.com\/index.php\/goigs-dels-ous\/\" \/>\n<meta property=\"og:site_name\" content=\"Mairie de Camp\u00f4me\" \/>\n<meta property=\"article:modified_time\" content=\"2022-04-03T15:09:19+00:00\" \/>\n<meta name=\"twitter:card\" content=\"summary_large_image\" \/>\n<meta name=\"twitter:label1\" content=\"Dur\u00e9e de lecture estim\u00e9e\" \/>\n\t<meta name=\"twitter:data1\" content=\"2 minutes\" \/>\n<script type=\"application\/ld+json\" class=\"yoast-schema-graph\">{\"@context\":\"https:\\\/\\\/schema.org\",\"@graph\":[{\"@type\":\"WebPage\",\"@id\":\"https:\\\/\\\/campome.com\\\/index.php\\\/goigs-dels-ous\\\/\",\"url\":\"https:\\\/\\\/campome.com\\\/index.php\\\/goigs-dels-ous\\\/\",\"name\":\"goigs dels ous Tradition catalane p\u00e2ques f\u00eate\",\"isPartOf\":{\"@id\":\"https:\\\/\\\/campome.com\\\/#website\"},\"datePublished\":\"2022-04-03T07:22:27+00:00\",\"dateModified\":\"2022-04-03T15:09:19+00:00\",\"description\":\"Tradition catalane qui se c\u00e9l\u00e8bre pendant la f\u00eate de P\u00e2ques. les participants chantent en l\u2019honneur de la Vierge, de Saint ou populaires.\",\"breadcrumb\":{\"@id\":\"https:\\\/\\\/campome.com\\\/index.php\\\/goigs-dels-ous\\\/#breadcrumb\"},\"inLanguage\":\"fr-FR\",\"potentialAction\":[{\"@type\":\"ReadAction\",\"target\":[\"https:\\\/\\\/campome.com\\\/index.php\\\/goigs-dels-ous\\\/\"]}]},{\"@type\":\"BreadcrumbList\",\"@id\":\"https:\\\/\\\/campome.com\\\/index.php\\\/goigs-dels-ous\\\/#breadcrumb\",\"itemListElement\":[{\"@type\":\"ListItem\",\"position\":1,\"name\":\"Accueil\",\"item\":\"https:\\\/\\\/campome.com\\\/\"},{\"@type\":\"ListItem\",\"position\":2,\"name\":\"Goigs dels ous\"}]},{\"@type\":\"WebSite\",\"@id\":\"https:\\\/\\\/campome.com\\\/#website\",\"url\":\"https:\\\/\\\/campome.com\\\/\",\"name\":\"Mairie de Camp\u00f4me\",\"description\":\"Bienvenue sur le site de la mairie de Camp\u00f4me\",\"potentialAction\":[{\"@type\":\"SearchAction\",\"target\":{\"@type\":\"EntryPoint\",\"urlTemplate\":\"https:\\\/\\\/campome.com\\\/?s={search_term_string}\"},\"query-input\":{\"@type\":\"PropertyValueSpecification\",\"valueRequired\":true,\"valueName\":\"search_term_string\"}}],\"inLanguage\":\"fr-FR\"}]}<\/script>\n<!-- \/ Yoast SEO plugin. -->","yoast_head_json":{"title":"goigs dels ous Tradition catalane p\u00e2ques f\u00eate","description":"Tradition catalane qui se c\u00e9l\u00e8bre pendant la f\u00eate de P\u00e2ques. les participants chantent en l\u2019honneur de la Vierge, de Saint ou populaires.","robots":{"index":"index","follow":"follow","max-snippet":"max-snippet:-1","max-image-preview":"max-image-preview:large","max-video-preview":"max-video-preview:-1"},"canonical":"https:\/\/campome.com\/index.php\/goigs-dels-ous\/","og_locale":"fr_FR","og_type":"article","og_title":"goigs dels ous Tradition catalane p\u00e2ques f\u00eate","og_description":"Tradition catalane qui se c\u00e9l\u00e8bre pendant la f\u00eate de P\u00e2ques. les participants chantent en l\u2019honneur de la Vierge, de Saint ou populaires.","og_url":"https:\/\/campome.com\/index.php\/goigs-dels-ous\/","og_site_name":"Mairie de Camp\u00f4me","article_modified_time":"2022-04-03T15:09:19+00:00","twitter_card":"summary_large_image","twitter_misc":{"Dur\u00e9e de lecture estim\u00e9e":"2 minutes"},"schema":{"@context":"https:\/\/schema.org","@graph":[{"@type":"WebPage","@id":"https:\/\/campome.com\/index.php\/goigs-dels-ous\/","url":"https:\/\/campome.com\/index.php\/goigs-dels-ous\/","name":"goigs dels ous Tradition catalane p\u00e2ques f\u00eate","isPartOf":{"@id":"https:\/\/campome.com\/#website"},"datePublished":"2022-04-03T07:22:27+00:00","dateModified":"2022-04-03T15:09:19+00:00","description":"Tradition catalane qui se c\u00e9l\u00e8bre pendant la f\u00eate de P\u00e2ques. les participants chantent en l\u2019honneur de la Vierge, de Saint ou populaires.","breadcrumb":{"@id":"https:\/\/campome.com\/index.php\/goigs-dels-ous\/#breadcrumb"},"inLanguage":"fr-FR","potentialAction":[{"@type":"ReadAction","target":["https:\/\/campome.com\/index.php\/goigs-dels-ous\/"]}]},{"@type":"BreadcrumbList","@id":"https:\/\/campome.com\/index.php\/goigs-dels-ous\/#breadcrumb","itemListElement":[{"@type":"ListItem","position":1,"name":"Accueil","item":"https:\/\/campome.com\/"},{"@type":"ListItem","position":2,"name":"Goigs dels ous"}]},{"@type":"WebSite","@id":"https:\/\/campome.com\/#website","url":"https:\/\/campome.com\/","name":"Mairie de Camp\u00f4me","description":"Bienvenue sur le site de la mairie de Camp\u00f4me","potentialAction":[{"@type":"SearchAction","target":{"@type":"EntryPoint","urlTemplate":"https:\/\/campome.com\/?s={search_term_string}"},"query-input":{"@type":"PropertyValueSpecification","valueRequired":true,"valueName":"search_term_string"}}],"inLanguage":"fr-FR"}]}},"_links":{"self":[{"href":"https:\/\/campome.com\/index.php\/wp-json\/wp\/v2\/pages\/1575","targetHints":{"allow":["GET"]}}],"collection":[{"href":"https:\/\/campome.com\/index.php\/wp-json\/wp\/v2\/pages"}],"about":[{"href":"https:\/\/campome.com\/index.php\/wp-json\/wp\/v2\/types\/page"}],"author":[{"embeddable":true,"href":"https:\/\/campome.com\/index.php\/wp-json\/wp\/v2\/users\/1"}],"replies":[{"embeddable":true,"href":"https:\/\/campome.com\/index.php\/wp-json\/wp\/v2\/comments?post=1575"}],"version-history":[{"count":4,"href":"https:\/\/campome.com\/index.php\/wp-json\/wp\/v2\/pages\/1575\/revisions"}],"predecessor-version":[{"id":1596,"href":"https:\/\/campome.com\/index.php\/wp-json\/wp\/v2\/pages\/1575\/revisions\/1596"}],"wp:attachment":[{"href":"https:\/\/campome.com\/index.php\/wp-json\/wp\/v2\/media?parent=1575"}],"curies":[{"name":"wp","href":"https:\/\/api.w.org\/{rel}","templated":true}]}}