{"id":1585,"date":"2022-04-03T10:46:35","date_gmt":"2022-04-03T08:46:35","guid":{"rendered":"http:\/\/campome.com\/?page_id=1585"},"modified":"2022-04-21T08:02:40","modified_gmt":"2022-04-21T06:02:40","slug":"la-sant-jordi","status":"publish","type":"page","link":"https:\/\/campome.com\/index.php\/la-sant-jordi\/","title":{"rendered":"La Sant Jordi"},"content":{"rendered":"\n<p>Page en cours de construction<\/p>\n\n\n\n<p>La f\u00eate du livre et de la rose<\/p>\n\n\n\n<p>F\u00eate c\u00e9l\u00e9br\u00e9e le 23 avril.<\/p>\n\n\n\n<p><strong>La l\u00e9gende de Sant Jordi<\/strong><\/p>\n\n\n\n<p>La l\u00e9gende raconte qu&rsquo;autrefois, \u00e0 Montblanc (Tarragona), un dragon f\u00e9roce capable d&#8217;empoisonner l&rsquo;air et tuer avec son souffle, effrayait les habitants de la ville. Les habitants, apeur\u00e9s et fatigu\u00e9s de ses ravages et m\u00e9faits, d\u00e9cid\u00e8rent de lui livrer chaque jour une personne au hasard afin d\u00b4apaiser sa col\u00e8re. Quelques jours plus tard, la malchance toucha la princesse.<br>Lorsque la princesse quitta sa demeure pour rejoindre le dragon, un chevalier nomm\u00e9 Sant Jordi, portant une armure brillante, apparu soudain sur son cheval blanc pour la secourir. Sant Jordi leva son \u00e9p\u00e9e et transper\u00e7a le dragon, lib\u00e9rant enfin la princesse et les habitants.<br>Un rosier sortit du sang du dragon, dont les roses \u00e9taient d\u2019un rouge comme on n&rsquo;en avait jamais vu. Sant Jordi, triomphant, cueillit une rose et l\u2019offrit \u00e0 la princesse.<\/p>\n","protected":false},"excerpt":{"rendered":"<p>Page en cours de construction La f\u00eate du livre et de la rose F\u00eate c\u00e9l\u00e9br\u00e9e le 23 avril. La l\u00e9gende de Sant Jordi La l\u00e9gende raconte qu&rsquo;autrefois, \u00e0 Montblanc (Tarragona), un dragon f\u00e9roce capable d&#8217;empoisonner l&rsquo;air et tuer avec son souffle, effrayait les habitants de la ville. Les habitants, apeur\u00e9s et fatigu\u00e9s de ses ravages [&hellip;]<\/p>\n","protected":false},"author":1,"featured_media":0,"parent":0,"menu_order":0,"comment_status":"closed","ping_status":"closed","template":"full-width-page-template.php","meta":{"_monsterinsights_skip_tracking":false,"_monsterinsights_sitenote_active":false,"_monsterinsights_sitenote_note":"","_monsterinsights_sitenote_category":0,"footnotes":""},"class_list":["post-1585","page","type-page","status-publish","hentry"],"yoast_head":"<!-- This site is optimized with the Yoast SEO plugin v27.3 - https:\/\/yoast.com\/product\/yoast-seo-wordpress\/ -->\n<title>La Sant Jordi - Mairie de Camp\u00f4me<\/title>\n<meta name=\"robots\" content=\"index, follow, max-snippet:-1, max-image-preview:large, max-video-preview:-1\" \/>\n<link rel=\"canonical\" href=\"https:\/\/campome.com\/index.php\/la-sant-jordi\/\" \/>\n<meta property=\"og:locale\" content=\"fr_FR\" \/>\n<meta property=\"og:type\" content=\"article\" \/>\n<meta property=\"og:title\" content=\"La Sant Jordi - Mairie de Camp\u00f4me\" \/>\n<meta property=\"og:description\" content=\"Page en cours de construction La f\u00eate du livre et de la rose F\u00eate c\u00e9l\u00e9br\u00e9e le 23 avril. La l\u00e9gende de Sant Jordi La l\u00e9gende raconte qu&rsquo;autrefois, \u00e0 Montblanc (Tarragona), un dragon f\u00e9roce capable d&#8217;empoisonner l&rsquo;air et tuer avec son souffle, effrayait les habitants de la ville. Les habitants, apeur\u00e9s et fatigu\u00e9s de ses ravages [&hellip;]\" \/>\n<meta property=\"og:url\" content=\"https:\/\/campome.com\/index.php\/la-sant-jordi\/\" \/>\n<meta property=\"og:site_name\" content=\"Mairie de Camp\u00f4me\" \/>\n<meta property=\"article:modified_time\" content=\"2022-04-21T06:02:40+00:00\" \/>\n<meta name=\"twitter:card\" content=\"summary_large_image\" \/>\n<meta name=\"twitter:label1\" content=\"Dur\u00e9e de lecture estim\u00e9e\" \/>\n\t<meta name=\"twitter:data1\" content=\"1 minute\" \/>\n<script type=\"application\/ld+json\" class=\"yoast-schema-graph\">{\"@context\":\"https:\\\/\\\/schema.org\",\"@graph\":[{\"@type\":\"WebPage\",\"@id\":\"https:\\\/\\\/campome.com\\\/index.php\\\/la-sant-jordi\\\/\",\"url\":\"https:\\\/\\\/campome.com\\\/index.php\\\/la-sant-jordi\\\/\",\"name\":\"La Sant Jordi - Mairie de Camp\u00f4me\",\"isPartOf\":{\"@id\":\"https:\\\/\\\/campome.com\\\/#website\"},\"datePublished\":\"2022-04-03T08:46:35+00:00\",\"dateModified\":\"2022-04-21T06:02:40+00:00\",\"breadcrumb\":{\"@id\":\"https:\\\/\\\/campome.com\\\/index.php\\\/la-sant-jordi\\\/#breadcrumb\"},\"inLanguage\":\"fr-FR\",\"potentialAction\":[{\"@type\":\"ReadAction\",\"target\":[\"https:\\\/\\\/campome.com\\\/index.php\\\/la-sant-jordi\\\/\"]}]},{\"@type\":\"BreadcrumbList\",\"@id\":\"https:\\\/\\\/campome.com\\\/index.php\\\/la-sant-jordi\\\/#breadcrumb\",\"itemListElement\":[{\"@type\":\"ListItem\",\"position\":1,\"name\":\"Accueil\",\"item\":\"https:\\\/\\\/campome.com\\\/\"},{\"@type\":\"ListItem\",\"position\":2,\"name\":\"La Sant Jordi\"}]},{\"@type\":\"WebSite\",\"@id\":\"https:\\\/\\\/campome.com\\\/#website\",\"url\":\"https:\\\/\\\/campome.com\\\/\",\"name\":\"Mairie de Camp\u00f4me\",\"description\":\"Bienvenue sur le site de la mairie de Camp\u00f4me\",\"potentialAction\":[{\"@type\":\"SearchAction\",\"target\":{\"@type\":\"EntryPoint\",\"urlTemplate\":\"https:\\\/\\\/campome.com\\\/?s={search_term_string}\"},\"query-input\":{\"@type\":\"PropertyValueSpecification\",\"valueRequired\":true,\"valueName\":\"search_term_string\"}}],\"inLanguage\":\"fr-FR\"}]}<\/script>\n<!-- \/ Yoast SEO plugin. -->","yoast_head_json":{"title":"La Sant Jordi - Mairie de Camp\u00f4me","robots":{"index":"index","follow":"follow","max-snippet":"max-snippet:-1","max-image-preview":"max-image-preview:large","max-video-preview":"max-video-preview:-1"},"canonical":"https:\/\/campome.com\/index.php\/la-sant-jordi\/","og_locale":"fr_FR","og_type":"article","og_title":"La Sant Jordi - Mairie de Camp\u00f4me","og_description":"Page en cours de construction La f\u00eate du livre et de la rose F\u00eate c\u00e9l\u00e9br\u00e9e le 23 avril. La l\u00e9gende de Sant Jordi La l\u00e9gende raconte qu&rsquo;autrefois, \u00e0 Montblanc (Tarragona), un dragon f\u00e9roce capable d&#8217;empoisonner l&rsquo;air et tuer avec son souffle, effrayait les habitants de la ville. Les habitants, apeur\u00e9s et fatigu\u00e9s de ses ravages [&hellip;]","og_url":"https:\/\/campome.com\/index.php\/la-sant-jordi\/","og_site_name":"Mairie de Camp\u00f4me","article_modified_time":"2022-04-21T06:02:40+00:00","twitter_card":"summary_large_image","twitter_misc":{"Dur\u00e9e de lecture estim\u00e9e":"1 minute"},"schema":{"@context":"https:\/\/schema.org","@graph":[{"@type":"WebPage","@id":"https:\/\/campome.com\/index.php\/la-sant-jordi\/","url":"https:\/\/campome.com\/index.php\/la-sant-jordi\/","name":"La Sant Jordi - Mairie de Camp\u00f4me","isPartOf":{"@id":"https:\/\/campome.com\/#website"},"datePublished":"2022-04-03T08:46:35+00:00","dateModified":"2022-04-21T06:02:40+00:00","breadcrumb":{"@id":"https:\/\/campome.com\/index.php\/la-sant-jordi\/#breadcrumb"},"inLanguage":"fr-FR","potentialAction":[{"@type":"ReadAction","target":["https:\/\/campome.com\/index.php\/la-sant-jordi\/"]}]},{"@type":"BreadcrumbList","@id":"https:\/\/campome.com\/index.php\/la-sant-jordi\/#breadcrumb","itemListElement":[{"@type":"ListItem","position":1,"name":"Accueil","item":"https:\/\/campome.com\/"},{"@type":"ListItem","position":2,"name":"La Sant Jordi"}]},{"@type":"WebSite","@id":"https:\/\/campome.com\/#website","url":"https:\/\/campome.com\/","name":"Mairie de Camp\u00f4me","description":"Bienvenue sur le site de la mairie de Camp\u00f4me","potentialAction":[{"@type":"SearchAction","target":{"@type":"EntryPoint","urlTemplate":"https:\/\/campome.com\/?s={search_term_string}"},"query-input":{"@type":"PropertyValueSpecification","valueRequired":true,"valueName":"search_term_string"}}],"inLanguage":"fr-FR"}]}},"_links":{"self":[{"href":"https:\/\/campome.com\/index.php\/wp-json\/wp\/v2\/pages\/1585","targetHints":{"allow":["GET"]}}],"collection":[{"href":"https:\/\/campome.com\/index.php\/wp-json\/wp\/v2\/pages"}],"about":[{"href":"https:\/\/campome.com\/index.php\/wp-json\/wp\/v2\/types\/page"}],"author":[{"embeddable":true,"href":"https:\/\/campome.com\/index.php\/wp-json\/wp\/v2\/users\/1"}],"replies":[{"embeddable":true,"href":"https:\/\/campome.com\/index.php\/wp-json\/wp\/v2\/comments?post=1585"}],"version-history":[{"count":4,"href":"https:\/\/campome.com\/index.php\/wp-json\/wp\/v2\/pages\/1585\/revisions"}],"predecessor-version":[{"id":1606,"href":"https:\/\/campome.com\/index.php\/wp-json\/wp\/v2\/pages\/1585\/revisions\/1606"}],"wp:attachment":[{"href":"https:\/\/campome.com\/index.php\/wp-json\/wp\/v2\/media?parent=1585"}],"curies":[{"name":"wp","href":"https:\/\/api.w.org\/{rel}","templated":true}]}}