{"id":1588,"date":"2022-04-03T11:02:37","date_gmt":"2022-04-03T09:02:37","guid":{"rendered":"http:\/\/campome.com\/?page_id=1588"},"modified":"2022-04-03T19:59:43","modified_gmt":"2022-04-03T17:59:43","slug":"la-sardana","status":"publish","type":"page","link":"https:\/\/campome.com\/index.php\/la-sardana\/","title":{"rendered":"La sardana"},"content":{"rendered":"\n<p>en cours de construction<\/p>\n\n\n\n<p>La <em>sardana<\/em> est une danse traditionnelle catalane embl\u00e9matique. Son origine remonte au XV\u00e8me si\u00e8cle. On trouve alors un t\u00e9moignage \u00e9crit d&rsquo;une danse que l&rsquo;on appelle \u00ab\u00a0<em>el ball rodo<\/em>\u00a0\u00bb c&rsquo;est \u00e0 dire la danse ronde dans le \u00ab\u00a0<em>llivre vermell de Montserrat<\/em>\u00ab\u00a0.<\/p>\n\n\n\n<p>Les danseurs forment un cercle, alternant homme, femme en se tenant  la main. Ils effectuent un pas de danse qui \u00e9volue au son d&rsquo;un orchestre appel\u00e9 la cobla.  Le rythme alterne entre les \u00ab\u00a0pas courts\u00a0\u00bb et les \u00ab\u00a0pas longs\u00a0\u00bb.<\/p>\n\n\n\n<p>Chaque sardane commence par un introduction ex\u00e9cut\u00e9e par un instrument appel\u00e9 le <em>flaviol<\/em>.<\/p>\n\n\n\n<p>Au del\u00e0 de la beaut\u00e9 de la danse, la sardana rev\u00eat une valeur suppl\u00e9mentaire puisqu&rsquo;au court des rassemblements et des f\u00eates (<em>applecs<\/em>), tous le monde, sans exception peut rentrer dans le cercle. Celui-ci s&rsquo;agrandit au fur et \u00e0 mesure que les danseurs y prennent part, ce qui en fait la danse de la fraternit\u00e9.<\/p>\n\n\n\n<h5 class=\"wp-block-heading\">La danse de la solidarit\u00e9<\/h5>\n\n\n\n<p>Sous le r\u00e9gime franquiste, en Catalogne du Sud, toute manifestation \u00e9trang\u00e8re \u00e0 la culture espagnole \u00e9tait interdite. Seules les sardanes choisies par le r\u00e9gime \u00e9taient tol\u00e9r\u00e9es lors des f\u00eates religieuses. <\/p>\n","protected":false},"excerpt":{"rendered":"<p>en cours de construction La sardana est une danse traditionnelle catalane embl\u00e9matique. Son origine remonte au XV\u00e8me si\u00e8cle. On trouve alors un t\u00e9moignage \u00e9crit d&rsquo;une danse que l&rsquo;on appelle \u00ab\u00a0el ball rodo\u00a0\u00bb c&rsquo;est \u00e0 dire la danse ronde dans le \u00ab\u00a0llivre vermell de Montserrat\u00ab\u00a0. Les danseurs forment un cercle, alternant homme, femme en se tenant [&hellip;]<\/p>\n","protected":false},"author":1,"featured_media":0,"parent":0,"menu_order":0,"comment_status":"closed","ping_status":"closed","template":"full-width-page-template.php","meta":{"_monsterinsights_skip_tracking":false,"_monsterinsights_sitenote_active":false,"_monsterinsights_sitenote_note":"","_monsterinsights_sitenote_category":0,"footnotes":""},"class_list":["post-1588","page","type-page","status-publish","hentry"],"yoast_head":"<!-- This site is optimized with the Yoast SEO plugin v27.3 - https:\/\/yoast.com\/product\/yoast-seo-wordpress\/ -->\n<title>La sardana - Mairie de Camp\u00f4me<\/title>\n<meta name=\"robots\" content=\"index, follow, max-snippet:-1, max-image-preview:large, max-video-preview:-1\" \/>\n<link rel=\"canonical\" href=\"https:\/\/campome.com\/index.php\/la-sardana\/\" \/>\n<meta property=\"og:locale\" content=\"fr_FR\" \/>\n<meta property=\"og:type\" content=\"article\" \/>\n<meta property=\"og:title\" content=\"La sardana - Mairie de Camp\u00f4me\" \/>\n<meta property=\"og:description\" content=\"en cours de construction La sardana est une danse traditionnelle catalane embl\u00e9matique. Son origine remonte au XV\u00e8me si\u00e8cle. On trouve alors un t\u00e9moignage \u00e9crit d&rsquo;une danse que l&rsquo;on appelle \u00ab\u00a0el ball rodo\u00a0\u00bb c&rsquo;est \u00e0 dire la danse ronde dans le \u00ab\u00a0llivre vermell de Montserrat\u00ab\u00a0. Les danseurs forment un cercle, alternant homme, femme en se tenant [&hellip;]\" \/>\n<meta property=\"og:url\" content=\"https:\/\/campome.com\/index.php\/la-sardana\/\" \/>\n<meta property=\"og:site_name\" content=\"Mairie de Camp\u00f4me\" \/>\n<meta property=\"article:modified_time\" content=\"2022-04-03T17:59:43+00:00\" \/>\n<meta name=\"twitter:card\" content=\"summary_large_image\" \/>\n<meta name=\"twitter:label1\" content=\"Dur\u00e9e de lecture estim\u00e9e\" \/>\n\t<meta name=\"twitter:data1\" content=\"1 minute\" \/>\n<script type=\"application\/ld+json\" class=\"yoast-schema-graph\">{\"@context\":\"https:\\\/\\\/schema.org\",\"@graph\":[{\"@type\":\"WebPage\",\"@id\":\"https:\\\/\\\/campome.com\\\/index.php\\\/la-sardana\\\/\",\"url\":\"https:\\\/\\\/campome.com\\\/index.php\\\/la-sardana\\\/\",\"name\":\"La sardana - Mairie de Camp\u00f4me\",\"isPartOf\":{\"@id\":\"https:\\\/\\\/campome.com\\\/#website\"},\"datePublished\":\"2022-04-03T09:02:37+00:00\",\"dateModified\":\"2022-04-03T17:59:43+00:00\",\"breadcrumb\":{\"@id\":\"https:\\\/\\\/campome.com\\\/index.php\\\/la-sardana\\\/#breadcrumb\"},\"inLanguage\":\"fr-FR\",\"potentialAction\":[{\"@type\":\"ReadAction\",\"target\":[\"https:\\\/\\\/campome.com\\\/index.php\\\/la-sardana\\\/\"]}]},{\"@type\":\"BreadcrumbList\",\"@id\":\"https:\\\/\\\/campome.com\\\/index.php\\\/la-sardana\\\/#breadcrumb\",\"itemListElement\":[{\"@type\":\"ListItem\",\"position\":1,\"name\":\"Accueil\",\"item\":\"https:\\\/\\\/campome.com\\\/\"},{\"@type\":\"ListItem\",\"position\":2,\"name\":\"La sardana\"}]},{\"@type\":\"WebSite\",\"@id\":\"https:\\\/\\\/campome.com\\\/#website\",\"url\":\"https:\\\/\\\/campome.com\\\/\",\"name\":\"Mairie de Camp\u00f4me\",\"description\":\"Bienvenue sur le site de la mairie de Camp\u00f4me\",\"potentialAction\":[{\"@type\":\"SearchAction\",\"target\":{\"@type\":\"EntryPoint\",\"urlTemplate\":\"https:\\\/\\\/campome.com\\\/?s={search_term_string}\"},\"query-input\":{\"@type\":\"PropertyValueSpecification\",\"valueRequired\":true,\"valueName\":\"search_term_string\"}}],\"inLanguage\":\"fr-FR\"}]}<\/script>\n<!-- \/ Yoast SEO plugin. -->","yoast_head_json":{"title":"La sardana - Mairie de Camp\u00f4me","robots":{"index":"index","follow":"follow","max-snippet":"max-snippet:-1","max-image-preview":"max-image-preview:large","max-video-preview":"max-video-preview:-1"},"canonical":"https:\/\/campome.com\/index.php\/la-sardana\/","og_locale":"fr_FR","og_type":"article","og_title":"La sardana - Mairie de Camp\u00f4me","og_description":"en cours de construction La sardana est une danse traditionnelle catalane embl\u00e9matique. Son origine remonte au XV\u00e8me si\u00e8cle. On trouve alors un t\u00e9moignage \u00e9crit d&rsquo;une danse que l&rsquo;on appelle \u00ab\u00a0el ball rodo\u00a0\u00bb c&rsquo;est \u00e0 dire la danse ronde dans le \u00ab\u00a0llivre vermell de Montserrat\u00ab\u00a0. Les danseurs forment un cercle, alternant homme, femme en se tenant [&hellip;]","og_url":"https:\/\/campome.com\/index.php\/la-sardana\/","og_site_name":"Mairie de Camp\u00f4me","article_modified_time":"2022-04-03T17:59:43+00:00","twitter_card":"summary_large_image","twitter_misc":{"Dur\u00e9e de lecture estim\u00e9e":"1 minute"},"schema":{"@context":"https:\/\/schema.org","@graph":[{"@type":"WebPage","@id":"https:\/\/campome.com\/index.php\/la-sardana\/","url":"https:\/\/campome.com\/index.php\/la-sardana\/","name":"La sardana - Mairie de Camp\u00f4me","isPartOf":{"@id":"https:\/\/campome.com\/#website"},"datePublished":"2022-04-03T09:02:37+00:00","dateModified":"2022-04-03T17:59:43+00:00","breadcrumb":{"@id":"https:\/\/campome.com\/index.php\/la-sardana\/#breadcrumb"},"inLanguage":"fr-FR","potentialAction":[{"@type":"ReadAction","target":["https:\/\/campome.com\/index.php\/la-sardana\/"]}]},{"@type":"BreadcrumbList","@id":"https:\/\/campome.com\/index.php\/la-sardana\/#breadcrumb","itemListElement":[{"@type":"ListItem","position":1,"name":"Accueil","item":"https:\/\/campome.com\/"},{"@type":"ListItem","position":2,"name":"La sardana"}]},{"@type":"WebSite","@id":"https:\/\/campome.com\/#website","url":"https:\/\/campome.com\/","name":"Mairie de Camp\u00f4me","description":"Bienvenue sur le site de la mairie de Camp\u00f4me","potentialAction":[{"@type":"SearchAction","target":{"@type":"EntryPoint","urlTemplate":"https:\/\/campome.com\/?s={search_term_string}"},"query-input":{"@type":"PropertyValueSpecification","valueRequired":true,"valueName":"search_term_string"}}],"inLanguage":"fr-FR"}]}},"_links":{"self":[{"href":"https:\/\/campome.com\/index.php\/wp-json\/wp\/v2\/pages\/1588","targetHints":{"allow":["GET"]}}],"collection":[{"href":"https:\/\/campome.com\/index.php\/wp-json\/wp\/v2\/pages"}],"about":[{"href":"https:\/\/campome.com\/index.php\/wp-json\/wp\/v2\/types\/page"}],"author":[{"embeddable":true,"href":"https:\/\/campome.com\/index.php\/wp-json\/wp\/v2\/users\/1"}],"replies":[{"embeddable":true,"href":"https:\/\/campome.com\/index.php\/wp-json\/wp\/v2\/comments?post=1588"}],"version-history":[{"count":7,"href":"https:\/\/campome.com\/index.php\/wp-json\/wp\/v2\/pages\/1588\/revisions"}],"predecessor-version":[{"id":1617,"href":"https:\/\/campome.com\/index.php\/wp-json\/wp\/v2\/pages\/1588\/revisions\/1617"}],"wp:attachment":[{"href":"https:\/\/campome.com\/index.php\/wp-json\/wp\/v2\/media?parent=1588"}],"curies":[{"name":"wp","href":"https:\/\/api.w.org\/{rel}","templated":true}]}}