{"id":2043,"date":"2023-11-14T09:05:29","date_gmt":"2023-11-14T08:05:29","guid":{"rendered":"https:\/\/campome.com\/?page_id=2043"},"modified":"2025-03-04T12:41:17","modified_gmt":"2025-03-04T11:41:17","slug":"comptes-rendus-conseils-communautaires","status":"publish","type":"page","link":"https:\/\/campome.com\/index.php\/comptes-rendus-conseils-communautaires\/","title":{"rendered":"Conseils Communautaires"},"content":{"rendered":"\n<div class=\"wp-block-file\"><a id=\"wp-block-file--media-a97d7a56-2cc4-4208-b068-c65caad018a8\" href=\"https:\/\/campome.com\/wp-content\/uploads\/2025\/03\/PV-conseil-communautaire-du-15-02-2024.pdf\">PV conseil communautaire du 15 02 2024<\/a><a href=\"https:\/\/campome.com\/wp-content\/uploads\/2025\/03\/PV-conseil-communautaire-du-15-02-2024.pdf\" class=\"wp-block-file__button wp-element-button\" download aria-describedby=\"wp-block-file--media-a97d7a56-2cc4-4208-b068-c65caad018a8\">T\u00e9l\u00e9charger<\/a><\/div>\n\n\n\n<div class=\"wp-block-file\"><a id=\"wp-block-file--media-476ad9ad-9455-4847-a8ba-cf7e8691e0cc\" href=\"https:\/\/campome.com\/wp-content\/uploads\/2025\/03\/PV-conseil-communautaire-12-decembre-2024.pdf\">PV conseil communautaire 12 d\u00e9cembre 2024<\/a><a href=\"https:\/\/campome.com\/wp-content\/uploads\/2025\/03\/PV-conseil-communautaire-12-decembre-2024.pdf\" class=\"wp-block-file__button wp-element-button\" download aria-describedby=\"wp-block-file--media-476ad9ad-9455-4847-a8ba-cf7e8691e0cc\">T\u00e9l\u00e9charger<\/a><\/div>\n\n\n\n<div class=\"wp-block-file\"><a id=\"wp-block-file--media-6e5c35e8-b9c4-4e2b-9959-884233769e39\" href=\"https:\/\/campome.com\/wp-content\/uploads\/2025\/03\/PV-conseil-communautaire-11-07-2024.pdf\">PV conseil communautaire 11 07 2024<\/a><a href=\"https:\/\/campome.com\/wp-content\/uploads\/2025\/03\/PV-conseil-communautaire-11-07-2024.pdf\" class=\"wp-block-file__button wp-element-button\" download aria-describedby=\"wp-block-file--media-6e5c35e8-b9c4-4e2b-9959-884233769e39\">T\u00e9l\u00e9charger<\/a><\/div>\n\n\n\n<div class=\"wp-block-file\"><a id=\"wp-block-file--media-b2d10e95-a863-489e-9196-8e15df7b9817\" href=\"https:\/\/campome.com\/wp-content\/uploads\/2025\/03\/PV-conseil-communautaire-23-05-2024.pdf\">PV conseil communautaire 23 05 2024<\/a><a href=\"https:\/\/campome.com\/wp-content\/uploads\/2025\/03\/PV-conseil-communautaire-23-05-2024.pdf\" class=\"wp-block-file__button wp-element-button\" download aria-describedby=\"wp-block-file--media-b2d10e95-a863-489e-9196-8e15df7b9817\">T\u00e9l\u00e9charger<\/a><\/div>\n\n\n\n<div class=\"wp-block-file\"><a id=\"wp-block-file--media-8d5649fd-e8b0-436d-9df6-3d440e1eab32\" href=\"https:\/\/campome.com\/wp-content\/uploads\/2025\/03\/PV-conseil-communautaire-11-04-2024.pdf\">PV  conseil communautaire 11 04 2024<\/a><a href=\"https:\/\/campome.com\/wp-content\/uploads\/2025\/03\/PV-conseil-communautaire-11-04-2024.pdf\" class=\"wp-block-file__button wp-element-button\" download aria-describedby=\"wp-block-file--media-8d5649fd-e8b0-436d-9df6-3d440e1eab32\">T\u00e9l\u00e9charger<\/a><\/div>\n\n\n\n<div class=\"wp-block-file\"><a id=\"wp-block-file--media-04f981bf-6ba4-4499-a6b0-c2e86431ad85\" href=\"https:\/\/campome.com\/wp-content\/uploads\/2025\/03\/PV-Conseil-communautaire-30-11-2023.pdf\">PV Conseil communautaire 30 11 2023<\/a><a href=\"https:\/\/campome.com\/wp-content\/uploads\/2025\/03\/PV-Conseil-communautaire-30-11-2023.pdf\" class=\"wp-block-file__button wp-element-button\" download aria-describedby=\"wp-block-file--media-04f981bf-6ba4-4499-a6b0-c2e86431ad85\">T\u00e9l\u00e9charger<\/a><\/div>\n\n\n\n<div class=\"wp-block-file\"><a id=\"wp-block-file--media-5c5fdac3-7291-421e-9aca-b9eca63bf68d\" href=\"https:\/\/campome.com\/wp-content\/uploads\/2024\/01\/PV-Conseil-communautaire-28-09-2023.pdf\">PV-Conseil-communautaire-28-09-2023<\/a><a href=\"https:\/\/campome.com\/wp-content\/uploads\/2024\/01\/PV-Conseil-communautaire-28-09-2023.pdf\" class=\"wp-block-file__button wp-element-button\" download aria-describedby=\"wp-block-file--media-5c5fdac3-7291-421e-9aca-b9eca63bf68d\">T\u00e9l\u00e9charger<\/a><\/div>\n\n\n\n<div class=\"wp-block-file\"><a id=\"wp-block-file--media-72c73d94-ef24-4085-b5e3-10e7131f5f75\" href=\"https:\/\/campome.com\/wp-content\/uploads\/2023\/11\/PV-Conseil-Communautaire-13-06-2023.pdf\">PV-Conseil-Communautaire-13-06-2023<\/a><a href=\"https:\/\/campome.com\/wp-content\/uploads\/2023\/11\/PV-Conseil-Communautaire-13-06-2023.pdf\" class=\"wp-block-file__button wp-element-button\" download aria-describedby=\"wp-block-file--media-72c73d94-ef24-4085-b5e3-10e7131f5f75\">T\u00e9l\u00e9charger<\/a><\/div>\n\n\n\n<div class=\"wp-block-file\"><a id=\"wp-block-file--media-87c16347-6ad2-440e-9207-f97e7b5e7ba6\" href=\"https:\/\/campome.com\/wp-content\/uploads\/2023\/11\/PV-Conseil-Communautaire-du-13-04-2023.pdf\">PV-Conseil-Communautaire-du-13-04-2023<\/a><a href=\"https:\/\/campome.com\/wp-content\/uploads\/2023\/11\/PV-Conseil-Communautaire-du-13-04-2023.pdf\" class=\"wp-block-file__button wp-element-button\" download aria-describedby=\"wp-block-file--media-87c16347-6ad2-440e-9207-f97e7b5e7ba6\">T\u00e9l\u00e9charger<\/a><\/div>\n\n\n\n<div class=\"wp-block-file\"><a id=\"wp-block-file--media-991fc7a6-ce4c-4e62-8dc3-e54a3a1249bd\" href=\"https:\/\/campome.com\/wp-content\/uploads\/2023\/11\/PV-Conseil-communautaire-23-03-2023.pdf\">PV-Conseil-communautaire-23-03-2023<\/a><a href=\"https:\/\/campome.com\/wp-content\/uploads\/2023\/11\/PV-Conseil-communautaire-23-03-2023.pdf\" class=\"wp-block-file__button wp-element-button\" download aria-describedby=\"wp-block-file--media-991fc7a6-ce4c-4e62-8dc3-e54a3a1249bd\">T\u00e9l\u00e9charger<\/a><\/div>\n\n\n\n<div class=\"wp-block-file\"><a id=\"wp-block-file--media-587415ae-48df-4d6f-96e8-7aabafed2fba\" href=\"https:\/\/campome.com\/wp-content\/uploads\/2023\/11\/PV-Conseil-communautaire-26-01-2023.pdf\">PV-Conseil-communautaire-26-01-2023<\/a><a href=\"https:\/\/campome.com\/wp-content\/uploads\/2023\/11\/PV-Conseil-communautaire-26-01-2023.pdf\" class=\"wp-block-file__button wp-element-button\" download aria-describedby=\"wp-block-file--media-587415ae-48df-4d6f-96e8-7aabafed2fba\">T\u00e9l\u00e9charger<\/a><\/div>\n\n\n\n<div class=\"wp-block-file\"><a id=\"wp-block-file--media-a42e1683-a25b-43c8-bac2-cb4126767435\" href=\"https:\/\/campome.com\/wp-content\/uploads\/2024\/11\/PV-Conseil-communautaire-du-1er-decembre-22.pdf\">PV  Conseil communautaire du 1er d\u00e9cembre 22<\/a><a href=\"https:\/\/campome.com\/wp-content\/uploads\/2024\/11\/PV-Conseil-communautaire-du-1er-decembre-22.pdf\" class=\"wp-block-file__button wp-element-button\" download aria-describedby=\"wp-block-file--media-a42e1683-a25b-43c8-bac2-cb4126767435\">T\u00e9l\u00e9charger<\/a><\/div>\n\n\n\n<div class=\"wp-block-file\"><a id=\"wp-block-file--media-3f0dd440-8f77-488c-b583-f0403da332b5\" href=\"https:\/\/campome.com\/wp-content\/uploads\/2023\/11\/PV-Conseil-communautaire-29-09-2022.pdf\">PV-Conseil-communautaire-29-09-2022<\/a><a href=\"https:\/\/campome.com\/wp-content\/uploads\/2023\/11\/PV-Conseil-communautaire-29-09-2022.pdf\" class=\"wp-block-file__button wp-element-button\" download aria-describedby=\"wp-block-file--media-3f0dd440-8f77-488c-b583-f0403da332b5\">T\u00e9l\u00e9charger<\/a><\/div>\n\n\n\n<div class=\"wp-block-file\"><a id=\"wp-block-file--media-4a24feb3-6e5f-40a5-aa80-847f0de7bedc\" href=\"https:\/\/campome.com\/wp-content\/uploads\/2023\/11\/PV-Conseil-Communautaire-30-06-2022.pdf\">PV-Conseil-Communautaire-30-06-2022<\/a><a href=\"https:\/\/campome.com\/wp-content\/uploads\/2023\/11\/PV-Conseil-Communautaire-30-06-2022.pdf\" class=\"wp-block-file__button wp-element-button\" download aria-describedby=\"wp-block-file--media-4a24feb3-6e5f-40a5-aa80-847f0de7bedc\">T\u00e9l\u00e9charger<\/a><\/div>\n\n\n\n<div class=\"wp-block-file\"><a id=\"wp-block-file--media-6003aef3-fa59-4360-9d5f-e215dac97088\" href=\"https:\/\/campome.com\/wp-content\/uploads\/2023\/11\/PV-Conseil-Communautaire-14-04-2022.pdf\">PV-Conseil-Communautaire-14-04-2022<\/a><a href=\"https:\/\/campome.com\/wp-content\/uploads\/2023\/11\/PV-Conseil-Communautaire-14-04-2022.pdf\" class=\"wp-block-file__button wp-element-button\" download aria-describedby=\"wp-block-file--media-6003aef3-fa59-4360-9d5f-e215dac97088\">T\u00e9l\u00e9charger<\/a><\/div>\n\n\n\n<div class=\"wp-block-file\"><a id=\"wp-block-file--media-590cbc33-3c5b-4b3f-acf7-a43af4651f02\" href=\"https:\/\/campome.com\/wp-content\/uploads\/2023\/11\/PV-Conseil-Communautaire-24-02-2022.pdf\">PV-Conseil-Communautaire-24-02-2022<\/a><a href=\"https:\/\/campome.com\/wp-content\/uploads\/2023\/11\/PV-Conseil-Communautaire-24-02-2022.pdf\" class=\"wp-block-file__button wp-element-button\" download aria-describedby=\"wp-block-file--media-590cbc33-3c5b-4b3f-acf7-a43af4651f02\">T\u00e9l\u00e9charger<\/a><\/div>\n\n\n\n<div class=\"wp-block-file\"><a id=\"wp-block-file--media-a9fc5576-1aa9-4017-ae0b-b427f13f48eb\" href=\"https:\/\/campome.com\/wp-content\/uploads\/2023\/11\/PV-Conseil-Communautaire-20-01-2022.pdf\">PV-Conseil-Communautaire-20-01-2022<\/a><a href=\"https:\/\/campome.com\/wp-content\/uploads\/2023\/11\/PV-Conseil-Communautaire-20-01-2022.pdf\" class=\"wp-block-file__button wp-element-button\" download aria-describedby=\"wp-block-file--media-a9fc5576-1aa9-4017-ae0b-b427f13f48eb\">T\u00e9l\u00e9charger<\/a><\/div>\n\n\n\n<div class=\"wp-block-file\"><a id=\"wp-block-file--media-b679ab56-3338-4d3b-9222-9cd428ffcfdc\" href=\"https:\/\/campome.com\/wp-content\/uploads\/2024\/11\/PV-Conseil-communautaire-16-decembre-2021.pdf\">PV Conseil communautaire 16 d\u00e9cembre 2021<\/a><a href=\"https:\/\/campome.com\/wp-content\/uploads\/2024\/11\/PV-Conseil-communautaire-16-decembre-2021.pdf\" class=\"wp-block-file__button wp-element-button\" download aria-describedby=\"wp-block-file--media-b679ab56-3338-4d3b-9222-9cd428ffcfdc\">T\u00e9l\u00e9charger<\/a><\/div>\n\n\n\n<div class=\"wp-block-file\"><a id=\"wp-block-file--media-4542601f-ce3e-4e14-a11f-02b0635a9f91\" href=\"https:\/\/campome.com\/wp-content\/uploads\/2024\/11\/PV-Conseil-communautaire-14-octobre-2021.pdf\">PV Conseil communautaire 14 octobre 2021<\/a><a href=\"https:\/\/campome.com\/wp-content\/uploads\/2024\/11\/PV-Conseil-communautaire-14-octobre-2021.pdf\" class=\"wp-block-file__button wp-element-button\" download aria-describedby=\"wp-block-file--media-4542601f-ce3e-4e14-a11f-02b0635a9f91\">T\u00e9l\u00e9charger<\/a><\/div>\n\n\n\n<div class=\"wp-block-file\"><a id=\"wp-block-file--media-3a945a0b-6285-4df4-90f8-bb070fe206a0\" href=\"https:\/\/campome.com\/wp-content\/uploads\/2024\/11\/PV-Conseil-communautaire-08-juillet-2021.pdf\">PV Conseil communautaire 08 juillet 2021<\/a><a href=\"https:\/\/campome.com\/wp-content\/uploads\/2024\/11\/PV-Conseil-communautaire-08-juillet-2021.pdf\" class=\"wp-block-file__button wp-element-button\" download aria-describedby=\"wp-block-file--media-3a945a0b-6285-4df4-90f8-bb070fe206a0\">T\u00e9l\u00e9charger<\/a><\/div>\n\n\n\n<div class=\"wp-block-file\"><a id=\"wp-block-file--media-3816066c-a591-4a01-b7d6-9f8a46abf804\" href=\"https:\/\/campome.com\/wp-content\/uploads\/2024\/11\/PV-Conseil-communautaire-08-04-2021.pdf\">PV Conseil communautaire 08 04 2021<\/a><a href=\"https:\/\/campome.com\/wp-content\/uploads\/2024\/11\/PV-Conseil-communautaire-08-04-2021.pdf\" class=\"wp-block-file__button wp-element-button\" download aria-describedby=\"wp-block-file--media-3816066c-a591-4a01-b7d6-9f8a46abf804\">T\u00e9l\u00e9charger<\/a><\/div>\n\n\n\n<div class=\"wp-block-file\"><a id=\"wp-block-file--media-8982dde3-9fc5-459c-a8a5-96ddd9b50b62\" href=\"https:\/\/campome.com\/wp-content\/uploads\/2024\/11\/PV-Conseil-communautaire-13-mars-2021.pdf\">PV Conseil communautaire 13 mars 2021<\/a><a href=\"https:\/\/campome.com\/wp-content\/uploads\/2024\/11\/PV-Conseil-communautaire-13-mars-2021.pdf\" class=\"wp-block-file__button wp-element-button\" download aria-describedby=\"wp-block-file--media-8982dde3-9fc5-459c-a8a5-96ddd9b50b62\">T\u00e9l\u00e9charger<\/a><\/div>\n","protected":false},"excerpt":{"rendered":"","protected":false},"author":1,"featured_media":0,"parent":0,"menu_order":0,"comment_status":"closed","ping_status":"closed","template":"","meta":{"_monsterinsights_skip_tracking":false,"_monsterinsights_sitenote_active":false,"_monsterinsights_sitenote_note":"","_monsterinsights_sitenote_category":0,"footnotes":""},"class_list":["post-2043","page","type-page","status-publish","hentry"],"yoast_head":"<!-- This site is optimized with the Yoast SEO plugin v27.3 - https:\/\/yoast.com\/product\/yoast-seo-wordpress\/ -->\n<title>Conseils Communautaires - Mairie de Camp\u00f4me<\/title>\n<meta name=\"description\" content=\"Retrouvez ici les comptes-rendus des s\u00e9ances de conseils communautaires de la Communaut\u00e9 de Communes Conflents Canigo.\" \/>\n<meta name=\"robots\" content=\"index, follow, max-snippet:-1, max-image-preview:large, max-video-preview:-1\" \/>\n<link rel=\"canonical\" href=\"https:\/\/campome.com\/index.php\/comptes-rendus-conseils-communautaires\/\" \/>\n<meta property=\"og:locale\" content=\"fr_FR\" \/>\n<meta property=\"og:type\" content=\"article\" \/>\n<meta property=\"og:title\" content=\"Conseils Communautaires - Mairie de Camp\u00f4me\" \/>\n<meta property=\"og:description\" content=\"Retrouvez ici les comptes-rendus des s\u00e9ances de conseils communautaires de la Communaut\u00e9 de Communes Conflents Canigo.\" \/>\n<meta property=\"og:url\" content=\"https:\/\/campome.com\/index.php\/comptes-rendus-conseils-communautaires\/\" \/>\n<meta property=\"og:site_name\" content=\"Mairie de Camp\u00f4me\" \/>\n<meta property=\"article:modified_time\" content=\"2025-03-04T11:41:17+00:00\" \/>\n<meta name=\"twitter:card\" content=\"summary_large_image\" \/>\n<meta name=\"twitter:label1\" content=\"Dur\u00e9e de lecture estim\u00e9e\" \/>\n\t<meta name=\"twitter:data1\" content=\"1 minute\" \/>\n<script type=\"application\/ld+json\" class=\"yoast-schema-graph\">{\"@context\":\"https:\\\/\\\/schema.org\",\"@graph\":[{\"@type\":\"WebPage\",\"@id\":\"https:\\\/\\\/campome.com\\\/index.php\\\/comptes-rendus-conseils-communautaires\\\/\",\"url\":\"https:\\\/\\\/campome.com\\\/index.php\\\/comptes-rendus-conseils-communautaires\\\/\",\"name\":\"Conseils Communautaires - Mairie de Camp\u00f4me\",\"isPartOf\":{\"@id\":\"https:\\\/\\\/campome.com\\\/#website\"},\"datePublished\":\"2023-11-14T08:05:29+00:00\",\"dateModified\":\"2025-03-04T11:41:17+00:00\",\"description\":\"Retrouvez ici les comptes-rendus des s\u00e9ances de conseils communautaires de la Communaut\u00e9 de Communes Conflents Canigo.\",\"breadcrumb\":{\"@id\":\"https:\\\/\\\/campome.com\\\/index.php\\\/comptes-rendus-conseils-communautaires\\\/#breadcrumb\"},\"inLanguage\":\"fr-FR\",\"potentialAction\":[{\"@type\":\"ReadAction\",\"target\":[\"https:\\\/\\\/campome.com\\\/index.php\\\/comptes-rendus-conseils-communautaires\\\/\"]}]},{\"@type\":\"BreadcrumbList\",\"@id\":\"https:\\\/\\\/campome.com\\\/index.php\\\/comptes-rendus-conseils-communautaires\\\/#breadcrumb\",\"itemListElement\":[{\"@type\":\"ListItem\",\"position\":1,\"name\":\"Accueil\",\"item\":\"https:\\\/\\\/campome.com\\\/\"},{\"@type\":\"ListItem\",\"position\":2,\"name\":\"Conseils Communautaires\"}]},{\"@type\":\"WebSite\",\"@id\":\"https:\\\/\\\/campome.com\\\/#website\",\"url\":\"https:\\\/\\\/campome.com\\\/\",\"name\":\"Mairie de Camp\u00f4me\",\"description\":\"Bienvenue sur le site de la mairie de Camp\u00f4me\",\"potentialAction\":[{\"@type\":\"SearchAction\",\"target\":{\"@type\":\"EntryPoint\",\"urlTemplate\":\"https:\\\/\\\/campome.com\\\/?s={search_term_string}\"},\"query-input\":{\"@type\":\"PropertyValueSpecification\",\"valueRequired\":true,\"valueName\":\"search_term_string\"}}],\"inLanguage\":\"fr-FR\"}]}<\/script>\n<!-- \/ Yoast SEO plugin. -->","yoast_head_json":{"title":"Conseils Communautaires - Mairie de Camp\u00f4me","description":"Retrouvez ici les comptes-rendus des s\u00e9ances de conseils communautaires de la Communaut\u00e9 de Communes Conflents Canigo.","robots":{"index":"index","follow":"follow","max-snippet":"max-snippet:-1","max-image-preview":"max-image-preview:large","max-video-preview":"max-video-preview:-1"},"canonical":"https:\/\/campome.com\/index.php\/comptes-rendus-conseils-communautaires\/","og_locale":"fr_FR","og_type":"article","og_title":"Conseils Communautaires - Mairie de Camp\u00f4me","og_description":"Retrouvez ici les comptes-rendus des s\u00e9ances de conseils communautaires de la Communaut\u00e9 de Communes Conflents Canigo.","og_url":"https:\/\/campome.com\/index.php\/comptes-rendus-conseils-communautaires\/","og_site_name":"Mairie de Camp\u00f4me","article_modified_time":"2025-03-04T11:41:17+00:00","twitter_card":"summary_large_image","twitter_misc":{"Dur\u00e9e de lecture estim\u00e9e":"1 minute"},"schema":{"@context":"https:\/\/schema.org","@graph":[{"@type":"WebPage","@id":"https:\/\/campome.com\/index.php\/comptes-rendus-conseils-communautaires\/","url":"https:\/\/campome.com\/index.php\/comptes-rendus-conseils-communautaires\/","name":"Conseils Communautaires - Mairie de Camp\u00f4me","isPartOf":{"@id":"https:\/\/campome.com\/#website"},"datePublished":"2023-11-14T08:05:29+00:00","dateModified":"2025-03-04T11:41:17+00:00","description":"Retrouvez ici les comptes-rendus des s\u00e9ances de conseils communautaires de la Communaut\u00e9 de Communes Conflents Canigo.","breadcrumb":{"@id":"https:\/\/campome.com\/index.php\/comptes-rendus-conseils-communautaires\/#breadcrumb"},"inLanguage":"fr-FR","potentialAction":[{"@type":"ReadAction","target":["https:\/\/campome.com\/index.php\/comptes-rendus-conseils-communautaires\/"]}]},{"@type":"BreadcrumbList","@id":"https:\/\/campome.com\/index.php\/comptes-rendus-conseils-communautaires\/#breadcrumb","itemListElement":[{"@type":"ListItem","position":1,"name":"Accueil","item":"https:\/\/campome.com\/"},{"@type":"ListItem","position":2,"name":"Conseils Communautaires"}]},{"@type":"WebSite","@id":"https:\/\/campome.com\/#website","url":"https:\/\/campome.com\/","name":"Mairie de Camp\u00f4me","description":"Bienvenue sur le site de la mairie de Camp\u00f4me","potentialAction":[{"@type":"SearchAction","target":{"@type":"EntryPoint","urlTemplate":"https:\/\/campome.com\/?s={search_term_string}"},"query-input":{"@type":"PropertyValueSpecification","valueRequired":true,"valueName":"search_term_string"}}],"inLanguage":"fr-FR"}]}},"_links":{"self":[{"href":"https:\/\/campome.com\/index.php\/wp-json\/wp\/v2\/pages\/2043","targetHints":{"allow":["GET"]}}],"collection":[{"href":"https:\/\/campome.com\/index.php\/wp-json\/wp\/v2\/pages"}],"about":[{"href":"https:\/\/campome.com\/index.php\/wp-json\/wp\/v2\/types\/page"}],"author":[{"embeddable":true,"href":"https:\/\/campome.com\/index.php\/wp-json\/wp\/v2\/users\/1"}],"replies":[{"embeddable":true,"href":"https:\/\/campome.com\/index.php\/wp-json\/wp\/v2\/comments?post=2043"}],"version-history":[{"count":7,"href":"https:\/\/campome.com\/index.php\/wp-json\/wp\/v2\/pages\/2043\/revisions"}],"predecessor-version":[{"id":2377,"href":"https:\/\/campome.com\/index.php\/wp-json\/wp\/v2\/pages\/2043\/revisions\/2377"}],"wp:attachment":[{"href":"https:\/\/campome.com\/index.php\/wp-json\/wp\/v2\/media?parent=2043"}],"curies":[{"name":"wp","href":"https:\/\/api.w.org\/{rel}","templated":true}]}}