{"id":229,"date":"2020-06-28T21:22:45","date_gmt":"2020-06-28T19:22:45","guid":{"rendered":"http:\/\/campome.com\/?page_id=229"},"modified":"2022-02-17T19:36:03","modified_gmt":"2022-02-17T18:36:03","slug":"paracolls","status":"publish","type":"page","link":"https:\/\/campome.com\/index.php\/paracolls\/","title":{"rendered":"Paracolls"},"content":{"rendered":"\n<figure class=\"wp-block-gallery columns-3 is-cropped wp-block-gallery-1 is-layout-flex wp-block-gallery-is-layout-flex\"><ul class=\"blocks-gallery-grid\"><li class=\"blocks-gallery-item\"><figure><img loading=\"lazy\" decoding=\"async\" width=\"263\" height=\"400\" src=\"http:\/\/campome.com\/wp-content\/uploads\/2020\/07\/received_614214639477296.jpeg\" alt=\"\" data-id=\"514\" data-link=\"http:\/\/campome.com\/received_614214639477296\/\" class=\"wp-image-514\" srcset=\"https:\/\/campome.com\/wp-content\/uploads\/2020\/07\/received_614214639477296.jpeg 263w, https:\/\/campome.com\/wp-content\/uploads\/2020\/07\/received_614214639477296-197x300.jpeg 197w\" sizes=\"auto, (max-width: 263px) 100vw, 263px\" \/><\/figure><\/li><li class=\"blocks-gallery-item\"><figure><img loading=\"lazy\" decoding=\"async\" width=\"546\" height=\"820\" src=\"http:\/\/campome.com\/wp-content\/uploads\/2020\/07\/received_290151152071761.jpeg\" alt=\"\" data-id=\"502\" data-link=\"http:\/\/campome.com\/received_290151152071761\/\" class=\"wp-image-502\" srcset=\"https:\/\/campome.com\/wp-content\/uploads\/2020\/07\/received_290151152071761.jpeg 546w, https:\/\/campome.com\/wp-content\/uploads\/2020\/07\/received_290151152071761-200x300.jpeg 200w\" sizes=\"auto, (max-width: 546px) 100vw, 546px\" \/><\/figure><\/li><li class=\"blocks-gallery-item\"><figure><img loading=\"lazy\" decoding=\"async\" width=\"2560\" height=\"1920\" src=\"http:\/\/campome.com\/wp-content\/uploads\/2022\/01\/Ruines-Paracolls-scaled.jpg\" alt=\"\" data-id=\"1324\" data-link=\"http:\/\/campome.com\/index.php\/paracolls\/ruines-paracolls\/\" class=\"wp-image-1324\" srcset=\"https:\/\/campome.com\/wp-content\/uploads\/2022\/01\/Ruines-Paracolls-scaled.jpg 2560w, https:\/\/campome.com\/wp-content\/uploads\/2022\/01\/Ruines-Paracolls-300x225.jpg 300w, https:\/\/campome.com\/wp-content\/uploads\/2022\/01\/Ruines-Paracolls-1024x768.jpg 1024w, https:\/\/campome.com\/wp-content\/uploads\/2022\/01\/Ruines-Paracolls-768x576.jpg 768w, https:\/\/campome.com\/wp-content\/uploads\/2022\/01\/Ruines-Paracolls-1536x1152.jpg 1536w, https:\/\/campome.com\/wp-content\/uploads\/2022\/01\/Ruines-Paracolls-2048x1536.jpg 2048w, https:\/\/campome.com\/wp-content\/uploads\/2022\/01\/Ruines-Paracolls-900x675.jpg 900w, https:\/\/campome.com\/wp-content\/uploads\/2022\/01\/Ruines-Paracolls-1280x960.jpg 1280w\" sizes=\"auto, (max-width: 2560px) 100vw, 2560px\" \/><figcaption class=\"blocks-gallery-item__caption\">vestiges du Ch\u00e2teau de Paracolls<br>(photographie L.S. mairie de Camp\u00f4me)<\/figcaption><\/figure><\/li><li class=\"blocks-gallery-item\"><figure><img loading=\"lazy\" decoding=\"async\" width=\"768\" height=\"1024\" src=\"http:\/\/campome.com\/wp-content\/uploads\/2022\/01\/IMG_20211108_115356-768x1024.jpg\" alt=\"\" data-id=\"1332\" data-link=\"http:\/\/campome.com\/index.php\/paracolls\/img_20211108_115356\/\" class=\"wp-image-1332\" srcset=\"https:\/\/campome.com\/wp-content\/uploads\/2022\/01\/IMG_20211108_115356-768x1024.jpg 768w, https:\/\/campome.com\/wp-content\/uploads\/2022\/01\/IMG_20211108_115356-225x300.jpg 225w, https:\/\/campome.com\/wp-content\/uploads\/2022\/01\/IMG_20211108_115356-1152x1536.jpg 1152w, https:\/\/campome.com\/wp-content\/uploads\/2022\/01\/IMG_20211108_115356-1536x2048.jpg 1536w, https:\/\/campome.com\/wp-content\/uploads\/2022\/01\/IMG_20211108_115356-900x1200.jpg 900w, https:\/\/campome.com\/wp-content\/uploads\/2022\/01\/IMG_20211108_115356-1280x1707.jpg 1280w, https:\/\/campome.com\/wp-content\/uploads\/2022\/01\/IMG_20211108_115356-scaled.jpg 1920w\" sizes=\"auto, (max-width: 768px) 100vw, 768px\" \/><figcaption class=\"blocks-gallery-item__caption\">Citerne<br>(photographie L.S. mairie de Camp\u00f4me)<\/figcaption><\/figure><\/li><li class=\"blocks-gallery-item\"><figure><img loading=\"lazy\" decoding=\"async\" width=\"768\" height=\"1024\" src=\"http:\/\/campome.com\/wp-content\/uploads\/2022\/01\/IMG_20211108_115707-768x1024.jpg\" alt=\"\" data-id=\"1333\" data-link=\"http:\/\/campome.com\/index.php\/paracolls\/img_20211108_115707\/\" class=\"wp-image-1333\" srcset=\"https:\/\/campome.com\/wp-content\/uploads\/2022\/01\/IMG_20211108_115707-768x1024.jpg 768w, https:\/\/campome.com\/wp-content\/uploads\/2022\/01\/IMG_20211108_115707-225x300.jpg 225w, https:\/\/campome.com\/wp-content\/uploads\/2022\/01\/IMG_20211108_115707-1152x1536.jpg 1152w, https:\/\/campome.com\/wp-content\/uploads\/2022\/01\/IMG_20211108_115707-1536x2048.jpg 1536w, https:\/\/campome.com\/wp-content\/uploads\/2022\/01\/IMG_20211108_115707-900x1200.jpg 900w, https:\/\/campome.com\/wp-content\/uploads\/2022\/01\/IMG_20211108_115707-1280x1707.jpg 1280w, https:\/\/campome.com\/wp-content\/uploads\/2022\/01\/IMG_20211108_115707-scaled.jpg 1920w\" sizes=\"auto, (max-width: 768px) 100vw, 768px\" \/><figcaption class=\"blocks-gallery-item__caption\">C\u0153ur de la chapelle<br>(photographie  L.S. mairie de Camp\u00f4me)<\/figcaption><\/figure><\/li><li class=\"blocks-gallery-item\"><figure><img loading=\"lazy\" decoding=\"async\" width=\"1024\" height=\"768\" src=\"http:\/\/campome.com\/wp-content\/uploads\/2022\/01\/Chapelle-chateau-de-Paracolls-1024x768.jpg\" alt=\"\" data-id=\"1335\" data-full-url=\"http:\/\/campome.com\/wp-content\/uploads\/2022\/01\/Chapelle-chateau-de-Paracolls-scaled.jpg\" data-link=\"http:\/\/campome.com\/index.php\/paracolls\/chapelle-chateau-de-paracolls\/\" class=\"wp-image-1335\" srcset=\"https:\/\/campome.com\/wp-content\/uploads\/2022\/01\/Chapelle-chateau-de-Paracolls-1024x768.jpg 1024w, https:\/\/campome.com\/wp-content\/uploads\/2022\/01\/Chapelle-chateau-de-Paracolls-300x225.jpg 300w, https:\/\/campome.com\/wp-content\/uploads\/2022\/01\/Chapelle-chateau-de-Paracolls-768x576.jpg 768w, https:\/\/campome.com\/wp-content\/uploads\/2022\/01\/Chapelle-chateau-de-Paracolls-1536x1152.jpg 1536w, https:\/\/campome.com\/wp-content\/uploads\/2022\/01\/Chapelle-chateau-de-Paracolls-2048x1536.jpg 2048w, https:\/\/campome.com\/wp-content\/uploads\/2022\/01\/Chapelle-chateau-de-Paracolls-900x675.jpg 900w, https:\/\/campome.com\/wp-content\/uploads\/2022\/01\/Chapelle-chateau-de-Paracolls-1280x960.jpg 1280w\" sizes=\"auto, (max-width: 1024px) 100vw, 1024px\" \/><figcaption class=\"blocks-gallery-item__caption\">Chapelle St Pierre de Paracolls<br>(photographie L.S. mairie de Camp\u00f4me)<\/figcaption><\/figure><\/li><\/ul><\/figure>\n\n\n\n<p><strong>Ch\u00e2teau de Paracolls<\/strong><\/p>\n\n\n\n<ul class=\"wp-block-list\"><li>Une des plus anciennes forteresses mentionn\u00e9e en Conflent&nbsp; au X\u00e8me si\u00e8cle en&nbsp; 948 sous le nom de <em>Castrum de Paracollis<\/em><\/li><li>On le retrouvera mentionn\u00e9 par la suite en 958 et en 983<\/li><li>Il s\u2019agit alors d\u2019une possession des comtes de Cerdagne<\/li><li>En 1095, par son testament, le comte Guillem Ramon Ier de Cerdagne le l\u00e8gue \u00e0 son fils Guillen Jord\u00e0.<\/li><li>Fin XI \u00e8me les comtes inf\u00e9odent le ch\u00e2teau \u00e0 une famille seigneuriale, probablement apparent\u00e9e, qui en prendra le nom.<\/li><li>Il semblerait que le dernier descendant de cette famille soit un certain Guillem Bernat de Paracolls mentionn\u00e9 en 1281. A sa mort, le ch\u00e2teau deviendra possession royale.<\/li><li>En 1305, il est mentionn\u00e9 par le roi Jaume II de Mallorca sous le nom de Ch\u00e2teau Royal de Paracolls.<\/li><li>1312, le roi Sanch l\u2019inf\u00e9ode \u00e0 Pon\u00e7 de Caramany en r\u00e9compense de ses services et cr\u00e9e la baronie de Paracolls qui englobait Molig, Coma, Estanyils, Fornols et Cro\u00eblls.<\/li><li>En 1382, le ch\u00e2teau est vendu \u00e0 Francesc de Treguer\u00e0,<\/li><li>En 1505, la baronne morte sans enfant, l\u00e8gue le ch\u00e2teau \u00e0 son parent Angel de Vilanova \u00e9poux de Anna de Treguer\u00e0,<\/li><li>En 1636, il passe par mariage aux mains de Gaspar de Llupi\u00e0 jusqu\u2019\u00e0 la r\u00e9volution fran\u00e7aise.<\/li><\/ul>\n\n\n\n<p><strong>Chapelle Saint Pierre de Paracolls<\/strong><\/p>\n\n\n\n<ul class=\"wp-block-list\"><li>Premi\u00e8re mention en 1229<\/li><li>En 1420 elle appara\u00eet sous le vocable de Saint Pierre de Paracolls.<\/li><\/ul>\n\n\n\n<p><strong>La l\u00e9gende <\/strong><br>Il fut un temps o\u00f9 le baron Guillem Bernard de Paracolls avait \u00e9pous\u00e9 la fille<br>d\u2019une femme appel\u00e9e Guillelma, descendante, dit-on du Roi de Grenade et surnomm\u00e9e la Devineresse.<br>Le couple eut un enfant mais le baron \u00e9tait infid\u00e8le et sa jeune \u00e9pouse en mourut de chagrin. Guillelma disparut alors de la r\u00e9gion avec son petit-fils.<br>Le Baron se remaria et le soir de ses noces retrouva Guillelma qui maudit les<br>deux \u00e9poux en leur pr\u00e9disant l\u2019an\u00e9antissement de leur lign\u00e9e. Pourtant un fils et<br>une fille naquirent de ce second lit.<br>Le ch\u00e2teau fut assi\u00e9g\u00e9 par des brigands. On s\u2019aper\u00e7ut que Guillelma \u00e9tait au<br>c\u0153ur du complot. Elle fut arr\u00eat\u00e9e et avoua avoir v\u00e9cu des ann\u00e9es comme servante du baron.<br>Elle renouvela sa mal\u00e9diction \u00ab Guillem de Paracols, tu ne reverras jamais ton fils<br>a\u00een\u00e9, l\u2019enfant de ma fille ador\u00e9e qui devait perp\u00e9tuer ta lign\u00e9e. Il est vaillant, car il a du<br>sang royal dans ses veines \u00bb.<br>Elle fut alors enferm\u00e9e et pr\u00e9cipit\u00e9e du haut des remparts dans un tonneau rempli de clous et de tessons de verre, qui tomba dans un gouffre appel\u00e9 depuis<br>\u00ab Gorg de la Mossa \u00bb, \u00ab gouffre de la servante \u00bb.<br>Lors de l\u2019assaut des Espagnols, le Baron fut mortellement bless\u00e9, son fils mourut<br>aussi et le ch\u00e2teau fut ravag\u00e9.<br>La baronne de Paracolls et sa fille surv\u00e9curent. Le petit-fils de Guillelma v\u00e9cut<br>longtemps \u00e0 l\u2019abbaye de Saint-Martin du Canigou avant de finir sa vie dans une chaumi\u00e8re, pr\u00e8s de Paracolls et<br>du gouffre tragique.<br>Depuis, il se dit que pendant les nuits d\u2019\u00e9t\u00e9, un fant\u00f4me blanc erre sur les ruines de la forteresse des seigneurs de<br>Paracolls. L\u2019apparition se d\u00e9place lentement en levant les bras, comme si elle lan\u00e7ait l\u2019anath\u00e8me sur l\u2019ancien ch\u00e2teau.<\/p>\n","protected":false},"excerpt":{"rendered":"<p>Ch\u00e2teau de Paracolls Une des plus anciennes forteresses mentionn\u00e9e en Conflent&nbsp; au X\u00e8me si\u00e8cle en&nbsp; 948 sous le nom de Castrum de Paracollis On le retrouvera mentionn\u00e9 par la suite en 958 et en 983 Il s\u2019agit alors d\u2019une possession des comtes de Cerdagne En 1095, par son testament, le comte Guillem Ramon Ier de [&hellip;]<\/p>\n","protected":false},"author":1,"featured_media":0,"parent":0,"menu_order":0,"comment_status":"closed","ping_status":"closed","template":"full-width-page-template.php","meta":{"_monsterinsights_skip_tracking":false,"_monsterinsights_sitenote_active":false,"_monsterinsights_sitenote_note":"","_monsterinsights_sitenote_category":0,"footnotes":""},"class_list":["post-229","page","type-page","status-publish","hentry"],"yoast_head":"<!-- This site is optimized with the Yoast SEO plugin v27.3 - https:\/\/yoast.com\/product\/yoast-seo-wordpress\/ -->\n<title>Paracolls - Mairie de Camp\u00f4me<\/title>\n<meta name=\"robots\" content=\"index, follow, max-snippet:-1, max-image-preview:large, max-video-preview:-1\" \/>\n<link rel=\"canonical\" href=\"https:\/\/campome.com\/index.php\/paracolls\/\" \/>\n<meta property=\"og:locale\" content=\"fr_FR\" \/>\n<meta property=\"og:type\" content=\"article\" \/>\n<meta property=\"og:title\" content=\"Paracolls - Mairie de Camp\u00f4me\" \/>\n<meta property=\"og:description\" content=\"Ch\u00e2teau de Paracolls Une des plus anciennes forteresses mentionn\u00e9e en Conflent&nbsp; au X\u00e8me si\u00e8cle en&nbsp; 948 sous le nom de Castrum de Paracollis On le retrouvera mentionn\u00e9 par la suite en 958 et en 983 Il s\u2019agit alors d\u2019une possession des comtes de Cerdagne En 1095, par son testament, le comte Guillem Ramon Ier de [&hellip;]\" \/>\n<meta property=\"og:url\" content=\"https:\/\/campome.com\/index.php\/paracolls\/\" \/>\n<meta property=\"og:site_name\" content=\"Mairie de Camp\u00f4me\" \/>\n<meta property=\"article:modified_time\" content=\"2022-02-17T18:36:03+00:00\" \/>\n<meta property=\"og:image\" content=\"http:\/\/campome.com\/wp-content\/uploads\/2020\/07\/received_614214639477296.jpeg\" \/>\n<meta name=\"twitter:card\" content=\"summary_large_image\" \/>\n<meta name=\"twitter:label1\" content=\"Dur\u00e9e de lecture estim\u00e9e\" \/>\n\t<meta name=\"twitter:data1\" content=\"3 minutes\" \/>\n<script type=\"application\/ld+json\" class=\"yoast-schema-graph\">{\"@context\":\"https:\\\/\\\/schema.org\",\"@graph\":[{\"@type\":\"WebPage\",\"@id\":\"https:\\\/\\\/campome.com\\\/index.php\\\/paracolls\\\/\",\"url\":\"https:\\\/\\\/campome.com\\\/index.php\\\/paracolls\\\/\",\"name\":\"Paracolls - Mairie de Camp\u00f4me\",\"isPartOf\":{\"@id\":\"https:\\\/\\\/campome.com\\\/#website\"},\"primaryImageOfPage\":{\"@id\":\"https:\\\/\\\/campome.com\\\/index.php\\\/paracolls\\\/#primaryimage\"},\"image\":{\"@id\":\"https:\\\/\\\/campome.com\\\/index.php\\\/paracolls\\\/#primaryimage\"},\"thumbnailUrl\":\"http:\\\/\\\/campome.com\\\/wp-content\\\/uploads\\\/2020\\\/07\\\/received_614214639477296.jpeg\",\"datePublished\":\"2020-06-28T19:22:45+00:00\",\"dateModified\":\"2022-02-17T18:36:03+00:00\",\"breadcrumb\":{\"@id\":\"https:\\\/\\\/campome.com\\\/index.php\\\/paracolls\\\/#breadcrumb\"},\"inLanguage\":\"fr-FR\",\"potentialAction\":[{\"@type\":\"ReadAction\",\"target\":[\"https:\\\/\\\/campome.com\\\/index.php\\\/paracolls\\\/\"]}]},{\"@type\":\"ImageObject\",\"inLanguage\":\"fr-FR\",\"@id\":\"https:\\\/\\\/campome.com\\\/index.php\\\/paracolls\\\/#primaryimage\",\"url\":\"http:\\\/\\\/campome.com\\\/wp-content\\\/uploads\\\/2020\\\/07\\\/received_614214639477296.jpeg\",\"contentUrl\":\"http:\\\/\\\/campome.com\\\/wp-content\\\/uploads\\\/2020\\\/07\\\/received_614214639477296.jpeg\"},{\"@type\":\"BreadcrumbList\",\"@id\":\"https:\\\/\\\/campome.com\\\/index.php\\\/paracolls\\\/#breadcrumb\",\"itemListElement\":[{\"@type\":\"ListItem\",\"position\":1,\"name\":\"Accueil\",\"item\":\"https:\\\/\\\/campome.com\\\/\"},{\"@type\":\"ListItem\",\"position\":2,\"name\":\"Paracolls\"}]},{\"@type\":\"WebSite\",\"@id\":\"https:\\\/\\\/campome.com\\\/#website\",\"url\":\"https:\\\/\\\/campome.com\\\/\",\"name\":\"Mairie de Camp\u00f4me\",\"description\":\"Bienvenue sur le site de la mairie de Camp\u00f4me\",\"potentialAction\":[{\"@type\":\"SearchAction\",\"target\":{\"@type\":\"EntryPoint\",\"urlTemplate\":\"https:\\\/\\\/campome.com\\\/?s={search_term_string}\"},\"query-input\":{\"@type\":\"PropertyValueSpecification\",\"valueRequired\":true,\"valueName\":\"search_term_string\"}}],\"inLanguage\":\"fr-FR\"}]}<\/script>\n<!-- \/ Yoast SEO plugin. -->","yoast_head_json":{"title":"Paracolls - Mairie de Camp\u00f4me","robots":{"index":"index","follow":"follow","max-snippet":"max-snippet:-1","max-image-preview":"max-image-preview:large","max-video-preview":"max-video-preview:-1"},"canonical":"https:\/\/campome.com\/index.php\/paracolls\/","og_locale":"fr_FR","og_type":"article","og_title":"Paracolls - Mairie de Camp\u00f4me","og_description":"Ch\u00e2teau de Paracolls Une des plus anciennes forteresses mentionn\u00e9e en Conflent&nbsp; au X\u00e8me si\u00e8cle en&nbsp; 948 sous le nom de Castrum de Paracollis On le retrouvera mentionn\u00e9 par la suite en 958 et en 983 Il s\u2019agit alors d\u2019une possession des comtes de Cerdagne En 1095, par son testament, le comte Guillem Ramon Ier de [&hellip;]","og_url":"https:\/\/campome.com\/index.php\/paracolls\/","og_site_name":"Mairie de Camp\u00f4me","article_modified_time":"2022-02-17T18:36:03+00:00","og_image":[{"url":"http:\/\/campome.com\/wp-content\/uploads\/2020\/07\/received_614214639477296.jpeg","type":"","width":"","height":""}],"twitter_card":"summary_large_image","twitter_misc":{"Dur\u00e9e de lecture estim\u00e9e":"3 minutes"},"schema":{"@context":"https:\/\/schema.org","@graph":[{"@type":"WebPage","@id":"https:\/\/campome.com\/index.php\/paracolls\/","url":"https:\/\/campome.com\/index.php\/paracolls\/","name":"Paracolls - Mairie de Camp\u00f4me","isPartOf":{"@id":"https:\/\/campome.com\/#website"},"primaryImageOfPage":{"@id":"https:\/\/campome.com\/index.php\/paracolls\/#primaryimage"},"image":{"@id":"https:\/\/campome.com\/index.php\/paracolls\/#primaryimage"},"thumbnailUrl":"http:\/\/campome.com\/wp-content\/uploads\/2020\/07\/received_614214639477296.jpeg","datePublished":"2020-06-28T19:22:45+00:00","dateModified":"2022-02-17T18:36:03+00:00","breadcrumb":{"@id":"https:\/\/campome.com\/index.php\/paracolls\/#breadcrumb"},"inLanguage":"fr-FR","potentialAction":[{"@type":"ReadAction","target":["https:\/\/campome.com\/index.php\/paracolls\/"]}]},{"@type":"ImageObject","inLanguage":"fr-FR","@id":"https:\/\/campome.com\/index.php\/paracolls\/#primaryimage","url":"http:\/\/campome.com\/wp-content\/uploads\/2020\/07\/received_614214639477296.jpeg","contentUrl":"http:\/\/campome.com\/wp-content\/uploads\/2020\/07\/received_614214639477296.jpeg"},{"@type":"BreadcrumbList","@id":"https:\/\/campome.com\/index.php\/paracolls\/#breadcrumb","itemListElement":[{"@type":"ListItem","position":1,"name":"Accueil","item":"https:\/\/campome.com\/"},{"@type":"ListItem","position":2,"name":"Paracolls"}]},{"@type":"WebSite","@id":"https:\/\/campome.com\/#website","url":"https:\/\/campome.com\/","name":"Mairie de Camp\u00f4me","description":"Bienvenue sur le site de la mairie de Camp\u00f4me","potentialAction":[{"@type":"SearchAction","target":{"@type":"EntryPoint","urlTemplate":"https:\/\/campome.com\/?s={search_term_string}"},"query-input":{"@type":"PropertyValueSpecification","valueRequired":true,"valueName":"search_term_string"}}],"inLanguage":"fr-FR"}]}},"_links":{"self":[{"href":"https:\/\/campome.com\/index.php\/wp-json\/wp\/v2\/pages\/229","targetHints":{"allow":["GET"]}}],"collection":[{"href":"https:\/\/campome.com\/index.php\/wp-json\/wp\/v2\/pages"}],"about":[{"href":"https:\/\/campome.com\/index.php\/wp-json\/wp\/v2\/types\/page"}],"author":[{"embeddable":true,"href":"https:\/\/campome.com\/index.php\/wp-json\/wp\/v2\/users\/1"}],"replies":[{"embeddable":true,"href":"https:\/\/campome.com\/index.php\/wp-json\/wp\/v2\/comments?post=229"}],"version-history":[{"count":9,"href":"https:\/\/campome.com\/index.php\/wp-json\/wp\/v2\/pages\/229\/revisions"}],"predecessor-version":[{"id":1506,"href":"https:\/\/campome.com\/index.php\/wp-json\/wp\/v2\/pages\/229\/revisions\/1506"}],"wp:attachment":[{"href":"https:\/\/campome.com\/index.php\/wp-json\/wp\/v2\/media?parent=229"}],"curies":[{"name":"wp","href":"https:\/\/api.w.org\/{rel}","templated":true}]}}