{"id":232,"date":"2020-06-28T21:23:04","date_gmt":"2020-06-28T19:23:04","guid":{"rendered":"http:\/\/campome.com\/?page_id=232"},"modified":"2024-07-31T10:07:34","modified_gmt":"2024-07-31T08:07:34","slug":"fornols","status":"publish","type":"page","link":"https:\/\/campome.com\/index.php\/fornols\/","title":{"rendered":"Fornols"},"content":{"rendered":"\n<figure class=\"wp-block-gallery has-nested-images columns-3 is-cropped wp-block-gallery-1 is-layout-flex wp-block-gallery-is-layout-flex\">\n<figure class=\"wp-block-image size-large\"><img loading=\"lazy\" decoding=\"async\" width=\"1024\" height=\"768\" data-id=\"567\" src=\"https:\/\/campome.com\/wp-content\/uploads\/2020\/07\/20190101_163042-1024x768.jpg\" alt=\"\" class=\"wp-image-567\" srcset=\"https:\/\/campome.com\/wp-content\/uploads\/2020\/07\/20190101_163042-1024x768.jpg 1024w, https:\/\/campome.com\/wp-content\/uploads\/2020\/07\/20190101_163042-300x225.jpg 300w, https:\/\/campome.com\/wp-content\/uploads\/2020\/07\/20190101_163042-768x576.jpg 768w, https:\/\/campome.com\/wp-content\/uploads\/2020\/07\/20190101_163042-1536x1152.jpg 1536w, https:\/\/campome.com\/wp-content\/uploads\/2020\/07\/20190101_163042-2048x1536.jpg 2048w, https:\/\/campome.com\/wp-content\/uploads\/2020\/07\/20190101_163042-900x675.jpg 900w, https:\/\/campome.com\/wp-content\/uploads\/2020\/07\/20190101_163042-1280x960.jpg 1280w\" sizes=\"auto, (max-width: 1024px) 100vw, 1024px\" \/><figcaption class=\"wp-element-caption\"> St Christophe de Fornols<br>(photographie L.S. mairie de Camp\u00f4me)<\/figcaption><\/figure>\n\n\n\n<figure class=\"wp-block-image size-large\"><img loading=\"lazy\" decoding=\"async\" width=\"1024\" height=\"768\" data-id=\"1327\" src=\"https:\/\/campome.com\/wp-content\/uploads\/2022\/01\/Ruines-St-Christophe-de-Fornols-janvier-2022-1-1024x768.jpg\" alt=\"\" class=\"wp-image-1327\" srcset=\"https:\/\/campome.com\/wp-content\/uploads\/2022\/01\/Ruines-St-Christophe-de-Fornols-janvier-2022-1-1024x768.jpg 1024w, https:\/\/campome.com\/wp-content\/uploads\/2022\/01\/Ruines-St-Christophe-de-Fornols-janvier-2022-1-300x225.jpg 300w, https:\/\/campome.com\/wp-content\/uploads\/2022\/01\/Ruines-St-Christophe-de-Fornols-janvier-2022-1-768x576.jpg 768w, https:\/\/campome.com\/wp-content\/uploads\/2022\/01\/Ruines-St-Christophe-de-Fornols-janvier-2022-1-1536x1152.jpg 1536w, https:\/\/campome.com\/wp-content\/uploads\/2022\/01\/Ruines-St-Christophe-de-Fornols-janvier-2022-1-2048x1536.jpg 2048w, https:\/\/campome.com\/wp-content\/uploads\/2022\/01\/Ruines-St-Christophe-de-Fornols-janvier-2022-1-900x675.jpg 900w, https:\/\/campome.com\/wp-content\/uploads\/2022\/01\/Ruines-St-Christophe-de-Fornols-janvier-2022-1-1280x960.jpg 1280w\" sizes=\"auto, (max-width: 1024px) 100vw, 1024px\" \/><figcaption class=\"wp-element-caption\">St Christophe de Fornols<br>(photographie L.S. mairie de Camp\u00f4me)<\/figcaption><\/figure>\n\n\n\n<figure class=\"wp-block-image size-large\"><img loading=\"lazy\" decoding=\"async\" width=\"1024\" height=\"768\" data-id=\"1328\" src=\"https:\/\/campome.com\/wp-content\/uploads\/2022\/01\/Ruines-St-Christophe-de-Fornols-janvier-2022-2-1024x768.jpg\" alt=\"\" class=\"wp-image-1328\" srcset=\"https:\/\/campome.com\/wp-content\/uploads\/2022\/01\/Ruines-St-Christophe-de-Fornols-janvier-2022-2-1024x768.jpg 1024w, https:\/\/campome.com\/wp-content\/uploads\/2022\/01\/Ruines-St-Christophe-de-Fornols-janvier-2022-2-300x225.jpg 300w, https:\/\/campome.com\/wp-content\/uploads\/2022\/01\/Ruines-St-Christophe-de-Fornols-janvier-2022-2-768x576.jpg 768w, https:\/\/campome.com\/wp-content\/uploads\/2022\/01\/Ruines-St-Christophe-de-Fornols-janvier-2022-2-1536x1152.jpg 1536w, https:\/\/campome.com\/wp-content\/uploads\/2022\/01\/Ruines-St-Christophe-de-Fornols-janvier-2022-2-2048x1536.jpg 2048w, https:\/\/campome.com\/wp-content\/uploads\/2022\/01\/Ruines-St-Christophe-de-Fornols-janvier-2022-2-900x675.jpg 900w, https:\/\/campome.com\/wp-content\/uploads\/2022\/01\/Ruines-St-Christophe-de-Fornols-janvier-2022-2-1280x960.jpg 1280w\" sizes=\"auto, (max-width: 1024px) 100vw, 1024px\" \/><figcaption class=\"wp-element-caption\">St Christophe de Fornols<br>(photographie L.S. mairie de Camp\u00f4me)<\/figcaption><\/figure>\n\n\n\n<figure class=\"wp-block-image size-large\"><img loading=\"lazy\" decoding=\"async\" width=\"1024\" height=\"768\" data-id=\"1329\" src=\"https:\/\/campome.com\/wp-content\/uploads\/2022\/01\/Ruines-St-Christophe-de-Fornols-janvier-2022-3-1024x768.jpg\" alt=\"\" class=\"wp-image-1329\" srcset=\"https:\/\/campome.com\/wp-content\/uploads\/2022\/01\/Ruines-St-Christophe-de-Fornols-janvier-2022-3-1024x768.jpg 1024w, https:\/\/campome.com\/wp-content\/uploads\/2022\/01\/Ruines-St-Christophe-de-Fornols-janvier-2022-3-300x225.jpg 300w, https:\/\/campome.com\/wp-content\/uploads\/2022\/01\/Ruines-St-Christophe-de-Fornols-janvier-2022-3-768x576.jpg 768w, https:\/\/campome.com\/wp-content\/uploads\/2022\/01\/Ruines-St-Christophe-de-Fornols-janvier-2022-3-1536x1152.jpg 1536w, https:\/\/campome.com\/wp-content\/uploads\/2022\/01\/Ruines-St-Christophe-de-Fornols-janvier-2022-3-2048x1536.jpg 2048w, https:\/\/campome.com\/wp-content\/uploads\/2022\/01\/Ruines-St-Christophe-de-Fornols-janvier-2022-3-900x675.jpg 900w, https:\/\/campome.com\/wp-content\/uploads\/2022\/01\/Ruines-St-Christophe-de-Fornols-janvier-2022-3-1280x960.jpg 1280w\" sizes=\"auto, (max-width: 1024px) 100vw, 1024px\" \/><figcaption class=\"wp-element-caption\">St Christophe de Fornols<br>(photographie L.S.  mairie de Camp\u00f4me)<\/figcaption><\/figure>\n\n\n\n<figure class=\"wp-block-image size-large\"><img loading=\"lazy\" decoding=\"async\" width=\"1024\" height=\"768\" data-id=\"1330\" src=\"https:\/\/campome.com\/wp-content\/uploads\/2022\/01\/Ruines-St-Christophe-de-Fornols-janvier-2022-4-1024x768.jpg\" alt=\"\" class=\"wp-image-1330\" srcset=\"https:\/\/campome.com\/wp-content\/uploads\/2022\/01\/Ruines-St-Christophe-de-Fornols-janvier-2022-4-1024x768.jpg 1024w, https:\/\/campome.com\/wp-content\/uploads\/2022\/01\/Ruines-St-Christophe-de-Fornols-janvier-2022-4-300x225.jpg 300w, https:\/\/campome.com\/wp-content\/uploads\/2022\/01\/Ruines-St-Christophe-de-Fornols-janvier-2022-4-768x576.jpg 768w, https:\/\/campome.com\/wp-content\/uploads\/2022\/01\/Ruines-St-Christophe-de-Fornols-janvier-2022-4-1536x1152.jpg 1536w, https:\/\/campome.com\/wp-content\/uploads\/2022\/01\/Ruines-St-Christophe-de-Fornols-janvier-2022-4-2048x1536.jpg 2048w, https:\/\/campome.com\/wp-content\/uploads\/2022\/01\/Ruines-St-Christophe-de-Fornols-janvier-2022-4-900x675.jpg 900w, https:\/\/campome.com\/wp-content\/uploads\/2022\/01\/Ruines-St-Christophe-de-Fornols-janvier-2022-4-1280x960.jpg 1280w\" sizes=\"auto, (max-width: 1024px) 100vw, 1024px\" \/><figcaption class=\"wp-element-caption\">St Christophe de Fornols<br>(photographie L.S. mairie de Camp\u00f4me)<\/figcaption><\/figure>\n\n\n\n<figure class=\"wp-block-image size-large\"><img loading=\"lazy\" decoding=\"async\" width=\"768\" height=\"1024\" data-id=\"447\" src=\"https:\/\/campome.com\/wp-content\/uploads\/2020\/07\/Fournous-3-768x1024.jpg\" alt=\"\" class=\"wp-image-447\" srcset=\"https:\/\/campome.com\/wp-content\/uploads\/2020\/07\/Fournous-3-768x1024.jpg 768w, https:\/\/campome.com\/wp-content\/uploads\/2020\/07\/Fournous-3-225x300.jpg 225w, https:\/\/campome.com\/wp-content\/uploads\/2020\/07\/Fournous-3-1152x1536.jpg 1152w, https:\/\/campome.com\/wp-content\/uploads\/2020\/07\/Fournous-3-1536x2048.jpg 1536w, https:\/\/campome.com\/wp-content\/uploads\/2020\/07\/Fournous-3-900x1200.jpg 900w, https:\/\/campome.com\/wp-content\/uploads\/2020\/07\/Fournous-3-1280x1707.jpg 1280w, https:\/\/campome.com\/wp-content\/uploads\/2020\/07\/Fournous-3-scaled.jpg 1920w\" sizes=\"auto, (max-width: 768px) 100vw, 768px\" \/><figcaption class=\"wp-element-caption\">St Christophe de Fornols<br>(photographie L.S. mairie de Camp\u00f4me)<\/figcaption><\/figure>\n<figcaption class=\"blocks-gallery-caption wp-element-caption\"><strong>Vestiges de l&rsquo;\u00e9glise St Christophe de Fornols<\/strong><\/figcaption><\/figure>\n\n\n\n<p><strong>CHAPELLE SAINT CHRISTOPHE DE FORNOLS<\/strong><\/p>\n\n\n\n<p><strong>Localisation<\/strong><\/p>\n\n\n\n<p>La chapelle est situ\u00e9e sur le plateau de Fornols, \u00e0 663 m d\u2019altitude ; au-dessus de Camp\u00f4me, vers le sud.<\/p>\n\n\n\n<p>Ce plateau, ainsi que le Pla de Valenso qui le prolonge en direction de Ria\/Llugols, est tr\u00e8s riche en vestiges arch\u00e9ologiques\u00a0:<\/p>\n\n\n\n<ul class=\"wp-block-list\">\n<li>Rocher de\u00a0Fornols &#8211; haut, dat\u00e9 du magdal\u00e9nien (class\u00e9 MH)\u00a0;<\/li>\n\n\n\n<li>Nombreux vestiges du n\u00e9olithique (roches \u00e0 cupules, roches \u00e0 croix et anthropomorphes, dolmens ruin\u00e9s&#8230;)<\/li>\n\n\n\n<li>Traces d&rsquo;agropastoralisme\u00a0: murettes, orris, cortals \u2026<\/li>\n\n\n\n<li>Quelques vestiges de murs pourraient \u00eatre des traces de l&rsquo;ancien hameau de Fornols.<\/li>\n<\/ul>\n\n\n\n<p><strong>Le hameau de Fornols<\/strong><\/p>\n\n\n\n<p>&nbsp;901&nbsp; premi\u00e8re mention du lieu de Furnolos, d\u00e9pendance du ch\u00e2teau de Paracolls.<\/p>\n\n\n\n<p>1035 Villa de Fornols&nbsp;&nbsp;&nbsp;&nbsp;&nbsp;&nbsp;&nbsp;<\/p>\n\n\n\n<p>1175 Guillem de Fornols, seigneur de Fornols, sous la suzerainet\u00e9 des seigneurs de Paracolls.<\/p>\n\n\n\n<p>1792 Camp\u00f4me devient commune ind\u00e9pendante. La chapelle se trouve sur le territoire qui compose cette commune.<\/p>\n\n\n\n<p><strong>La chapelle Saint Christophe<\/strong><\/p>\n\n\n\n<p><strong>Historique<\/strong><\/p>\n\n\n\n<p>1341&nbsp;: premi\u00e8re mention de l&rsquo;\u00e9glise<\/p>\n\n\n\n<p>1420 : ecclesia Sant Christofori de Fornols<\/p>\n\n\n\n<p>1632 : mention d&rsquo;un ermitage<\/p>\n\n\n\n<p>XVIII\u00e8me c\u2019est lieu de p\u00e8lerinage (peut-\u00eatre d\u00e9j\u00e0 au XVII\u00e8me&nbsp;?)<\/p>\n\n\n\n<p><strong>Descriptif<\/strong><\/p>\n\n\n\n<p>Il s&rsquo;agit d&rsquo;un \u00e9difice roman. Malgr\u00e9 une premi\u00e8re mention en 1341 elle pourrait dater du XI\u00e8me si\u00e8cle.<\/p>\n\n\n\n<p>Orientation Est \/ Ouest.<\/p>\n\n\n\n<p>Mat\u00e9riaux&nbsp;: essentiellement schiste local, quelques \u00e9l\u00e9ments en granit.<\/p>\n\n\n\n<p>Dimensions&nbsp;: L = 13m \u2013 l = 6 m \u2013 H = 6 m.<\/p>\n\n\n\n<p>Eglise \u00e0 nef unique, vo\u00fbt\u00e9e en berceau bris\u00e9<\/p>\n\n\n\n<p>Abside semi-circulaire<\/p>\n\n\n\n<p>Sur la vo\u00fbte on distingue l&#8217;emplacement de 2 poteries (pots acoustiques ?)<\/p>\n\n\n\n<p><strong>Etat actuel<\/strong><\/p>\n\n\n\n<p>Il reste moins d&rsquo;un tiers de l&rsquo;\u00e9difice.<\/p>\n\n\n\n<ul class=\"wp-block-list\">\n<li>A l&rsquo;est, la base du chevet<\/li>\n\n\n\n<li>A l&rsquo;ouest, le mur pr\u00e9sente des fentes qui commencent \u00e0 le d\u00e9solidariser de l&rsquo;ensemble\u00a0; de nombreuses pierres sont tomb\u00e9es.<\/li>\n\n\n\n<li>Le clocher -mur qui se d\u00e9solidarise lui aussi, bascule vers l&rsquo;ext\u00e9rieur<\/li>\n\n\n\n<li>Subsiste environ 1\/3 de longueur des murs Nord et Sud.<\/li>\n\n\n\n<li>Environ 1\/3 de la porte<\/li>\n<\/ul>\n\n\n\n<ul class=\"wp-block-list\">\n<li>A l&rsquo;Est, il ne reste presque plus rien de l&rsquo;ermitage qui \u00e9tait accol\u00e9 \u00e0 la chapelle. Le mur Nord qui depuis de nombreuses ann\u00e9es pr\u00e9sentait un ventre, s&rsquo;est effondr\u00e9 en 1996, peut-\u00eatre \u00e0 cause du tremblement de terre.<\/li>\n<\/ul>\n\n\n\n<p><strong>&nbsp;Remarques<\/strong><\/p>\n\n\n\n<p>Plusieurs raisons ont pouss\u00e9 \u00e0 pr\u00e9server cet \u00e9l\u00e9ment du patrimoine :<\/p>\n\n\n\n<ul class=\"wp-block-list\">\n<li>Int\u00e9r\u00eat historique<\/li>\n\n\n\n<li>Int\u00e9r\u00eat architectural<\/li>\n\n\n\n<li>Int\u00e9r\u00eat \u00ab\u00a0sentimental\u00a0\u00bb : Camp\u00f4me s&rsquo;est certainement en partie peupl\u00e9 avec des habitants de Fornols descendus vers le village, jug\u00e9 plus s\u00fbr que le plateau. Certains racontent que ce sont les survivants de la peste qui ont fui Fornols d\u00e9cim\u00e9 par ce fl\u00e9au. Leurs descendants gardent-ils dans leur subconscient le souvenir de leurs anc\u00eatres de Fornols, ce qui expliquerait leur attachement \u00e0 ce lieu ?\u00a0<\/li>\n<\/ul>\n\n\n\n<p>D&rsquo;autres n\u2019ont pas oubli\u00e9 l&rsquo;\u00e9poque, o\u00f9 jeunes citadins venus changer d\u2019air \u00e0 la montagne, ils montaient \u00e0 Fornols pour y retrouver le troupeau de ch\u00e8vres. La chapelle, alors intacte, \u00e9tait un abri id\u00e9al, en cas d&rsquo;orage, mais plein de puces&nbsp;!<\/p>\n\n\n\n<ul class=\"wp-block-list\">\n<li>Le pla de Fornols se situe \u00e0 la crois\u00e9e des chemins : la chapelle se situe \u00e0 proximit\u00e9 des sentiers de randonn\u00e9e permettant de relier les villages de Camp\u00f4me, Catllar, Ria \/ Llugols, Mosset, et plus loin Conat, Noh\u00e8des, Urbanya. Il s&rsquo;agit pour la plupart de chemins ancestraux, voire mill\u00e9naires.<\/li>\n<\/ul>\n\n\n\n<p>Le tout dans un paysage grandiose, face au Canigou, et d&rsquo;o\u00f9 l&rsquo;on peut voir la mer&nbsp;!<\/p>\n\n\n\n<p><strong>A noter <\/strong>que la statue de Saint Christophe (XVIII\u00e8me si\u00e8cle) qui se trouve \u00e0 l&rsquo;\u00e9glise de Camp\u00f4me proviendrait de la chapelle de Fornols.<\/p>\n","protected":false},"excerpt":{"rendered":"<p>CHAPELLE SAINT CHRISTOPHE DE FORNOLS Localisation La chapelle est situ\u00e9e sur le plateau de Fornols, \u00e0 663 m d\u2019altitude ; au-dessus de Camp\u00f4me, vers le sud. Ce plateau, ainsi que le Pla de Valenso qui le prolonge en direction de Ria\/Llugols, est tr\u00e8s riche en vestiges arch\u00e9ologiques\u00a0: Le hameau de Fornols &nbsp;901&nbsp; premi\u00e8re mention du [&hellip;]<\/p>\n","protected":false},"author":1,"featured_media":0,"parent":0,"menu_order":0,"comment_status":"closed","ping_status":"closed","template":"full-width-page-template.php","meta":{"_monsterinsights_skip_tracking":false,"_monsterinsights_sitenote_active":false,"_monsterinsights_sitenote_note":"","_monsterinsights_sitenote_category":0,"footnotes":""},"class_list":["post-232","page","type-page","status-publish","hentry"],"yoast_head":"<!-- This site is optimized with the Yoast SEO plugin v27.4 - https:\/\/yoast.com\/product\/yoast-seo-wordpress\/ -->\n<title>Fornols - Mairie de Camp\u00f4me<\/title>\n<meta name=\"robots\" content=\"index, follow, max-snippet:-1, max-image-preview:large, max-video-preview:-1\" \/>\n<link rel=\"canonical\" href=\"https:\/\/campome.com\/index.php\/fornols\/\" \/>\n<meta property=\"og:locale\" content=\"fr_FR\" \/>\n<meta property=\"og:type\" content=\"article\" \/>\n<meta property=\"og:title\" content=\"Fornols - Mairie de Camp\u00f4me\" \/>\n<meta property=\"og:description\" content=\"CHAPELLE SAINT CHRISTOPHE DE FORNOLS Localisation La chapelle est situ\u00e9e sur le plateau de Fornols, \u00e0 663 m d\u2019altitude ; au-dessus de Camp\u00f4me, vers le sud. Ce plateau, ainsi que le Pla de Valenso qui le prolonge en direction de Ria\/Llugols, est tr\u00e8s riche en vestiges arch\u00e9ologiques\u00a0: Le hameau de Fornols &nbsp;901&nbsp; premi\u00e8re mention du [&hellip;]\" \/>\n<meta property=\"og:url\" content=\"https:\/\/campome.com\/index.php\/fornols\/\" \/>\n<meta property=\"og:site_name\" content=\"Mairie de Camp\u00f4me\" \/>\n<meta property=\"article:modified_time\" content=\"2024-07-31T08:07:34+00:00\" \/>\n<meta property=\"og:image\" content=\"https:\/\/campome.com\/wp-content\/uploads\/2020\/07\/20190101_163042-1024x768.jpg\" \/>\n<meta name=\"twitter:card\" content=\"summary_large_image\" \/>\n<meta name=\"twitter:label1\" content=\"Dur\u00e9e de lecture estim\u00e9e\" \/>\n\t<meta name=\"twitter:data1\" content=\"5 minutes\" \/>\n<script type=\"application\/ld+json\" class=\"yoast-schema-graph\">{\"@context\":\"https:\\\/\\\/schema.org\",\"@graph\":[{\"@type\":\"WebPage\",\"@id\":\"https:\\\/\\\/campome.com\\\/index.php\\\/fornols\\\/\",\"url\":\"https:\\\/\\\/campome.com\\\/index.php\\\/fornols\\\/\",\"name\":\"Fornols - Mairie de Camp\u00f4me\",\"isPartOf\":{\"@id\":\"https:\\\/\\\/campome.com\\\/#website\"},\"primaryImageOfPage\":{\"@id\":\"https:\\\/\\\/campome.com\\\/index.php\\\/fornols\\\/#primaryimage\"},\"image\":{\"@id\":\"https:\\\/\\\/campome.com\\\/index.php\\\/fornols\\\/#primaryimage\"},\"thumbnailUrl\":\"https:\\\/\\\/campome.com\\\/wp-content\\\/uploads\\\/2020\\\/07\\\/20190101_163042-1024x768.jpg\",\"datePublished\":\"2020-06-28T19:23:04+00:00\",\"dateModified\":\"2024-07-31T08:07:34+00:00\",\"breadcrumb\":{\"@id\":\"https:\\\/\\\/campome.com\\\/index.php\\\/fornols\\\/#breadcrumb\"},\"inLanguage\":\"fr-FR\",\"potentialAction\":[{\"@type\":\"ReadAction\",\"target\":[\"https:\\\/\\\/campome.com\\\/index.php\\\/fornols\\\/\"]}]},{\"@type\":\"ImageObject\",\"inLanguage\":\"fr-FR\",\"@id\":\"https:\\\/\\\/campome.com\\\/index.php\\\/fornols\\\/#primaryimage\",\"url\":\"https:\\\/\\\/campome.com\\\/wp-content\\\/uploads\\\/2020\\\/07\\\/20190101_163042-scaled.jpg\",\"contentUrl\":\"https:\\\/\\\/campome.com\\\/wp-content\\\/uploads\\\/2020\\\/07\\\/20190101_163042-scaled.jpg\",\"width\":2560,\"height\":1920},{\"@type\":\"BreadcrumbList\",\"@id\":\"https:\\\/\\\/campome.com\\\/index.php\\\/fornols\\\/#breadcrumb\",\"itemListElement\":[{\"@type\":\"ListItem\",\"position\":1,\"name\":\"Accueil\",\"item\":\"https:\\\/\\\/campome.com\\\/\"},{\"@type\":\"ListItem\",\"position\":2,\"name\":\"Fornols\"}]},{\"@type\":\"WebSite\",\"@id\":\"https:\\\/\\\/campome.com\\\/#website\",\"url\":\"https:\\\/\\\/campome.com\\\/\",\"name\":\"Mairie de Camp\u00f4me\",\"description\":\"Bienvenue sur le site de la mairie de Camp\u00f4me\",\"potentialAction\":[{\"@type\":\"SearchAction\",\"target\":{\"@type\":\"EntryPoint\",\"urlTemplate\":\"https:\\\/\\\/campome.com\\\/?s={search_term_string}\"},\"query-input\":{\"@type\":\"PropertyValueSpecification\",\"valueRequired\":true,\"valueName\":\"search_term_string\"}}],\"inLanguage\":\"fr-FR\"}]}<\/script>\n<!-- \/ Yoast SEO plugin. -->","yoast_head_json":{"title":"Fornols - Mairie de Camp\u00f4me","robots":{"index":"index","follow":"follow","max-snippet":"max-snippet:-1","max-image-preview":"max-image-preview:large","max-video-preview":"max-video-preview:-1"},"canonical":"https:\/\/campome.com\/index.php\/fornols\/","og_locale":"fr_FR","og_type":"article","og_title":"Fornols - Mairie de Camp\u00f4me","og_description":"CHAPELLE SAINT CHRISTOPHE DE FORNOLS Localisation La chapelle est situ\u00e9e sur le plateau de Fornols, \u00e0 663 m d\u2019altitude ; au-dessus de Camp\u00f4me, vers le sud. Ce plateau, ainsi que le Pla de Valenso qui le prolonge en direction de Ria\/Llugols, est tr\u00e8s riche en vestiges arch\u00e9ologiques\u00a0: Le hameau de Fornols &nbsp;901&nbsp; premi\u00e8re mention du [&hellip;]","og_url":"https:\/\/campome.com\/index.php\/fornols\/","og_site_name":"Mairie de Camp\u00f4me","article_modified_time":"2024-07-31T08:07:34+00:00","og_image":[{"url":"https:\/\/campome.com\/wp-content\/uploads\/2020\/07\/20190101_163042-1024x768.jpg","type":"","width":"","height":""}],"twitter_card":"summary_large_image","twitter_misc":{"Dur\u00e9e de lecture estim\u00e9e":"5 minutes"},"schema":{"@context":"https:\/\/schema.org","@graph":[{"@type":"WebPage","@id":"https:\/\/campome.com\/index.php\/fornols\/","url":"https:\/\/campome.com\/index.php\/fornols\/","name":"Fornols - Mairie de Camp\u00f4me","isPartOf":{"@id":"https:\/\/campome.com\/#website"},"primaryImageOfPage":{"@id":"https:\/\/campome.com\/index.php\/fornols\/#primaryimage"},"image":{"@id":"https:\/\/campome.com\/index.php\/fornols\/#primaryimage"},"thumbnailUrl":"https:\/\/campome.com\/wp-content\/uploads\/2020\/07\/20190101_163042-1024x768.jpg","datePublished":"2020-06-28T19:23:04+00:00","dateModified":"2024-07-31T08:07:34+00:00","breadcrumb":{"@id":"https:\/\/campome.com\/index.php\/fornols\/#breadcrumb"},"inLanguage":"fr-FR","potentialAction":[{"@type":"ReadAction","target":["https:\/\/campome.com\/index.php\/fornols\/"]}]},{"@type":"ImageObject","inLanguage":"fr-FR","@id":"https:\/\/campome.com\/index.php\/fornols\/#primaryimage","url":"https:\/\/campome.com\/wp-content\/uploads\/2020\/07\/20190101_163042-scaled.jpg","contentUrl":"https:\/\/campome.com\/wp-content\/uploads\/2020\/07\/20190101_163042-scaled.jpg","width":2560,"height":1920},{"@type":"BreadcrumbList","@id":"https:\/\/campome.com\/index.php\/fornols\/#breadcrumb","itemListElement":[{"@type":"ListItem","position":1,"name":"Accueil","item":"https:\/\/campome.com\/"},{"@type":"ListItem","position":2,"name":"Fornols"}]},{"@type":"WebSite","@id":"https:\/\/campome.com\/#website","url":"https:\/\/campome.com\/","name":"Mairie de Camp\u00f4me","description":"Bienvenue sur le site de la mairie de Camp\u00f4me","potentialAction":[{"@type":"SearchAction","target":{"@type":"EntryPoint","urlTemplate":"https:\/\/campome.com\/?s={search_term_string}"},"query-input":{"@type":"PropertyValueSpecification","valueRequired":true,"valueName":"search_term_string"}}],"inLanguage":"fr-FR"}]}},"_links":{"self":[{"href":"https:\/\/campome.com\/index.php\/wp-json\/wp\/v2\/pages\/232","targetHints":{"allow":["GET"]}}],"collection":[{"href":"https:\/\/campome.com\/index.php\/wp-json\/wp\/v2\/pages"}],"about":[{"href":"https:\/\/campome.com\/index.php\/wp-json\/wp\/v2\/types\/page"}],"author":[{"embeddable":true,"href":"https:\/\/campome.com\/index.php\/wp-json\/wp\/v2\/users\/1"}],"replies":[{"embeddable":true,"href":"https:\/\/campome.com\/index.php\/wp-json\/wp\/v2\/comments?post=232"}],"version-history":[{"count":9,"href":"https:\/\/campome.com\/index.php\/wp-json\/wp\/v2\/pages\/232\/revisions"}],"predecessor-version":[{"id":2247,"href":"https:\/\/campome.com\/index.php\/wp-json\/wp\/v2\/pages\/232\/revisions\/2247"}],"wp:attachment":[{"href":"https:\/\/campome.com\/index.php\/wp-json\/wp\/v2\/media?parent=232"}],"curies":[{"name":"wp","href":"https:\/\/api.w.org\/{rel}","templated":true}]}}