{"id":277,"date":"2020-07-25T11:02:37","date_gmt":"2020-07-25T09:02:37","guid":{"rendered":"http:\/\/campome.com\/?page_id=277"},"modified":"2025-12-26T18:24:37","modified_gmt":"2025-12-26T17:24:37","slug":"associations-campomoises","status":"publish","type":"page","link":"https:\/\/campome.com\/index.php\/associations-campomoises\/","title":{"rendered":"Associations Camp\u00f4moises"},"content":{"rendered":"\n<h2 class=\"wp-block-heading\">Association Communale de Chasse Agr\u00e9ee de Camp\u00f4me<\/h2>\n\n\n\n<p><strong>Objet social de l&rsquo;association :<\/strong> Chasse<br><strong>Num\u00e9ro RNA unique de l&rsquo;association est :<\/strong>&nbsp;W663000200.<br><strong>Adresse de l&rsquo;association<\/strong>&nbsp;: Mairie &#8211; 66500 Camp\u00f4me.<br><strong>Date de cr\u00e9ation de l&rsquo;association :&nbsp;<\/strong>Mercredi 30 Septembre 1970.<br><strong>Date de publication au journal officiel :&nbsp;<\/strong>Dimanche 11 Octobre 1970.                                      <strong>Activit\u00e9 de l&rsquo;association :<\/strong><br>Assurer une bonne organisation technique de la chasse, de favoriser sur son territoire le d\u00e9veloppement du gibier et de la faune sauvage dans le respect d&rsquo;un v\u00e9ritable \u00e9quilibre agro-sylvo-cyn\u00e9g\u00e9tique, l&rsquo;\u00e9ducation cyn\u00e9g\u00e9tique de ses membres, la r\u00e9gulation des animaux nuisibles, le respect du plan de chasse et des plans de gestion ainsi que du sch\u00e9ma d\u00e9partemental de gestion cyn\u00e9g\u00e9tique<\/p>\n\n\n\n<h2 class=\"wp-block-heading\">Comit\u00e9 des F\u00eates <\/h2>\n\n\n\n<p><strong>association mise en sommeil depuis l&rsquo;AG du 4 janvier 2025<\/strong><\/p>\n\n\n\n<p><strong>Objet social de l&rsquo;association :<\/strong> Comit\u00e9 des f\u00eates<br><strong>Num\u00e9ro RNA unique de l&rsquo;association est :<\/strong>&nbsp;W663000360.<br><strong>Adresse de l&rsquo;association<\/strong>&nbsp;: &#8211; 66500 Camp\u00f4me.<br><strong>Date de cr\u00e9ation de l&rsquo;association :&nbsp;<\/strong>Jeudi 9 Ao\u00fbt 1973.<br><strong>Date de publication au journal officiel :&nbsp;<\/strong>Vendredi 24 Ao\u00fbt 1973.                                                                                                                                <strong>Activit\u00e9 de l&rsquo;association :<\/strong><br>Organiser toutes f\u00eates et activit\u00e9s pour le respect des traditions, les loisirs et l&rsquo;agr\u00e9ment des habitants de Camp\u00f4me<\/p>\n\n\n\n<h2 class=\"wp-block-heading\">Le Cargol de Carmaju<\/h2>\n\n\n\n<p><strong>Objet social de l&rsquo;association :<\/strong> Activit\u00e9 civique, information civique<br><strong>Num\u00e9ro RNA unique de l&rsquo;association est :<\/strong>&nbsp;W663000710.<br><strong>Adresse de l&rsquo;association<\/strong>&nbsp;: Rue De Fournous &#8211; 66500 Camp\u00f4me.<br><strong>Date de cr\u00e9ation de l&rsquo;association :&nbsp;<\/strong>Vendredi 6 Juin 2008.<br><strong>Date de publication au journal officiel :&nbsp;<\/strong>Samedi 21 Juin 2008.                                        <strong>Activit\u00e9 de l&rsquo;association :<\/strong> Promouvoir la citoyennet\u00e9 \u00e0 camp\u00f4me, en int\u00e9ressant les camp\u00f4mois \u00e0 la vie communale par le suivi des conseils municipaux et l&rsquo;\u00e9laboration de propositions, en organisant des rencontres, d\u00e9bats ou conf\u00e9rences autour de l&rsquo;id\u00e9e large de citoyennet\u00e9; favoriser la convivialit\u00e9 \u00e0 camp\u00f4me, en publiant un journal d&rsquo;expression locale ouvert \u00e0 tous les camp\u00f4mois intitul\u00e9 \u00ab\u00a0cargolineta\u00a0\u00bb, en organisant des activit\u00e9s collectives \u00e0 caract\u00e8re culturel, sportif ou de loisirs; d\u00e9velopper les principes de la\u00efcit\u00e9, de solidarit\u00e9, de libert\u00e9, d&rsquo;\u00e9galit\u00e9, et de fraternit\u00e9, de tol\u00e9rance et de respect mutuels.                                                         En accord avec la mairie et les collectivit\u00e9s, intervenir dans le domaine public pour tous types de r\u00e9alisations: cr\u00e9ation de jardini\u00e8res, cr\u00e9ation de massifs, r\u00e9alisation de local \u00e0 ordures m\u00e9nag\u00e8res, panneaux d&rsquo;affichage.<\/p>\n\n\n\n<h2 class=\"wp-block-heading\">Moto-club camp\u00f4mois \u00ab\u00a0la route ensemble\u00a0\u00bb<\/h2>\n\n\n\n<p><strong>Objet social de l&rsquo;association :<\/strong> Sport m\u00e9canique<br><strong>Num\u00e9ro RNA unique de l&rsquo;association est :<\/strong>&nbsp;W663001079.<br><strong>Adresse de l&rsquo;association<\/strong>&nbsp;: Rue De Paracols &#8211; 66500 Camp\u00f4me.<br><strong>Date de cr\u00e9ation de l&rsquo;association :&nbsp;<\/strong>Vendredi 9 Juillet 2010.<br><strong>Date de publication au journal officiel :&nbsp;<\/strong>Samedi 24 Juillet 2010.                                             <strong>Activit\u00e9 de l&rsquo;association :<\/strong><br>Favoriser l&rsquo;entraide, le respect, la solidarit\u00e9, l&rsquo;\u00e9change d&rsquo;exp\u00e9rience, la s\u00e9curit\u00e9 et la formation des usagers de deux roues motoris\u00e9es ainsi qu&rsquo;une pratique responsable et autonome, dans le respect de tous les autres usagers utilisant toutes les voies ouvertes \u00e0 la circulation, sans discrimination, ni distinction religieuse, sexuelle, raciale ou politique ; cr\u00e9ation d&rsquo;\u00e9v\u00e8nements permettant aux usagers des deux roues motoris\u00e9es de se rencontrer en privil\u00e9giant une rencontre r\u00e9guli\u00e8re de ses membres ; manifester \u00e0 tout moment le souci de bien faire par la qualit\u00e9 de l&rsquo;information, des conseils et de la formation dispens\u00e9s, ainsi que des services apport\u00e9s \u00e0 ses membres ; par cet objet, participer \u00e9galement \u00e0 la vie locale ou territoriale <\/p>\n\n\n\n<h2 class=\"wp-block-heading\">Au c\u0153ur des possibles<\/h2>\n\n\n\n<p><strong>Objet social de l&rsquo;association <\/strong> : Groupement d&rsquo;entraide solidaire<br><strong>Num\u00e9ro RNA unique de l&rsquo;association est :<\/strong>&nbsp;W663001929.<br><strong>Adresse de l&rsquo;association<\/strong>&nbsp;: Chez M Eric Albert Rue De Fournous &#8211; 66500 Camp\u00f4me.<br><strong>Date de cr\u00e9ation de l&rsquo;association :&nbsp;<\/strong>Mercredi 19 Juillet 2017.<br><strong>Date de publication au journal officiel :&nbsp;<\/strong>Samedi 29 Juillet 2017.                                                              <strong>Activit\u00e9 de l&rsquo;association :<\/strong><br>Accompagner les personnes en demande vers l&rsquo;autonomie et la libert\u00e9 d&rsquo;action ; bas\u00e9e sur le partage et la solidarit\u00e9, elle propose des outils pragmatiques et ludiques pour un apprentissage libre et l&rsquo;acquisition de connaissances pratiques ; elle ambitionne de d\u00e9velopper le plaisir de cr\u00e9er individuellement ou en groupe, permettant \u00e0 chacun de se d\u00e9couvrir ; les objets de l&rsquo;association s&rsquo;entendent hors toute appartenance politique ou religieuse, l&rsquo;association et ses membres s&rsquo;interdisant tout pros\u00e9lytisme<\/p>\n\n\n\n<h2 class=\"wp-block-heading\">Jeux de soci\u00e9t\u00e9 &#8211; Conflent 66<\/h2>\n\n\n\n<p><strong>Objet social de l&rsquo;association :<\/strong>                                                                                                                                         Club de loisirs, actions socio-culturelles&nbsp;(jeux de cartes, \u00e9checs, jeux de soci\u00e9t\u00e9)<\/p>\n\n\n\n<pre class=\"wp-block-verse\"><strong>R.N.A :&nbsp;<\/strong>W663005682                                                                                                                                                                                                                                                                                                                                                                                                                                <strong>Adresse de l'association :<\/strong> 1 lot Bilade - 66500 Camp\u00f4me                \n<strong>Date de cr\u00e9ation de l'association  :<\/strong> 20 avril 2023    \n<strong>Date de publication au journal officiel : <\/strong>02 mai 2023\n<strong>Activit\u00e9 de l'association<\/strong> :\nPromouvoir la rencontre entre membres de la communaut\u00e9 de joueurs de jeux de soci\u00e9t\u00e9 du d\u00e9partement des Pyr\u00e9n\u00e9es-Orientales et plus particuli\u00e8rement du Conflent. A ce titre, l'association pr\u00e9voit l'organisation de rassemblements \u00e0 destination d'un public de joueurs et d'int\u00e9ress\u00e9s<\/pre>\n","protected":false},"excerpt":{"rendered":"<p>Association Communale de Chasse Agr\u00e9ee de Camp\u00f4me Objet social de l&rsquo;association : ChasseNum\u00e9ro RNA unique de l&rsquo;association est :&nbsp;W663000200.Adresse de l&rsquo;association&nbsp;: Mairie &#8211; 66500 Camp\u00f4me.Date de cr\u00e9ation de l&rsquo;association :&nbsp;Mercredi 30 Septembre 1970.Date de publication au journal officiel :&nbsp;Dimanche 11 Octobre 1970. Activit\u00e9 de l&rsquo;association :Assurer une bonne organisation technique de la chasse, de favoriser [&hellip;]<\/p>\n","protected":false},"author":1,"featured_media":0,"parent":0,"menu_order":0,"comment_status":"closed","ping_status":"closed","template":"full-width-page-template.php","meta":{"_monsterinsights_skip_tracking":false,"_monsterinsights_sitenote_active":false,"_monsterinsights_sitenote_note":"","_monsterinsights_sitenote_category":0,"footnotes":""},"class_list":["post-277","page","type-page","status-publish","hentry"],"yoast_head":"<!-- This site is optimized with the Yoast SEO plugin v27.4 - https:\/\/yoast.com\/product\/yoast-seo-wordpress\/ -->\n<title>Associations Camp\u00f4moises - Mairie de Camp\u00f4me<\/title>\n<meta name=\"robots\" content=\"index, follow, max-snippet:-1, max-image-preview:large, max-video-preview:-1\" \/>\n<link rel=\"canonical\" href=\"https:\/\/campome.com\/index.php\/associations-campomoises\/\" \/>\n<meta property=\"og:locale\" content=\"fr_FR\" \/>\n<meta property=\"og:type\" content=\"article\" \/>\n<meta property=\"og:title\" content=\"https:\/\/www.facebook.com\/groups\/640285826690877\" \/>\n<meta property=\"og:description\" content=\"Association Communale de Chasse Agr\u00e9ee de Camp\u00f4me Objet social de l&rsquo;association : ChasseNum\u00e9ro RNA unique de l&rsquo;association est :&nbsp;W663000200.Adresse de l&rsquo;association&nbsp;: Mairie &#8211; 66500 Camp\u00f4me.Date de cr\u00e9ation de l&rsquo;association :&nbsp;Mercredi 30 Septembre 1970.Date de publication au journal officiel :&nbsp;Dimanche 11 Octobre 1970. Activit\u00e9 de l&rsquo;association :Assurer une bonne organisation technique de la chasse, de favoriser [&hellip;]\" \/>\n<meta property=\"og:url\" content=\"https:\/\/campome.com\/index.php\/associations-campomoises\/\" \/>\n<meta property=\"og:site_name\" content=\"Mairie de Camp\u00f4me\" \/>\n<meta property=\"article:modified_time\" content=\"2025-12-26T17:24:37+00:00\" \/>\n<meta name=\"twitter:card\" content=\"summary_large_image\" \/>\n<meta name=\"twitter:label1\" content=\"Dur\u00e9e de lecture estim\u00e9e\" \/>\n\t<meta name=\"twitter:data1\" content=\"4 minutes\" \/>\n<script type=\"application\/ld+json\" class=\"yoast-schema-graph\">{\"@context\":\"https:\\\/\\\/schema.org\",\"@graph\":[{\"@type\":\"WebPage\",\"@id\":\"https:\\\/\\\/campome.com\\\/index.php\\\/associations-campomoises\\\/\",\"url\":\"https:\\\/\\\/campome.com\\\/index.php\\\/associations-campomoises\\\/\",\"name\":\"Associations Camp\u00f4moises - Mairie de Camp\u00f4me\",\"isPartOf\":{\"@id\":\"https:\\\/\\\/campome.com\\\/#website\"},\"datePublished\":\"2020-07-25T09:02:37+00:00\",\"dateModified\":\"2025-12-26T17:24:37+00:00\",\"breadcrumb\":{\"@id\":\"https:\\\/\\\/campome.com\\\/index.php\\\/associations-campomoises\\\/#breadcrumb\"},\"inLanguage\":\"fr-FR\",\"potentialAction\":[{\"@type\":\"ReadAction\",\"target\":[\"https:\\\/\\\/campome.com\\\/index.php\\\/associations-campomoises\\\/\"]}]},{\"@type\":\"BreadcrumbList\",\"@id\":\"https:\\\/\\\/campome.com\\\/index.php\\\/associations-campomoises\\\/#breadcrumb\",\"itemListElement\":[{\"@type\":\"ListItem\",\"position\":1,\"name\":\"Accueil\",\"item\":\"https:\\\/\\\/campome.com\\\/\"},{\"@type\":\"ListItem\",\"position\":2,\"name\":\"Associations Camp\u00f4moises\"}]},{\"@type\":\"WebSite\",\"@id\":\"https:\\\/\\\/campome.com\\\/#website\",\"url\":\"https:\\\/\\\/campome.com\\\/\",\"name\":\"Mairie de Camp\u00f4me\",\"description\":\"Bienvenue sur le site de la mairie de Camp\u00f4me\",\"potentialAction\":[{\"@type\":\"SearchAction\",\"target\":{\"@type\":\"EntryPoint\",\"urlTemplate\":\"https:\\\/\\\/campome.com\\\/?s={search_term_string}\"},\"query-input\":{\"@type\":\"PropertyValueSpecification\",\"valueRequired\":true,\"valueName\":\"search_term_string\"}}],\"inLanguage\":\"fr-FR\"}]}<\/script>\n<!-- \/ Yoast SEO plugin. -->","yoast_head_json":{"title":"Associations Camp\u00f4moises - Mairie de Camp\u00f4me","robots":{"index":"index","follow":"follow","max-snippet":"max-snippet:-1","max-image-preview":"max-image-preview:large","max-video-preview":"max-video-preview:-1"},"canonical":"https:\/\/campome.com\/index.php\/associations-campomoises\/","og_locale":"fr_FR","og_type":"article","og_title":"https:\/\/www.facebook.com\/groups\/640285826690877","og_description":"Association Communale de Chasse Agr\u00e9ee de Camp\u00f4me Objet social de l&rsquo;association : ChasseNum\u00e9ro RNA unique de l&rsquo;association est :&nbsp;W663000200.Adresse de l&rsquo;association&nbsp;: Mairie &#8211; 66500 Camp\u00f4me.Date de cr\u00e9ation de l&rsquo;association :&nbsp;Mercredi 30 Septembre 1970.Date de publication au journal officiel :&nbsp;Dimanche 11 Octobre 1970. Activit\u00e9 de l&rsquo;association :Assurer une bonne organisation technique de la chasse, de favoriser [&hellip;]","og_url":"https:\/\/campome.com\/index.php\/associations-campomoises\/","og_site_name":"Mairie de Camp\u00f4me","article_modified_time":"2025-12-26T17:24:37+00:00","twitter_card":"summary_large_image","twitter_misc":{"Dur\u00e9e de lecture estim\u00e9e":"4 minutes"},"schema":{"@context":"https:\/\/schema.org","@graph":[{"@type":"WebPage","@id":"https:\/\/campome.com\/index.php\/associations-campomoises\/","url":"https:\/\/campome.com\/index.php\/associations-campomoises\/","name":"Associations Camp\u00f4moises - Mairie de Camp\u00f4me","isPartOf":{"@id":"https:\/\/campome.com\/#website"},"datePublished":"2020-07-25T09:02:37+00:00","dateModified":"2025-12-26T17:24:37+00:00","breadcrumb":{"@id":"https:\/\/campome.com\/index.php\/associations-campomoises\/#breadcrumb"},"inLanguage":"fr-FR","potentialAction":[{"@type":"ReadAction","target":["https:\/\/campome.com\/index.php\/associations-campomoises\/"]}]},{"@type":"BreadcrumbList","@id":"https:\/\/campome.com\/index.php\/associations-campomoises\/#breadcrumb","itemListElement":[{"@type":"ListItem","position":1,"name":"Accueil","item":"https:\/\/campome.com\/"},{"@type":"ListItem","position":2,"name":"Associations Camp\u00f4moises"}]},{"@type":"WebSite","@id":"https:\/\/campome.com\/#website","url":"https:\/\/campome.com\/","name":"Mairie de Camp\u00f4me","description":"Bienvenue sur le site de la mairie de Camp\u00f4me","potentialAction":[{"@type":"SearchAction","target":{"@type":"EntryPoint","urlTemplate":"https:\/\/campome.com\/?s={search_term_string}"},"query-input":{"@type":"PropertyValueSpecification","valueRequired":true,"valueName":"search_term_string"}}],"inLanguage":"fr-FR"}]}},"_links":{"self":[{"href":"https:\/\/campome.com\/index.php\/wp-json\/wp\/v2\/pages\/277","targetHints":{"allow":["GET"]}}],"collection":[{"href":"https:\/\/campome.com\/index.php\/wp-json\/wp\/v2\/pages"}],"about":[{"href":"https:\/\/campome.com\/index.php\/wp-json\/wp\/v2\/types\/page"}],"author":[{"embeddable":true,"href":"https:\/\/campome.com\/index.php\/wp-json\/wp\/v2\/users\/1"}],"replies":[{"embeddable":true,"href":"https:\/\/campome.com\/index.php\/wp-json\/wp\/v2\/comments?post=277"}],"version-history":[{"count":33,"href":"https:\/\/campome.com\/index.php\/wp-json\/wp\/v2\/pages\/277\/revisions"}],"predecessor-version":[{"id":2556,"href":"https:\/\/campome.com\/index.php\/wp-json\/wp\/v2\/pages\/277\/revisions\/2556"}],"wp:attachment":[{"href":"https:\/\/campome.com\/index.php\/wp-json\/wp\/v2\/media?parent=277"}],"curies":[{"name":"wp","href":"https:\/\/api.w.org\/{rel}","templated":true}]}}