{"id":341,"date":"2020-07-25T16:51:04","date_gmt":"2020-07-25T14:51:04","guid":{"rendered":"http:\/\/campome.com\/?page_id=341"},"modified":"2022-01-20T16:34:16","modified_gmt":"2022-01-20T15:34:16","slug":"le-mot-du-maire","status":"publish","type":"page","link":"https:\/\/campome.com\/index.php\/le-mot-du-maire\/","title":{"rendered":"Le mot du maire"},"content":{"rendered":"\n<p><strong><em>&nbsp;C<\/em><\/strong><em>hers Camp\u00f4mois , chers visiteurs,&nbsp;<\/em><\/p>\n\n\n\n<p><em>La commune vient de se doter de ce site internet, mis en place par La\u00ebtitia Sitja et G\u00e9rard Blazi.&nbsp; Un grand merci pour ce travail de cr\u00e9ation et de recherche.<\/em><\/p>\n\n\n\n<p><em>&nbsp;Nous devions faire cette d\u00e9marche de modernisation afin de diffuser l&rsquo;information aupr\u00e8s du plus grand nombre tout en mettant en valeur notre territoire.<\/em><\/p>\n\n\n\n<p><em>Vous trouverez sur ce site des informations concernant nos h\u00e9bergements, notre patrimoine et notre culture&nbsp;; les&nbsp; d\u00e9lib\u00e9rations des conseils municipaux ainsi que des informations municipales.<\/em><\/p>\n\n\n\n<p><em>&nbsp;Cet outil est compl\u00e9t\u00e9 par un mailing plus r\u00e9actif. Les personnes qui ne sont pas sur ce type de support auront toujours l&rsquo;information papier dans leur bo\u00eete aux lettres. Des envois S.M.S s&rsquo;effectueront pour des informations&nbsp; plus urgentes.<\/em><\/p>\n\n\n\n<p><em>Cela apportera un plus \u00e0 notre petit village o\u00f9 il fait bon vivre et o\u00f9 je tiens \u00e0 pr\u00e9server la vie que j&rsquo;y ai toujours connue, entour\u00e9 de personnes volontaires et attach\u00e9es \u00e0 Camp\u00f4me.<\/em><\/p>\n\n\n\n<p><em>Ce nouvel outil est une aubaine tant pour la promotion et le d\u00e9veloppement du village que pour la vie qui s&rsquo;y rattache.<\/em><\/p>\n\n\n\n<p><em>Bonne visite et \u00e0 bient\u00f4t dans les rues de Camp\u00f4me&nbsp;!&nbsp;&nbsp;&nbsp;&nbsp;  &nbsp;&nbsp;&nbsp;&nbsp;&nbsp;&nbsp;&nbsp;&nbsp;&nbsp;&nbsp;&nbsp;&nbsp;&nbsp;&nbsp;&nbsp;&nbsp;&nbsp;&nbsp;&nbsp;&nbsp;&nbsp;&nbsp;&nbsp;&nbsp;&nbsp;&nbsp;&nbsp;&nbsp;&nbsp;&nbsp;&nbsp;&nbsp;&nbsp;&nbsp;&nbsp;&nbsp;&nbsp;&nbsp;&nbsp;&nbsp;&nbsp;&nbsp;&nbsp;&nbsp;&nbsp;&nbsp;&nbsp;&nbsp;&nbsp;&nbsp;&nbsp;&nbsp;&nbsp;&nbsp;&nbsp;&nbsp;&nbsp;&nbsp;&nbsp;&nbsp;&nbsp;&nbsp;&nbsp;&nbsp;&nbsp;&nbsp;&nbsp;&nbsp;&nbsp;&nbsp;&nbsp;&nbsp;&nbsp;&nbsp;&nbsp;&nbsp;&nbsp;&nbsp;&nbsp; <\/em><\/p>\n\n\n\n<p class=\"has-text-align-center\">25 juillet 2020<\/p>\n\n\n\n<p class=\"has-text-align-center\">                                                                       Jean-Louis Bosc                                                                                                                                                 Maire de Camp\u00f4me<\/p>\n","protected":false},"excerpt":{"rendered":"<p>&nbsp;Chers Camp\u00f4mois , chers visiteurs,&nbsp; La commune vient de se doter de ce site internet, mis en place par La\u00ebtitia Sitja et G\u00e9rard Blazi.&nbsp; Un grand merci pour ce travail de cr\u00e9ation et de recherche. &nbsp;Nous devions faire cette d\u00e9marche de modernisation afin de diffuser l&rsquo;information aupr\u00e8s du plus grand nombre tout en mettant en [&hellip;]<\/p>\n","protected":false},"author":1,"featured_media":0,"parent":0,"menu_order":0,"comment_status":"closed","ping_status":"closed","template":"full-width-page-template.php","meta":{"_monsterinsights_skip_tracking":false,"_monsterinsights_sitenote_active":false,"_monsterinsights_sitenote_note":"","_monsterinsights_sitenote_category":0,"footnotes":""},"class_list":["post-341","page","type-page","status-publish","hentry"],"yoast_head":"<!-- This site is optimized with the Yoast SEO plugin v27.4 - https:\/\/yoast.com\/product\/yoast-seo-wordpress\/ -->\n<title>Le mot du maire - Mairie de Camp\u00f4me<\/title>\n<meta name=\"robots\" content=\"index, follow, max-snippet:-1, max-image-preview:large, max-video-preview:-1\" \/>\n<link rel=\"canonical\" href=\"https:\/\/campome.com\/index.php\/le-mot-du-maire\/\" \/>\n<meta property=\"og:locale\" content=\"fr_FR\" \/>\n<meta property=\"og:type\" content=\"article\" \/>\n<meta property=\"og:title\" content=\"Le mot du maire - Mairie de Camp\u00f4me\" \/>\n<meta property=\"og:description\" content=\"&nbsp;Chers Camp\u00f4mois , chers visiteurs,&nbsp; La commune vient de se doter de ce site internet, mis en place par La\u00ebtitia Sitja et G\u00e9rard Blazi.&nbsp; Un grand merci pour ce travail de cr\u00e9ation et de recherche. &nbsp;Nous devions faire cette d\u00e9marche de modernisation afin de diffuser l&rsquo;information aupr\u00e8s du plus grand nombre tout en mettant en [&hellip;]\" \/>\n<meta property=\"og:url\" content=\"https:\/\/campome.com\/index.php\/le-mot-du-maire\/\" \/>\n<meta property=\"og:site_name\" content=\"Mairie de Camp\u00f4me\" \/>\n<meta property=\"article:modified_time\" content=\"2022-01-20T15:34:16+00:00\" \/>\n<meta name=\"twitter:card\" content=\"summary_large_image\" \/>\n<meta name=\"twitter:label1\" content=\"Dur\u00e9e de lecture estim\u00e9e\" \/>\n\t<meta name=\"twitter:data1\" content=\"2 minutes\" \/>\n<script type=\"application\/ld+json\" class=\"yoast-schema-graph\">{\"@context\":\"https:\\\/\\\/schema.org\",\"@graph\":[{\"@type\":\"WebPage\",\"@id\":\"https:\\\/\\\/campome.com\\\/index.php\\\/le-mot-du-maire\\\/\",\"url\":\"https:\\\/\\\/campome.com\\\/index.php\\\/le-mot-du-maire\\\/\",\"name\":\"Le mot du maire - Mairie de Camp\u00f4me\",\"isPartOf\":{\"@id\":\"https:\\\/\\\/campome.com\\\/#website\"},\"datePublished\":\"2020-07-25T14:51:04+00:00\",\"dateModified\":\"2022-01-20T15:34:16+00:00\",\"breadcrumb\":{\"@id\":\"https:\\\/\\\/campome.com\\\/index.php\\\/le-mot-du-maire\\\/#breadcrumb\"},\"inLanguage\":\"fr-FR\",\"potentialAction\":[{\"@type\":\"ReadAction\",\"target\":[\"https:\\\/\\\/campome.com\\\/index.php\\\/le-mot-du-maire\\\/\"]}]},{\"@type\":\"BreadcrumbList\",\"@id\":\"https:\\\/\\\/campome.com\\\/index.php\\\/le-mot-du-maire\\\/#breadcrumb\",\"itemListElement\":[{\"@type\":\"ListItem\",\"position\":1,\"name\":\"Accueil\",\"item\":\"https:\\\/\\\/campome.com\\\/\"},{\"@type\":\"ListItem\",\"position\":2,\"name\":\"Le mot du maire\"}]},{\"@type\":\"WebSite\",\"@id\":\"https:\\\/\\\/campome.com\\\/#website\",\"url\":\"https:\\\/\\\/campome.com\\\/\",\"name\":\"Mairie de Camp\u00f4me\",\"description\":\"Bienvenue sur le site de la mairie de Camp\u00f4me\",\"potentialAction\":[{\"@type\":\"SearchAction\",\"target\":{\"@type\":\"EntryPoint\",\"urlTemplate\":\"https:\\\/\\\/campome.com\\\/?s={search_term_string}\"},\"query-input\":{\"@type\":\"PropertyValueSpecification\",\"valueRequired\":true,\"valueName\":\"search_term_string\"}}],\"inLanguage\":\"fr-FR\"}]}<\/script>\n<!-- \/ Yoast SEO plugin. -->","yoast_head_json":{"title":"Le mot du maire - Mairie de Camp\u00f4me","robots":{"index":"index","follow":"follow","max-snippet":"max-snippet:-1","max-image-preview":"max-image-preview:large","max-video-preview":"max-video-preview:-1"},"canonical":"https:\/\/campome.com\/index.php\/le-mot-du-maire\/","og_locale":"fr_FR","og_type":"article","og_title":"Le mot du maire - Mairie de Camp\u00f4me","og_description":"&nbsp;Chers Camp\u00f4mois , chers visiteurs,&nbsp; La commune vient de se doter de ce site internet, mis en place par La\u00ebtitia Sitja et G\u00e9rard Blazi.&nbsp; Un grand merci pour ce travail de cr\u00e9ation et de recherche. &nbsp;Nous devions faire cette d\u00e9marche de modernisation afin de diffuser l&rsquo;information aupr\u00e8s du plus grand nombre tout en mettant en [&hellip;]","og_url":"https:\/\/campome.com\/index.php\/le-mot-du-maire\/","og_site_name":"Mairie de Camp\u00f4me","article_modified_time":"2022-01-20T15:34:16+00:00","twitter_card":"summary_large_image","twitter_misc":{"Dur\u00e9e de lecture estim\u00e9e":"2 minutes"},"schema":{"@context":"https:\/\/schema.org","@graph":[{"@type":"WebPage","@id":"https:\/\/campome.com\/index.php\/le-mot-du-maire\/","url":"https:\/\/campome.com\/index.php\/le-mot-du-maire\/","name":"Le mot du maire - Mairie de Camp\u00f4me","isPartOf":{"@id":"https:\/\/campome.com\/#website"},"datePublished":"2020-07-25T14:51:04+00:00","dateModified":"2022-01-20T15:34:16+00:00","breadcrumb":{"@id":"https:\/\/campome.com\/index.php\/le-mot-du-maire\/#breadcrumb"},"inLanguage":"fr-FR","potentialAction":[{"@type":"ReadAction","target":["https:\/\/campome.com\/index.php\/le-mot-du-maire\/"]}]},{"@type":"BreadcrumbList","@id":"https:\/\/campome.com\/index.php\/le-mot-du-maire\/#breadcrumb","itemListElement":[{"@type":"ListItem","position":1,"name":"Accueil","item":"https:\/\/campome.com\/"},{"@type":"ListItem","position":2,"name":"Le mot du maire"}]},{"@type":"WebSite","@id":"https:\/\/campome.com\/#website","url":"https:\/\/campome.com\/","name":"Mairie de Camp\u00f4me","description":"Bienvenue sur le site de la mairie de Camp\u00f4me","potentialAction":[{"@type":"SearchAction","target":{"@type":"EntryPoint","urlTemplate":"https:\/\/campome.com\/?s={search_term_string}"},"query-input":{"@type":"PropertyValueSpecification","valueRequired":true,"valueName":"search_term_string"}}],"inLanguage":"fr-FR"}]}},"_links":{"self":[{"href":"https:\/\/campome.com\/index.php\/wp-json\/wp\/v2\/pages\/341","targetHints":{"allow":["GET"]}}],"collection":[{"href":"https:\/\/campome.com\/index.php\/wp-json\/wp\/v2\/pages"}],"about":[{"href":"https:\/\/campome.com\/index.php\/wp-json\/wp\/v2\/types\/page"}],"author":[{"embeddable":true,"href":"https:\/\/campome.com\/index.php\/wp-json\/wp\/v2\/users\/1"}],"replies":[{"embeddable":true,"href":"https:\/\/campome.com\/index.php\/wp-json\/wp\/v2\/comments?post=341"}],"version-history":[{"count":5,"href":"https:\/\/campome.com\/index.php\/wp-json\/wp\/v2\/pages\/341\/revisions"}],"predecessor-version":[{"id":1261,"href":"https:\/\/campome.com\/index.php\/wp-json\/wp\/v2\/pages\/341\/revisions\/1261"}],"wp:attachment":[{"href":"https:\/\/campome.com\/index.php\/wp-json\/wp\/v2\/media?parent=341"}],"curies":[{"name":"wp","href":"https:\/\/api.w.org\/{rel}","templated":true}]}}