{"id":344,"date":"2020-07-25T16:52:29","date_gmt":"2020-07-25T14:52:29","guid":{"rendered":"http:\/\/campome.com\/?page_id=344"},"modified":"2025-10-17T11:18:46","modified_gmt":"2025-10-17T09:18:46","slug":"bulletins-municipaux","status":"publish","type":"page","link":"https:\/\/campome.com\/index.php\/bulletins-municipaux\/","title":{"rendered":"Arr\u00eat\u00e9s municipaux et pr\u00e9fectoraux"},"content":{"rendered":"\n<div class=\"wp-block-file\"><a id=\"wp-block-file--media-90b71ff7-da04-4647-bed7-ea6263f77536\" href=\"https:\/\/campome.com\/wp-content\/uploads\/2025\/10\/20251016_CP_DNC_nouveaux-foyers-Pyrenees-Orientales.pdf\">Dermatose nodulaire contagieuse (DNC). Communiqu\u00e9 de presse <\/a><a href=\"https:\/\/campome.com\/wp-content\/uploads\/2025\/10\/20251016_CP_DNC_nouveaux-foyers-Pyrenees-Orientales.pdf\" class=\"wp-block-file__button wp-element-button\" download aria-describedby=\"wp-block-file--media-90b71ff7-da04-4647-bed7-ea6263f77536\">T\u00e9l\u00e9charger<\/a><\/div>\n\n\n\n<div class=\"wp-block-file\"><a id=\"wp-block-file--media-0cb3a4db-25fb-4b00-868c-bf955b39ed25\" href=\"https:\/\/campome.com\/wp-content\/uploads\/2025\/10\/Arrete-prefectoral-n\u00b0DDPP-SPAE-2025-289-001-du-16-octobre-25-Zone-reglementee-suite-a-un-foyer-de-Dermatose-Nodulaire-Contagieuse-Bovine.pdf\">Arr\u00eat\u00e9 pr\u00e9fectoral n\u00b0DDPP SPAE 2025 289-001 du 16 octobre 25 Zone r\u00e9glement\u00e9e suite \u00e0 un foyer de Dermatose Nodulaire Contagieuse Bovine<\/a><a href=\"https:\/\/campome.com\/wp-content\/uploads\/2025\/10\/Arrete-prefectoral-n\u00b0DDPP-SPAE-2025-289-001-du-16-octobre-25-Zone-reglementee-suite-a-un-foyer-de-Dermatose-Nodulaire-Contagieuse-Bovine.pdf\" class=\"wp-block-file__button wp-element-button\" download aria-describedby=\"wp-block-file--media-0cb3a4db-25fb-4b00-868c-bf955b39ed25\">T\u00e9l\u00e9charger<\/a><\/div>\n\n\n\n<div class=\"wp-block-file\"><a id=\"wp-block-file--media-6c8efe8b-6d19-4e3f-89a5-721e594af9be\" href=\"https:\/\/campome.com\/wp-content\/uploads\/2025\/10\/Arrete-prefectoral-n\u00b0-DDPP-SPAE-2025-288-006-du-15-octobre-2025-determinant-une-zone.pdf\">Arr\u00eat\u00e9 pr\u00e9fectoral n\u00b0 DDPP SPAE 2025 288-006 du 15 octobre 2025 d\u00e9terminant une zone<\/a><a href=\"https:\/\/campome.com\/wp-content\/uploads\/2025\/10\/Arrete-prefectoral-n\u00b0-DDPP-SPAE-2025-288-006-du-15-octobre-2025-determinant-une-zone.pdf\" class=\"wp-block-file__button wp-element-button\" download aria-describedby=\"wp-block-file--media-6c8efe8b-6d19-4e3f-89a5-721e594af9be\">T\u00e9l\u00e9charger<\/a><\/div>\n\n\n\n<div class=\"wp-block-file\"><a id=\"wp-block-file--media-71b3925d-e89b-4611-bdcc-157e6cc6936c\" href=\"https:\/\/campome.com\/wp-content\/uploads\/2025\/10\/Arrete-prefectoral_secheresse_29_sept_2025_avec_annexes_compresse.pdf\">Arr\u00eat\u00e9 pr\u00e9fectoral_secheresse_29_sept_2025_avec_annexes_compresse<\/a><a href=\"https:\/\/campome.com\/wp-content\/uploads\/2025\/10\/Arrete-prefectoral_secheresse_29_sept_2025_avec_annexes_compresse.pdf\" class=\"wp-block-file__button wp-element-button\" download aria-describedby=\"wp-block-file--media-71b3925d-e89b-4611-bdcc-157e6cc6936c\">T\u00e9l\u00e9charger<\/a><\/div>\n\n\n\n<div class=\"wp-block-file\"><a id=\"wp-block-file--media-8b42ac93-e62d-4ae4-86bf-76ee251b719c\" href=\"https:\/\/campome.com\/wp-content\/uploads\/2025\/08\/Communique-de-presse-du-aout-2025-restrictions-deaux.pdf\">Communiqu\u00e9 de presse  du 7 ao\u00fbt 2025 restrictions d&rsquo;eaux<\/a><a href=\"https:\/\/campome.com\/wp-content\/uploads\/2025\/08\/Communique-de-presse-du-aout-2025-restrictions-deaux.pdf\" class=\"wp-block-file__button wp-element-button\" download aria-describedby=\"wp-block-file--media-8b42ac93-e62d-4ae4-86bf-76ee251b719c\">T\u00e9l\u00e9charger<\/a><\/div>\n\n\n\n<div class=\"wp-block-file\"><a id=\"wp-block-file--media-5eb7564d-c871-4609-a07c-780c8ff34071\" href=\"https:\/\/campome.com\/wp-content\/uploads\/2025\/08\/Arrete-prefectoral-secheresse-DDTMSER-6-aout-2025_.pdf\">Arr\u00eat\u00e9 pr\u00e9fectoral secheresse DDTMSER 6 ao\u00fbt 2025_<\/a><a href=\"https:\/\/campome.com\/wp-content\/uploads\/2025\/08\/Arrete-prefectoral-secheresse-DDTMSER-6-aout-2025_.pdf\" class=\"wp-block-file__button wp-element-button\" download aria-describedby=\"wp-block-file--media-5eb7564d-c871-4609-a07c-780c8ff34071\">T\u00e9l\u00e9charger<\/a><\/div>\n\n\n\n<div class=\"wp-block-file\"><a id=\"wp-block-file--media-4f85f8c1-6996-4188-8359-da46cf35a092\" href=\"https:\/\/campome.com\/wp-content\/uploads\/2025\/08\/FicheinformationniveauALERTE-6-aout-2025.pdf\">Fiche information niveau  ALERTE 6 ao\u00fbt 2025<\/a><a href=\"https:\/\/campome.com\/wp-content\/uploads\/2025\/08\/FicheinformationniveauALERTE-6-aout-2025.pdf\" class=\"wp-block-file__button wp-element-button\" download aria-describedby=\"wp-block-file--media-4f85f8c1-6996-4188-8359-da46cf35a092\">T\u00e9l\u00e9charger<\/a><\/div>\n\n\n\n<div class=\"wp-block-file\"><a id=\"wp-block-file--media-736e0b73-73d1-4fa3-ba7b-fb2b433dce7e\" href=\"https:\/\/campome.com\/wp-content\/uploads\/2025\/08\/Tableau_communes-par-zone-dalerte-06-aout-2025.pdf\">Liste des communes par zone d&rsquo;alerte 06 ao\u00fbt 2025<\/a><a href=\"https:\/\/campome.com\/wp-content\/uploads\/2025\/08\/Tableau_communes-par-zone-dalerte-06-aout-2025.pdf\" class=\"wp-block-file__button wp-element-button\" download aria-describedby=\"wp-block-file--media-736e0b73-73d1-4fa3-ba7b-fb2b433dce7e\">T\u00e9l\u00e9charger<\/a><\/div>\n\n\n\n<div class=\"wp-block-file\"><a id=\"wp-block-file--media-dd2a3902-b607-4448-93de-5f351358a118\" href=\"https:\/\/campome.com\/wp-content\/uploads\/2025\/08\/bulletin_aout_2025.pdf\">bulletin suivi s\u00e8cheresse du 6_ao\u00fbt_2025<\/a><a href=\"https:\/\/campome.com\/wp-content\/uploads\/2025\/08\/bulletin_aout_2025.pdf\" class=\"wp-block-file__button wp-element-button\" download aria-describedby=\"wp-block-file--media-dd2a3902-b607-4448-93de-5f351358a118\">T\u00e9l\u00e9charger<\/a><\/div>\n\n\n\n<div class=\"wp-block-file\"><a id=\"wp-block-file--media-88a0c111-75d9-4b98-9b49-88613183d3d6\" href=\"https:\/\/campome.com\/wp-content\/uploads\/2025\/08\/Cartes-Usages_Generaux-aout-2025.pdf\">Cartes Usages_G\u00e9n\u00e9raux aout 2025<\/a><a href=\"https:\/\/campome.com\/wp-content\/uploads\/2025\/08\/Cartes-Usages_Generaux-aout-2025.pdf\" class=\"wp-block-file__button wp-element-button\" download aria-describedby=\"wp-block-file--media-88a0c111-75d9-4b98-9b49-88613183d3d6\">T\u00e9l\u00e9charger<\/a><\/div>\n\n\n\n<div class=\"wp-block-file\"><a id=\"wp-block-file--media-3069e9ab-412c-4cd9-9d57-06aec9fc2f63\" href=\"https:\/\/campome.com\/wp-content\/uploads\/2025\/08\/Carte-usage-Agricoles_industriels-6-aout-2025.pdf\">Carte usage Agricoles_industriels 6 ao\u00fbt 2025<\/a><a href=\"https:\/\/campome.com\/wp-content\/uploads\/2025\/08\/Carte-usage-Agricoles_industriels-6-aout-2025.pdf\" class=\"wp-block-file__button wp-element-button\" download aria-describedby=\"wp-block-file--media-3069e9ab-412c-4cd9-9d57-06aec9fc2f63\">T\u00e9l\u00e9charger<\/a><\/div>\n\n\n\n<div class=\"wp-block-file\"><a id=\"wp-block-file--media-246c7321-77ac-4a5e-a850-a2f27dbb8a84\" href=\"https:\/\/campome.com\/wp-content\/uploads\/2025\/05\/Arrete-prefectoral-n\u00b0DDTM-SER-2025-148-0001-du-28-mai-2025.pdf\">Arr\u00eat\u00e9 pr\u00e9fectoral S\u00e8cheresse n\u00b0DDTM SER 2025-148-0001 du 28 mai 2025<\/a><a href=\"https:\/\/campome.com\/wp-content\/uploads\/2025\/05\/Arrete-prefectoral-n\u00b0DDTM-SER-2025-148-0001-du-28-mai-2025.pdf\" class=\"wp-block-file__button wp-element-button\" download aria-describedby=\"wp-block-file--media-246c7321-77ac-4a5e-a850-a2f27dbb8a84\">T\u00e9l\u00e9charger<\/a><\/div>\n\n\n\n<div class=\"wp-block-file\"><a id=\"wp-block-file--media-bf15b8bb-5d43-4d38-a1ce-029a8d6e6ec8\" href=\"https:\/\/campome.com\/wp-content\/uploads\/2025\/05\/Liste-des-communes-par-zone-dalerte-28-mai-2025.pdf\">Liste des communes par zone d&rsquo;alerte 28 mai 2025<\/a><a href=\"https:\/\/campome.com\/wp-content\/uploads\/2025\/05\/Liste-des-communes-par-zone-dalerte-28-mai-2025.pdf\" class=\"wp-block-file__button wp-element-button\" download aria-describedby=\"wp-block-file--media-bf15b8bb-5d43-4d38-a1ce-029a8d6e6ec8\">T\u00e9l\u00e9charger<\/a><\/div>\n\n\n\n<div class=\"wp-block-file\"><a id=\"wp-block-file--media-21c5776b-84f7-415f-bab1-4be443bcaddb\" href=\"https:\/\/campome.com\/wp-content\/uploads\/2025\/05\/Plaquette_vigilance-28-mai-2025.pdf\">Plaquette_vigilance 28 mai 2025<\/a><a href=\"https:\/\/campome.com\/wp-content\/uploads\/2025\/05\/Plaquette_vigilance-28-mai-2025.pdf\" class=\"wp-block-file__button wp-element-button\" download aria-describedby=\"wp-block-file--media-21c5776b-84f7-415f-bab1-4be443bcaddb\">T\u00e9l\u00e9charger<\/a><\/div>\n\n\n\n<div class=\"wp-block-file\"><a id=\"wp-block-file--media-8f01fd46-5f18-49cb-b62d-54d5183a551d\" href=\"https:\/\/campome.com\/wp-content\/uploads\/2025\/05\/Cart-usages-generaux-28-mai-2025.pdf\">Cart usages g\u00e9n\u00e9raux 28 mai 2025<\/a><a href=\"https:\/\/campome.com\/wp-content\/uploads\/2025\/05\/Cart-usages-generaux-28-mai-2025.pdf\" class=\"wp-block-file__button wp-element-button\" download aria-describedby=\"wp-block-file--media-8f01fd46-5f18-49cb-b62d-54d5183a551d\">T\u00e9l\u00e9charger<\/a><\/div>\n\n\n\n<div class=\"wp-block-file\"><a id=\"wp-block-file--media-38492191-6256-4532-8675-c03f0759810e\" href=\"https:\/\/campome.com\/wp-content\/uploads\/2025\/03\/Arete-prefectoral_secheresse-du-29-janvier-2025.pdf\">Arr\u00eat\u00e9 pr\u00e9fectoral s\u00e8cheresse du 29 janvier 2025<\/a><a href=\"https:\/\/campome.com\/wp-content\/uploads\/2025\/03\/Arete-prefectoral_secheresse-du-29-janvier-2025.pdf\" class=\"wp-block-file__button wp-element-button\" download aria-describedby=\"wp-block-file--media-38492191-6256-4532-8675-c03f0759810e\">T\u00e9l\u00e9charger<\/a><\/div>\n\n\n\n<div class=\"wp-block-file\"><a id=\"wp-block-file--media-dbc92ca4-15b6-4672-8eff-caf17c557247\" href=\"https:\/\/campome.com\/wp-content\/uploads\/2024\/09\/Arrete-prefectoral-secheresse-du-31-juillet-2024.pdf\">Arr\u00eat\u00e9 pr\u00e9fectoral s\u00e8cheresse du 31 juillet 2024<\/a><a href=\"https:\/\/campome.com\/wp-content\/uploads\/2024\/09\/Arrete-prefectoral-secheresse-du-31-juillet-2024.pdf\" class=\"wp-block-file__button wp-element-button\" download aria-describedby=\"wp-block-file--media-dbc92ca4-15b6-4672-8eff-caf17c557247\">T\u00e9l\u00e9charger<\/a><\/div>\n\n\n\n<div class=\"wp-block-file\"><a id=\"wp-block-file--media-4222bef0-78bb-4062-8f3e-3d1948f9ef1e\" href=\"https:\/\/campome.com\/wp-content\/uploads\/2024\/06\/Communique-de-presse-preservation-de-la-ressources-en-eau-prolongation-des-restrictions.pdf\" target=\"_blank\" rel=\"noreferrer noopener\">Communique-de-presse-preservation-de-la-ressources-en-eau-prolongation-des-restrictions<\/a><a href=\"https:\/\/campome.com\/wp-content\/uploads\/2024\/06\/Communique-de-presse-preservation-de-la-ressources-en-eau-prolongation-des-restrictions.pdf\" class=\"wp-block-file__button wp-element-button\" download aria-describedby=\"wp-block-file--media-4222bef0-78bb-4062-8f3e-3d1948f9ef1e\">T\u00e9l\u00e9charger<\/a><\/div>\n\n\n\n<div class=\"wp-block-file\"><a id=\"wp-block-file--media-d1773020-c117-43e1-9fd0-577dbad241d0\" href=\"https:\/\/campome.com\/wp-content\/uploads\/2024\/09\/Arrete-prefectoral-_SECHERESSE-du_29_-aout-2024_.pdf\">Arr\u00eat\u00e9 pr\u00e9fectoral _SECHERESSE du_29_ ao\u00fbt 2024_<\/a><a href=\"https:\/\/campome.com\/wp-content\/uploads\/2024\/09\/Arrete-prefectoral-_SECHERESSE-du_29_-aout-2024_.pdf\" class=\"wp-block-file__button wp-element-button\" download aria-describedby=\"wp-block-file--media-d1773020-c117-43e1-9fd0-577dbad241d0\">T\u00e9l\u00e9charger<\/a><\/div>\n\n\n\n<div class=\"wp-block-file\"><a id=\"wp-block-file--media-545b8e45-9e1c-4016-b1a8-3632708d424b\" href=\"https:\/\/campome.com\/wp-content\/uploads\/2024\/06\/Arrete-Prefectoral-DDTM-SER-2024-152-0001-du-31-mai-2024.pdf\" target=\"_blank\" rel=\"noreferrer noopener\">Arrete-Prefectoral-DDTM-SER-2024-152-0001-du-31-mai-2024<\/a><a href=\"https:\/\/campome.com\/wp-content\/uploads\/2024\/06\/Arrete-Prefectoral-DDTM-SER-2024-152-0001-du-31-mai-2024.pdf\" class=\"wp-block-file__button wp-element-button\" download aria-describedby=\"wp-block-file--media-545b8e45-9e1c-4016-b1a8-3632708d424b\">T\u00e9l\u00e9charger<\/a><\/div>\n\n\n\n<div class=\"wp-block-file\"><a id=\"wp-block-file--media-c4c19de8-6fe5-4719-a4ea-ba9af3a37fd9\" href=\"https:\/\/campome.com\/wp-content\/uploads\/2024\/02\/Arrete-prefesctoral-usage-de-leau_DDTM-SER-30-janvier-2024.pdf\" target=\"_blank\" rel=\"noreferrer noopener\">Arr\u00eat\u00e9-pr\u00e9fectoral-usage-de-l&rsquo;eau_DDTM-SER-30-janvier-2024<\/a><a href=\"https:\/\/campome.com\/wp-content\/uploads\/2024\/02\/Arrete-prefesctoral-usage-de-leau_DDTM-SER-30-janvier-2024.pdf\" class=\"wp-block-file__button wp-element-button\" download aria-describedby=\"wp-block-file--media-c4c19de8-6fe5-4719-a4ea-ba9af3a37fd9\">T\u00e9l\u00e9charger<\/a><\/div>\n\n\n\n<div class=\"wp-block-file\"><a id=\"wp-block-file--media-9071b117-dd45-4335-9022-651e7524de8e\" href=\"https:\/\/campome.com\/wp-content\/uploads\/2024\/02\/carte_secheresse_usages_agri_indus.pdf\" target=\"_blank\" rel=\"noreferrer noopener\">carte_secheresse_usages_agri_indus<\/a><a href=\"https:\/\/campome.com\/wp-content\/uploads\/2024\/02\/carte_secheresse_usages_agri_indus.pdf\" class=\"wp-block-file__button wp-element-button\" download aria-describedby=\"wp-block-file--media-9071b117-dd45-4335-9022-651e7524de8e\">T\u00e9l\u00e9charger<\/a><\/div>\n\n\n\n<div class=\"wp-block-file\"><a id=\"wp-block-file--media-88b8553b-66ea-4d35-b765-efb65e467686\" href=\"https:\/\/campome.com\/wp-content\/uploads\/2024\/02\/carte_secheresse_usages_generaux.pdf\" target=\"_blank\" rel=\"noreferrer noopener\">carte_secheresse_usages_generaux<\/a><a href=\"https:\/\/campome.com\/wp-content\/uploads\/2024\/02\/carte_secheresse_usages_generaux.pdf\" class=\"wp-block-file__button wp-element-button\" download aria-describedby=\"wp-block-file--media-88b8553b-66ea-4d35-b765-efb65e467686\">T\u00e9l\u00e9charger<\/a><\/div>\n\n\n\n<div class=\"wp-block-file\"><a id=\"wp-block-file--media-c3cd206a-39ea-434e-b82e-caf5704cf9bf\" href=\"https:\/\/campome.com\/wp-content\/uploads\/2023\/10\/Arrete-Prefectoral-DDTM-SER-2023-292-0001-du-19-octobre-23.pdf\" target=\"_blank\" rel=\"noreferrer noopener\">Arr\u00eat\u00e9-Prefectoral-DDTM-SER-2023-292-0001-du-19-octobre-23<\/a><a href=\"https:\/\/campome.com\/wp-content\/uploads\/2023\/10\/Arrete-Prefectoral-DDTM-SER-2023-292-0001-du-19-octobre-23.pdf\" class=\"wp-block-file__button wp-element-button\" download aria-describedby=\"wp-block-file--media-c3cd206a-39ea-434e-b82e-caf5704cf9bf\">T\u00e9l\u00e9charger<\/a><\/div>\n\n\n\n<div class=\"wp-block-file\"><a id=\"wp-block-file--media-e6723635-8e7e-4135-a80b-6dddac7e9ac8\" href=\"https:\/\/campome.com\/wp-content\/uploads\/2023\/10\/Arete-prefectoral-usage-de-leau-DDTM-19-septembre-2023.pdf\" target=\"_blank\" rel=\"noreferrer noopener\">Arr\u00eat\u00e9-prefectoral-usage-de-leau-DDTM-19-septembre-2023<\/a><a href=\"https:\/\/campome.com\/wp-content\/uploads\/2023\/10\/Arete-prefectoral-usage-de-leau-DDTM-19-septembre-2023.pdf\" class=\"wp-block-file__button wp-element-button\" download aria-describedby=\"wp-block-file--media-e6723635-8e7e-4135-a80b-6dddac7e9ac8\">T\u00e9l\u00e9charger<\/a><\/div>\n\n\n\n<div class=\"wp-block-file\"><a id=\"wp-block-file--media-72675896-df11-43d3-a743-6e7fe3f52411\" href=\"https:\/\/campome.com\/wp-content\/uploads\/2023\/05\/SKM_C224e23051310260.pdf\" target=\"_blank\" rel=\"noreferrer noopener\">Arr\u00eat\u00e9 municipal du 03 avril 2023 portant sur l&rsquo;arrosage des potagers<\/a><a href=\"https:\/\/campome.com\/wp-content\/uploads\/2023\/05\/SKM_C224e23051310260.pdf\" class=\"wp-block-file__button wp-element-button\" download aria-describedby=\"wp-block-file--media-72675896-df11-43d3-a743-6e7fe3f52411\">T\u00e9l\u00e9charger<\/a><\/div>\n\n\n\n<div class=\"wp-block-file\"><a id=\"wp-block-file--media-88f3b77a-c90e-4180-bbc5-bd766cc4f6a4\" href=\"https:\/\/campome.com\/wp-content\/uploads\/2023\/05\/Arrete-DDTMSER-2023-du-9-mai-2023-portant-sur-les-restrictions-provisoires-de-leau.pdf\" target=\"_blank\" rel=\"noreferrer noopener\">Arr\u00eat\u00e9-DDTMSER-2023-du-9-mai-2023-portant-sur-les-restrictions-provisoires-de-leau<\/a><a href=\"https:\/\/campome.com\/wp-content\/uploads\/2023\/05\/Arrete-DDTMSER-2023-du-9-mai-2023-portant-sur-les-restrictions-provisoires-de-leau.pdf\" class=\"wp-block-file__button wp-element-button\" download aria-describedby=\"wp-block-file--media-88f3b77a-c90e-4180-bbc5-bd766cc4f6a4\">T\u00e9l\u00e9charger<\/a><\/div>\n\n\n\n<div class=\"wp-block-file\"><a id=\"wp-block-file--media-e25807b8-b8e5-4ec8-b1b9-ed3699f1a1fd\" href=\"https:\/\/campome.com\/wp-content\/uploads\/2023\/02\/Arrete-prefectoral-du-23-fevrier-2023-restriction-deau.pdf\" target=\"_blank\" rel=\"noreferrer noopener\">Arr\u00eat\u00e9-prefectoral-du-23-fevrier-2023-restriction-deau<\/a><a href=\"https:\/\/campome.com\/wp-content\/uploads\/2023\/02\/Arrete-prefectoral-du-23-fevrier-2023-restriction-deau.pdf\" class=\"wp-block-file__button wp-element-button\" download aria-describedby=\"wp-block-file--media-e25807b8-b8e5-4ec8-b1b9-ed3699f1a1fd\">T\u00e9l\u00e9charger<\/a><\/div>\n\n\n\n<div class=\"wp-block-file\"><a id=\"wp-block-file--media-51f5e5f1-f6f4-4dc5-b60b-643933639088\" href=\"http:\/\/campome.com\/wp-content\/uploads\/2021\/03\/Arrete-circulation-du-25-mars-2021.pdf\" target=\"_blank\" rel=\"noreferrer noopener\">Arrete-circulation-du-25-mars-2021<\/a><a href=\"http:\/\/campome.com\/wp-content\/uploads\/2021\/03\/Arrete-circulation-du-25-mars-2021.pdf\" class=\"wp-block-file__button wp-element-button\" download aria-describedby=\"wp-block-file--media-51f5e5f1-f6f4-4dc5-b60b-643933639088\">T\u00e9l\u00e9charger<\/a><\/div>\n\n\n\n<p><\/p>\n\n\n\n<p><\/p>\n","protected":false},"excerpt":{"rendered":"","protected":false},"author":1,"featured_media":0,"parent":0,"menu_order":0,"comment_status":"closed","ping_status":"closed","template":"full-width-page-template.php","meta":{"_monsterinsights_skip_tracking":false,"_monsterinsights_sitenote_active":false,"_monsterinsights_sitenote_note":"","_monsterinsights_sitenote_category":0,"footnotes":""},"class_list":["post-344","page","type-page","status-publish","hentry"],"yoast_head":"<!-- This site is optimized with the Yoast SEO plugin v27.3 - https:\/\/yoast.com\/product\/yoast-seo-wordpress\/ -->\n<title>Arr\u00eat\u00e9s municipaux et pr\u00e9fectoraux - Mairie de Camp\u00f4me<\/title>\n<meta name=\"robots\" content=\"index, follow, max-snippet:-1, max-image-preview:large, max-video-preview:-1\" \/>\n<link rel=\"canonical\" href=\"https:\/\/campome.com\/index.php\/bulletins-municipaux\/\" \/>\n<meta property=\"og:locale\" content=\"fr_FR\" \/>\n<meta property=\"og:type\" content=\"article\" \/>\n<meta property=\"og:title\" content=\"Arr\u00eat\u00e9s municipaux et pr\u00e9fectoraux - Mairie de Camp\u00f4me\" \/>\n<meta property=\"og:url\" content=\"https:\/\/campome.com\/index.php\/bulletins-municipaux\/\" \/>\n<meta property=\"og:site_name\" content=\"Mairie de Camp\u00f4me\" \/>\n<meta property=\"article:modified_time\" content=\"2025-10-17T09:18:46+00:00\" \/>\n<meta name=\"twitter:card\" content=\"summary_large_image\" \/>\n<meta name=\"twitter:label1\" content=\"Dur\u00e9e de lecture estim\u00e9e\" \/>\n\t<meta name=\"twitter:data1\" content=\"1 minute\" \/>\n<script type=\"application\/ld+json\" class=\"yoast-schema-graph\">{\"@context\":\"https:\\\/\\\/schema.org\",\"@graph\":[{\"@type\":\"WebPage\",\"@id\":\"https:\\\/\\\/campome.com\\\/index.php\\\/bulletins-municipaux\\\/\",\"url\":\"https:\\\/\\\/campome.com\\\/index.php\\\/bulletins-municipaux\\\/\",\"name\":\"Arr\u00eat\u00e9s municipaux et pr\u00e9fectoraux - Mairie de Camp\u00f4me\",\"isPartOf\":{\"@id\":\"https:\\\/\\\/campome.com\\\/#website\"},\"datePublished\":\"2020-07-25T14:52:29+00:00\",\"dateModified\":\"2025-10-17T09:18:46+00:00\",\"breadcrumb\":{\"@id\":\"https:\\\/\\\/campome.com\\\/index.php\\\/bulletins-municipaux\\\/#breadcrumb\"},\"inLanguage\":\"fr-FR\",\"potentialAction\":[{\"@type\":\"ReadAction\",\"target\":[\"https:\\\/\\\/campome.com\\\/index.php\\\/bulletins-municipaux\\\/\"]}]},{\"@type\":\"BreadcrumbList\",\"@id\":\"https:\\\/\\\/campome.com\\\/index.php\\\/bulletins-municipaux\\\/#breadcrumb\",\"itemListElement\":[{\"@type\":\"ListItem\",\"position\":1,\"name\":\"Accueil\",\"item\":\"https:\\\/\\\/campome.com\\\/\"},{\"@type\":\"ListItem\",\"position\":2,\"name\":\"Arr\u00eat\u00e9s municipaux et pr\u00e9fectoraux\"}]},{\"@type\":\"WebSite\",\"@id\":\"https:\\\/\\\/campome.com\\\/#website\",\"url\":\"https:\\\/\\\/campome.com\\\/\",\"name\":\"Mairie de Camp\u00f4me\",\"description\":\"Bienvenue sur le site de la mairie de Camp\u00f4me\",\"potentialAction\":[{\"@type\":\"SearchAction\",\"target\":{\"@type\":\"EntryPoint\",\"urlTemplate\":\"https:\\\/\\\/campome.com\\\/?s={search_term_string}\"},\"query-input\":{\"@type\":\"PropertyValueSpecification\",\"valueRequired\":true,\"valueName\":\"search_term_string\"}}],\"inLanguage\":\"fr-FR\"}]}<\/script>\n<!-- \/ Yoast SEO plugin. -->","yoast_head_json":{"title":"Arr\u00eat\u00e9s municipaux et pr\u00e9fectoraux - Mairie de Camp\u00f4me","robots":{"index":"index","follow":"follow","max-snippet":"max-snippet:-1","max-image-preview":"max-image-preview:large","max-video-preview":"max-video-preview:-1"},"canonical":"https:\/\/campome.com\/index.php\/bulletins-municipaux\/","og_locale":"fr_FR","og_type":"article","og_title":"Arr\u00eat\u00e9s municipaux et pr\u00e9fectoraux - Mairie de Camp\u00f4me","og_url":"https:\/\/campome.com\/index.php\/bulletins-municipaux\/","og_site_name":"Mairie de Camp\u00f4me","article_modified_time":"2025-10-17T09:18:46+00:00","twitter_card":"summary_large_image","twitter_misc":{"Dur\u00e9e de lecture estim\u00e9e":"1 minute"},"schema":{"@context":"https:\/\/schema.org","@graph":[{"@type":"WebPage","@id":"https:\/\/campome.com\/index.php\/bulletins-municipaux\/","url":"https:\/\/campome.com\/index.php\/bulletins-municipaux\/","name":"Arr\u00eat\u00e9s municipaux et pr\u00e9fectoraux - Mairie de Camp\u00f4me","isPartOf":{"@id":"https:\/\/campome.com\/#website"},"datePublished":"2020-07-25T14:52:29+00:00","dateModified":"2025-10-17T09:18:46+00:00","breadcrumb":{"@id":"https:\/\/campome.com\/index.php\/bulletins-municipaux\/#breadcrumb"},"inLanguage":"fr-FR","potentialAction":[{"@type":"ReadAction","target":["https:\/\/campome.com\/index.php\/bulletins-municipaux\/"]}]},{"@type":"BreadcrumbList","@id":"https:\/\/campome.com\/index.php\/bulletins-municipaux\/#breadcrumb","itemListElement":[{"@type":"ListItem","position":1,"name":"Accueil","item":"https:\/\/campome.com\/"},{"@type":"ListItem","position":2,"name":"Arr\u00eat\u00e9s municipaux et pr\u00e9fectoraux"}]},{"@type":"WebSite","@id":"https:\/\/campome.com\/#website","url":"https:\/\/campome.com\/","name":"Mairie de Camp\u00f4me","description":"Bienvenue sur le site de la mairie de Camp\u00f4me","potentialAction":[{"@type":"SearchAction","target":{"@type":"EntryPoint","urlTemplate":"https:\/\/campome.com\/?s={search_term_string}"},"query-input":{"@type":"PropertyValueSpecification","valueRequired":true,"valueName":"search_term_string"}}],"inLanguage":"fr-FR"}]}},"_links":{"self":[{"href":"https:\/\/campome.com\/index.php\/wp-json\/wp\/v2\/pages\/344","targetHints":{"allow":["GET"]}}],"collection":[{"href":"https:\/\/campome.com\/index.php\/wp-json\/wp\/v2\/pages"}],"about":[{"href":"https:\/\/campome.com\/index.php\/wp-json\/wp\/v2\/types\/page"}],"author":[{"embeddable":true,"href":"https:\/\/campome.com\/index.php\/wp-json\/wp\/v2\/users\/1"}],"replies":[{"embeddable":true,"href":"https:\/\/campome.com\/index.php\/wp-json\/wp\/v2\/comments?post=344"}],"version-history":[{"count":40,"href":"https:\/\/campome.com\/index.php\/wp-json\/wp\/v2\/pages\/344\/revisions"}],"predecessor-version":[{"id":2533,"href":"https:\/\/campome.com\/index.php\/wp-json\/wp\/v2\/pages\/344\/revisions\/2533"}],"wp:attachment":[{"href":"https:\/\/campome.com\/index.php\/wp-json\/wp\/v2\/media?parent=344"}],"curies":[{"name":"wp","href":"https:\/\/api.w.org\/{rel}","templated":true}]}}