{"id":371,"date":"2020-07-25T18:17:45","date_gmt":"2020-07-25T16:17:45","guid":{"rendered":"http:\/\/campome.com\/?page_id=371"},"modified":"2024-01-09T15:53:28","modified_gmt":"2024-01-09T14:53:28","slug":"vallee-de-la-castellane-2","status":"publish","type":"page","link":"https:\/\/campome.com\/index.php\/vallee-de-la-castellane-2\/","title":{"rendered":"Vall\u00e9e de la Castellane \/ randonn\u00e9es"},"content":{"rendered":"\n<h2 class=\"wp-block-heading\">Balades et randonn\u00e9es <\/h2>\n\n\n\n<p><strong>Camp\u00f4me circuit village balade d\u00e9couverte en famille<\/strong> (fiche disponible en version papier dans le porche de la mairie de Camp\u00f4me)<\/p>\n\n\n\n<div class=\"wp-block-file\"><a id=\"wp-block-file--media-bc3deb4c-05eb-4800-aa04-e4489a5bcc61\" href=\"http:\/\/campome.com\/wp-content\/uploads\/2022\/01\/Circuit-village-balade-decouverte-en-famille.pdf\">Circuit-village-balade-decouverte-en-famille<\/a><a href=\"http:\/\/campome.com\/wp-content\/uploads\/2022\/01\/Circuit-village-balade-decouverte-en-famille.pdf\" class=\"wp-block-file__button wp-element-button\" download aria-describedby=\"wp-block-file--media-bc3deb4c-05eb-4800-aa04-e4489a5bcc61\">T\u00e9l\u00e9charger<\/a><\/div>\n\n\n\n<p><strong>Belle randonn\u00e9e en image au d\u00e9part de Camp\u00f4me \u00e0 la d\u00e9couverte des ruelles du village, de fornols au palt de Valenso&#8230; <\/strong>                                                                        <a aria-label=\"undefined (s\u2019ouvre dans un nouvel onglet)\" href=\"https:\/\/www.youtube.com\/watch?v=56FyIjv_BRY\" target=\"_blank\" rel=\"noreferrer noopener\">https:\/\/www.youtube.com\/watch?v=56FyIjv_BRY<\/a><\/p>\n\n\n\n<p><strong>Ch\u00e2teau de Paracolls<\/strong> <a aria-label=\"undefined (s\u2019ouvre dans un nouvel onglet)\" href=\"https:\/\/www.tourisme-canigou.com\/organisez\/voir-faire\/randonnees\/les-itineraires-en-conflent\/campome-le-chateau-de-paracolls-3221134\" target=\"_blank\" rel=\"noreferrer noopener\">https:\/\/www.tourisme-canigou.com\/organisez\/voir-faire\/randonnees\/les-itineraires-en-conflent\/campome-le-chateau-de-paracolls-3221134<\/a><\/p>\n\n\n\n<div class=\"wp-block-columns is-layout-flex wp-container-core-columns-is-layout-9d6595d7 wp-block-columns-is-layout-flex\">\n<div class=\"wp-block-column is-layout-flow wp-block-column-is-layout-flow\" style=\"flex-basis:100%\">\n<div class=\"wp-block-group alignfull\"><div class=\"wp-block-group__inner-container is-layout-flow wp-block-group-is-layout-flow\"><\/div><\/div>\n\n\n\n<p><\/p>\n<\/div>\n<\/div>\n\n\n\n<figure class=\"wp-block-gallery alignright has-nested-images columns-default is-cropped wp-block-gallery-1 is-layout-flex wp-block-gallery-is-layout-flex\">\n<figure class=\"wp-block-image size-large\"><img loading=\"lazy\" decoding=\"async\" width=\"1024\" height=\"768\" data-id=\"567\" src=\"https:\/\/campome.com\/wp-content\/uploads\/2020\/07\/20190101_163042-1024x768.jpg\" alt=\"\" class=\"wp-image-567\" srcset=\"https:\/\/campome.com\/wp-content\/uploads\/2020\/07\/20190101_163042-1024x768.jpg 1024w, https:\/\/campome.com\/wp-content\/uploads\/2020\/07\/20190101_163042-300x225.jpg 300w, https:\/\/campome.com\/wp-content\/uploads\/2020\/07\/20190101_163042-768x576.jpg 768w, https:\/\/campome.com\/wp-content\/uploads\/2020\/07\/20190101_163042-1536x1152.jpg 1536w, https:\/\/campome.com\/wp-content\/uploads\/2020\/07\/20190101_163042-2048x1536.jpg 2048w, https:\/\/campome.com\/wp-content\/uploads\/2020\/07\/20190101_163042-900x675.jpg 900w, https:\/\/campome.com\/wp-content\/uploads\/2020\/07\/20190101_163042-1280x960.jpg 1280w\" sizes=\"auto, (max-width: 1024px) 100vw, 1024px\" \/><\/figure>\n<\/figure>\n\n\n\n<p class=\"has-text-align-left\"><strong>St Christophe de Fornols<\/strong>, <strong>l&rsquo;Orri de Carmajou<\/strong> au d\u00e9part de Camp\u00f4me                               <a href=\"https:\/\/www.tourisme-canigou.com\/organisez\/voir-faire\/randonnees\/les-itineraires-en-conflent\/campome-la-chapelle-saint-christophe-de-fornols-3221144\" target=\"_blank\" aria-label=\"undefined (s\u2019ouvre dans un nouvel onglet)\" rel=\"noreferrer noopener\">http:\/\/www.randogps.net\/randonnee-pedestre-gps-po-66.php?num=110&amp;meta=CAMPOME<\/a><\/p>\n\n\n\n<p><strong>Randonn\u00e9e des trois villages<\/strong>  au d\u00e9part de Camp\u00f4me, Molitg ou Mosset                                                                        <a href=\"http:\/\/www.randogps.net\/randonnee-pedestre-gps-po-66.php?num=418&amp;meta=LES%20VILLAGES%20DE%20LA%20CASTELLANE\" target=\"_blank\" aria-label=\"undefined (s\u2019ouvre dans un nouvel onglet)\" rel=\"noreferrer noopener\">http:\/\/www.randogps.net\/randonnee-pedestre-gps-po-66.php?num=418&amp;meta=LES%20VILLAGES%20DE%20LA%20CASTELLANE<\/a><\/p>\n\n\n\n<figure class=\"wp-block-gallery has-nested-images columns-default is-cropped wp-block-gallery-2 is-layout-flex wp-block-gallery-is-layout-flex\">\n<figure class=\"wp-block-image size-large\"><img loading=\"lazy\" decoding=\"async\" width=\"1024\" height=\"768\" data-id=\"568\" src=\"https:\/\/campome.com\/wp-content\/uploads\/2020\/07\/20190107_091320-1024x768.jpg\" alt=\"\" class=\"wp-image-568\" srcset=\"https:\/\/campome.com\/wp-content\/uploads\/2020\/07\/20190107_091320-1024x768.jpg 1024w, https:\/\/campome.com\/wp-content\/uploads\/2020\/07\/20190107_091320-300x225.jpg 300w, https:\/\/campome.com\/wp-content\/uploads\/2020\/07\/20190107_091320-768x576.jpg 768w, https:\/\/campome.com\/wp-content\/uploads\/2020\/07\/20190107_091320-1536x1152.jpg 1536w, https:\/\/campome.com\/wp-content\/uploads\/2020\/07\/20190107_091320-2048x1536.jpg 2048w, https:\/\/campome.com\/wp-content\/uploads\/2020\/07\/20190107_091320-900x675.jpg 900w, https:\/\/campome.com\/wp-content\/uploads\/2020\/07\/20190107_091320-1280x960.jpg 1280w\" sizes=\"auto, (max-width: 1024px) 100vw, 1024px\" \/><\/figure>\n\n\n\n<figure class=\"wp-block-image size-large\"><img loading=\"lazy\" decoding=\"async\" width=\"1018\" height=\"730\" data-id=\"519\" src=\"https:\/\/campome.com\/wp-content\/uploads\/2020\/07\/received_753899185378832.jpeg\" alt=\"\" class=\"wp-image-519\" srcset=\"https:\/\/campome.com\/wp-content\/uploads\/2020\/07\/received_753899185378832.jpeg 1018w, https:\/\/campome.com\/wp-content\/uploads\/2020\/07\/received_753899185378832-300x215.jpeg 300w, https:\/\/campome.com\/wp-content\/uploads\/2020\/07\/received_753899185378832-768x551.jpeg 768w, https:\/\/campome.com\/wp-content\/uploads\/2020\/07\/received_753899185378832-900x645.jpeg 900w\" sizes=\"auto, (max-width: 1018px) 100vw, 1018px\" \/><\/figure>\n\n\n\n<figure class=\"wp-block-image size-large\"><img loading=\"lazy\" decoding=\"async\" width=\"1024\" height=\"768\" data-id=\"466\" src=\"https:\/\/campome.com\/wp-content\/uploads\/2020\/07\/IMG_20191115_093940-1024x768.jpg\" alt=\"\" class=\"wp-image-466\" srcset=\"https:\/\/campome.com\/wp-content\/uploads\/2020\/07\/IMG_20191115_093940-1024x768.jpg 1024w, https:\/\/campome.com\/wp-content\/uploads\/2020\/07\/IMG_20191115_093940-300x225.jpg 300w, https:\/\/campome.com\/wp-content\/uploads\/2020\/07\/IMG_20191115_093940-768x576.jpg 768w, https:\/\/campome.com\/wp-content\/uploads\/2020\/07\/IMG_20191115_093940-1536x1152.jpg 1536w, https:\/\/campome.com\/wp-content\/uploads\/2020\/07\/IMG_20191115_093940-2048x1536.jpg 2048w, https:\/\/campome.com\/wp-content\/uploads\/2020\/07\/IMG_20191115_093940-900x675.jpg 900w, https:\/\/campome.com\/wp-content\/uploads\/2020\/07\/IMG_20191115_093940-1280x960.jpg 1280w\" sizes=\"auto, (max-width: 1024px) 100vw, 1024px\" \/><\/figure>\n<\/figure>\n\n\n\n<p><strong>Molitg-les-bains par monts et par vaux<\/strong> <a aria-label=\"undefined (s\u2019ouvre dans un nouvel onglet)\" href=\"https:\/\/www.tourisme-canigou.com\/organisez\/voir-faire\/randonnees\/les-itineraires-en-conflent\/molitg-les-bains-par-monts-et-par-vaux-3221104\" target=\"_blank\" rel=\"noreferrer noopener\">https:\/\/www.tourisme-canigou.com\/organisez\/voir-faire\/randonnees\/les-itineraires-en-conflent\/molitg-les-bains-par-monts-et-par-vaux-3221104<\/a><\/p>\n\n\n\n<p><strong>Le sentier des muletiers <\/strong>au d\u00e9part de Molitg                                    <a href=\"http:\/\/www.randogps.net\/randonnee-pedestre-gps-po-66.php?num=29&amp;meta=SENTIER%20MULETIER\">http:\/\/www.randogps.net\/randonnee-pedestre-gps-po-66.php?num=29&amp;meta=SENTIER%20MULETIER<\/a>                                              <\/p>\n\n\n\n<p><strong>Le sentier des 5 sens <\/strong>au d\u00e9part de Mosset en direction du Col de Jau                                                                    <a aria-label=\"undefined (s\u2019ouvre dans un nouvel onglet)\" href=\"https:\/\/www.tourisme-canigou.com\/organisez\/voir-faire\/randonnees\/les-itineraires-en-conflent\/sentier-decouverte-des-5-sens-2506212\" target=\"_blank\" rel=\"noreferrer noopener\">https:\/\/www.tourisme-canigou.com\/organisez\/voir-faire\/randonnees\/les-itineraires-en-conflent\/sentier-decouverte-des-5-sens-2506212<\/a><\/p>\n\n\n\n<p><strong>Autres randonn\u00e9es en Conflent <\/strong>                                                                                                                     Vous pouvez \u00e9galement t\u00e9l\u00e9charger gratuitement les<strong> fiches de randonn\u00e9es&nbsp;<\/strong>d\u00e9taill\u00e9es des diff\u00e9rents itin\u00e9raires propos\u00e9s en Conflent Canig\u00f3.                                                      <\/p>\n\n\n\n<p> <a aria-label=\"undefined (s\u2019ouvre dans un nouvel onglet)\" href=\"https:\/\/www.tourisme-canigou.com\/organisez\/voir-faire\/randonnees\/les-itineraires-en-conflent\" target=\"_blank\" rel=\"noreferrer noopener\">https:\/\/www.tourisme-canigou.com\/organisez\/voir-faire\/randonnees\/les-itineraires-en-conflent<\/a><\/p>\n","protected":false},"excerpt":{"rendered":"<p>Balades et randonn\u00e9es Camp\u00f4me circuit village balade d\u00e9couverte en famille (fiche disponible en version papier dans le porche de la mairie de Camp\u00f4me) Belle randonn\u00e9e en image au d\u00e9part de Camp\u00f4me \u00e0 la d\u00e9couverte des ruelles du village, de fornols au palt de Valenso&#8230; https:\/\/www.youtube.com\/watch?v=56FyIjv_BRY Ch\u00e2teau de Paracolls https:\/\/www.tourisme-canigou.com\/organisez\/voir-faire\/randonnees\/les-itineraires-en-conflent\/campome-le-chateau-de-paracolls-3221134 St Christophe de Fornols, l&rsquo;Orri de [&hellip;]<\/p>\n","protected":false},"author":1,"featured_media":0,"parent":0,"menu_order":0,"comment_status":"closed","ping_status":"closed","template":"full-width-page-template.php","meta":{"_monsterinsights_skip_tracking":false,"_monsterinsights_sitenote_active":false,"_monsterinsights_sitenote_note":"","_monsterinsights_sitenote_category":0,"footnotes":""},"class_list":["post-371","page","type-page","status-publish","hentry"],"yoast_head":"<!-- This site is optimized with the Yoast SEO plugin v27.3 - https:\/\/yoast.com\/product\/yoast-seo-wordpress\/ -->\n<title>Vall\u00e9e de la Castellane \/ randonn\u00e9es - Mairie de Camp\u00f4me<\/title>\n<meta name=\"robots\" content=\"index, follow, max-snippet:-1, max-image-preview:large, max-video-preview:-1\" \/>\n<link rel=\"canonical\" href=\"https:\/\/campome.com\/index.php\/vallee-de-la-castellane-2\/\" \/>\n<meta property=\"og:locale\" content=\"fr_FR\" \/>\n<meta property=\"og:type\" content=\"article\" \/>\n<meta property=\"og:title\" content=\"Vall\u00e9e de la Castellane \/ randonn\u00e9es - Mairie de Camp\u00f4me\" \/>\n<meta property=\"og:description\" content=\"Balades et randonn\u00e9es Camp\u00f4me circuit village balade d\u00e9couverte en famille (fiche disponible en version papier dans le porche de la mairie de Camp\u00f4me) Belle randonn\u00e9e en image au d\u00e9part de Camp\u00f4me \u00e0 la d\u00e9couverte des ruelles du village, de fornols au palt de Valenso&#8230; https:\/\/www.youtube.com\/watch?v=56FyIjv_BRY Ch\u00e2teau de Paracolls https:\/\/www.tourisme-canigou.com\/organisez\/voir-faire\/randonnees\/les-itineraires-en-conflent\/campome-le-chateau-de-paracolls-3221134 St Christophe de Fornols, l&rsquo;Orri de [&hellip;]\" \/>\n<meta property=\"og:url\" content=\"https:\/\/campome.com\/index.php\/vallee-de-la-castellane-2\/\" \/>\n<meta property=\"og:site_name\" content=\"Mairie de Camp\u00f4me\" \/>\n<meta property=\"article:modified_time\" content=\"2024-01-09T14:53:28+00:00\" \/>\n<meta property=\"og:image\" content=\"https:\/\/campome.com\/wp-content\/uploads\/2020\/07\/20190101_163042-1024x768.jpg\" \/>\n<meta name=\"twitter:card\" content=\"summary_large_image\" \/>\n<meta name=\"twitter:label1\" content=\"Dur\u00e9e de lecture estim\u00e9e\" \/>\n\t<meta name=\"twitter:data1\" content=\"1 minute\" \/>\n<script type=\"application\/ld+json\" class=\"yoast-schema-graph\">{\"@context\":\"https:\\\/\\\/schema.org\",\"@graph\":[{\"@type\":\"WebPage\",\"@id\":\"https:\\\/\\\/campome.com\\\/index.php\\\/vallee-de-la-castellane-2\\\/\",\"url\":\"https:\\\/\\\/campome.com\\\/index.php\\\/vallee-de-la-castellane-2\\\/\",\"name\":\"Vall\u00e9e de la Castellane \\\/ randonn\u00e9es - Mairie de Camp\u00f4me\",\"isPartOf\":{\"@id\":\"https:\\\/\\\/campome.com\\\/#website\"},\"primaryImageOfPage\":{\"@id\":\"https:\\\/\\\/campome.com\\\/index.php\\\/vallee-de-la-castellane-2\\\/#primaryimage\"},\"image\":{\"@id\":\"https:\\\/\\\/campome.com\\\/index.php\\\/vallee-de-la-castellane-2\\\/#primaryimage\"},\"thumbnailUrl\":\"https:\\\/\\\/campome.com\\\/wp-content\\\/uploads\\\/2020\\\/07\\\/20190101_163042-1024x768.jpg\",\"datePublished\":\"2020-07-25T16:17:45+00:00\",\"dateModified\":\"2024-01-09T14:53:28+00:00\",\"breadcrumb\":{\"@id\":\"https:\\\/\\\/campome.com\\\/index.php\\\/vallee-de-la-castellane-2\\\/#breadcrumb\"},\"inLanguage\":\"fr-FR\",\"potentialAction\":[{\"@type\":\"ReadAction\",\"target\":[\"https:\\\/\\\/campome.com\\\/index.php\\\/vallee-de-la-castellane-2\\\/\"]}]},{\"@type\":\"ImageObject\",\"inLanguage\":\"fr-FR\",\"@id\":\"https:\\\/\\\/campome.com\\\/index.php\\\/vallee-de-la-castellane-2\\\/#primaryimage\",\"url\":\"https:\\\/\\\/campome.com\\\/wp-content\\\/uploads\\\/2020\\\/07\\\/20190101_163042-scaled.jpg\",\"contentUrl\":\"https:\\\/\\\/campome.com\\\/wp-content\\\/uploads\\\/2020\\\/07\\\/20190101_163042-scaled.jpg\",\"width\":2560,\"height\":1920},{\"@type\":\"BreadcrumbList\",\"@id\":\"https:\\\/\\\/campome.com\\\/index.php\\\/vallee-de-la-castellane-2\\\/#breadcrumb\",\"itemListElement\":[{\"@type\":\"ListItem\",\"position\":1,\"name\":\"Accueil\",\"item\":\"https:\\\/\\\/campome.com\\\/\"},{\"@type\":\"ListItem\",\"position\":2,\"name\":\"Vall\u00e9e de la Castellane \\\/ randonn\u00e9es\"}]},{\"@type\":\"WebSite\",\"@id\":\"https:\\\/\\\/campome.com\\\/#website\",\"url\":\"https:\\\/\\\/campome.com\\\/\",\"name\":\"Mairie de Camp\u00f4me\",\"description\":\"Bienvenue sur le site de la mairie de Camp\u00f4me\",\"potentialAction\":[{\"@type\":\"SearchAction\",\"target\":{\"@type\":\"EntryPoint\",\"urlTemplate\":\"https:\\\/\\\/campome.com\\\/?s={search_term_string}\"},\"query-input\":{\"@type\":\"PropertyValueSpecification\",\"valueRequired\":true,\"valueName\":\"search_term_string\"}}],\"inLanguage\":\"fr-FR\"}]}<\/script>\n<!-- \/ Yoast SEO plugin. -->","yoast_head_json":{"title":"Vall\u00e9e de la Castellane \/ randonn\u00e9es - Mairie de Camp\u00f4me","robots":{"index":"index","follow":"follow","max-snippet":"max-snippet:-1","max-image-preview":"max-image-preview:large","max-video-preview":"max-video-preview:-1"},"canonical":"https:\/\/campome.com\/index.php\/vallee-de-la-castellane-2\/","og_locale":"fr_FR","og_type":"article","og_title":"Vall\u00e9e de la Castellane \/ randonn\u00e9es - Mairie de Camp\u00f4me","og_description":"Balades et randonn\u00e9es Camp\u00f4me circuit village balade d\u00e9couverte en famille (fiche disponible en version papier dans le porche de la mairie de Camp\u00f4me) Belle randonn\u00e9e en image au d\u00e9part de Camp\u00f4me \u00e0 la d\u00e9couverte des ruelles du village, de fornols au palt de Valenso&#8230; https:\/\/www.youtube.com\/watch?v=56FyIjv_BRY Ch\u00e2teau de Paracolls https:\/\/www.tourisme-canigou.com\/organisez\/voir-faire\/randonnees\/les-itineraires-en-conflent\/campome-le-chateau-de-paracolls-3221134 St Christophe de Fornols, l&rsquo;Orri de [&hellip;]","og_url":"https:\/\/campome.com\/index.php\/vallee-de-la-castellane-2\/","og_site_name":"Mairie de Camp\u00f4me","article_modified_time":"2024-01-09T14:53:28+00:00","og_image":[{"url":"https:\/\/campome.com\/wp-content\/uploads\/2020\/07\/20190101_163042-1024x768.jpg","type":"","width":"","height":""}],"twitter_card":"summary_large_image","twitter_misc":{"Dur\u00e9e de lecture estim\u00e9e":"1 minute"},"schema":{"@context":"https:\/\/schema.org","@graph":[{"@type":"WebPage","@id":"https:\/\/campome.com\/index.php\/vallee-de-la-castellane-2\/","url":"https:\/\/campome.com\/index.php\/vallee-de-la-castellane-2\/","name":"Vall\u00e9e de la Castellane \/ randonn\u00e9es - Mairie de Camp\u00f4me","isPartOf":{"@id":"https:\/\/campome.com\/#website"},"primaryImageOfPage":{"@id":"https:\/\/campome.com\/index.php\/vallee-de-la-castellane-2\/#primaryimage"},"image":{"@id":"https:\/\/campome.com\/index.php\/vallee-de-la-castellane-2\/#primaryimage"},"thumbnailUrl":"https:\/\/campome.com\/wp-content\/uploads\/2020\/07\/20190101_163042-1024x768.jpg","datePublished":"2020-07-25T16:17:45+00:00","dateModified":"2024-01-09T14:53:28+00:00","breadcrumb":{"@id":"https:\/\/campome.com\/index.php\/vallee-de-la-castellane-2\/#breadcrumb"},"inLanguage":"fr-FR","potentialAction":[{"@type":"ReadAction","target":["https:\/\/campome.com\/index.php\/vallee-de-la-castellane-2\/"]}]},{"@type":"ImageObject","inLanguage":"fr-FR","@id":"https:\/\/campome.com\/index.php\/vallee-de-la-castellane-2\/#primaryimage","url":"https:\/\/campome.com\/wp-content\/uploads\/2020\/07\/20190101_163042-scaled.jpg","contentUrl":"https:\/\/campome.com\/wp-content\/uploads\/2020\/07\/20190101_163042-scaled.jpg","width":2560,"height":1920},{"@type":"BreadcrumbList","@id":"https:\/\/campome.com\/index.php\/vallee-de-la-castellane-2\/#breadcrumb","itemListElement":[{"@type":"ListItem","position":1,"name":"Accueil","item":"https:\/\/campome.com\/"},{"@type":"ListItem","position":2,"name":"Vall\u00e9e de la Castellane \/ randonn\u00e9es"}]},{"@type":"WebSite","@id":"https:\/\/campome.com\/#website","url":"https:\/\/campome.com\/","name":"Mairie de Camp\u00f4me","description":"Bienvenue sur le site de la mairie de Camp\u00f4me","potentialAction":[{"@type":"SearchAction","target":{"@type":"EntryPoint","urlTemplate":"https:\/\/campome.com\/?s={search_term_string}"},"query-input":{"@type":"PropertyValueSpecification","valueRequired":true,"valueName":"search_term_string"}}],"inLanguage":"fr-FR"}]}},"_links":{"self":[{"href":"https:\/\/campome.com\/index.php\/wp-json\/wp\/v2\/pages\/371","targetHints":{"allow":["GET"]}}],"collection":[{"href":"https:\/\/campome.com\/index.php\/wp-json\/wp\/v2\/pages"}],"about":[{"href":"https:\/\/campome.com\/index.php\/wp-json\/wp\/v2\/types\/page"}],"author":[{"embeddable":true,"href":"https:\/\/campome.com\/index.php\/wp-json\/wp\/v2\/users\/1"}],"replies":[{"embeddable":true,"href":"https:\/\/campome.com\/index.php\/wp-json\/wp\/v2\/comments?post=371"}],"version-history":[{"count":39,"href":"https:\/\/campome.com\/index.php\/wp-json\/wp\/v2\/pages\/371\/revisions"}],"predecessor-version":[{"id":2080,"href":"https:\/\/campome.com\/index.php\/wp-json\/wp\/v2\/pages\/371\/revisions\/2080"}],"wp:attachment":[{"href":"https:\/\/campome.com\/index.php\/wp-json\/wp\/v2\/media?parent=371"}],"curies":[{"name":"wp","href":"https:\/\/api.w.org\/{rel}","templated":true}]}}