{"id":392,"date":"2020-07-26T11:09:23","date_gmt":"2020-07-26T09:09:23","guid":{"rendered":"http:\/\/campome.com\/?page_id=392"},"modified":"2024-01-09T15:49:08","modified_gmt":"2024-01-09T14:49:08","slug":"les-elus","status":"publish","type":"page","link":"https:\/\/campome.com\/index.php\/les-elus\/","title":{"rendered":"Les \u00e9lus"},"content":{"rendered":"\n<p>Le Conseil Municipal est compos\u00e9 de\u00a0<strong>10 membres<\/strong>,\u00a0comprenant<strong>\u00a0le maire<\/strong>,\u00a0<strong>2 adjoints et 7 conseillers<\/strong>.<br>\u00a0Il est issu<strong> <\/strong>de la liste \u00ab\u00a0Camp\u00f4me La Ruralit\u00e9 d\u2019Aujourd\u2019hui et de Demain\u00a0\u00bb \u00e9lue au <strong>premier tour <\/strong>des \u00e9lections du 15 mars 2020 et men\u00e9e par <strong>Jean Louis Bosc<\/strong> (<strong>64.60%<\/strong> des suffrages exprim\u00e9s) <\/p>\n\n\n\n<ul class=\"wp-block-list\">\n<li><strong>Alexandre Bleuzet<\/strong>  (86,72&nbsp;%)<\/li>\n\n\n\n<li><strong>Pauline Chevallier <\/strong>(80,53&nbsp;% )  <\/li>\n\n\n\n<li><strong>Laetitia Sitja<\/strong> (63,71&nbsp;%)<\/li>\n\n\n\n<li><strong>Jean-Louis Blazi<\/strong> (61,06&nbsp;%)<\/li>\n\n\n\n<li><strong>G\u00e9rard Blazi <\/strong>(59,29&nbsp;%)<\/li>\n\n\n\n<li><strong>Christelle Font<\/strong> (59,29\u00a0%) <em>a quitt\u00e9 ses fonctions en mai 2021<\/em><\/li>\n\n\n\n<li><strong>Bernard Gibert<\/strong> (56,63&nbsp;%)<\/li>\n\n\n\n<li><strong>Henri Sobraqu\u00e8s<\/strong> (56,63&nbsp;%)<\/li>\n\n\n\n<li><strong>Andr\u00e9 Carrere<\/strong> (55,75&nbsp;%) <\/li>\n\n\n\n<li><strong>Martine Dauby <\/strong>(55,75&nbsp;%)<\/li>\n<\/ul>\n\n\n\n<h2 class=\"wp-block-heading\"><strong>Adjoints au maire<\/strong><\/h2>\n\n\n\n<ul class=\"wp-block-list\">\n<li><strong>Premier adjoint <\/strong>: Charg\u00e9 communication, culture catalane <strong>Henri Sobraqu\u00e8s<\/strong><\/li>\n\n\n\n<li><strong>Deuxi\u00e8me adjointe<\/strong> : Charg\u00e9e tourisme\/patrimoine\/communication <strong>La\u00ebtitia Sitja<\/strong><\/li>\n<\/ul>\n\n\n\n<h2 class=\"wp-block-heading\"><strong>Conseillers municipaux <\/strong><\/h2>\n\n\n\n<ul class=\"wp-block-list\">\n<li>Aux espaces verts et embellissement du village : <strong>Alexendre Bleuzet <\/strong><\/li>\n\n\n\n<li>A l&rsquo;\u00e9lectricit\u00e9 et \u00e9nergie nouvelle : <strong>Jean-Louis Blazi<\/strong><\/li>\n\n\n\n<li>Collaborateur communication : <strong>G\u00e9rard Blazi<\/strong><\/li>\n\n\n\n<li>Collaboratrice g\u00eete : <strong>Pauline Chevallier<\/strong><\/li>\n\n\n\n<li>Enfance jeunesse :  <strong>Martine Dauby<\/strong> <\/li>\n\n\n\n<li>Collaborateur sanitaire et social : <strong>Bernard Gibert<\/strong><\/li>\n\n\n\n<li>Collaborateur finance et r\u00e9glementation <strong>Andr\u00e9 Carrere<\/strong><\/li>\n<\/ul>\n","protected":false},"excerpt":{"rendered":"<p>Le Conseil Municipal est compos\u00e9 de\u00a010 membres,\u00a0comprenant\u00a0le maire,\u00a02 adjoints et 7 conseillers.\u00a0Il est issu de la liste \u00ab\u00a0Camp\u00f4me La Ruralit\u00e9 d\u2019Aujourd\u2019hui et de Demain\u00a0\u00bb \u00e9lue au premier tour des \u00e9lections du 15 mars 2020 et men\u00e9e par Jean Louis Bosc (64.60% des suffrages exprim\u00e9s) Adjoints au maire Conseillers municipaux<\/p>\n","protected":false},"author":1,"featured_media":0,"parent":0,"menu_order":0,"comment_status":"closed","ping_status":"closed","template":"full-width-page-template.php","meta":{"_monsterinsights_skip_tracking":false,"_monsterinsights_sitenote_active":false,"_monsterinsights_sitenote_note":"","_monsterinsights_sitenote_category":0,"footnotes":""},"class_list":["post-392","page","type-page","status-publish","hentry"],"yoast_head":"<!-- This site is optimized with the Yoast SEO plugin v27.4 - https:\/\/yoast.com\/product\/yoast-seo-wordpress\/ -->\n<title>Les \u00e9lus - Mairie de Camp\u00f4me<\/title>\n<meta name=\"robots\" content=\"index, follow, max-snippet:-1, max-image-preview:large, max-video-preview:-1\" \/>\n<link rel=\"canonical\" href=\"https:\/\/campome.com\/index.php\/les-elus\/\" \/>\n<meta property=\"og:locale\" content=\"fr_FR\" \/>\n<meta property=\"og:type\" content=\"article\" \/>\n<meta property=\"og:title\" content=\"Les \u00e9lus - Mairie de Camp\u00f4me\" \/>\n<meta property=\"og:description\" content=\"Le Conseil Municipal est compos\u00e9 de\u00a010 membres,\u00a0comprenant\u00a0le maire,\u00a02 adjoints et 7 conseillers.\u00a0Il est issu de la liste \u00ab\u00a0Camp\u00f4me La Ruralit\u00e9 d\u2019Aujourd\u2019hui et de Demain\u00a0\u00bb \u00e9lue au premier tour des \u00e9lections du 15 mars 2020 et men\u00e9e par Jean Louis Bosc (64.60% des suffrages exprim\u00e9s) Adjoints au maire Conseillers municipaux\" \/>\n<meta property=\"og:url\" content=\"https:\/\/campome.com\/index.php\/les-elus\/\" \/>\n<meta property=\"og:site_name\" content=\"Mairie de Camp\u00f4me\" \/>\n<meta property=\"article:modified_time\" content=\"2024-01-09T14:49:08+00:00\" \/>\n<meta name=\"twitter:card\" content=\"summary_large_image\" \/>\n<meta name=\"twitter:label1\" content=\"Dur\u00e9e de lecture estim\u00e9e\" \/>\n\t<meta name=\"twitter:data1\" content=\"1 minute\" \/>\n<script type=\"application\/ld+json\" class=\"yoast-schema-graph\">{\"@context\":\"https:\\\/\\\/schema.org\",\"@graph\":[{\"@type\":\"WebPage\",\"@id\":\"https:\\\/\\\/campome.com\\\/index.php\\\/les-elus\\\/\",\"url\":\"https:\\\/\\\/campome.com\\\/index.php\\\/les-elus\\\/\",\"name\":\"Les \u00e9lus - Mairie de Camp\u00f4me\",\"isPartOf\":{\"@id\":\"https:\\\/\\\/campome.com\\\/#website\"},\"datePublished\":\"2020-07-26T09:09:23+00:00\",\"dateModified\":\"2024-01-09T14:49:08+00:00\",\"breadcrumb\":{\"@id\":\"https:\\\/\\\/campome.com\\\/index.php\\\/les-elus\\\/#breadcrumb\"},\"inLanguage\":\"fr-FR\",\"potentialAction\":[{\"@type\":\"ReadAction\",\"target\":[\"https:\\\/\\\/campome.com\\\/index.php\\\/les-elus\\\/\"]}]},{\"@type\":\"BreadcrumbList\",\"@id\":\"https:\\\/\\\/campome.com\\\/index.php\\\/les-elus\\\/#breadcrumb\",\"itemListElement\":[{\"@type\":\"ListItem\",\"position\":1,\"name\":\"Accueil\",\"item\":\"https:\\\/\\\/campome.com\\\/\"},{\"@type\":\"ListItem\",\"position\":2,\"name\":\"Les \u00e9lus\"}]},{\"@type\":\"WebSite\",\"@id\":\"https:\\\/\\\/campome.com\\\/#website\",\"url\":\"https:\\\/\\\/campome.com\\\/\",\"name\":\"Mairie de Camp\u00f4me\",\"description\":\"Bienvenue sur le site de la mairie de Camp\u00f4me\",\"potentialAction\":[{\"@type\":\"SearchAction\",\"target\":{\"@type\":\"EntryPoint\",\"urlTemplate\":\"https:\\\/\\\/campome.com\\\/?s={search_term_string}\"},\"query-input\":{\"@type\":\"PropertyValueSpecification\",\"valueRequired\":true,\"valueName\":\"search_term_string\"}}],\"inLanguage\":\"fr-FR\"}]}<\/script>\n<!-- \/ Yoast SEO plugin. -->","yoast_head_json":{"title":"Les \u00e9lus - Mairie de Camp\u00f4me","robots":{"index":"index","follow":"follow","max-snippet":"max-snippet:-1","max-image-preview":"max-image-preview:large","max-video-preview":"max-video-preview:-1"},"canonical":"https:\/\/campome.com\/index.php\/les-elus\/","og_locale":"fr_FR","og_type":"article","og_title":"Les \u00e9lus - Mairie de Camp\u00f4me","og_description":"Le Conseil Municipal est compos\u00e9 de\u00a010 membres,\u00a0comprenant\u00a0le maire,\u00a02 adjoints et 7 conseillers.\u00a0Il est issu de la liste \u00ab\u00a0Camp\u00f4me La Ruralit\u00e9 d\u2019Aujourd\u2019hui et de Demain\u00a0\u00bb \u00e9lue au premier tour des \u00e9lections du 15 mars 2020 et men\u00e9e par Jean Louis Bosc (64.60% des suffrages exprim\u00e9s) Adjoints au maire Conseillers municipaux","og_url":"https:\/\/campome.com\/index.php\/les-elus\/","og_site_name":"Mairie de Camp\u00f4me","article_modified_time":"2024-01-09T14:49:08+00:00","twitter_card":"summary_large_image","twitter_misc":{"Dur\u00e9e de lecture estim\u00e9e":"1 minute"},"schema":{"@context":"https:\/\/schema.org","@graph":[{"@type":"WebPage","@id":"https:\/\/campome.com\/index.php\/les-elus\/","url":"https:\/\/campome.com\/index.php\/les-elus\/","name":"Les \u00e9lus - Mairie de Camp\u00f4me","isPartOf":{"@id":"https:\/\/campome.com\/#website"},"datePublished":"2020-07-26T09:09:23+00:00","dateModified":"2024-01-09T14:49:08+00:00","breadcrumb":{"@id":"https:\/\/campome.com\/index.php\/les-elus\/#breadcrumb"},"inLanguage":"fr-FR","potentialAction":[{"@type":"ReadAction","target":["https:\/\/campome.com\/index.php\/les-elus\/"]}]},{"@type":"BreadcrumbList","@id":"https:\/\/campome.com\/index.php\/les-elus\/#breadcrumb","itemListElement":[{"@type":"ListItem","position":1,"name":"Accueil","item":"https:\/\/campome.com\/"},{"@type":"ListItem","position":2,"name":"Les \u00e9lus"}]},{"@type":"WebSite","@id":"https:\/\/campome.com\/#website","url":"https:\/\/campome.com\/","name":"Mairie de Camp\u00f4me","description":"Bienvenue sur le site de la mairie de Camp\u00f4me","potentialAction":[{"@type":"SearchAction","target":{"@type":"EntryPoint","urlTemplate":"https:\/\/campome.com\/?s={search_term_string}"},"query-input":{"@type":"PropertyValueSpecification","valueRequired":true,"valueName":"search_term_string"}}],"inLanguage":"fr-FR"}]}},"_links":{"self":[{"href":"https:\/\/campome.com\/index.php\/wp-json\/wp\/v2\/pages\/392","targetHints":{"allow":["GET"]}}],"collection":[{"href":"https:\/\/campome.com\/index.php\/wp-json\/wp\/v2\/pages"}],"about":[{"href":"https:\/\/campome.com\/index.php\/wp-json\/wp\/v2\/types\/page"}],"author":[{"embeddable":true,"href":"https:\/\/campome.com\/index.php\/wp-json\/wp\/v2\/users\/1"}],"replies":[{"embeddable":true,"href":"https:\/\/campome.com\/index.php\/wp-json\/wp\/v2\/comments?post=392"}],"version-history":[{"count":23,"href":"https:\/\/campome.com\/index.php\/wp-json\/wp\/v2\/pages\/392\/revisions"}],"predecessor-version":[{"id":2079,"href":"https:\/\/campome.com\/index.php\/wp-json\/wp\/v2\/pages\/392\/revisions\/2079"}],"wp:attachment":[{"href":"https:\/\/campome.com\/index.php\/wp-json\/wp\/v2\/media?parent=392"}],"curies":[{"name":"wp","href":"https:\/\/api.w.org\/{rel}","templated":true}]}}