{"id":425,"date":"2020-07-26T18:47:07","date_gmt":"2020-07-26T16:47:07","guid":{"rendered":"http:\/\/campome.com\/?page_id=425"},"modified":"2022-02-17T19:31:14","modified_gmt":"2022-02-17T18:31:14","slug":"la-cote-rocheuse","status":"publish","type":"page","link":"https:\/\/campome.com\/index.php\/la-cote-rocheuse\/","title":{"rendered":"La C\u00f4te rocheuse"},"content":{"rendered":"\n<figure class=\"wp-block-gallery columns-0 is-cropped wp-block-gallery-1 is-layout-flex wp-block-gallery-is-layout-flex\"><ul class=\"blocks-gallery-grid\"><\/ul><\/figure>\n\n\n\n<figure class=\"wp-block-gallery columns-2 is-cropped wp-block-gallery-2 is-layout-flex wp-block-gallery-is-layout-flex\"><ul class=\"blocks-gallery-grid\"><li class=\"blocks-gallery-item\"><figure><img loading=\"lazy\" decoding=\"async\" width=\"1024\" height=\"768\" src=\"http:\/\/campome.com\/wp-content\/uploads\/2020\/07\/IMG_20190814_070305-1024x768.jpg\" alt=\"\" data-id=\"572\" data-full-url=\"http:\/\/campome.com\/wp-content\/uploads\/2020\/07\/IMG_20190814_070305-scaled.jpg\" data-link=\"http:\/\/campome.com\/img_20190814_070305\/\" class=\"wp-image-572\" srcset=\"https:\/\/campome.com\/wp-content\/uploads\/2020\/07\/IMG_20190814_070305-1024x768.jpg 1024w, https:\/\/campome.com\/wp-content\/uploads\/2020\/07\/IMG_20190814_070305-300x225.jpg 300w, https:\/\/campome.com\/wp-content\/uploads\/2020\/07\/IMG_20190814_070305-768x576.jpg 768w, https:\/\/campome.com\/wp-content\/uploads\/2020\/07\/IMG_20190814_070305-1536x1152.jpg 1536w, https:\/\/campome.com\/wp-content\/uploads\/2020\/07\/IMG_20190814_070305-2048x1536.jpg 2048w, https:\/\/campome.com\/wp-content\/uploads\/2020\/07\/IMG_20190814_070305-900x675.jpg 900w, https:\/\/campome.com\/wp-content\/uploads\/2020\/07\/IMG_20190814_070305-1280x960.jpg 1280w\" sizes=\"auto, (max-width: 1024px) 100vw, 1024px\" \/><figcaption class=\"blocks-gallery-item__caption\">Paulille (photographie L.S. mairie de Camp\u00f4me)<\/figcaption><\/figure><\/li><li class=\"blocks-gallery-item\"><figure><img loading=\"lazy\" decoding=\"async\" width=\"1024\" height=\"768\" src=\"http:\/\/campome.com\/wp-content\/uploads\/2020\/07\/IMG_20200216_072443-1024x768.jpg\" alt=\"\" data-id=\"575\" data-full-url=\"http:\/\/campome.com\/wp-content\/uploads\/2020\/07\/IMG_20200216_072443-scaled.jpg\" data-link=\"http:\/\/campome.com\/img_20200216_072443\/\" class=\"wp-image-575\" srcset=\"https:\/\/campome.com\/wp-content\/uploads\/2020\/07\/IMG_20200216_072443-1024x768.jpg 1024w, https:\/\/campome.com\/wp-content\/uploads\/2020\/07\/IMG_20200216_072443-300x225.jpg 300w, https:\/\/campome.com\/wp-content\/uploads\/2020\/07\/IMG_20200216_072443-768x576.jpg 768w, https:\/\/campome.com\/wp-content\/uploads\/2020\/07\/IMG_20200216_072443-1536x1152.jpg 1536w, https:\/\/campome.com\/wp-content\/uploads\/2020\/07\/IMG_20200216_072443-2048x1536.jpg 2048w, https:\/\/campome.com\/wp-content\/uploads\/2020\/07\/IMG_20200216_072443-900x675.jpg 900w, https:\/\/campome.com\/wp-content\/uploads\/2020\/07\/IMG_20200216_072443-1280x960.jpg 1280w\" sizes=\"auto, (max-width: 1024px) 100vw, 1024px\" \/><figcaption class=\"blocks-gallery-item__caption\">Banuyls (photographie L.S. mairie de Camp\u00f4me)<\/figcaption><\/figure><\/li><\/ul><figcaption class=\"blocks-gallery-caption\">C\u00f4te Rocheuse <\/figcaption><\/figure>\n\n\n\n<figure class=\"wp-block-gallery columns-3 is-cropped wp-block-gallery-3 is-layout-flex wp-block-gallery-is-layout-flex\"><ul class=\"blocks-gallery-grid\"><li class=\"blocks-gallery-item\"><figure><img loading=\"lazy\" decoding=\"async\" width=\"2560\" height=\"1920\" src=\"http:\/\/campome.com\/wp-content\/uploads\/2022\/01\/Collioure-2-scaled.jpg\" alt=\"\" data-id=\"1288\" data-link=\"http:\/\/campome.com\/index.php\/la-cote-rocheuse\/collioure-2\/\" class=\"wp-image-1288\" srcset=\"https:\/\/campome.com\/wp-content\/uploads\/2022\/01\/Collioure-2-scaled.jpg 2560w, https:\/\/campome.com\/wp-content\/uploads\/2022\/01\/Collioure-2-300x225.jpg 300w, https:\/\/campome.com\/wp-content\/uploads\/2022\/01\/Collioure-2-1024x768.jpg 1024w, https:\/\/campome.com\/wp-content\/uploads\/2022\/01\/Collioure-2-768x576.jpg 768w, https:\/\/campome.com\/wp-content\/uploads\/2022\/01\/Collioure-2-1536x1152.jpg 1536w, https:\/\/campome.com\/wp-content\/uploads\/2022\/01\/Collioure-2-2048x1536.jpg 2048w, https:\/\/campome.com\/wp-content\/uploads\/2022\/01\/Collioure-2-900x675.jpg 900w, https:\/\/campome.com\/wp-content\/uploads\/2022\/01\/Collioure-2-1280x960.jpg 1280w\" sizes=\"auto, (max-width: 2560px) 100vw, 2560px\" \/><figcaption class=\"blocks-gallery-item__caption\">Clocher de Collioure<br>(photographie L.S. mairie de Camp\u00f4me)<\/figcaption><\/figure><\/li><li class=\"blocks-gallery-item\"><figure><img loading=\"lazy\" decoding=\"async\" width=\"2560\" height=\"1920\" src=\"http:\/\/campome.com\/wp-content\/uploads\/2022\/01\/Collioure-3-scaled.jpg\" alt=\"\" data-id=\"1289\" data-link=\"http:\/\/campome.com\/index.php\/la-cote-rocheuse\/collioure-3\/\" class=\"wp-image-1289\" srcset=\"https:\/\/campome.com\/wp-content\/uploads\/2022\/01\/Collioure-3-scaled.jpg 2560w, https:\/\/campome.com\/wp-content\/uploads\/2022\/01\/Collioure-3-300x225.jpg 300w, https:\/\/campome.com\/wp-content\/uploads\/2022\/01\/Collioure-3-1024x768.jpg 1024w, https:\/\/campome.com\/wp-content\/uploads\/2022\/01\/Collioure-3-768x576.jpg 768w, https:\/\/campome.com\/wp-content\/uploads\/2022\/01\/Collioure-3-1536x1152.jpg 1536w, https:\/\/campome.com\/wp-content\/uploads\/2022\/01\/Collioure-3-2048x1536.jpg 2048w, https:\/\/campome.com\/wp-content\/uploads\/2022\/01\/Collioure-3-900x675.jpg 900w, https:\/\/campome.com\/wp-content\/uploads\/2022\/01\/Collioure-3-1280x960.jpg 1280w\" sizes=\"auto, (max-width: 2560px) 100vw, 2560px\" \/><figcaption class=\"blocks-gallery-item__caption\">Ch\u00e2teau Royal de Collioure<br>(photographie L.S. mairie de Camp\u00f4me)<\/figcaption><\/figure><\/li><li class=\"blocks-gallery-item\"><figure><img loading=\"lazy\" decoding=\"async\" width=\"2560\" height=\"1920\" src=\"http:\/\/campome.com\/wp-content\/uploads\/2022\/01\/Collioure-4-scaled.jpg\" alt=\"\" data-id=\"1290\" data-link=\"http:\/\/campome.com\/index.php\/la-cote-rocheuse\/collioure-4\/\" class=\"wp-image-1290\" srcset=\"https:\/\/campome.com\/wp-content\/uploads\/2022\/01\/Collioure-4-scaled.jpg 2560w, https:\/\/campome.com\/wp-content\/uploads\/2022\/01\/Collioure-4-300x225.jpg 300w, https:\/\/campome.com\/wp-content\/uploads\/2022\/01\/Collioure-4-1024x768.jpg 1024w, https:\/\/campome.com\/wp-content\/uploads\/2022\/01\/Collioure-4-768x576.jpg 768w, https:\/\/campome.com\/wp-content\/uploads\/2022\/01\/Collioure-4-1536x1152.jpg 1536w, https:\/\/campome.com\/wp-content\/uploads\/2022\/01\/Collioure-4-2048x1536.jpg 2048w, https:\/\/campome.com\/wp-content\/uploads\/2022\/01\/Collioure-4-900x675.jpg 900w, https:\/\/campome.com\/wp-content\/uploads\/2022\/01\/Collioure-4-1280x960.jpg 1280w\" sizes=\"auto, (max-width: 2560px) 100vw, 2560px\" \/><figcaption class=\"blocks-gallery-item__caption\">Phare de collioure<br>(photographie L.S. mairie de Camp\u00f4me)<\/figcaption><\/figure><\/li><li class=\"blocks-gallery-item\"><figure><img loading=\"lazy\" decoding=\"async\" width=\"2560\" height=\"1920\" src=\"http:\/\/campome.com\/wp-content\/uploads\/2022\/01\/Collioure-5-scaled.jpg\" alt=\"\" data-id=\"1291\" data-link=\"http:\/\/campome.com\/index.php\/la-cote-rocheuse\/collioure-5\/\" class=\"wp-image-1291\" srcset=\"https:\/\/campome.com\/wp-content\/uploads\/2022\/01\/Collioure-5-scaled.jpg 2560w, https:\/\/campome.com\/wp-content\/uploads\/2022\/01\/Collioure-5-300x225.jpg 300w, https:\/\/campome.com\/wp-content\/uploads\/2022\/01\/Collioure-5-1024x768.jpg 1024w, https:\/\/campome.com\/wp-content\/uploads\/2022\/01\/Collioure-5-768x576.jpg 768w, https:\/\/campome.com\/wp-content\/uploads\/2022\/01\/Collioure-5-1536x1152.jpg 1536w, https:\/\/campome.com\/wp-content\/uploads\/2022\/01\/Collioure-5-2048x1536.jpg 2048w, https:\/\/campome.com\/wp-content\/uploads\/2022\/01\/Collioure-5-900x675.jpg 900w, https:\/\/campome.com\/wp-content\/uploads\/2022\/01\/Collioure-5-1280x960.jpg 1280w\" sizes=\"auto, (max-width: 2560px) 100vw, 2560px\" \/><figcaption class=\"blocks-gallery-item__caption\">Plage de Collioure<br>(photographie L.S. mairie de Camp\u00f4me)<\/figcaption><\/figure><\/li><li class=\"blocks-gallery-item\"><figure><img loading=\"lazy\" decoding=\"async\" width=\"2560\" height=\"1920\" src=\"http:\/\/campome.com\/wp-content\/uploads\/2022\/01\/Collioure-6-scaled.jpg\" alt=\"\" data-id=\"1292\" data-link=\"http:\/\/campome.com\/index.php\/la-cote-rocheuse\/collioure-6\/\" class=\"wp-image-1292\" srcset=\"https:\/\/campome.com\/wp-content\/uploads\/2022\/01\/Collioure-6-scaled.jpg 2560w, https:\/\/campome.com\/wp-content\/uploads\/2022\/01\/Collioure-6-300x225.jpg 300w, https:\/\/campome.com\/wp-content\/uploads\/2022\/01\/Collioure-6-1024x768.jpg 1024w, https:\/\/campome.com\/wp-content\/uploads\/2022\/01\/Collioure-6-768x576.jpg 768w, https:\/\/campome.com\/wp-content\/uploads\/2022\/01\/Collioure-6-1536x1152.jpg 1536w, https:\/\/campome.com\/wp-content\/uploads\/2022\/01\/Collioure-6-2048x1536.jpg 2048w, https:\/\/campome.com\/wp-content\/uploads\/2022\/01\/Collioure-6-900x675.jpg 900w, https:\/\/campome.com\/wp-content\/uploads\/2022\/01\/Collioure-6-1280x960.jpg 1280w\" sizes=\"auto, (max-width: 2560px) 100vw, 2560px\" \/><figcaption class=\"blocks-gallery-item__caption\">(photographie  L.S. mairie de Camp\u00f4me)<\/figcaption><\/figure><\/li><li class=\"blocks-gallery-item\"><figure><img loading=\"lazy\" decoding=\"async\" width=\"2560\" height=\"1920\" src=\"http:\/\/campome.com\/wp-content\/uploads\/2022\/01\/IMG_1433-scaled.jpg\" alt=\"\" data-id=\"1296\" data-link=\"http:\/\/campome.com\/index.php\/la-cote-rocheuse\/img_1433\/\" class=\"wp-image-1296\" srcset=\"https:\/\/campome.com\/wp-content\/uploads\/2022\/01\/IMG_1433-scaled.jpg 2560w, https:\/\/campome.com\/wp-content\/uploads\/2022\/01\/IMG_1433-300x225.jpg 300w, https:\/\/campome.com\/wp-content\/uploads\/2022\/01\/IMG_1433-1024x768.jpg 1024w, https:\/\/campome.com\/wp-content\/uploads\/2022\/01\/IMG_1433-768x576.jpg 768w, https:\/\/campome.com\/wp-content\/uploads\/2022\/01\/IMG_1433-1536x1152.jpg 1536w, https:\/\/campome.com\/wp-content\/uploads\/2022\/01\/IMG_1433-2048x1536.jpg 2048w, https:\/\/campome.com\/wp-content\/uploads\/2022\/01\/IMG_1433-900x675.jpg 900w, https:\/\/campome.com\/wp-content\/uploads\/2022\/01\/IMG_1433-1280x960.jpg 1280w\" sizes=\"auto, (max-width: 2560px) 100vw, 2560px\" \/><figcaption class=\"blocks-gallery-item__caption\">Barque catalane<br>(photographie L.S. mairie de Camp\u00f4me)<\/figcaption><\/figure><\/li><li class=\"blocks-gallery-item\"><figure><img loading=\"lazy\" decoding=\"async\" width=\"1920\" height=\"2560\" src=\"http:\/\/campome.com\/wp-content\/uploads\/2022\/01\/Collioure-8-scaled.jpg\" alt=\"\" data-id=\"1294\" data-link=\"http:\/\/campome.com\/index.php\/la-cote-rocheuse\/collioure-8\/\" class=\"wp-image-1294\" srcset=\"https:\/\/campome.com\/wp-content\/uploads\/2022\/01\/Collioure-8-scaled.jpg 1920w, https:\/\/campome.com\/wp-content\/uploads\/2022\/01\/Collioure-8-225x300.jpg 225w, https:\/\/campome.com\/wp-content\/uploads\/2022\/01\/Collioure-8-768x1024.jpg 768w, https:\/\/campome.com\/wp-content\/uploads\/2022\/01\/Collioure-8-1152x1536.jpg 1152w, https:\/\/campome.com\/wp-content\/uploads\/2022\/01\/Collioure-8-1536x2048.jpg 1536w, https:\/\/campome.com\/wp-content\/uploads\/2022\/01\/Collioure-8-900x1200.jpg 900w, https:\/\/campome.com\/wp-content\/uploads\/2022\/01\/Collioure-8-1280x1707.jpg 1280w\" sizes=\"auto, (max-width: 1920px) 100vw, 1920px\" \/><figcaption class=\"blocks-gallery-item__caption\">Rue de Collioure<br>(photographie L.S. mairie de Camp\u00f4me)<\/figcaption><\/figure><\/li><li class=\"blocks-gallery-item\"><figure><img loading=\"lazy\" decoding=\"async\" width=\"1920\" height=\"2560\" src=\"http:\/\/campome.com\/wp-content\/uploads\/2022\/01\/Collioure-7-scaled.jpg\" alt=\"\" data-id=\"1293\" data-link=\"http:\/\/campome.com\/index.php\/la-cote-rocheuse\/collioure-7\/\" class=\"wp-image-1293\" srcset=\"https:\/\/campome.com\/wp-content\/uploads\/2022\/01\/Collioure-7-scaled.jpg 1920w, https:\/\/campome.com\/wp-content\/uploads\/2022\/01\/Collioure-7-225x300.jpg 225w, https:\/\/campome.com\/wp-content\/uploads\/2022\/01\/Collioure-7-768x1024.jpg 768w, https:\/\/campome.com\/wp-content\/uploads\/2022\/01\/Collioure-7-1152x1536.jpg 1152w, https:\/\/campome.com\/wp-content\/uploads\/2022\/01\/Collioure-7-1536x2048.jpg 1536w, https:\/\/campome.com\/wp-content\/uploads\/2022\/01\/Collioure-7-900x1200.jpg 900w, https:\/\/campome.com\/wp-content\/uploads\/2022\/01\/Collioure-7-1280x1707.jpg 1280w\" sizes=\"auto, (max-width: 1920px) 100vw, 1920px\" \/><figcaption class=\"blocks-gallery-item__caption\">Rue de Collioure<br>(photographie L.S. mairie de Camp\u00f4me)<\/figcaption><\/figure><\/li><li class=\"blocks-gallery-item\"><figure><img loading=\"lazy\" decoding=\"async\" width=\"1920\" height=\"2560\" src=\"http:\/\/campome.com\/wp-content\/uploads\/2022\/01\/Collioure-9-scaled.jpg\" alt=\"\" data-id=\"1295\" data-link=\"http:\/\/campome.com\/index.php\/la-cote-rocheuse\/collioure-9\/\" class=\"wp-image-1295\" srcset=\"https:\/\/campome.com\/wp-content\/uploads\/2022\/01\/Collioure-9-scaled.jpg 1920w, https:\/\/campome.com\/wp-content\/uploads\/2022\/01\/Collioure-9-225x300.jpg 225w, https:\/\/campome.com\/wp-content\/uploads\/2022\/01\/Collioure-9-768x1024.jpg 768w, https:\/\/campome.com\/wp-content\/uploads\/2022\/01\/Collioure-9-1152x1536.jpg 1152w, https:\/\/campome.com\/wp-content\/uploads\/2022\/01\/Collioure-9-1536x2048.jpg 1536w, https:\/\/campome.com\/wp-content\/uploads\/2022\/01\/Collioure-9-900x1200.jpg 900w, https:\/\/campome.com\/wp-content\/uploads\/2022\/01\/Collioure-9-1280x1707.jpg 1280w\" sizes=\"auto, (max-width: 1920px) 100vw, 1920px\" \/><figcaption class=\"blocks-gallery-item__caption\">Rue de Collioure<br>(photographie L.S. mairie de Camp\u00f4me)<\/figcaption><\/figure><\/li><\/ul><figcaption class=\"blocks-gallery-caption\"><strong>Collioure<\/strong><\/figcaption><\/figure>\n","protected":false},"excerpt":{"rendered":"","protected":false},"author":1,"featured_media":0,"parent":0,"menu_order":0,"comment_status":"closed","ping_status":"closed","template":"full-width-page-template.php","meta":{"_monsterinsights_skip_tracking":false,"_monsterinsights_sitenote_active":false,"_monsterinsights_sitenote_note":"","_monsterinsights_sitenote_category":0,"footnotes":""},"class_list":["post-425","page","type-page","status-publish","hentry"],"yoast_head":"<!-- This site is optimized with the Yoast SEO plugin v27.3 - https:\/\/yoast.com\/product\/yoast-seo-wordpress\/ -->\n<title>La C\u00f4te rocheuse - Mairie de Camp\u00f4me<\/title>\n<meta name=\"description\" content=\"Clocher de Collioure - C\u00f4te rocheuse des Pyr\u00e9nn\u00e9es Orientales - (Photographie mairie de Camp\u00f4me) - Mer m\u00e9diterran\u00e9e -C\u00f4te catalane\" \/>\n<meta name=\"robots\" content=\"index, follow, max-snippet:-1, max-image-preview:large, max-video-preview:-1\" \/>\n<link rel=\"canonical\" href=\"https:\/\/campome.com\/index.php\/la-cote-rocheuse\/\" \/>\n<meta property=\"og:locale\" content=\"fr_FR\" \/>\n<meta property=\"og:type\" content=\"article\" \/>\n<meta property=\"og:title\" content=\"La C\u00f4te rocheuse - Mairie de Camp\u00f4me\" \/>\n<meta property=\"og:description\" content=\"Clocher de Collioure - C\u00f4te rocheuse des Pyr\u00e9nn\u00e9es Orientales - (Photographie mairie de Camp\u00f4me) - Mer m\u00e9diterran\u00e9e -C\u00f4te catalane\" \/>\n<meta property=\"og:url\" content=\"https:\/\/campome.com\/index.php\/la-cote-rocheuse\/\" \/>\n<meta property=\"og:site_name\" content=\"Mairie de Camp\u00f4me\" \/>\n<meta property=\"article:modified_time\" content=\"2022-02-17T18:31:14+00:00\" \/>\n<meta property=\"og:image\" content=\"http:\/\/campome.com\/wp-content\/uploads\/2020\/07\/IMG_20190814_070305-1024x768.jpg\" \/>\n<meta name=\"twitter:card\" content=\"summary_large_image\" \/>\n<meta name=\"twitter:label1\" content=\"Dur\u00e9e de lecture estim\u00e9e\" \/>\n\t<meta name=\"twitter:data1\" content=\"1 minute\" \/>\n<script type=\"application\/ld+json\" class=\"yoast-schema-graph\">{\"@context\":\"https:\\\/\\\/schema.org\",\"@graph\":[{\"@type\":\"WebPage\",\"@id\":\"https:\\\/\\\/campome.com\\\/index.php\\\/la-cote-rocheuse\\\/\",\"url\":\"https:\\\/\\\/campome.com\\\/index.php\\\/la-cote-rocheuse\\\/\",\"name\":\"La C\u00f4te rocheuse - Mairie de Camp\u00f4me\",\"isPartOf\":{\"@id\":\"https:\\\/\\\/campome.com\\\/#website\"},\"primaryImageOfPage\":{\"@id\":\"https:\\\/\\\/campome.com\\\/index.php\\\/la-cote-rocheuse\\\/#primaryimage\"},\"image\":{\"@id\":\"https:\\\/\\\/campome.com\\\/index.php\\\/la-cote-rocheuse\\\/#primaryimage\"},\"thumbnailUrl\":\"http:\\\/\\\/campome.com\\\/wp-content\\\/uploads\\\/2020\\\/07\\\/IMG_20190814_070305-1024x768.jpg\",\"datePublished\":\"2020-07-26T16:47:07+00:00\",\"dateModified\":\"2022-02-17T18:31:14+00:00\",\"description\":\"Clocher de Collioure - C\u00f4te rocheuse des Pyr\u00e9nn\u00e9es Orientales - (Photographie mairie de Camp\u00f4me) - Mer m\u00e9diterran\u00e9e -C\u00f4te catalane\",\"breadcrumb\":{\"@id\":\"https:\\\/\\\/campome.com\\\/index.php\\\/la-cote-rocheuse\\\/#breadcrumb\"},\"inLanguage\":\"fr-FR\",\"potentialAction\":[{\"@type\":\"ReadAction\",\"target\":[\"https:\\\/\\\/campome.com\\\/index.php\\\/la-cote-rocheuse\\\/\"]}]},{\"@type\":\"ImageObject\",\"inLanguage\":\"fr-FR\",\"@id\":\"https:\\\/\\\/campome.com\\\/index.php\\\/la-cote-rocheuse\\\/#primaryimage\",\"url\":\"http:\\\/\\\/campome.com\\\/wp-content\\\/uploads\\\/2020\\\/07\\\/IMG_20190814_070305-1024x768.jpg\",\"contentUrl\":\"http:\\\/\\\/campome.com\\\/wp-content\\\/uploads\\\/2020\\\/07\\\/IMG_20190814_070305-1024x768.jpg\"},{\"@type\":\"BreadcrumbList\",\"@id\":\"https:\\\/\\\/campome.com\\\/index.php\\\/la-cote-rocheuse\\\/#breadcrumb\",\"itemListElement\":[{\"@type\":\"ListItem\",\"position\":1,\"name\":\"Accueil\",\"item\":\"https:\\\/\\\/campome.com\\\/\"},{\"@type\":\"ListItem\",\"position\":2,\"name\":\"La C\u00f4te rocheuse\"}]},{\"@type\":\"WebSite\",\"@id\":\"https:\\\/\\\/campome.com\\\/#website\",\"url\":\"https:\\\/\\\/campome.com\\\/\",\"name\":\"Mairie de Camp\u00f4me\",\"description\":\"Bienvenue sur le site de la mairie de Camp\u00f4me\",\"potentialAction\":[{\"@type\":\"SearchAction\",\"target\":{\"@type\":\"EntryPoint\",\"urlTemplate\":\"https:\\\/\\\/campome.com\\\/?s={search_term_string}\"},\"query-input\":{\"@type\":\"PropertyValueSpecification\",\"valueRequired\":true,\"valueName\":\"search_term_string\"}}],\"inLanguage\":\"fr-FR\"}]}<\/script>\n<!-- \/ Yoast SEO plugin. -->","yoast_head_json":{"title":"La C\u00f4te rocheuse - Mairie de Camp\u00f4me","description":"Clocher de Collioure - C\u00f4te rocheuse des Pyr\u00e9nn\u00e9es Orientales - (Photographie mairie de Camp\u00f4me) - Mer m\u00e9diterran\u00e9e -C\u00f4te catalane","robots":{"index":"index","follow":"follow","max-snippet":"max-snippet:-1","max-image-preview":"max-image-preview:large","max-video-preview":"max-video-preview:-1"},"canonical":"https:\/\/campome.com\/index.php\/la-cote-rocheuse\/","og_locale":"fr_FR","og_type":"article","og_title":"La C\u00f4te rocheuse - Mairie de Camp\u00f4me","og_description":"Clocher de Collioure - C\u00f4te rocheuse des Pyr\u00e9nn\u00e9es Orientales - (Photographie mairie de Camp\u00f4me) - Mer m\u00e9diterran\u00e9e -C\u00f4te catalane","og_url":"https:\/\/campome.com\/index.php\/la-cote-rocheuse\/","og_site_name":"Mairie de Camp\u00f4me","article_modified_time":"2022-02-17T18:31:14+00:00","og_image":[{"url":"http:\/\/campome.com\/wp-content\/uploads\/2020\/07\/IMG_20190814_070305-1024x768.jpg","type":"","width":"","height":""}],"twitter_card":"summary_large_image","twitter_misc":{"Dur\u00e9e de lecture estim\u00e9e":"1 minute"},"schema":{"@context":"https:\/\/schema.org","@graph":[{"@type":"WebPage","@id":"https:\/\/campome.com\/index.php\/la-cote-rocheuse\/","url":"https:\/\/campome.com\/index.php\/la-cote-rocheuse\/","name":"La C\u00f4te rocheuse - Mairie de Camp\u00f4me","isPartOf":{"@id":"https:\/\/campome.com\/#website"},"primaryImageOfPage":{"@id":"https:\/\/campome.com\/index.php\/la-cote-rocheuse\/#primaryimage"},"image":{"@id":"https:\/\/campome.com\/index.php\/la-cote-rocheuse\/#primaryimage"},"thumbnailUrl":"http:\/\/campome.com\/wp-content\/uploads\/2020\/07\/IMG_20190814_070305-1024x768.jpg","datePublished":"2020-07-26T16:47:07+00:00","dateModified":"2022-02-17T18:31:14+00:00","description":"Clocher de Collioure - C\u00f4te rocheuse des Pyr\u00e9nn\u00e9es Orientales - (Photographie mairie de Camp\u00f4me) - Mer m\u00e9diterran\u00e9e -C\u00f4te catalane","breadcrumb":{"@id":"https:\/\/campome.com\/index.php\/la-cote-rocheuse\/#breadcrumb"},"inLanguage":"fr-FR","potentialAction":[{"@type":"ReadAction","target":["https:\/\/campome.com\/index.php\/la-cote-rocheuse\/"]}]},{"@type":"ImageObject","inLanguage":"fr-FR","@id":"https:\/\/campome.com\/index.php\/la-cote-rocheuse\/#primaryimage","url":"http:\/\/campome.com\/wp-content\/uploads\/2020\/07\/IMG_20190814_070305-1024x768.jpg","contentUrl":"http:\/\/campome.com\/wp-content\/uploads\/2020\/07\/IMG_20190814_070305-1024x768.jpg"},{"@type":"BreadcrumbList","@id":"https:\/\/campome.com\/index.php\/la-cote-rocheuse\/#breadcrumb","itemListElement":[{"@type":"ListItem","position":1,"name":"Accueil","item":"https:\/\/campome.com\/"},{"@type":"ListItem","position":2,"name":"La C\u00f4te rocheuse"}]},{"@type":"WebSite","@id":"https:\/\/campome.com\/#website","url":"https:\/\/campome.com\/","name":"Mairie de Camp\u00f4me","description":"Bienvenue sur le site de la mairie de Camp\u00f4me","potentialAction":[{"@type":"SearchAction","target":{"@type":"EntryPoint","urlTemplate":"https:\/\/campome.com\/?s={search_term_string}"},"query-input":{"@type":"PropertyValueSpecification","valueRequired":true,"valueName":"search_term_string"}}],"inLanguage":"fr-FR"}]}},"_links":{"self":[{"href":"https:\/\/campome.com\/index.php\/wp-json\/wp\/v2\/pages\/425","targetHints":{"allow":["GET"]}}],"collection":[{"href":"https:\/\/campome.com\/index.php\/wp-json\/wp\/v2\/pages"}],"about":[{"href":"https:\/\/campome.com\/index.php\/wp-json\/wp\/v2\/types\/page"}],"author":[{"embeddable":true,"href":"https:\/\/campome.com\/index.php\/wp-json\/wp\/v2\/users\/1"}],"replies":[{"embeddable":true,"href":"https:\/\/campome.com\/index.php\/wp-json\/wp\/v2\/comments?post=425"}],"version-history":[{"count":8,"href":"https:\/\/campome.com\/index.php\/wp-json\/wp\/v2\/pages\/425\/revisions"}],"predecessor-version":[{"id":1502,"href":"https:\/\/campome.com\/index.php\/wp-json\/wp\/v2\/pages\/425\/revisions\/1502"}],"wp:attachment":[{"href":"https:\/\/campome.com\/index.php\/wp-json\/wp\/v2\/media?parent=425"}],"curies":[{"name":"wp","href":"https:\/\/api.w.org\/{rel}","templated":true}]}}