{"id":435,"date":"2020-07-26T18:57:52","date_gmt":"2020-07-26T16:57:52","guid":{"rendered":"http:\/\/campome.com\/?page_id=435"},"modified":"2022-01-20T08:03:04","modified_gmt":"2022-01-20T07:03:04","slug":"visiter-2","status":"publish","type":"page","link":"https:\/\/campome.com\/index.php\/visiter-2\/","title":{"rendered":"Visiter"},"content":{"rendered":"\n<p>Cette page vous propose diff\u00e9rentes id\u00e9es de balades dans la vall\u00e9e de la Castellane, ainsi qu&rsquo;une invitation \u00e0 la d\u00e9couverte des sites remarquables (abbayes, ch\u00e2teaux, plus beaux villages de France&#8230;)  du Conflent, du Roussillon, de la C\u00f4te Vermeille&#8230;<\/p>\n","protected":false},"excerpt":{"rendered":"<p>Cette page vous propose diff\u00e9rentes id\u00e9es de balades dans la vall\u00e9e de la Castellane, ainsi qu&rsquo;une invitation \u00e0 la d\u00e9couverte des sites remarquables (abbayes, ch\u00e2teaux, plus beaux villages de France&#8230;) du Conflent, du Roussillon, de la C\u00f4te Vermeille&#8230;<\/p>\n","protected":false},"author":1,"featured_media":0,"parent":0,"menu_order":0,"comment_status":"closed","ping_status":"closed","template":"full-width-page-template.php","meta":{"_monsterinsights_skip_tracking":false,"_monsterinsights_sitenote_active":false,"_monsterinsights_sitenote_note":"","_monsterinsights_sitenote_category":0,"footnotes":""},"class_list":["post-435","page","type-page","status-publish","hentry"],"yoast_head":"<!-- This site is optimized with the Yoast SEO plugin v27.3 - https:\/\/yoast.com\/product\/yoast-seo-wordpress\/ -->\n<title>Visiter - Mairie de Camp\u00f4me<\/title>\n<meta name=\"robots\" content=\"index, follow, max-snippet:-1, max-image-preview:large, max-video-preview:-1\" \/>\n<link rel=\"canonical\" href=\"https:\/\/campome.com\/index.php\/visiter-2\/\" \/>\n<meta property=\"og:locale\" content=\"fr_FR\" \/>\n<meta property=\"og:type\" content=\"article\" \/>\n<meta property=\"og:title\" content=\"Visiter - Mairie de Camp\u00f4me\" \/>\n<meta property=\"og:description\" content=\"Cette page vous propose diff\u00e9rentes id\u00e9es de balades dans la vall\u00e9e de la Castellane, ainsi qu&rsquo;une invitation \u00e0 la d\u00e9couverte des sites remarquables (abbayes, ch\u00e2teaux, plus beaux villages de France&#8230;) du Conflent, du Roussillon, de la C\u00f4te Vermeille&#8230;\" \/>\n<meta property=\"og:url\" content=\"https:\/\/campome.com\/index.php\/visiter-2\/\" \/>\n<meta property=\"og:site_name\" content=\"Mairie de Camp\u00f4me\" \/>\n<meta property=\"article:modified_time\" content=\"2022-01-20T07:03:04+00:00\" \/>\n<meta name=\"twitter:card\" content=\"summary_large_image\" \/>\n<script type=\"application\/ld+json\" class=\"yoast-schema-graph\">{\"@context\":\"https:\\\/\\\/schema.org\",\"@graph\":[{\"@type\":\"WebPage\",\"@id\":\"https:\\\/\\\/campome.com\\\/index.php\\\/visiter-2\\\/\",\"url\":\"https:\\\/\\\/campome.com\\\/index.php\\\/visiter-2\\\/\",\"name\":\"Visiter - Mairie de Camp\u00f4me\",\"isPartOf\":{\"@id\":\"https:\\\/\\\/campome.com\\\/#website\"},\"datePublished\":\"2020-07-26T16:57:52+00:00\",\"dateModified\":\"2022-01-20T07:03:04+00:00\",\"breadcrumb\":{\"@id\":\"https:\\\/\\\/campome.com\\\/index.php\\\/visiter-2\\\/#breadcrumb\"},\"inLanguage\":\"fr-FR\",\"potentialAction\":[{\"@type\":\"ReadAction\",\"target\":[\"https:\\\/\\\/campome.com\\\/index.php\\\/visiter-2\\\/\"]}]},{\"@type\":\"BreadcrumbList\",\"@id\":\"https:\\\/\\\/campome.com\\\/index.php\\\/visiter-2\\\/#breadcrumb\",\"itemListElement\":[{\"@type\":\"ListItem\",\"position\":1,\"name\":\"Accueil\",\"item\":\"https:\\\/\\\/campome.com\\\/\"},{\"@type\":\"ListItem\",\"position\":2,\"name\":\"Visiter\"}]},{\"@type\":\"WebSite\",\"@id\":\"https:\\\/\\\/campome.com\\\/#website\",\"url\":\"https:\\\/\\\/campome.com\\\/\",\"name\":\"Mairie de Camp\u00f4me\",\"description\":\"Bienvenue sur le site de la mairie de Camp\u00f4me\",\"potentialAction\":[{\"@type\":\"SearchAction\",\"target\":{\"@type\":\"EntryPoint\",\"urlTemplate\":\"https:\\\/\\\/campome.com\\\/?s={search_term_string}\"},\"query-input\":{\"@type\":\"PropertyValueSpecification\",\"valueRequired\":true,\"valueName\":\"search_term_string\"}}],\"inLanguage\":\"fr-FR\"}]}<\/script>\n<!-- \/ Yoast SEO plugin. -->","yoast_head_json":{"title":"Visiter - Mairie de Camp\u00f4me","robots":{"index":"index","follow":"follow","max-snippet":"max-snippet:-1","max-image-preview":"max-image-preview:large","max-video-preview":"max-video-preview:-1"},"canonical":"https:\/\/campome.com\/index.php\/visiter-2\/","og_locale":"fr_FR","og_type":"article","og_title":"Visiter - Mairie de Camp\u00f4me","og_description":"Cette page vous propose diff\u00e9rentes id\u00e9es de balades dans la vall\u00e9e de la Castellane, ainsi qu&rsquo;une invitation \u00e0 la d\u00e9couverte des sites remarquables (abbayes, ch\u00e2teaux, plus beaux villages de France&#8230;) du Conflent, du Roussillon, de la C\u00f4te Vermeille&#8230;","og_url":"https:\/\/campome.com\/index.php\/visiter-2\/","og_site_name":"Mairie de Camp\u00f4me","article_modified_time":"2022-01-20T07:03:04+00:00","twitter_card":"summary_large_image","schema":{"@context":"https:\/\/schema.org","@graph":[{"@type":"WebPage","@id":"https:\/\/campome.com\/index.php\/visiter-2\/","url":"https:\/\/campome.com\/index.php\/visiter-2\/","name":"Visiter - Mairie de Camp\u00f4me","isPartOf":{"@id":"https:\/\/campome.com\/#website"},"datePublished":"2020-07-26T16:57:52+00:00","dateModified":"2022-01-20T07:03:04+00:00","breadcrumb":{"@id":"https:\/\/campome.com\/index.php\/visiter-2\/#breadcrumb"},"inLanguage":"fr-FR","potentialAction":[{"@type":"ReadAction","target":["https:\/\/campome.com\/index.php\/visiter-2\/"]}]},{"@type":"BreadcrumbList","@id":"https:\/\/campome.com\/index.php\/visiter-2\/#breadcrumb","itemListElement":[{"@type":"ListItem","position":1,"name":"Accueil","item":"https:\/\/campome.com\/"},{"@type":"ListItem","position":2,"name":"Visiter"}]},{"@type":"WebSite","@id":"https:\/\/campome.com\/#website","url":"https:\/\/campome.com\/","name":"Mairie de Camp\u00f4me","description":"Bienvenue sur le site de la mairie de Camp\u00f4me","potentialAction":[{"@type":"SearchAction","target":{"@type":"EntryPoint","urlTemplate":"https:\/\/campome.com\/?s={search_term_string}"},"query-input":{"@type":"PropertyValueSpecification","valueRequired":true,"valueName":"search_term_string"}}],"inLanguage":"fr-FR"}]}},"_links":{"self":[{"href":"https:\/\/campome.com\/index.php\/wp-json\/wp\/v2\/pages\/435","targetHints":{"allow":["GET"]}}],"collection":[{"href":"https:\/\/campome.com\/index.php\/wp-json\/wp\/v2\/pages"}],"about":[{"href":"https:\/\/campome.com\/index.php\/wp-json\/wp\/v2\/types\/page"}],"author":[{"embeddable":true,"href":"https:\/\/campome.com\/index.php\/wp-json\/wp\/v2\/users\/1"}],"replies":[{"embeddable":true,"href":"https:\/\/campome.com\/index.php\/wp-json\/wp\/v2\/comments?post=435"}],"version-history":[{"count":4,"href":"https:\/\/campome.com\/index.php\/wp-json\/wp\/v2\/pages\/435\/revisions"}],"predecessor-version":[{"id":1252,"href":"https:\/\/campome.com\/index.php\/wp-json\/wp\/v2\/pages\/435\/revisions\/1252"}],"wp:attachment":[{"href":"https:\/\/campome.com\/index.php\/wp-json\/wp\/v2\/media?parent=435"}],"curies":[{"name":"wp","href":"https:\/\/api.w.org\/{rel}","templated":true}]}}