{"id":627,"date":"2020-08-02T11:56:05","date_gmt":"2020-08-02T09:56:05","guid":{"rendered":"http:\/\/campome.com\/?page_id=627"},"modified":"2023-01-10T14:21:04","modified_gmt":"2023-01-10T13:21:04","slug":"commerces-de-proximite","status":"publish","type":"page","link":"https:\/\/campome.com\/index.php\/commerces-de-proximite\/","title":{"rendered":"Commerces de proximit\u00e9"},"content":{"rendered":"\n<h2 class=\"wp-block-heading\">Les commerces \u00e0 Mosset<\/h2>\n\n\n\n<ul class=\"wp-block-list\"><li><strong>L&rsquo;\u00e9picerie mossetane<\/strong>, A 2km, ouverte toute l&rsquo;ann\u00e9e du mardi au samedi de 8h \u00e0 12h30 et de 17h \u00e0 19h. En saison (juillet\/ao\u00fbt) tous les jours 8h \u00e0 12h30 et 16h \u00e0 19h. Les dimanches et jours f\u00e9ri\u00e9s de 8h \u00e0 12h30  &#8211; <strong>\u00a0Contact<\/strong> :04 68 05 35 16<\/li><li><strong>La Tour des Parfums<\/strong><\/li><li><strong>Le bistrot de la Castellane<\/strong> <\/li><li><strong>Ferme auberge Mas Lluganas<\/strong>  <a href=\"http:\/\/www.maslluganas.com\/\">http:\/\/www.maslluganas.com\/<\/a><\/li><li><strong>Agence postale<\/strong> ouverte du lundi, mardi, jeudi, vendredi de 9h \u00e0 12h.<\/li><\/ul>\n\n\n\n<h2 class=\"wp-block-heading\">Les commerces \u00e0 Molitg-les-Bains<\/h2>\n\n\n\n<ul class=\"wp-block-list\"><li><strong>Epicerie Le bon temps<\/strong> : ouverte de 8h30 \u00e0 12h et de 17h30 \u00e0 19h (ferm\u00e9 le lundi apr\u00e8s-midi et mardi)  <a href=\"http:\/\/www.epicerielebontemps.com\/\">http:\/\/www.epicerielebontemps.com\/<\/a><\/li><li><strong>Agence postale<\/strong> ouverte de 9h \u00e0 11h30 du lundi au samedi<\/li><li><strong>Boulangerie<\/strong> ouverte les lundis, mercredis et vendredis de 16h \u00e0 17h<\/li><li><strong>Restaurants<\/strong><\/li><li><strong>le petit march\u00e9 des Thermes<\/strong> : produits du terroir, les lundis, mercredis.<\/li><\/ul>\n\n\n\n<h2 class=\"wp-block-heading\">Autres commerces \u00e0 proximit\u00e9<\/h2>\n\n\n\n<ul class=\"wp-block-list\"><li>A Catllar, 5 km, boulangerie (ferm\u00e9e le mardi)<\/li><li>A Prades, 8 km, tous commerces et stations-service, distributeurs d&rsquo;argent, cin\u00e9ma, gare routi\u00e8re et gare SNCF.<\/li><\/ul>\n\n\n\n<p><\/p>\n","protected":false},"excerpt":{"rendered":"<p>Les commerces \u00e0 Mosset L&rsquo;\u00e9picerie mossetane, A 2km, ouverte toute l&rsquo;ann\u00e9e du mardi au samedi de 8h \u00e0 12h30 et de 17h \u00e0 19h. En saison (juillet\/ao\u00fbt) tous les jours 8h \u00e0 12h30 et 16h \u00e0 19h. Les dimanches et jours f\u00e9ri\u00e9s de 8h \u00e0 12h30 &#8211; \u00a0Contact :04 68 05 35 16 La Tour [&hellip;]<\/p>\n","protected":false},"author":1,"featured_media":0,"parent":0,"menu_order":0,"comment_status":"closed","ping_status":"closed","template":"full-width-page-template.php","meta":{"_monsterinsights_skip_tracking":false,"_monsterinsights_sitenote_active":false,"_monsterinsights_sitenote_note":"","_monsterinsights_sitenote_category":0,"footnotes":""},"class_list":["post-627","page","type-page","status-publish","hentry"],"yoast_head":"<!-- This site is optimized with the Yoast SEO plugin v27.3 - https:\/\/yoast.com\/product\/yoast-seo-wordpress\/ -->\n<title>Commerces de proximit\u00e9 - Mairie de Camp\u00f4me<\/title>\n<meta name=\"robots\" content=\"index, follow, max-snippet:-1, max-image-preview:large, max-video-preview:-1\" \/>\n<link rel=\"canonical\" href=\"https:\/\/campome.com\/index.php\/commerces-de-proximite\/\" \/>\n<meta property=\"og:locale\" content=\"fr_FR\" \/>\n<meta property=\"og:type\" content=\"article\" \/>\n<meta property=\"og:title\" content=\"Commerces de proximit\u00e9 - Mairie de Camp\u00f4me\" \/>\n<meta property=\"og:description\" content=\"Les commerces \u00e0 Mosset L&rsquo;\u00e9picerie mossetane, A 2km, ouverte toute l&rsquo;ann\u00e9e du mardi au samedi de 8h \u00e0 12h30 et de 17h \u00e0 19h. En saison (juillet\/ao\u00fbt) tous les jours 8h \u00e0 12h30 et 16h \u00e0 19h. Les dimanches et jours f\u00e9ri\u00e9s de 8h \u00e0 12h30 &#8211; \u00a0Contact :04 68 05 35 16 La Tour [&hellip;]\" \/>\n<meta property=\"og:url\" content=\"https:\/\/campome.com\/index.php\/commerces-de-proximite\/\" \/>\n<meta property=\"og:site_name\" content=\"Mairie de Camp\u00f4me\" \/>\n<meta property=\"article:modified_time\" content=\"2023-01-10T13:21:04+00:00\" \/>\n<meta name=\"twitter:card\" content=\"summary_large_image\" \/>\n<meta name=\"twitter:label1\" content=\"Dur\u00e9e de lecture estim\u00e9e\" \/>\n\t<meta name=\"twitter:data1\" content=\"1 minute\" \/>\n<script type=\"application\/ld+json\" class=\"yoast-schema-graph\">{\"@context\":\"https:\\\/\\\/schema.org\",\"@graph\":[{\"@type\":\"WebPage\",\"@id\":\"https:\\\/\\\/campome.com\\\/index.php\\\/commerces-de-proximite\\\/\",\"url\":\"https:\\\/\\\/campome.com\\\/index.php\\\/commerces-de-proximite\\\/\",\"name\":\"Commerces de proximit\u00e9 - Mairie de Camp\u00f4me\",\"isPartOf\":{\"@id\":\"https:\\\/\\\/campome.com\\\/#website\"},\"datePublished\":\"2020-08-02T09:56:05+00:00\",\"dateModified\":\"2023-01-10T13:21:04+00:00\",\"breadcrumb\":{\"@id\":\"https:\\\/\\\/campome.com\\\/index.php\\\/commerces-de-proximite\\\/#breadcrumb\"},\"inLanguage\":\"fr-FR\",\"potentialAction\":[{\"@type\":\"ReadAction\",\"target\":[\"https:\\\/\\\/campome.com\\\/index.php\\\/commerces-de-proximite\\\/\"]}]},{\"@type\":\"BreadcrumbList\",\"@id\":\"https:\\\/\\\/campome.com\\\/index.php\\\/commerces-de-proximite\\\/#breadcrumb\",\"itemListElement\":[{\"@type\":\"ListItem\",\"position\":1,\"name\":\"Accueil\",\"item\":\"https:\\\/\\\/campome.com\\\/\"},{\"@type\":\"ListItem\",\"position\":2,\"name\":\"Commerces de proximit\u00e9\"}]},{\"@type\":\"WebSite\",\"@id\":\"https:\\\/\\\/campome.com\\\/#website\",\"url\":\"https:\\\/\\\/campome.com\\\/\",\"name\":\"Mairie de Camp\u00f4me\",\"description\":\"Bienvenue sur le site de la mairie de Camp\u00f4me\",\"potentialAction\":[{\"@type\":\"SearchAction\",\"target\":{\"@type\":\"EntryPoint\",\"urlTemplate\":\"https:\\\/\\\/campome.com\\\/?s={search_term_string}\"},\"query-input\":{\"@type\":\"PropertyValueSpecification\",\"valueRequired\":true,\"valueName\":\"search_term_string\"}}],\"inLanguage\":\"fr-FR\"}]}<\/script>\n<!-- \/ Yoast SEO plugin. -->","yoast_head_json":{"title":"Commerces de proximit\u00e9 - Mairie de Camp\u00f4me","robots":{"index":"index","follow":"follow","max-snippet":"max-snippet:-1","max-image-preview":"max-image-preview:large","max-video-preview":"max-video-preview:-1"},"canonical":"https:\/\/campome.com\/index.php\/commerces-de-proximite\/","og_locale":"fr_FR","og_type":"article","og_title":"Commerces de proximit\u00e9 - Mairie de Camp\u00f4me","og_description":"Les commerces \u00e0 Mosset L&rsquo;\u00e9picerie mossetane, A 2km, ouverte toute l&rsquo;ann\u00e9e du mardi au samedi de 8h \u00e0 12h30 et de 17h \u00e0 19h. En saison (juillet\/ao\u00fbt) tous les jours 8h \u00e0 12h30 et 16h \u00e0 19h. Les dimanches et jours f\u00e9ri\u00e9s de 8h \u00e0 12h30 &#8211; \u00a0Contact :04 68 05 35 16 La Tour [&hellip;]","og_url":"https:\/\/campome.com\/index.php\/commerces-de-proximite\/","og_site_name":"Mairie de Camp\u00f4me","article_modified_time":"2023-01-10T13:21:04+00:00","twitter_card":"summary_large_image","twitter_misc":{"Dur\u00e9e de lecture estim\u00e9e":"1 minute"},"schema":{"@context":"https:\/\/schema.org","@graph":[{"@type":"WebPage","@id":"https:\/\/campome.com\/index.php\/commerces-de-proximite\/","url":"https:\/\/campome.com\/index.php\/commerces-de-proximite\/","name":"Commerces de proximit\u00e9 - Mairie de Camp\u00f4me","isPartOf":{"@id":"https:\/\/campome.com\/#website"},"datePublished":"2020-08-02T09:56:05+00:00","dateModified":"2023-01-10T13:21:04+00:00","breadcrumb":{"@id":"https:\/\/campome.com\/index.php\/commerces-de-proximite\/#breadcrumb"},"inLanguage":"fr-FR","potentialAction":[{"@type":"ReadAction","target":["https:\/\/campome.com\/index.php\/commerces-de-proximite\/"]}]},{"@type":"BreadcrumbList","@id":"https:\/\/campome.com\/index.php\/commerces-de-proximite\/#breadcrumb","itemListElement":[{"@type":"ListItem","position":1,"name":"Accueil","item":"https:\/\/campome.com\/"},{"@type":"ListItem","position":2,"name":"Commerces de proximit\u00e9"}]},{"@type":"WebSite","@id":"https:\/\/campome.com\/#website","url":"https:\/\/campome.com\/","name":"Mairie de Camp\u00f4me","description":"Bienvenue sur le site de la mairie de Camp\u00f4me","potentialAction":[{"@type":"SearchAction","target":{"@type":"EntryPoint","urlTemplate":"https:\/\/campome.com\/?s={search_term_string}"},"query-input":{"@type":"PropertyValueSpecification","valueRequired":true,"valueName":"search_term_string"}}],"inLanguage":"fr-FR"}]}},"_links":{"self":[{"href":"https:\/\/campome.com\/index.php\/wp-json\/wp\/v2\/pages\/627","targetHints":{"allow":["GET"]}}],"collection":[{"href":"https:\/\/campome.com\/index.php\/wp-json\/wp\/v2\/pages"}],"about":[{"href":"https:\/\/campome.com\/index.php\/wp-json\/wp\/v2\/types\/page"}],"author":[{"embeddable":true,"href":"https:\/\/campome.com\/index.php\/wp-json\/wp\/v2\/users\/1"}],"replies":[{"embeddable":true,"href":"https:\/\/campome.com\/index.php\/wp-json\/wp\/v2\/comments?post=627"}],"version-history":[{"count":13,"href":"https:\/\/campome.com\/index.php\/wp-json\/wp\/v2\/pages\/627\/revisions"}],"predecessor-version":[{"id":1873,"href":"https:\/\/campome.com\/index.php\/wp-json\/wp\/v2\/pages\/627\/revisions\/1873"}],"wp:attachment":[{"href":"https:\/\/campome.com\/index.php\/wp-json\/wp\/v2\/media?parent=627"}],"curies":[{"name":"wp","href":"https:\/\/api.w.org\/{rel}","templated":true}]}}