{"id":738,"date":"2020-11-07T16:06:59","date_gmt":"2020-11-07T15:06:59","guid":{"rendered":"http:\/\/campome.com\/?page_id=738"},"modified":"2025-03-04T11:41:45","modified_gmt":"2025-03-04T10:41:45","slug":"culture-questions-transfrontalieres","status":"publish","type":"page","link":"https:\/\/campome.com\/index.php\/culture-questions-transfrontalieres\/","title":{"rendered":"Culture Questions transfrontali\u00e8res"},"content":{"rendered":"\n<div class=\"wp-block-file\"><a id=\"wp-block-file--media-9a8d8e60-4935-49bb-b112-cfece49fe272\" href=\"https:\/\/campome.com\/wp-content\/uploads\/2025\/03\/Compte-rendu-Commission-Culture-11-decembre-2024.docx-2.pdf\">Compte-rendu Commission Culture 11 d\u00e9cembre 2024.docx (2)<\/a><a href=\"https:\/\/campome.com\/wp-content\/uploads\/2025\/03\/Compte-rendu-Commission-Culture-11-decembre-2024.docx-2.pdf\" class=\"wp-block-file__button wp-element-button\" download aria-describedby=\"wp-block-file--media-9a8d8e60-4935-49bb-b112-cfece49fe272\">T\u00e9l\u00e9charger<\/a><\/div>\n\n\n\n<div class=\"wp-block-file\"><a id=\"wp-block-file--media-be346393-2011-44f8-ba35-9bfcbb6c919a\" href=\"https:\/\/campome.com\/wp-content\/uploads\/2025\/03\/CR-copil-mediatheque-30.01.24.pdf\">CR copil m\u00e9diath\u00e8que 30.01.24<\/a><a href=\"https:\/\/campome.com\/wp-content\/uploads\/2025\/03\/CR-copil-mediatheque-30.01.24.pdf\" class=\"wp-block-file__button wp-element-button\" download aria-describedby=\"wp-block-file--media-be346393-2011-44f8-ba35-9bfcbb6c919a\">T\u00e9l\u00e9charger<\/a><\/div>\n\n\n\n<div class=\"wp-block-file\"><a id=\"wp-block-file--media-92191000-f30a-4697-a72e-6682b4c3ea4d\" href=\"https:\/\/campome.com\/wp-content\/uploads\/2024\/01\/CR-commission-culture-25-octobre-2023.pdf\">CR-commission-culture-25-octobre-2023<\/a><a href=\"https:\/\/campome.com\/wp-content\/uploads\/2024\/01\/CR-commission-culture-25-octobre-2023.pdf\" class=\"wp-block-file__button wp-element-button\" download aria-describedby=\"wp-block-file--media-92191000-f30a-4697-a72e-6682b4c3ea4d\">T\u00e9l\u00e9charger<\/a><\/div>\n\n\n\n<div class=\"wp-block-file\"><a id=\"wp-block-file--media-ed105e6c-6ef2-49f5-9e17-154ace9f9152\" href=\"https:\/\/campome.com\/wp-content\/uploads\/2024\/01\/CR-commission-culture-17-mai-2023.pdf\">CR-commission-culture-17-mai-2023<\/a><a href=\"https:\/\/campome.com\/wp-content\/uploads\/2024\/01\/CR-commission-culture-17-mai-2023.pdf\" class=\"wp-block-file__button wp-element-button\" download aria-describedby=\"wp-block-file--media-ed105e6c-6ef2-49f5-9e17-154ace9f9152\">T\u00e9l\u00e9charger<\/a><\/div>\n\n\n\n<div class=\"wp-block-file\"><a id=\"wp-block-file--media-6a277f61-3554-4364-aab9-f5f41da81817\" href=\"https:\/\/campome.com\/wp-content\/uploads\/2024\/01\/CR-commission-culture-du-12-juillet.pdf\">CR-commission-culture-du-12-juillet<\/a><a href=\"https:\/\/campome.com\/wp-content\/uploads\/2024\/01\/CR-commission-culture-du-12-juillet.pdf\" class=\"wp-block-file__button wp-element-button\" download aria-describedby=\"wp-block-file--media-6a277f61-3554-4364-aab9-f5f41da81817\">T\u00e9l\u00e9charger<\/a><\/div>\n\n\n\n<div class=\"wp-block-file\"><a id=\"wp-block-file--media-6e3adc11-980c-406b-ac42-447f7243f7ee\" href=\"https:\/\/campome.com\/wp-content\/uploads\/2022\/06\/CR-culture-et-transfrontaliere-01-02-2022.pdf\">CR-culture-et-transfrontaliere-01-02-2022<\/a><a href=\"https:\/\/campome.com\/wp-content\/uploads\/2022\/06\/CR-culture-et-transfrontaliere-01-02-2022.pdf\" class=\"wp-block-file__button wp-element-button\" download aria-describedby=\"wp-block-file--media-6e3adc11-980c-406b-ac42-447f7243f7ee\">T\u00e9l\u00e9charger<\/a><\/div>\n\n\n\n<div class=\"wp-block-file\"><a id=\"wp-block-file--media-ebb6dbc9-588a-4c91-9132-7c08cba9cde2\" href=\"http:\/\/campome.com\/wp-content\/uploads\/2021\/05\/Dossier-candidature-PAH-fiche-3-avril-2021.pdf\">Dossier-candidature-PAH-fiche-3-avril-2021<\/a><a href=\"http:\/\/campome.com\/wp-content\/uploads\/2021\/05\/Dossier-candidature-PAH-fiche-3-avril-2021.pdf\" class=\"wp-block-file__button wp-element-button\" download aria-describedby=\"wp-block-file--media-ebb6dbc9-588a-4c91-9132-7c08cba9cde2\">T\u00e9l\u00e9charger<\/a><\/div>\n\n\n\n<div class=\"wp-block-file\"><a id=\"wp-block-file--media-18c15997-3cd8-4e6c-8c31-0a1d65404070\" href=\"http:\/\/campome.com\/wp-content\/uploads\/2021\/05\/CR-com-Culture-18-mars-2021.pdf\">CR-com-Culture-18-mars-2021<\/a><a href=\"http:\/\/campome.com\/wp-content\/uploads\/2021\/05\/CR-com-Culture-18-mars-2021.pdf\" class=\"wp-block-file__button wp-element-button\" download aria-describedby=\"wp-block-file--media-18c15997-3cd8-4e6c-8c31-0a1d65404070\">T\u00e9l\u00e9charger<\/a><\/div>\n\n\n\n<div class=\"wp-block-file\"><a id=\"wp-block-file--media-e586c757-66a6-497c-a92d-1ee56881cdb7\" href=\"http:\/\/campome.com\/wp-content\/uploads\/2020\/11\/CR-COMMISSION-CULTURE-DU-05-11-20-1.pdf\">CR-COMMISSION-CULTURE-DU-05-11-20-1<\/a><a href=\"http:\/\/campome.com\/wp-content\/uploads\/2020\/11\/CR-COMMISSION-CULTURE-DU-05-11-20-1.pdf\" class=\"wp-block-file__button wp-element-button\" download aria-describedby=\"wp-block-file--media-e586c757-66a6-497c-a92d-1ee56881cdb7\">T\u00e9l\u00e9charger<\/a><\/div>\n\n\n\n<div class=\"wp-block-file\"><a id=\"wp-block-file--media-a07f802b-4165-42f1-a486-b794041d3edd\" href=\"http:\/\/campome.com\/wp-content\/uploads\/2022\/01\/CR-com-Culture-et-transfrontaliere-24-09-2020.pdf\">CR-com-Culture-et-transfrontaliere-24-09-2020<\/a><a href=\"http:\/\/campome.com\/wp-content\/uploads\/2022\/01\/CR-com-Culture-et-transfrontaliere-24-09-2020.pdf\" class=\"wp-block-file__button wp-element-button\" download aria-describedby=\"wp-block-file--media-a07f802b-4165-42f1-a486-b794041d3edd\">T\u00e9l\u00e9charger<\/a><\/div>\n\n\n\n<div class=\"wp-block-file\"><a id=\"wp-block-file--media-53da106a-2b4b-4086-bbd2-1122d508cdb9\" href=\"http:\/\/campome.com\/wp-content\/uploads\/2020\/10\/CR-com-Culture-et-transfrontali\u00e8re-24-09-2020.pdf\">CR-com-Culture-et-transfrontali\u00e8re-24-09-2020<\/a><a href=\"http:\/\/campome.com\/wp-content\/uploads\/2020\/10\/CR-com-Culture-et-transfrontali\u00e8re-24-09-2020.pdf\" class=\"wp-block-file__button wp-element-button\" download aria-describedby=\"wp-block-file--media-53da106a-2b4b-4086-bbd2-1122d508cdb9\">T\u00e9l\u00e9charger<\/a><\/div>\n\n\n\n<p><\/p>\n","protected":false},"excerpt":{"rendered":"","protected":false},"author":1,"featured_media":0,"parent":0,"menu_order":0,"comment_status":"closed","ping_status":"closed","template":"","meta":{"_monsterinsights_skip_tracking":false,"_monsterinsights_sitenote_active":false,"_monsterinsights_sitenote_note":"","_monsterinsights_sitenote_category":0,"footnotes":""},"class_list":["post-738","page","type-page","status-publish","hentry"],"yoast_head":"<!-- This site is optimized with the Yoast SEO plugin v27.4 - https:\/\/yoast.com\/product\/yoast-seo-wordpress\/ -->\n<title>Culture Questions transfrontali\u00e8res - Mairie de Camp\u00f4me<\/title>\n<meta name=\"robots\" content=\"index, follow, max-snippet:-1, max-image-preview:large, max-video-preview:-1\" \/>\n<link rel=\"canonical\" href=\"https:\/\/campome.com\/index.php\/culture-questions-transfrontalieres\/\" \/>\n<meta property=\"og:locale\" content=\"fr_FR\" \/>\n<meta property=\"og:type\" content=\"article\" \/>\n<meta property=\"og:title\" content=\"Culture Questions transfrontali\u00e8res - Mairie de Camp\u00f4me\" \/>\n<meta property=\"og:url\" content=\"https:\/\/campome.com\/index.php\/culture-questions-transfrontalieres\/\" \/>\n<meta property=\"og:site_name\" content=\"Mairie de Camp\u00f4me\" \/>\n<meta property=\"article:modified_time\" content=\"2025-03-04T10:41:45+00:00\" \/>\n<meta name=\"twitter:card\" content=\"summary_large_image\" \/>\n<meta name=\"twitter:label1\" content=\"Dur\u00e9e de lecture estim\u00e9e\" \/>\n\t<meta name=\"twitter:data1\" content=\"1 minute\" \/>\n<script type=\"application\/ld+json\" class=\"yoast-schema-graph\">{\"@context\":\"https:\\\/\\\/schema.org\",\"@graph\":[{\"@type\":\"WebPage\",\"@id\":\"https:\\\/\\\/campome.com\\\/index.php\\\/culture-questions-transfrontalieres\\\/\",\"url\":\"https:\\\/\\\/campome.com\\\/index.php\\\/culture-questions-transfrontalieres\\\/\",\"name\":\"Culture Questions transfrontali\u00e8res - Mairie de Camp\u00f4me\",\"isPartOf\":{\"@id\":\"https:\\\/\\\/campome.com\\\/#website\"},\"datePublished\":\"2020-11-07T15:06:59+00:00\",\"dateModified\":\"2025-03-04T10:41:45+00:00\",\"breadcrumb\":{\"@id\":\"https:\\\/\\\/campome.com\\\/index.php\\\/culture-questions-transfrontalieres\\\/#breadcrumb\"},\"inLanguage\":\"fr-FR\",\"potentialAction\":[{\"@type\":\"ReadAction\",\"target\":[\"https:\\\/\\\/campome.com\\\/index.php\\\/culture-questions-transfrontalieres\\\/\"]}]},{\"@type\":\"BreadcrumbList\",\"@id\":\"https:\\\/\\\/campome.com\\\/index.php\\\/culture-questions-transfrontalieres\\\/#breadcrumb\",\"itemListElement\":[{\"@type\":\"ListItem\",\"position\":1,\"name\":\"Accueil\",\"item\":\"https:\\\/\\\/campome.com\\\/\"},{\"@type\":\"ListItem\",\"position\":2,\"name\":\"Culture Questions transfrontali\u00e8res\"}]},{\"@type\":\"WebSite\",\"@id\":\"https:\\\/\\\/campome.com\\\/#website\",\"url\":\"https:\\\/\\\/campome.com\\\/\",\"name\":\"Mairie de Camp\u00f4me\",\"description\":\"Bienvenue sur le site de la mairie de Camp\u00f4me\",\"potentialAction\":[{\"@type\":\"SearchAction\",\"target\":{\"@type\":\"EntryPoint\",\"urlTemplate\":\"https:\\\/\\\/campome.com\\\/?s={search_term_string}\"},\"query-input\":{\"@type\":\"PropertyValueSpecification\",\"valueRequired\":true,\"valueName\":\"search_term_string\"}}],\"inLanguage\":\"fr-FR\"}]}<\/script>\n<!-- \/ Yoast SEO plugin. -->","yoast_head_json":{"title":"Culture Questions transfrontali\u00e8res - Mairie de Camp\u00f4me","robots":{"index":"index","follow":"follow","max-snippet":"max-snippet:-1","max-image-preview":"max-image-preview:large","max-video-preview":"max-video-preview:-1"},"canonical":"https:\/\/campome.com\/index.php\/culture-questions-transfrontalieres\/","og_locale":"fr_FR","og_type":"article","og_title":"Culture Questions transfrontali\u00e8res - Mairie de Camp\u00f4me","og_url":"https:\/\/campome.com\/index.php\/culture-questions-transfrontalieres\/","og_site_name":"Mairie de Camp\u00f4me","article_modified_time":"2025-03-04T10:41:45+00:00","twitter_card":"summary_large_image","twitter_misc":{"Dur\u00e9e de lecture estim\u00e9e":"1 minute"},"schema":{"@context":"https:\/\/schema.org","@graph":[{"@type":"WebPage","@id":"https:\/\/campome.com\/index.php\/culture-questions-transfrontalieres\/","url":"https:\/\/campome.com\/index.php\/culture-questions-transfrontalieres\/","name":"Culture Questions transfrontali\u00e8res - Mairie de Camp\u00f4me","isPartOf":{"@id":"https:\/\/campome.com\/#website"},"datePublished":"2020-11-07T15:06:59+00:00","dateModified":"2025-03-04T10:41:45+00:00","breadcrumb":{"@id":"https:\/\/campome.com\/index.php\/culture-questions-transfrontalieres\/#breadcrumb"},"inLanguage":"fr-FR","potentialAction":[{"@type":"ReadAction","target":["https:\/\/campome.com\/index.php\/culture-questions-transfrontalieres\/"]}]},{"@type":"BreadcrumbList","@id":"https:\/\/campome.com\/index.php\/culture-questions-transfrontalieres\/#breadcrumb","itemListElement":[{"@type":"ListItem","position":1,"name":"Accueil","item":"https:\/\/campome.com\/"},{"@type":"ListItem","position":2,"name":"Culture Questions transfrontali\u00e8res"}]},{"@type":"WebSite","@id":"https:\/\/campome.com\/#website","url":"https:\/\/campome.com\/","name":"Mairie de Camp\u00f4me","description":"Bienvenue sur le site de la mairie de Camp\u00f4me","potentialAction":[{"@type":"SearchAction","target":{"@type":"EntryPoint","urlTemplate":"https:\/\/campome.com\/?s={search_term_string}"},"query-input":{"@type":"PropertyValueSpecification","valueRequired":true,"valueName":"search_term_string"}}],"inLanguage":"fr-FR"}]}},"_links":{"self":[{"href":"https:\/\/campome.com\/index.php\/wp-json\/wp\/v2\/pages\/738","targetHints":{"allow":["GET"]}}],"collection":[{"href":"https:\/\/campome.com\/index.php\/wp-json\/wp\/v2\/pages"}],"about":[{"href":"https:\/\/campome.com\/index.php\/wp-json\/wp\/v2\/types\/page"}],"author":[{"embeddable":true,"href":"https:\/\/campome.com\/index.php\/wp-json\/wp\/v2\/users\/1"}],"replies":[{"embeddable":true,"href":"https:\/\/campome.com\/index.php\/wp-json\/wp\/v2\/comments?post=738"}],"version-history":[{"count":9,"href":"https:\/\/campome.com\/index.php\/wp-json\/wp\/v2\/pages\/738\/revisions"}],"predecessor-version":[{"id":2351,"href":"https:\/\/campome.com\/index.php\/wp-json\/wp\/v2\/pages\/738\/revisions\/2351"}],"wp:attachment":[{"href":"https:\/\/campome.com\/index.php\/wp-json\/wp\/v2\/media?parent=738"}],"curies":[{"name":"wp","href":"https:\/\/api.w.org\/{rel}","templated":true}]}}