{"id":746,"date":"2020-11-07T16:13:49","date_gmt":"2020-11-07T15:13:49","guid":{"rendered":"http:\/\/campome.com\/?page_id=746"},"modified":"2025-03-04T11:47:15","modified_gmt":"2025-03-04T10:47:15","slug":"enfance-jeunesse","status":"publish","type":"page","link":"https:\/\/campome.com\/index.php\/enfance-jeunesse\/","title":{"rendered":"Enfance Jeunesse"},"content":{"rendered":"\n<div class=\"wp-block-file\"><a id=\"wp-block-file--media-505725e6-c139-498e-ad56-6145b6a884e3\" href=\"https:\/\/campome.com\/wp-content\/uploads\/2025\/03\/Presenta\u00b0_Com.-enfance-jeunesse-27-11-24.pdf\">Pr\u00e9senta\u00b0_Com. enfance jeunesse 27-11-24<\/a><a href=\"https:\/\/campome.com\/wp-content\/uploads\/2025\/03\/Presenta\u00b0_Com.-enfance-jeunesse-27-11-24.pdf\" class=\"wp-block-file__button wp-element-button\" download aria-describedby=\"wp-block-file--media-505725e6-c139-498e-ad56-6145b6a884e3\">T\u00e9l\u00e9charger<\/a><\/div>\n\n\n\n<div class=\"wp-block-file\"><a id=\"wp-block-file--media-1c15e69a-b104-44fa-a7fc-ad13f53a9033\" href=\"https:\/\/campome.com\/wp-content\/uploads\/2025\/03\/CR-commission-enfance-jeunesse-27_11_2024.pdf\">CR commission enfance jeunesse 27_11_2024<\/a><a href=\"https:\/\/campome.com\/wp-content\/uploads\/2025\/03\/CR-commission-enfance-jeunesse-27_11_2024.pdf\" class=\"wp-block-file__button wp-element-button\" download aria-describedby=\"wp-block-file--media-1c15e69a-b104-44fa-a7fc-ad13f53a9033\">T\u00e9l\u00e9charger<\/a><\/div>\n\n\n\n<div class=\"wp-block-file\"><a id=\"wp-block-file--media-3ac43d72-c441-4958-9d23-5c4ef89e52ed\" href=\"https:\/\/campome.com\/wp-content\/uploads\/2024\/06\/CR-Com-jeunesse-20-Mars-2024.pdf\">CR-Com- enfance jeunesse-20-Mars-2024<\/a><a href=\"https:\/\/campome.com\/wp-content\/uploads\/2024\/06\/CR-Com-jeunesse-20-Mars-2024.pdf\" class=\"wp-block-file__button wp-element-button\" download aria-describedby=\"wp-block-file--media-3ac43d72-c441-4958-9d23-5c4ef89e52ed\">T\u00e9l\u00e9charger<\/a><\/div>\n\n\n\n<div class=\"wp-block-file\"><a href=\"http:\/\/campome.com\/wp-content\/uploads\/2021\/09\/Presentation-CTG.pdf\">Pr\u00e9sentation-CTG du 09 juin 2021<\/a><a href=\"http:\/\/campome.com\/wp-content\/uploads\/2021\/09\/Presentation-CTG.pdf\" class=\"wp-block-file__button wp-element-button\" download>T\u00e9l\u00e9charger<\/a><\/div>\n\n\n\n<div class=\"wp-block-file\"><a href=\"http:\/\/campome.com\/wp-content\/uploads\/2020\/11\/CR-Enfance-Jeunesse-30-09-2020.pdf\">CR-Enfance-Jeunesse-30-09-2020<\/a><a href=\"http:\/\/campome.com\/wp-content\/uploads\/2020\/11\/CR-Enfance-Jeunesse-30-09-2020.pdf\" class=\"wp-block-file__button wp-element-button\" download>T\u00e9l\u00e9charger<\/a><\/div>\n\n\n\n<p><\/p>\n","protected":false},"excerpt":{"rendered":"","protected":false},"author":1,"featured_media":0,"parent":0,"menu_order":0,"comment_status":"closed","ping_status":"closed","template":"","meta":{"_monsterinsights_skip_tracking":false,"_monsterinsights_sitenote_active":false,"_monsterinsights_sitenote_note":"","_monsterinsights_sitenote_category":0,"footnotes":""},"class_list":["post-746","page","type-page","status-publish","hentry"],"yoast_head":"<!-- This site is optimized with the Yoast SEO plugin v27.3 - https:\/\/yoast.com\/product\/yoast-seo-wordpress\/ -->\n<title>Enfance Jeunesse - Mairie de Camp\u00f4me<\/title>\n<meta name=\"robots\" content=\"index, follow, max-snippet:-1, max-image-preview:large, max-video-preview:-1\" \/>\n<link rel=\"canonical\" href=\"https:\/\/campome.com\/index.php\/enfance-jeunesse\/\" \/>\n<meta property=\"og:locale\" content=\"fr_FR\" \/>\n<meta property=\"og:type\" content=\"article\" \/>\n<meta property=\"og:title\" content=\"Enfance Jeunesse - Mairie de Camp\u00f4me\" \/>\n<meta property=\"og:url\" content=\"https:\/\/campome.com\/index.php\/enfance-jeunesse\/\" \/>\n<meta property=\"og:site_name\" content=\"Mairie de Camp\u00f4me\" \/>\n<meta property=\"article:modified_time\" content=\"2025-03-04T10:47:15+00:00\" \/>\n<meta name=\"twitter:card\" content=\"summary_large_image\" \/>\n<meta name=\"twitter:label1\" content=\"Dur\u00e9e de lecture estim\u00e9e\" \/>\n\t<meta name=\"twitter:data1\" content=\"1 minute\" \/>\n<script type=\"application\/ld+json\" class=\"yoast-schema-graph\">{\"@context\":\"https:\\\/\\\/schema.org\",\"@graph\":[{\"@type\":\"WebPage\",\"@id\":\"https:\\\/\\\/campome.com\\\/index.php\\\/enfance-jeunesse\\\/\",\"url\":\"https:\\\/\\\/campome.com\\\/index.php\\\/enfance-jeunesse\\\/\",\"name\":\"Enfance Jeunesse - Mairie de Camp\u00f4me\",\"isPartOf\":{\"@id\":\"https:\\\/\\\/campome.com\\\/#website\"},\"datePublished\":\"2020-11-07T15:13:49+00:00\",\"dateModified\":\"2025-03-04T10:47:15+00:00\",\"breadcrumb\":{\"@id\":\"https:\\\/\\\/campome.com\\\/index.php\\\/enfance-jeunesse\\\/#breadcrumb\"},\"inLanguage\":\"fr-FR\",\"potentialAction\":[{\"@type\":\"ReadAction\",\"target\":[\"https:\\\/\\\/campome.com\\\/index.php\\\/enfance-jeunesse\\\/\"]}]},{\"@type\":\"BreadcrumbList\",\"@id\":\"https:\\\/\\\/campome.com\\\/index.php\\\/enfance-jeunesse\\\/#breadcrumb\",\"itemListElement\":[{\"@type\":\"ListItem\",\"position\":1,\"name\":\"Accueil\",\"item\":\"https:\\\/\\\/campome.com\\\/\"},{\"@type\":\"ListItem\",\"position\":2,\"name\":\"Enfance Jeunesse\"}]},{\"@type\":\"WebSite\",\"@id\":\"https:\\\/\\\/campome.com\\\/#website\",\"url\":\"https:\\\/\\\/campome.com\\\/\",\"name\":\"Mairie de Camp\u00f4me\",\"description\":\"Bienvenue sur le site de la mairie de Camp\u00f4me\",\"potentialAction\":[{\"@type\":\"SearchAction\",\"target\":{\"@type\":\"EntryPoint\",\"urlTemplate\":\"https:\\\/\\\/campome.com\\\/?s={search_term_string}\"},\"query-input\":{\"@type\":\"PropertyValueSpecification\",\"valueRequired\":true,\"valueName\":\"search_term_string\"}}],\"inLanguage\":\"fr-FR\"}]}<\/script>\n<!-- \/ Yoast SEO plugin. -->","yoast_head_json":{"title":"Enfance Jeunesse - Mairie de Camp\u00f4me","robots":{"index":"index","follow":"follow","max-snippet":"max-snippet:-1","max-image-preview":"max-image-preview:large","max-video-preview":"max-video-preview:-1"},"canonical":"https:\/\/campome.com\/index.php\/enfance-jeunesse\/","og_locale":"fr_FR","og_type":"article","og_title":"Enfance Jeunesse - Mairie de Camp\u00f4me","og_url":"https:\/\/campome.com\/index.php\/enfance-jeunesse\/","og_site_name":"Mairie de Camp\u00f4me","article_modified_time":"2025-03-04T10:47:15+00:00","twitter_card":"summary_large_image","twitter_misc":{"Dur\u00e9e de lecture estim\u00e9e":"1 minute"},"schema":{"@context":"https:\/\/schema.org","@graph":[{"@type":"WebPage","@id":"https:\/\/campome.com\/index.php\/enfance-jeunesse\/","url":"https:\/\/campome.com\/index.php\/enfance-jeunesse\/","name":"Enfance Jeunesse - Mairie de Camp\u00f4me","isPartOf":{"@id":"https:\/\/campome.com\/#website"},"datePublished":"2020-11-07T15:13:49+00:00","dateModified":"2025-03-04T10:47:15+00:00","breadcrumb":{"@id":"https:\/\/campome.com\/index.php\/enfance-jeunesse\/#breadcrumb"},"inLanguage":"fr-FR","potentialAction":[{"@type":"ReadAction","target":["https:\/\/campome.com\/index.php\/enfance-jeunesse\/"]}]},{"@type":"BreadcrumbList","@id":"https:\/\/campome.com\/index.php\/enfance-jeunesse\/#breadcrumb","itemListElement":[{"@type":"ListItem","position":1,"name":"Accueil","item":"https:\/\/campome.com\/"},{"@type":"ListItem","position":2,"name":"Enfance Jeunesse"}]},{"@type":"WebSite","@id":"https:\/\/campome.com\/#website","url":"https:\/\/campome.com\/","name":"Mairie de Camp\u00f4me","description":"Bienvenue sur le site de la mairie de Camp\u00f4me","potentialAction":[{"@type":"SearchAction","target":{"@type":"EntryPoint","urlTemplate":"https:\/\/campome.com\/?s={search_term_string}"},"query-input":{"@type":"PropertyValueSpecification","valueRequired":true,"valueName":"search_term_string"}}],"inLanguage":"fr-FR"}]}},"_links":{"self":[{"href":"https:\/\/campome.com\/index.php\/wp-json\/wp\/v2\/pages\/746","targetHints":{"allow":["GET"]}}],"collection":[{"href":"https:\/\/campome.com\/index.php\/wp-json\/wp\/v2\/pages"}],"about":[{"href":"https:\/\/campome.com\/index.php\/wp-json\/wp\/v2\/types\/page"}],"author":[{"embeddable":true,"href":"https:\/\/campome.com\/index.php\/wp-json\/wp\/v2\/users\/1"}],"replies":[{"embeddable":true,"href":"https:\/\/campome.com\/index.php\/wp-json\/wp\/v2\/comments?post=746"}],"version-history":[{"count":5,"href":"https:\/\/campome.com\/index.php\/wp-json\/wp\/v2\/pages\/746\/revisions"}],"predecessor-version":[{"id":2358,"href":"https:\/\/campome.com\/index.php\/wp-json\/wp\/v2\/pages\/746\/revisions\/2358"}],"wp:attachment":[{"href":"https:\/\/campome.com\/index.php\/wp-json\/wp\/v2\/media?parent=746"}],"curies":[{"name":"wp","href":"https:\/\/api.w.org\/{rel}","templated":true}]}}