{"id":749,"date":"2020-11-07T16:14:13","date_gmt":"2020-11-07T15:14:13","guid":{"rendered":"http:\/\/campome.com\/?page_id=749"},"modified":"2025-03-04T11:44:54","modified_gmt":"2025-03-04T10:44:54","slug":"developpement-economique","status":"publish","type":"page","link":"https:\/\/campome.com\/index.php\/developpement-economique\/","title":{"rendered":"D\u00e9veloppement \u00e9conomique"},"content":{"rendered":"\n<div class=\"wp-block-file\"><a id=\"wp-block-file--media-91d960dc-766c-4f0f-b119-b031c6f654f9\" href=\"https:\/\/campome.com\/wp-content\/uploads\/2025\/03\/CR-DEV-ECO-17-09-2024.pdf\">CR Commission d\u00e9veloppement \u00e9conomique 17 09 2024<\/a><a href=\"https:\/\/campome.com\/wp-content\/uploads\/2025\/03\/CR-DEV-ECO-17-09-2024.pdf\" class=\"wp-block-file__button wp-element-button\" download aria-describedby=\"wp-block-file--media-91d960dc-766c-4f0f-b119-b031c6f654f9\">T\u00e9l\u00e9charger<\/a><\/div>\n\n\n\n<div class=\"wp-block-file\"><a id=\"wp-block-file--media-da5b6313-5864-4e89-81a7-ff44ec5ac5eb\" href=\"https:\/\/campome.com\/wp-content\/uploads\/2025\/03\/CR-COMMISSION-DEV-ECO-6-JUIN-2024.pdf\">CR Commission d\u00e9veloppement \u00e9conomique 6 JUIN 2024<\/a><a href=\"https:\/\/campome.com\/wp-content\/uploads\/2025\/03\/CR-COMMISSION-DEV-ECO-6-JUIN-2024.pdf\" class=\"wp-block-file__button wp-element-button\" download aria-describedby=\"wp-block-file--media-da5b6313-5864-4e89-81a7-ff44ec5ac5eb\">T\u00e9l\u00e9charger<\/a><\/div>\n\n\n\n<div class=\"wp-block-file\"><a id=\"wp-block-file--media-a09dcfb7-a4c3-402e-9c8f-fb4072624c4d\" href=\"https:\/\/campome.com\/wp-content\/uploads\/2024\/06\/CR-C\u00b0-Developpement-economique-8-fevrier-2024.pdf\">CR-C\u00b0-Developpement-economique-8-fevrier-2024<\/a><a href=\"https:\/\/campome.com\/wp-content\/uploads\/2024\/06\/CR-C\u00b0-Developpement-economique-8-fevrier-2024.pdf\" class=\"wp-block-file__button wp-element-button\" download aria-describedby=\"wp-block-file--media-a09dcfb7-a4c3-402e-9c8f-fb4072624c4d\">T\u00e9l\u00e9charger<\/a><\/div>\n\n\n\n<div class=\"wp-block-file\"><a id=\"wp-block-file--media-234dbcc9-e91c-4147-9934-e92f4a94e95e\" href=\"https:\/\/campome.com\/wp-content\/uploads\/2023\/07\/CR-COMMISSION-DEV-ECO-09-JANVIER-2023.pdf\">CR-COM D\u00e9v Eco-09 janvier-2023<\/a><a href=\"https:\/\/campome.com\/wp-content\/uploads\/2023\/07\/CR-COMMISSION-DEV-ECO-09-JANVIER-2023.pdf\" class=\"wp-block-file__button wp-element-button\" download aria-describedby=\"wp-block-file--media-234dbcc9-e91c-4147-9934-e92f4a94e95e\">T\u00e9l\u00e9charger<\/a><\/div>\n\n\n\n<div class=\"wp-block-file\"><a id=\"wp-block-file--media-1543dac8-6aae-4a07-b2eb-002b2dc2ce2b\" href=\"http:\/\/campome.com\/wp-content\/uploads\/2022\/01\/COMMISSION-DEV-ECO-17-01-22.pdf\">Cr Com-D\u00e9v-Eco &#8211; 17 janvier 22<\/a><a href=\"http:\/\/campome.com\/wp-content\/uploads\/2022\/01\/COMMISSION-DEV-ECO-17-01-22.pdf\" class=\"wp-block-file__button wp-element-button\" download aria-describedby=\"wp-block-file--media-1543dac8-6aae-4a07-b2eb-002b2dc2ce2b\">T\u00e9l\u00e9charger<\/a><\/div>\n\n\n\n<div class=\"wp-block-file\"><a id=\"wp-block-file--media-8698861e-453b-4552-a56c-533683ddb58e\" href=\"http:\/\/campome.com\/wp-content\/uploads\/2021\/05\/CR-Com-Dev-eco-19-fevrier-2021.pdf\">CR-Com-Dev-eco-19-fevrier-2021<\/a><a href=\"http:\/\/campome.com\/wp-content\/uploads\/2021\/05\/CR-Com-Dev-eco-19-fevrier-2021.pdf\" class=\"wp-block-file__button wp-element-button\" download aria-describedby=\"wp-block-file--media-8698861e-453b-4552-a56c-533683ddb58e\">T\u00e9l\u00e9charger<\/a><\/div>\n\n\n\n<div class=\"wp-block-file\"><a id=\"wp-block-file--media-42bd2a07-d66a-4682-ab42-4d017ba2d179\" href=\"http:\/\/campome.com\/wp-content\/uploads\/2021\/01\/Commission-developpement-economique-07-decembre-2020.pdf\">Commission-developpement-economique-07-decembre-2020<\/a><a href=\"http:\/\/campome.com\/wp-content\/uploads\/2021\/01\/Commission-developpement-economique-07-decembre-2020.pdf\" class=\"wp-block-file__button wp-element-button\" download aria-describedby=\"wp-block-file--media-42bd2a07-d66a-4682-ab42-4d017ba2d179\">T\u00e9l\u00e9charger<\/a><\/div>\n\n\n\n<div class=\"wp-block-file\"><a id=\"wp-block-file--media-2aa7e004-9e80-45b8-b822-cc56ae5a0989\" href=\"http:\/\/campome.com\/wp-content\/uploads\/2021\/01\/Commission-developpement-economique-29-octobre-2020.pdf\">Commission-developpement-economique-29-octobre-2020<\/a><a href=\"http:\/\/campome.com\/wp-content\/uploads\/2021\/01\/Commission-developpement-economique-29-octobre-2020.pdf\" class=\"wp-block-file__button wp-element-button\" download aria-describedby=\"wp-block-file--media-2aa7e004-9e80-45b8-b822-cc56ae5a0989\">T\u00e9l\u00e9charger<\/a><\/div>\n\n\n\n<div class=\"wp-block-file\"><a id=\"wp-block-file--media-1b611967-0aaf-4c61-8576-6cd21d81b614\" href=\"http:\/\/campome.com\/wp-content\/uploads\/2021\/01\/Commission-developpement-economique-et-agriculture-15-octobre-2020.pdf\">Commission-developpement-economique-et-agriculture-15-octobre-2020<\/a><a href=\"http:\/\/campome.com\/wp-content\/uploads\/2021\/01\/Commission-developpement-economique-et-agriculture-15-octobre-2020.pdf\" class=\"wp-block-file__button wp-element-button\" download aria-describedby=\"wp-block-file--media-1b611967-0aaf-4c61-8576-6cd21d81b614\">T\u00e9l\u00e9charger<\/a><\/div>\n\n\n\n<div class=\"wp-block-file\"><a id=\"wp-block-file--media-a7e6a81d-ca78-45e0-b721-2028640b01aa\" href=\"http:\/\/campome.com\/wp-content\/uploads\/2020\/11\/CR-D\u00e9veloppement-\u00e9conomique-22-09-2020.pdf\">CR-D\u00e9veloppement-\u00e9conomique-22-09-2020<\/a><a href=\"http:\/\/campome.com\/wp-content\/uploads\/2020\/11\/CR-D\u00e9veloppement-\u00e9conomique-22-09-2020.pdf\" class=\"wp-block-file__button wp-element-button\" download aria-describedby=\"wp-block-file--media-a7e6a81d-ca78-45e0-b721-2028640b01aa\">T\u00e9l\u00e9charger<\/a><\/div>\n\n\n\n<div class=\"wp-block-file\"><a id=\"wp-block-file--media-4026ef21-1014-4db0-b049-39e01c080271\" href=\"http:\/\/campome.com\/wp-content\/uploads\/2020\/12\/CR-d\u00e9veloppement-\u00e9conomique-07-12-2020-1.pdf\">CR-d\u00e9veloppement-\u00e9conomique-07-12-2020-1<\/a><a href=\"http:\/\/campome.com\/wp-content\/uploads\/2020\/12\/CR-d\u00e9veloppement-\u00e9conomique-07-12-2020-1.pdf\" class=\"wp-block-file__button wp-element-button\" download aria-describedby=\"wp-block-file--media-4026ef21-1014-4db0-b049-39e01c080271\">T\u00e9l\u00e9charger<\/a><\/div>\n\n\n\n<div class=\"wp-block-file\"><a id=\"wp-block-file--media-1aeae918-f952-4ee0-b63d-f3ff68d1c58c\" href=\"http:\/\/campome.com\/wp-content\/uploads\/2020\/11\/CR-D\u00e9veloppement-\u00e9conomique-25-10-2020.pdf\">CR-D\u00e9veloppement-\u00e9conomique-25-10-2020<\/a><a href=\"http:\/\/campome.com\/wp-content\/uploads\/2020\/11\/CR-D\u00e9veloppement-\u00e9conomique-25-10-2020.pdf\" class=\"wp-block-file__button wp-element-button\" download aria-describedby=\"wp-block-file--media-1aeae918-f952-4ee0-b63d-f3ff68d1c58c\">T\u00e9l\u00e9charger<\/a><\/div>\n\n\n\n<div class=\"wp-block-file\"><a id=\"wp-block-file--media-c68a554f-d659-4e92-b9e5-05500d1b77e9\" href=\"http:\/\/campome.com\/wp-content\/uploads\/2020\/11\/CR-D\u00e9veloppement-\u00e9conomique-15-10-2020.pdf\">CR-D\u00e9veloppement-\u00e9conomique-15-10-2020<\/a><a href=\"http:\/\/campome.com\/wp-content\/uploads\/2020\/11\/CR-D\u00e9veloppement-\u00e9conomique-15-10-2020.pdf\" class=\"wp-block-file__button wp-element-button\" download aria-describedby=\"wp-block-file--media-c68a554f-d659-4e92-b9e5-05500d1b77e9\">T\u00e9l\u00e9charger<\/a><\/div>\n","protected":false},"excerpt":{"rendered":"","protected":false},"author":1,"featured_media":0,"parent":0,"menu_order":0,"comment_status":"closed","ping_status":"closed","template":"","meta":{"_monsterinsights_skip_tracking":false,"_monsterinsights_sitenote_active":false,"_monsterinsights_sitenote_note":"","_monsterinsights_sitenote_category":0,"footnotes":""},"class_list":["post-749","page","type-page","status-publish","hentry"],"yoast_head":"<!-- This site is optimized with the Yoast SEO plugin v27.3 - https:\/\/yoast.com\/product\/yoast-seo-wordpress\/ -->\n<title>D\u00e9veloppement \u00e9conomique - Mairie de Camp\u00f4me<\/title>\n<meta name=\"robots\" content=\"index, follow, max-snippet:-1, max-image-preview:large, max-video-preview:-1\" \/>\n<link rel=\"canonical\" href=\"https:\/\/campome.com\/index.php\/developpement-economique\/\" \/>\n<meta property=\"og:locale\" content=\"fr_FR\" \/>\n<meta property=\"og:type\" content=\"article\" \/>\n<meta property=\"og:title\" content=\"D\u00e9veloppement \u00e9conomique - Mairie de Camp\u00f4me\" \/>\n<meta property=\"og:url\" content=\"https:\/\/campome.com\/index.php\/developpement-economique\/\" \/>\n<meta property=\"og:site_name\" content=\"Mairie de Camp\u00f4me\" \/>\n<meta property=\"article:modified_time\" content=\"2025-03-04T10:44:54+00:00\" \/>\n<meta name=\"twitter:card\" content=\"summary_large_image\" \/>\n<meta name=\"twitter:label1\" content=\"Dur\u00e9e de lecture estim\u00e9e\" \/>\n\t<meta name=\"twitter:data1\" content=\"1 minute\" \/>\n<script type=\"application\/ld+json\" class=\"yoast-schema-graph\">{\"@context\":\"https:\\\/\\\/schema.org\",\"@graph\":[{\"@type\":\"WebPage\",\"@id\":\"https:\\\/\\\/campome.com\\\/index.php\\\/developpement-economique\\\/\",\"url\":\"https:\\\/\\\/campome.com\\\/index.php\\\/developpement-economique\\\/\",\"name\":\"D\u00e9veloppement \u00e9conomique - Mairie de Camp\u00f4me\",\"isPartOf\":{\"@id\":\"https:\\\/\\\/campome.com\\\/#website\"},\"datePublished\":\"2020-11-07T15:14:13+00:00\",\"dateModified\":\"2025-03-04T10:44:54+00:00\",\"breadcrumb\":{\"@id\":\"https:\\\/\\\/campome.com\\\/index.php\\\/developpement-economique\\\/#breadcrumb\"},\"inLanguage\":\"fr-FR\",\"potentialAction\":[{\"@type\":\"ReadAction\",\"target\":[\"https:\\\/\\\/campome.com\\\/index.php\\\/developpement-economique\\\/\"]}]},{\"@type\":\"BreadcrumbList\",\"@id\":\"https:\\\/\\\/campome.com\\\/index.php\\\/developpement-economique\\\/#breadcrumb\",\"itemListElement\":[{\"@type\":\"ListItem\",\"position\":1,\"name\":\"Accueil\",\"item\":\"https:\\\/\\\/campome.com\\\/\"},{\"@type\":\"ListItem\",\"position\":2,\"name\":\"D\u00e9veloppement \u00e9conomique\"}]},{\"@type\":\"WebSite\",\"@id\":\"https:\\\/\\\/campome.com\\\/#website\",\"url\":\"https:\\\/\\\/campome.com\\\/\",\"name\":\"Mairie de Camp\u00f4me\",\"description\":\"Bienvenue sur le site de la mairie de Camp\u00f4me\",\"potentialAction\":[{\"@type\":\"SearchAction\",\"target\":{\"@type\":\"EntryPoint\",\"urlTemplate\":\"https:\\\/\\\/campome.com\\\/?s={search_term_string}\"},\"query-input\":{\"@type\":\"PropertyValueSpecification\",\"valueRequired\":true,\"valueName\":\"search_term_string\"}}],\"inLanguage\":\"fr-FR\"}]}<\/script>\n<!-- \/ Yoast SEO plugin. -->","yoast_head_json":{"title":"D\u00e9veloppement \u00e9conomique - Mairie de Camp\u00f4me","robots":{"index":"index","follow":"follow","max-snippet":"max-snippet:-1","max-image-preview":"max-image-preview:large","max-video-preview":"max-video-preview:-1"},"canonical":"https:\/\/campome.com\/index.php\/developpement-economique\/","og_locale":"fr_FR","og_type":"article","og_title":"D\u00e9veloppement \u00e9conomique - Mairie de Camp\u00f4me","og_url":"https:\/\/campome.com\/index.php\/developpement-economique\/","og_site_name":"Mairie de Camp\u00f4me","article_modified_time":"2025-03-04T10:44:54+00:00","twitter_card":"summary_large_image","twitter_misc":{"Dur\u00e9e de lecture estim\u00e9e":"1 minute"},"schema":{"@context":"https:\/\/schema.org","@graph":[{"@type":"WebPage","@id":"https:\/\/campome.com\/index.php\/developpement-economique\/","url":"https:\/\/campome.com\/index.php\/developpement-economique\/","name":"D\u00e9veloppement \u00e9conomique - Mairie de Camp\u00f4me","isPartOf":{"@id":"https:\/\/campome.com\/#website"},"datePublished":"2020-11-07T15:14:13+00:00","dateModified":"2025-03-04T10:44:54+00:00","breadcrumb":{"@id":"https:\/\/campome.com\/index.php\/developpement-economique\/#breadcrumb"},"inLanguage":"fr-FR","potentialAction":[{"@type":"ReadAction","target":["https:\/\/campome.com\/index.php\/developpement-economique\/"]}]},{"@type":"BreadcrumbList","@id":"https:\/\/campome.com\/index.php\/developpement-economique\/#breadcrumb","itemListElement":[{"@type":"ListItem","position":1,"name":"Accueil","item":"https:\/\/campome.com\/"},{"@type":"ListItem","position":2,"name":"D\u00e9veloppement \u00e9conomique"}]},{"@type":"WebSite","@id":"https:\/\/campome.com\/#website","url":"https:\/\/campome.com\/","name":"Mairie de Camp\u00f4me","description":"Bienvenue sur le site de la mairie de Camp\u00f4me","potentialAction":[{"@type":"SearchAction","target":{"@type":"EntryPoint","urlTemplate":"https:\/\/campome.com\/?s={search_term_string}"},"query-input":{"@type":"PropertyValueSpecification","valueRequired":true,"valueName":"search_term_string"}}],"inLanguage":"fr-FR"}]}},"_links":{"self":[{"href":"https:\/\/campome.com\/index.php\/wp-json\/wp\/v2\/pages\/749","targetHints":{"allow":["GET"]}}],"collection":[{"href":"https:\/\/campome.com\/index.php\/wp-json\/wp\/v2\/pages"}],"about":[{"href":"https:\/\/campome.com\/index.php\/wp-json\/wp\/v2\/types\/page"}],"author":[{"embeddable":true,"href":"https:\/\/campome.com\/index.php\/wp-json\/wp\/v2\/users\/1"}],"replies":[{"embeddable":true,"href":"https:\/\/campome.com\/index.php\/wp-json\/wp\/v2\/comments?post=749"}],"version-history":[{"count":10,"href":"https:\/\/campome.com\/index.php\/wp-json\/wp\/v2\/pages\/749\/revisions"}],"predecessor-version":[{"id":2355,"href":"https:\/\/campome.com\/index.php\/wp-json\/wp\/v2\/pages\/749\/revisions\/2355"}],"wp:attachment":[{"href":"https:\/\/campome.com\/index.php\/wp-json\/wp\/v2\/media?parent=749"}],"curies":[{"name":"wp","href":"https:\/\/api.w.org\/{rel}","templated":true}]}}