{"id":752,"date":"2020-11-07T16:14:31","date_gmt":"2020-11-07T15:14:31","guid":{"rendered":"http:\/\/campome.com\/?page_id=752"},"modified":"2025-03-04T11:02:08","modified_gmt":"2025-03-04T10:02:08","slug":"ordures-menageres","status":"publish","type":"page","link":"https:\/\/campome.com\/index.php\/ordures-menageres\/","title":{"rendered":"Ordures m\u00e9nag\u00e8res"},"content":{"rendered":"\n<div class=\"wp-block-file\"><a id=\"wp-block-file--media-62a8d32b-5f62-4f5b-a705-7a5c58ec12a4\" href=\"https:\/\/campome.com\/wp-content\/uploads\/2025\/03\/Suivi-de-sites-Compost-66-Fevrier25.pdf\">Suivi de sites &#8211; Compost 66 &#8211; F\u00e9vrier25<\/a><a href=\"https:\/\/campome.com\/wp-content\/uploads\/2025\/03\/Suivi-de-sites-Compost-66-Fevrier25.pdf\" class=\"wp-block-file__button wp-element-button\" download aria-describedby=\"wp-block-file--media-62a8d32b-5f62-4f5b-a705-7a5c58ec12a4\">T\u00e9l\u00e9charger<\/a><\/div>\n\n\n\n<div class=\"wp-block-file\"><a id=\"wp-block-file--media-fb57482a-9f82-41b0-9168-4851d4126545\" href=\"https:\/\/campome.com\/wp-content\/uploads\/2025\/03\/Bilan-dactivite-PLPDMA-2024-002.pdf\">Bilan d&rsquo;activit\u00e9 PLPDMA 2024 <\/a><a href=\"https:\/\/campome.com\/wp-content\/uploads\/2025\/03\/Bilan-dactivite-PLPDMA-2024-002.pdf\" class=\"wp-block-file__button wp-element-button\" download aria-describedby=\"wp-block-file--media-fb57482a-9f82-41b0-9168-4851d4126545\">T\u00e9l\u00e9charger<\/a><\/div>\n\n\n\n<div class=\"wp-block-file\"><a id=\"wp-block-file--media-bc8aa7b6-5308-4cb5-87a9-68e47dbe2182\" href=\"https:\/\/campome.com\/wp-content\/uploads\/2025\/03\/CR-du-11-12-2024.pdf\">CR  COMMISSION DECHETS du 11 d\u00e9cembre  2024<\/a><a href=\"https:\/\/campome.com\/wp-content\/uploads\/2025\/03\/CR-du-11-12-2024.pdf\" class=\"wp-block-file__button wp-element-button\" download aria-describedby=\"wp-block-file--media-bc8aa7b6-5308-4cb5-87a9-68e47dbe2182\">T\u00e9l\u00e9charger<\/a><\/div>\n\n\n\n<div class=\"wp-block-file\"><a id=\"wp-block-file--media-2e1aaae4-a9e3-4f3a-b133-dc0f0cd88be6\" href=\"https:\/\/campome.com\/wp-content\/uploads\/2024\/06\/CR-COMMISSION-DECHETS-02-avril-24.pdf\">CR-COMMISSION-DECHETS-02-avril-24<\/a><a href=\"https:\/\/campome.com\/wp-content\/uploads\/2024\/06\/CR-COMMISSION-DECHETS-02-avril-24.pdf\" class=\"wp-block-file__button wp-element-button\" download aria-describedby=\"wp-block-file--media-2e1aaae4-a9e3-4f3a-b133-dc0f0cd88be6\">T\u00e9l\u00e9charger<\/a><\/div>\n\n\n\n<div class=\"wp-block-file\"><a id=\"wp-block-file--media-1376c2f0-0fba-4999-9c5d-3fc4900e4345\" href=\"https:\/\/campome.com\/wp-content\/uploads\/2024\/06\/CR-COMMISSION-DECHETS-12-mars-24.pdf\">CR-COMMISSION-DECHETS-12-mars-24<\/a><a href=\"https:\/\/campome.com\/wp-content\/uploads\/2024\/06\/CR-COMMISSION-DECHETS-12-mars-24.pdf\" class=\"wp-block-file__button wp-element-button\" download aria-describedby=\"wp-block-file--media-1376c2f0-0fba-4999-9c5d-3fc4900e4345\">T\u00e9l\u00e9charger<\/a><\/div>\n\n\n\n<div class=\"wp-block-file\"><a id=\"wp-block-file--media-7b2dd1ec-9756-4ba4-b91c-afcc3b628481\" href=\"https:\/\/campome.com\/wp-content\/uploads\/2024\/01\/Bilan-dactivite-PLPDMA-2023-dechets.pdf\">Bilan-dactivite-PLPDMA-2023-dechets<\/a><a href=\"https:\/\/campome.com\/wp-content\/uploads\/2024\/01\/Bilan-dactivite-PLPDMA-2023-dechets.pdf\" class=\"wp-block-file__button wp-element-button\" download aria-describedby=\"wp-block-file--media-7b2dd1ec-9756-4ba4-b91c-afcc3b628481\">T\u00e9l\u00e9charger<\/a><\/div>\n\n\n\n<div class=\"wp-block-file\"><a id=\"wp-block-file--media-b2b8e998-e986-462e-b30c-11bdbfb29055\" href=\"https:\/\/campome.com\/wp-content\/uploads\/2024\/01\/CR_commission-dechets-dec23.pdf\">CR_commission-dechets-dec23<\/a><a href=\"https:\/\/campome.com\/wp-content\/uploads\/2024\/01\/CR_commission-dechets-dec23.pdf\" class=\"wp-block-file__button wp-element-button\" download aria-describedby=\"wp-block-file--media-b2b8e998-e986-462e-b30c-11bdbfb29055\">T\u00e9l\u00e9charger<\/a><\/div>\n\n\n\n<div class=\"wp-block-file\"><a id=\"wp-block-file--media-4fc2f0fd-63db-4d30-a1fb-e192fb3ff65d\" href=\"https:\/\/campome.com\/wp-content\/uploads\/2024\/01\/Compte-rendu-Commission-dechets-6-avril-23.pdf\">Compte-rendu-Commission-dechets-6-avril-23<\/a><a href=\"https:\/\/campome.com\/wp-content\/uploads\/2024\/01\/Compte-rendu-Commission-dechets-6-avril-23.pdf\" class=\"wp-block-file__button wp-element-button\" download aria-describedby=\"wp-block-file--media-4fc2f0fd-63db-4d30-a1fb-e192fb3ff65d\">T\u00e9l\u00e9charger<\/a><\/div>\n\n\n\n<div class=\"wp-block-file\"><a id=\"wp-block-file--media-7ff326ad-70d4-4b4e-9897-4e63fa67de25\" href=\"https:\/\/campome.com\/wp-content\/uploads\/2024\/01\/CR-Commission-dechets-du-14-mars-23.pdf\">CR-Commission-dechets-du-14-mars-23<\/a><a href=\"https:\/\/campome.com\/wp-content\/uploads\/2024\/01\/CR-Commission-dechets-du-14-mars-23.pdf\" class=\"wp-block-file__button wp-element-button\" download aria-describedby=\"wp-block-file--media-7ff326ad-70d4-4b4e-9897-4e63fa67de25\">T\u00e9l\u00e9charger<\/a><\/div>\n\n\n\n<div class=\"wp-block-file\"><a id=\"wp-block-file--media-64176e1a-8bd1-4a9e-81f8-ce10de0e8f70\" href=\"http:\/\/campome.com\/wp-content\/uploads\/2021\/07\/CR-Dechets-des-18-mai-et-08-juin.pdf\">CR-Dechets-des-18-mai-et-08-juin<\/a><a href=\"http:\/\/campome.com\/wp-content\/uploads\/2021\/07\/CR-Dechets-des-18-mai-et-08-juin.pdf\" class=\"wp-block-file__button wp-element-button\" download aria-describedby=\"wp-block-file--media-64176e1a-8bd1-4a9e-81f8-ce10de0e8f70\">T\u00e9l\u00e9charger<\/a><\/div>\n\n\n\n<div class=\"wp-block-file\"><a id=\"wp-block-file--media-77046ccc-a6c6-4f71-bea4-9e7e4381f8aa\" href=\"http:\/\/campome.com\/wp-content\/uploads\/2021\/05\/CR-Com-Dechets-19-mars-2021.pdf\">CR-Com-Dechets-19-mars-2021<\/a><a href=\"http:\/\/campome.com\/wp-content\/uploads\/2021\/05\/CR-Com-Dechets-19-mars-2021.pdf\" class=\"wp-block-file__button wp-element-button\" download aria-describedby=\"wp-block-file--media-77046ccc-a6c6-4f71-bea4-9e7e4381f8aa\">T\u00e9l\u00e9charger<\/a><\/div>\n\n\n\n<div class=\"wp-block-file\"><a id=\"wp-block-file--media-bd7da9ef-1b04-4b2f-8afb-1649ecd1e7cc\" href=\"http:\/\/campome.com\/wp-content\/uploads\/2020\/10\/CR-du-21-09-2020.pdf\">CR- D\u00e9chets du-21-09-2020<\/a><a href=\"http:\/\/campome.com\/wp-content\/uploads\/2020\/10\/CR-du-21-09-2020.pdf\" class=\"wp-block-file__button wp-element-button\" download aria-describedby=\"wp-block-file--media-bd7da9ef-1b04-4b2f-8afb-1649ecd1e7cc\">T\u00e9l\u00e9charger<\/a><\/div>\n","protected":false},"excerpt":{"rendered":"","protected":false},"author":1,"featured_media":0,"parent":0,"menu_order":0,"comment_status":"closed","ping_status":"closed","template":"","meta":{"_monsterinsights_skip_tracking":false,"_monsterinsights_sitenote_active":false,"_monsterinsights_sitenote_note":"","_monsterinsights_sitenote_category":0,"footnotes":""},"class_list":["post-752","page","type-page","status-publish","hentry"],"yoast_head":"<!-- This site is optimized with the Yoast SEO plugin v27.3 - https:\/\/yoast.com\/product\/yoast-seo-wordpress\/ -->\n<title>Ordures m\u00e9nag\u00e8res - Mairie de Camp\u00f4me<\/title>\n<meta name=\"robots\" content=\"index, follow, max-snippet:-1, max-image-preview:large, max-video-preview:-1\" \/>\n<link rel=\"canonical\" href=\"https:\/\/campome.com\/index.php\/ordures-menageres\/\" \/>\n<meta property=\"og:locale\" content=\"fr_FR\" \/>\n<meta property=\"og:type\" content=\"article\" \/>\n<meta property=\"og:title\" content=\"Ordures m\u00e9nag\u00e8res - Mairie de Camp\u00f4me\" \/>\n<meta property=\"og:url\" content=\"https:\/\/campome.com\/index.php\/ordures-menageres\/\" \/>\n<meta property=\"og:site_name\" content=\"Mairie de Camp\u00f4me\" \/>\n<meta property=\"article:modified_time\" content=\"2025-03-04T10:02:08+00:00\" \/>\n<meta name=\"twitter:card\" content=\"summary_large_image\" \/>\n<meta name=\"twitter:label1\" content=\"Dur\u00e9e de lecture estim\u00e9e\" \/>\n\t<meta name=\"twitter:data1\" content=\"1 minute\" \/>\n<script type=\"application\/ld+json\" class=\"yoast-schema-graph\">{\"@context\":\"https:\\\/\\\/schema.org\",\"@graph\":[{\"@type\":\"WebPage\",\"@id\":\"https:\\\/\\\/campome.com\\\/index.php\\\/ordures-menageres\\\/\",\"url\":\"https:\\\/\\\/campome.com\\\/index.php\\\/ordures-menageres\\\/\",\"name\":\"Ordures m\u00e9nag\u00e8res - Mairie de Camp\u00f4me\",\"isPartOf\":{\"@id\":\"https:\\\/\\\/campome.com\\\/#website\"},\"datePublished\":\"2020-11-07T15:14:31+00:00\",\"dateModified\":\"2025-03-04T10:02:08+00:00\",\"breadcrumb\":{\"@id\":\"https:\\\/\\\/campome.com\\\/index.php\\\/ordures-menageres\\\/#breadcrumb\"},\"inLanguage\":\"fr-FR\",\"potentialAction\":[{\"@type\":\"ReadAction\",\"target\":[\"https:\\\/\\\/campome.com\\\/index.php\\\/ordures-menageres\\\/\"]}]},{\"@type\":\"BreadcrumbList\",\"@id\":\"https:\\\/\\\/campome.com\\\/index.php\\\/ordures-menageres\\\/#breadcrumb\",\"itemListElement\":[{\"@type\":\"ListItem\",\"position\":1,\"name\":\"Accueil\",\"item\":\"https:\\\/\\\/campome.com\\\/\"},{\"@type\":\"ListItem\",\"position\":2,\"name\":\"Ordures m\u00e9nag\u00e8res\"}]},{\"@type\":\"WebSite\",\"@id\":\"https:\\\/\\\/campome.com\\\/#website\",\"url\":\"https:\\\/\\\/campome.com\\\/\",\"name\":\"Mairie de Camp\u00f4me\",\"description\":\"Bienvenue sur le site de la mairie de Camp\u00f4me\",\"potentialAction\":[{\"@type\":\"SearchAction\",\"target\":{\"@type\":\"EntryPoint\",\"urlTemplate\":\"https:\\\/\\\/campome.com\\\/?s={search_term_string}\"},\"query-input\":{\"@type\":\"PropertyValueSpecification\",\"valueRequired\":true,\"valueName\":\"search_term_string\"}}],\"inLanguage\":\"fr-FR\"}]}<\/script>\n<!-- \/ Yoast SEO plugin. -->","yoast_head_json":{"title":"Ordures m\u00e9nag\u00e8res - Mairie de Camp\u00f4me","robots":{"index":"index","follow":"follow","max-snippet":"max-snippet:-1","max-image-preview":"max-image-preview:large","max-video-preview":"max-video-preview:-1"},"canonical":"https:\/\/campome.com\/index.php\/ordures-menageres\/","og_locale":"fr_FR","og_type":"article","og_title":"Ordures m\u00e9nag\u00e8res - Mairie de Camp\u00f4me","og_url":"https:\/\/campome.com\/index.php\/ordures-menageres\/","og_site_name":"Mairie de Camp\u00f4me","article_modified_time":"2025-03-04T10:02:08+00:00","twitter_card":"summary_large_image","twitter_misc":{"Dur\u00e9e de lecture estim\u00e9e":"1 minute"},"schema":{"@context":"https:\/\/schema.org","@graph":[{"@type":"WebPage","@id":"https:\/\/campome.com\/index.php\/ordures-menageres\/","url":"https:\/\/campome.com\/index.php\/ordures-menageres\/","name":"Ordures m\u00e9nag\u00e8res - Mairie de Camp\u00f4me","isPartOf":{"@id":"https:\/\/campome.com\/#website"},"datePublished":"2020-11-07T15:14:31+00:00","dateModified":"2025-03-04T10:02:08+00:00","breadcrumb":{"@id":"https:\/\/campome.com\/index.php\/ordures-menageres\/#breadcrumb"},"inLanguage":"fr-FR","potentialAction":[{"@type":"ReadAction","target":["https:\/\/campome.com\/index.php\/ordures-menageres\/"]}]},{"@type":"BreadcrumbList","@id":"https:\/\/campome.com\/index.php\/ordures-menageres\/#breadcrumb","itemListElement":[{"@type":"ListItem","position":1,"name":"Accueil","item":"https:\/\/campome.com\/"},{"@type":"ListItem","position":2,"name":"Ordures m\u00e9nag\u00e8res"}]},{"@type":"WebSite","@id":"https:\/\/campome.com\/#website","url":"https:\/\/campome.com\/","name":"Mairie de Camp\u00f4me","description":"Bienvenue sur le site de la mairie de Camp\u00f4me","potentialAction":[{"@type":"SearchAction","target":{"@type":"EntryPoint","urlTemplate":"https:\/\/campome.com\/?s={search_term_string}"},"query-input":{"@type":"PropertyValueSpecification","valueRequired":true,"valueName":"search_term_string"}}],"inLanguage":"fr-FR"}]}},"_links":{"self":[{"href":"https:\/\/campome.com\/index.php\/wp-json\/wp\/v2\/pages\/752","targetHints":{"allow":["GET"]}}],"collection":[{"href":"https:\/\/campome.com\/index.php\/wp-json\/wp\/v2\/pages"}],"about":[{"href":"https:\/\/campome.com\/index.php\/wp-json\/wp\/v2\/types\/page"}],"author":[{"embeddable":true,"href":"https:\/\/campome.com\/index.php\/wp-json\/wp\/v2\/users\/1"}],"replies":[{"embeddable":true,"href":"https:\/\/campome.com\/index.php\/wp-json\/wp\/v2\/comments?post=752"}],"version-history":[{"count":9,"href":"https:\/\/campome.com\/index.php\/wp-json\/wp\/v2\/pages\/752\/revisions"}],"predecessor-version":[{"id":2325,"href":"https:\/\/campome.com\/index.php\/wp-json\/wp\/v2\/pages\/752\/revisions\/2325"}],"wp:attachment":[{"href":"https:\/\/campome.com\/index.php\/wp-json\/wp\/v2\/media?parent=752"}],"curies":[{"name":"wp","href":"https:\/\/api.w.org\/{rel}","templated":true}]}}