{"id":772,"date":"2020-11-07T16:21:33","date_gmt":"2020-11-07T15:21:33","guid":{"rendered":"http:\/\/campome.com\/?page_id=772"},"modified":"2025-03-04T11:33:24","modified_gmt":"2025-03-04T10:33:24","slug":"communication","status":"publish","type":"page","link":"https:\/\/campome.com\/index.php\/communication\/","title":{"rendered":"Communication"},"content":{"rendered":"\n<div class=\"wp-block-file\"><a id=\"wp-block-file--media-a559416c-5756-475b-a1a1-fd0324b41088\" href=\"https:\/\/campome.com\/wp-content\/uploads\/2025\/03\/Communication-Presentation-et-CR-15-novembre-23.pdf\">Communication Pr\u00e9sentation  15 novembre 23<\/a><a href=\"https:\/\/campome.com\/wp-content\/uploads\/2025\/03\/Communication-Presentation-et-CR-15-novembre-23.pdf\" class=\"wp-block-file__button wp-element-button\" download aria-describedby=\"wp-block-file--media-a559416c-5756-475b-a1a1-fd0324b41088\">T\u00e9l\u00e9charger<\/a><\/div>\n\n\n\n<div class=\"wp-block-file\"><a id=\"wp-block-file--media-d948d849-9fae-46f6-8039-697f79e9b3c2\" href=\"https:\/\/campome.com\/wp-content\/uploads\/2023\/03\/0.-FICHE-SYNTHETIQUE-C\u00b0Com-20230316-1.pdf\">CR Com- Communication 16 03 2023<\/a><a href=\"https:\/\/campome.com\/wp-content\/uploads\/2023\/03\/0.-FICHE-SYNTHETIQUE-C\u00b0Com-20230316-1.pdf\" class=\"wp-block-file__button wp-element-button\" download aria-describedby=\"wp-block-file--media-d948d849-9fae-46f6-8039-697f79e9b3c2\">T\u00e9l\u00e9charger<\/a><\/div>\n\n\n\n<div class=\"wp-block-file\"><a id=\"wp-block-file--media-24446eaa-0d40-487b-878d-3c642d43bd54\" href=\"http:\/\/campome.com\/wp-content\/uploads\/2020\/10\/CR-COMMISSION-COMMUNICATION-DU-15-09-20.pdf\">CR-COMMISSION-COMMUNICATION-DU-15-09-20<\/a><a href=\"http:\/\/campome.com\/wp-content\/uploads\/2020\/10\/CR-COMMISSION-COMMUNICATION-DU-15-09-20.pdf\" class=\"wp-block-file__button wp-element-button\" download aria-describedby=\"wp-block-file--media-24446eaa-0d40-487b-878d-3c642d43bd54\">T\u00e9l\u00e9charger<\/a><\/div>\n","protected":false},"excerpt":{"rendered":"","protected":false},"author":1,"featured_media":0,"parent":0,"menu_order":0,"comment_status":"closed","ping_status":"closed","template":"","meta":{"_monsterinsights_skip_tracking":false,"_monsterinsights_sitenote_active":false,"_monsterinsights_sitenote_note":"","_monsterinsights_sitenote_category":0,"footnotes":""},"class_list":["post-772","page","type-page","status-publish","hentry"],"yoast_head":"<!-- This site is optimized with the Yoast SEO plugin v27.3 - https:\/\/yoast.com\/product\/yoast-seo-wordpress\/ -->\n<title>Communication - Mairie de Camp\u00f4me<\/title>\n<meta name=\"robots\" content=\"index, follow, max-snippet:-1, max-image-preview:large, max-video-preview:-1\" \/>\n<link rel=\"canonical\" href=\"https:\/\/campome.com\/index.php\/communication\/\" \/>\n<meta property=\"og:locale\" content=\"fr_FR\" \/>\n<meta property=\"og:type\" content=\"article\" \/>\n<meta property=\"og:title\" content=\"Communication - Mairie de Camp\u00f4me\" \/>\n<meta property=\"og:url\" content=\"https:\/\/campome.com\/index.php\/communication\/\" \/>\n<meta property=\"og:site_name\" content=\"Mairie de Camp\u00f4me\" \/>\n<meta property=\"article:modified_time\" content=\"2025-03-04T10:33:24+00:00\" \/>\n<meta name=\"twitter:card\" content=\"summary_large_image\" \/>\n<meta name=\"twitter:label1\" content=\"Dur\u00e9e de lecture estim\u00e9e\" \/>\n\t<meta name=\"twitter:data1\" content=\"1 minute\" \/>\n<script type=\"application\/ld+json\" class=\"yoast-schema-graph\">{\"@context\":\"https:\\\/\\\/schema.org\",\"@graph\":[{\"@type\":\"WebPage\",\"@id\":\"https:\\\/\\\/campome.com\\\/index.php\\\/communication\\\/\",\"url\":\"https:\\\/\\\/campome.com\\\/index.php\\\/communication\\\/\",\"name\":\"Communication - Mairie de Camp\u00f4me\",\"isPartOf\":{\"@id\":\"https:\\\/\\\/campome.com\\\/#website\"},\"datePublished\":\"2020-11-07T15:21:33+00:00\",\"dateModified\":\"2025-03-04T10:33:24+00:00\",\"breadcrumb\":{\"@id\":\"https:\\\/\\\/campome.com\\\/index.php\\\/communication\\\/#breadcrumb\"},\"inLanguage\":\"fr-FR\",\"potentialAction\":[{\"@type\":\"ReadAction\",\"target\":[\"https:\\\/\\\/campome.com\\\/index.php\\\/communication\\\/\"]}]},{\"@type\":\"BreadcrumbList\",\"@id\":\"https:\\\/\\\/campome.com\\\/index.php\\\/communication\\\/#breadcrumb\",\"itemListElement\":[{\"@type\":\"ListItem\",\"position\":1,\"name\":\"Accueil\",\"item\":\"https:\\\/\\\/campome.com\\\/\"},{\"@type\":\"ListItem\",\"position\":2,\"name\":\"Communication\"}]},{\"@type\":\"WebSite\",\"@id\":\"https:\\\/\\\/campome.com\\\/#website\",\"url\":\"https:\\\/\\\/campome.com\\\/\",\"name\":\"Mairie de Camp\u00f4me\",\"description\":\"Bienvenue sur le site de la mairie de Camp\u00f4me\",\"potentialAction\":[{\"@type\":\"SearchAction\",\"target\":{\"@type\":\"EntryPoint\",\"urlTemplate\":\"https:\\\/\\\/campome.com\\\/?s={search_term_string}\"},\"query-input\":{\"@type\":\"PropertyValueSpecification\",\"valueRequired\":true,\"valueName\":\"search_term_string\"}}],\"inLanguage\":\"fr-FR\"}]}<\/script>\n<!-- \/ Yoast SEO plugin. -->","yoast_head_json":{"title":"Communication - Mairie de Camp\u00f4me","robots":{"index":"index","follow":"follow","max-snippet":"max-snippet:-1","max-image-preview":"max-image-preview:large","max-video-preview":"max-video-preview:-1"},"canonical":"https:\/\/campome.com\/index.php\/communication\/","og_locale":"fr_FR","og_type":"article","og_title":"Communication - Mairie de Camp\u00f4me","og_url":"https:\/\/campome.com\/index.php\/communication\/","og_site_name":"Mairie de Camp\u00f4me","article_modified_time":"2025-03-04T10:33:24+00:00","twitter_card":"summary_large_image","twitter_misc":{"Dur\u00e9e de lecture estim\u00e9e":"1 minute"},"schema":{"@context":"https:\/\/schema.org","@graph":[{"@type":"WebPage","@id":"https:\/\/campome.com\/index.php\/communication\/","url":"https:\/\/campome.com\/index.php\/communication\/","name":"Communication - Mairie de Camp\u00f4me","isPartOf":{"@id":"https:\/\/campome.com\/#website"},"datePublished":"2020-11-07T15:21:33+00:00","dateModified":"2025-03-04T10:33:24+00:00","breadcrumb":{"@id":"https:\/\/campome.com\/index.php\/communication\/#breadcrumb"},"inLanguage":"fr-FR","potentialAction":[{"@type":"ReadAction","target":["https:\/\/campome.com\/index.php\/communication\/"]}]},{"@type":"BreadcrumbList","@id":"https:\/\/campome.com\/index.php\/communication\/#breadcrumb","itemListElement":[{"@type":"ListItem","position":1,"name":"Accueil","item":"https:\/\/campome.com\/"},{"@type":"ListItem","position":2,"name":"Communication"}]},{"@type":"WebSite","@id":"https:\/\/campome.com\/#website","url":"https:\/\/campome.com\/","name":"Mairie de Camp\u00f4me","description":"Bienvenue sur le site de la mairie de Camp\u00f4me","potentialAction":[{"@type":"SearchAction","target":{"@type":"EntryPoint","urlTemplate":"https:\/\/campome.com\/?s={search_term_string}"},"query-input":{"@type":"PropertyValueSpecification","valueRequired":true,"valueName":"search_term_string"}}],"inLanguage":"fr-FR"}]}},"_links":{"self":[{"href":"https:\/\/campome.com\/index.php\/wp-json\/wp\/v2\/pages\/772","targetHints":{"allow":["GET"]}}],"collection":[{"href":"https:\/\/campome.com\/index.php\/wp-json\/wp\/v2\/pages"}],"about":[{"href":"https:\/\/campome.com\/index.php\/wp-json\/wp\/v2\/types\/page"}],"author":[{"embeddable":true,"href":"https:\/\/campome.com\/index.php\/wp-json\/wp\/v2\/users\/1"}],"replies":[{"embeddable":true,"href":"https:\/\/campome.com\/index.php\/wp-json\/wp\/v2\/comments?post=772"}],"version-history":[{"count":6,"href":"https:\/\/campome.com\/index.php\/wp-json\/wp\/v2\/pages\/772\/revisions"}],"predecessor-version":[{"id":2347,"href":"https:\/\/campome.com\/index.php\/wp-json\/wp\/v2\/pages\/772\/revisions\/2347"}],"wp:attachment":[{"href":"https:\/\/campome.com\/index.php\/wp-json\/wp\/v2\/media?parent=772"}],"curies":[{"name":"wp","href":"https:\/\/api.w.org\/{rel}","templated":true}]}}