{"id":784,"date":"2020-11-07T16:34:40","date_gmt":"2020-11-07T15:34:40","guid":{"rendered":"http:\/\/campome.com\/?page_id=784"},"modified":"2025-03-04T11:24:03","modified_gmt":"2025-03-04T10:24:03","slug":"amenagement-territoire-urbanisme","status":"publish","type":"page","link":"https:\/\/campome.com\/index.php\/amenagement-territoire-urbanisme\/","title":{"rendered":"Am\u00e9nagement Territoire Urbanisme"},"content":{"rendered":"\n<div class=\"wp-block-file\"><a id=\"wp-block-file--media-32e3a295-b2b4-43d9-af13-8a9e64ddf98c\" href=\"https:\/\/campome.com\/wp-content\/uploads\/2025\/03\/CR-Commission-urbanisme-25-septembre-24.pdf\">CR Commission urbanisme 25 septembre 24<\/a><a href=\"https:\/\/campome.com\/wp-content\/uploads\/2025\/03\/CR-Commission-urbanisme-25-septembre-24.pdf\" class=\"wp-block-file__button wp-element-button\" download aria-describedby=\"wp-block-file--media-32e3a295-b2b4-43d9-af13-8a9e64ddf98c\">T\u00e9l\u00e9charger<\/a><\/div>\n\n\n\n<div class=\"wp-block-file\"><a id=\"wp-block-file--media-7f736a56-b6d1-448a-8a14-0b343e06b067\" href=\"https:\/\/campome.com\/wp-content\/uploads\/2025\/03\/CR-urbanisme-14-novembre-2023.pdf\">CR  urbanisme 14 novembre 2023<\/a><a href=\"https:\/\/campome.com\/wp-content\/uploads\/2025\/03\/CR-urbanisme-14-novembre-2023.pdf\" class=\"wp-block-file__button wp-element-button\" download aria-describedby=\"wp-block-file--media-7f736a56-b6d1-448a-8a14-0b343e06b067\">T\u00e9l\u00e9charger<\/a><\/div>\n\n\n\n<div class=\"wp-block-file\"><a id=\"wp-block-file--media-0c3e9d14-1b9e-4756-b6cb-b84625278446\" href=\"https:\/\/campome.com\/wp-content\/uploads\/2025\/03\/CR-urbanisme-du-29-juin-22.pdf\">CR urbanisme du 29 juin 22<\/a><a href=\"https:\/\/campome.com\/wp-content\/uploads\/2025\/03\/CR-urbanisme-du-29-juin-22.pdf\" class=\"wp-block-file__button wp-element-button\" download aria-describedby=\"wp-block-file--media-0c3e9d14-1b9e-4756-b6cb-b84625278446\">T\u00e9l\u00e9charger<\/a><\/div>\n\n\n\n<div class=\"wp-block-file\"><a href=\"http:\/\/campome.com\/wp-content\/uploads\/2021\/07\/CR-Amenagement-du-territoire-du-15-juin-2021.pdf\">CR-Amenagement-du-territoire-du-15-juin-2021<\/a><a href=\"http:\/\/campome.com\/wp-content\/uploads\/2021\/07\/CR-Amenagement-du-territoire-du-15-juin-2021.pdf\" class=\"wp-block-file__button wp-element-button\" download>T\u00e9l\u00e9charger<\/a><\/div>\n\n\n\n<div class=\"wp-block-file\"><a href=\"http:\/\/campome.com\/wp-content\/uploads\/2020\/10\/CR-Com-am\u00e9nagement-du-territoire-urbanisme-02-09-2020.pdf\">CR-Com-am\u00e9nagement-du-territoire-urbanisme-02-09-2020<\/a><a href=\"http:\/\/campome.com\/wp-content\/uploads\/2020\/10\/CR-Com-am\u00e9nagement-du-territoire-urbanisme-02-09-2020.pdf\" class=\"wp-block-file__button wp-element-button\" download>T\u00e9l\u00e9charger<\/a><\/div>\n","protected":false},"excerpt":{"rendered":"","protected":false},"author":1,"featured_media":0,"parent":0,"menu_order":0,"comment_status":"closed","ping_status":"closed","template":"","meta":{"_monsterinsights_skip_tracking":false,"_monsterinsights_sitenote_active":false,"_monsterinsights_sitenote_note":"","_monsterinsights_sitenote_category":0,"footnotes":""},"class_list":["post-784","page","type-page","status-publish","hentry"],"yoast_head":"<!-- This site is optimized with the Yoast SEO plugin v27.3 - https:\/\/yoast.com\/product\/yoast-seo-wordpress\/ -->\n<title>Am\u00e9nagement Territoire Urbanisme - Mairie de Camp\u00f4me<\/title>\n<meta name=\"robots\" content=\"index, follow, max-snippet:-1, max-image-preview:large, max-video-preview:-1\" \/>\n<link rel=\"canonical\" href=\"https:\/\/campome.com\/index.php\/amenagement-territoire-urbanisme\/\" \/>\n<meta property=\"og:locale\" content=\"fr_FR\" \/>\n<meta property=\"og:type\" content=\"article\" \/>\n<meta property=\"og:title\" content=\"Am\u00e9nagement Territoire Urbanisme - Mairie de Camp\u00f4me\" \/>\n<meta property=\"og:url\" content=\"https:\/\/campome.com\/index.php\/amenagement-territoire-urbanisme\/\" \/>\n<meta property=\"og:site_name\" content=\"Mairie de Camp\u00f4me\" \/>\n<meta property=\"article:modified_time\" content=\"2025-03-04T10:24:03+00:00\" \/>\n<meta name=\"twitter:card\" content=\"summary_large_image\" \/>\n<meta name=\"twitter:label1\" content=\"Dur\u00e9e de lecture estim\u00e9e\" \/>\n\t<meta name=\"twitter:data1\" content=\"1 minute\" \/>\n<script type=\"application\/ld+json\" class=\"yoast-schema-graph\">{\"@context\":\"https:\\\/\\\/schema.org\",\"@graph\":[{\"@type\":\"WebPage\",\"@id\":\"https:\\\/\\\/campome.com\\\/index.php\\\/amenagement-territoire-urbanisme\\\/\",\"url\":\"https:\\\/\\\/campome.com\\\/index.php\\\/amenagement-territoire-urbanisme\\\/\",\"name\":\"Am\u00e9nagement Territoire Urbanisme - Mairie de Camp\u00f4me\",\"isPartOf\":{\"@id\":\"https:\\\/\\\/campome.com\\\/#website\"},\"datePublished\":\"2020-11-07T15:34:40+00:00\",\"dateModified\":\"2025-03-04T10:24:03+00:00\",\"breadcrumb\":{\"@id\":\"https:\\\/\\\/campome.com\\\/index.php\\\/amenagement-territoire-urbanisme\\\/#breadcrumb\"},\"inLanguage\":\"fr-FR\",\"potentialAction\":[{\"@type\":\"ReadAction\",\"target\":[\"https:\\\/\\\/campome.com\\\/index.php\\\/amenagement-territoire-urbanisme\\\/\"]}]},{\"@type\":\"BreadcrumbList\",\"@id\":\"https:\\\/\\\/campome.com\\\/index.php\\\/amenagement-territoire-urbanisme\\\/#breadcrumb\",\"itemListElement\":[{\"@type\":\"ListItem\",\"position\":1,\"name\":\"Accueil\",\"item\":\"https:\\\/\\\/campome.com\\\/\"},{\"@type\":\"ListItem\",\"position\":2,\"name\":\"Am\u00e9nagement Territoire Urbanisme\"}]},{\"@type\":\"WebSite\",\"@id\":\"https:\\\/\\\/campome.com\\\/#website\",\"url\":\"https:\\\/\\\/campome.com\\\/\",\"name\":\"Mairie de Camp\u00f4me\",\"description\":\"Bienvenue sur le site de la mairie de Camp\u00f4me\",\"potentialAction\":[{\"@type\":\"SearchAction\",\"target\":{\"@type\":\"EntryPoint\",\"urlTemplate\":\"https:\\\/\\\/campome.com\\\/?s={search_term_string}\"},\"query-input\":{\"@type\":\"PropertyValueSpecification\",\"valueRequired\":true,\"valueName\":\"search_term_string\"}}],\"inLanguage\":\"fr-FR\"}]}<\/script>\n<!-- \/ Yoast SEO plugin. -->","yoast_head_json":{"title":"Am\u00e9nagement Territoire Urbanisme - Mairie de Camp\u00f4me","robots":{"index":"index","follow":"follow","max-snippet":"max-snippet:-1","max-image-preview":"max-image-preview:large","max-video-preview":"max-video-preview:-1"},"canonical":"https:\/\/campome.com\/index.php\/amenagement-territoire-urbanisme\/","og_locale":"fr_FR","og_type":"article","og_title":"Am\u00e9nagement Territoire Urbanisme - Mairie de Camp\u00f4me","og_url":"https:\/\/campome.com\/index.php\/amenagement-territoire-urbanisme\/","og_site_name":"Mairie de Camp\u00f4me","article_modified_time":"2025-03-04T10:24:03+00:00","twitter_card":"summary_large_image","twitter_misc":{"Dur\u00e9e de lecture estim\u00e9e":"1 minute"},"schema":{"@context":"https:\/\/schema.org","@graph":[{"@type":"WebPage","@id":"https:\/\/campome.com\/index.php\/amenagement-territoire-urbanisme\/","url":"https:\/\/campome.com\/index.php\/amenagement-territoire-urbanisme\/","name":"Am\u00e9nagement Territoire Urbanisme - Mairie de Camp\u00f4me","isPartOf":{"@id":"https:\/\/campome.com\/#website"},"datePublished":"2020-11-07T15:34:40+00:00","dateModified":"2025-03-04T10:24:03+00:00","breadcrumb":{"@id":"https:\/\/campome.com\/index.php\/amenagement-territoire-urbanisme\/#breadcrumb"},"inLanguage":"fr-FR","potentialAction":[{"@type":"ReadAction","target":["https:\/\/campome.com\/index.php\/amenagement-territoire-urbanisme\/"]}]},{"@type":"BreadcrumbList","@id":"https:\/\/campome.com\/index.php\/amenagement-territoire-urbanisme\/#breadcrumb","itemListElement":[{"@type":"ListItem","position":1,"name":"Accueil","item":"https:\/\/campome.com\/"},{"@type":"ListItem","position":2,"name":"Am\u00e9nagement Territoire Urbanisme"}]},{"@type":"WebSite","@id":"https:\/\/campome.com\/#website","url":"https:\/\/campome.com\/","name":"Mairie de Camp\u00f4me","description":"Bienvenue sur le site de la mairie de Camp\u00f4me","potentialAction":[{"@type":"SearchAction","target":{"@type":"EntryPoint","urlTemplate":"https:\/\/campome.com\/?s={search_term_string}"},"query-input":{"@type":"PropertyValueSpecification","valueRequired":true,"valueName":"search_term_string"}}],"inLanguage":"fr-FR"}]}},"_links":{"self":[{"href":"https:\/\/campome.com\/index.php\/wp-json\/wp\/v2\/pages\/784","targetHints":{"allow":["GET"]}}],"collection":[{"href":"https:\/\/campome.com\/index.php\/wp-json\/wp\/v2\/pages"}],"about":[{"href":"https:\/\/campome.com\/index.php\/wp-json\/wp\/v2\/types\/page"}],"author":[{"embeddable":true,"href":"https:\/\/campome.com\/index.php\/wp-json\/wp\/v2\/users\/1"}],"replies":[{"embeddable":true,"href":"https:\/\/campome.com\/index.php\/wp-json\/wp\/v2\/comments?post=784"}],"version-history":[{"count":4,"href":"https:\/\/campome.com\/index.php\/wp-json\/wp\/v2\/pages\/784\/revisions"}],"predecessor-version":[{"id":2339,"href":"https:\/\/campome.com\/index.php\/wp-json\/wp\/v2\/pages\/784\/revisions\/2339"}],"wp:attachment":[{"href":"https:\/\/campome.com\/index.php\/wp-json\/wp\/v2\/media?parent=784"}],"curies":[{"name":"wp","href":"https:\/\/api.w.org\/{rel}","templated":true}]}}