{"id":801,"date":"2020-11-07T17:49:50","date_gmt":"2020-11-07T16:49:50","guid":{"rendered":"http:\/\/campome.com\/?page_id=801"},"modified":"2025-03-04T11:29:59","modified_gmt":"2025-03-04T10:29:59","slug":"coordination-mutualisation-moyen","status":"publish","type":"page","link":"https:\/\/campome.com\/index.php\/coordination-mutualisation-moyen\/","title":{"rendered":"Coordination Mutualisation Moyen"},"content":{"rendered":"\n<div class=\"wp-block-file\"><a id=\"wp-block-file--media-3571a295-782b-4d4b-a395-e8be7d31ffc3\" href=\"https:\/\/campome.com\/wp-content\/uploads\/2025\/03\/CR-mutualisation-des-moyens-du-26-10-2023.pdf\">CR mutualisation des moyens du 26 10 2023<\/a><a href=\"https:\/\/campome.com\/wp-content\/uploads\/2025\/03\/CR-mutualisation-des-moyens-du-26-10-2023.pdf\" class=\"wp-block-file__button wp-element-button\" download aria-describedby=\"wp-block-file--media-3571a295-782b-4d4b-a395-e8be7d31ffc3\">T\u00e9l\u00e9charger<\/a><\/div>\n\n\n\n<div class=\"wp-block-file\"><a id=\"wp-block-file--media-2a7869eb-1abd-48ad-b116-226d60dac12d\" href=\"https:\/\/campome.com\/wp-content\/uploads\/2025\/03\/CR-mutualisation-des-moyens-du-12-04-2022.pdf\">CR mutualisation des moyens du 12 04 2022<\/a><a href=\"https:\/\/campome.com\/wp-content\/uploads\/2025\/03\/CR-mutualisation-des-moyens-du-12-04-2022.pdf\" class=\"wp-block-file__button wp-element-button\" download aria-describedby=\"wp-block-file--media-2a7869eb-1abd-48ad-b116-226d60dac12d\">T\u00e9l\u00e9charger<\/a><\/div>\n\n\n\n<div class=\"wp-block-file\"><a id=\"wp-block-file--media-0d554a64-cea5-441d-bff7-7eb5fe4910f6\" href=\"https:\/\/campome.com\/wp-content\/uploads\/2025\/03\/CR-Mutualisation-des-moyens-du-15-07-2021.pdf\">CR Mutualisation des moyens du 15 07 2021<\/a><a href=\"https:\/\/campome.com\/wp-content\/uploads\/2025\/03\/CR-Mutualisation-des-moyens-du-15-07-2021.pdf\" class=\"wp-block-file__button wp-element-button\" download aria-describedby=\"wp-block-file--media-0d554a64-cea5-441d-bff7-7eb5fe4910f6\">T\u00e9l\u00e9charger<\/a><\/div>\n\n\n\n<p><\/p>\n\n\n\n<div class=\"wp-block-file\"><a href=\"http:\/\/campome.com\/wp-content\/uploads\/2020\/11\/CR-Coordination-Mutualisation-Moyen-27-10-2020.pdf\">CR Coordination Mutualisation Moyen 27 10 2020<\/a><a href=\"http:\/\/campome.com\/wp-content\/uploads\/2020\/11\/CR-Coordination-Mutualisation-Moyen-27-10-2020.pdf\" class=\"wp-block-file__button wp-element-button\" download>T\u00e9l\u00e9charger<\/a><\/div>\n","protected":false},"excerpt":{"rendered":"","protected":false},"author":1,"featured_media":0,"parent":0,"menu_order":0,"comment_status":"closed","ping_status":"closed","template":"","meta":{"_monsterinsights_skip_tracking":false,"_monsterinsights_sitenote_active":false,"_monsterinsights_sitenote_note":"","_monsterinsights_sitenote_category":0,"footnotes":""},"class_list":["post-801","page","type-page","status-publish","hentry"],"yoast_head":"<!-- This site is optimized with the Yoast SEO plugin v27.4 - https:\/\/yoast.com\/product\/yoast-seo-wordpress\/ -->\n<title>Coordination Mutualisation Moyen - Mairie de Camp\u00f4me<\/title>\n<meta name=\"robots\" content=\"index, follow, max-snippet:-1, max-image-preview:large, max-video-preview:-1\" \/>\n<link rel=\"canonical\" href=\"https:\/\/campome.com\/index.php\/coordination-mutualisation-moyen\/\" \/>\n<meta property=\"og:locale\" content=\"fr_FR\" \/>\n<meta property=\"og:type\" content=\"article\" \/>\n<meta property=\"og:title\" content=\"Coordination Mutualisation Moyen - Mairie de Camp\u00f4me\" \/>\n<meta property=\"og:url\" content=\"https:\/\/campome.com\/index.php\/coordination-mutualisation-moyen\/\" \/>\n<meta property=\"og:site_name\" content=\"Mairie de Camp\u00f4me\" \/>\n<meta property=\"article:modified_time\" content=\"2025-03-04T10:29:59+00:00\" \/>\n<meta name=\"twitter:card\" content=\"summary_large_image\" \/>\n<meta name=\"twitter:label1\" content=\"Dur\u00e9e de lecture estim\u00e9e\" \/>\n\t<meta name=\"twitter:data1\" content=\"1 minute\" \/>\n<script type=\"application\/ld+json\" class=\"yoast-schema-graph\">{\"@context\":\"https:\\\/\\\/schema.org\",\"@graph\":[{\"@type\":\"WebPage\",\"@id\":\"https:\\\/\\\/campome.com\\\/index.php\\\/coordination-mutualisation-moyen\\\/\",\"url\":\"https:\\\/\\\/campome.com\\\/index.php\\\/coordination-mutualisation-moyen\\\/\",\"name\":\"Coordination Mutualisation Moyen - Mairie de Camp\u00f4me\",\"isPartOf\":{\"@id\":\"https:\\\/\\\/campome.com\\\/#website\"},\"datePublished\":\"2020-11-07T16:49:50+00:00\",\"dateModified\":\"2025-03-04T10:29:59+00:00\",\"breadcrumb\":{\"@id\":\"https:\\\/\\\/campome.com\\\/index.php\\\/coordination-mutualisation-moyen\\\/#breadcrumb\"},\"inLanguage\":\"fr-FR\",\"potentialAction\":[{\"@type\":\"ReadAction\",\"target\":[\"https:\\\/\\\/campome.com\\\/index.php\\\/coordination-mutualisation-moyen\\\/\"]}]},{\"@type\":\"BreadcrumbList\",\"@id\":\"https:\\\/\\\/campome.com\\\/index.php\\\/coordination-mutualisation-moyen\\\/#breadcrumb\",\"itemListElement\":[{\"@type\":\"ListItem\",\"position\":1,\"name\":\"Accueil\",\"item\":\"https:\\\/\\\/campome.com\\\/\"},{\"@type\":\"ListItem\",\"position\":2,\"name\":\"Coordination Mutualisation Moyen\"}]},{\"@type\":\"WebSite\",\"@id\":\"https:\\\/\\\/campome.com\\\/#website\",\"url\":\"https:\\\/\\\/campome.com\\\/\",\"name\":\"Mairie de Camp\u00f4me\",\"description\":\"Bienvenue sur le site de la mairie de Camp\u00f4me\",\"potentialAction\":[{\"@type\":\"SearchAction\",\"target\":{\"@type\":\"EntryPoint\",\"urlTemplate\":\"https:\\\/\\\/campome.com\\\/?s={search_term_string}\"},\"query-input\":{\"@type\":\"PropertyValueSpecification\",\"valueRequired\":true,\"valueName\":\"search_term_string\"}}],\"inLanguage\":\"fr-FR\"}]}<\/script>\n<!-- \/ Yoast SEO plugin. -->","yoast_head_json":{"title":"Coordination Mutualisation Moyen - Mairie de Camp\u00f4me","robots":{"index":"index","follow":"follow","max-snippet":"max-snippet:-1","max-image-preview":"max-image-preview:large","max-video-preview":"max-video-preview:-1"},"canonical":"https:\/\/campome.com\/index.php\/coordination-mutualisation-moyen\/","og_locale":"fr_FR","og_type":"article","og_title":"Coordination Mutualisation Moyen - Mairie de Camp\u00f4me","og_url":"https:\/\/campome.com\/index.php\/coordination-mutualisation-moyen\/","og_site_name":"Mairie de Camp\u00f4me","article_modified_time":"2025-03-04T10:29:59+00:00","twitter_card":"summary_large_image","twitter_misc":{"Dur\u00e9e de lecture estim\u00e9e":"1 minute"},"schema":{"@context":"https:\/\/schema.org","@graph":[{"@type":"WebPage","@id":"https:\/\/campome.com\/index.php\/coordination-mutualisation-moyen\/","url":"https:\/\/campome.com\/index.php\/coordination-mutualisation-moyen\/","name":"Coordination Mutualisation Moyen - Mairie de Camp\u00f4me","isPartOf":{"@id":"https:\/\/campome.com\/#website"},"datePublished":"2020-11-07T16:49:50+00:00","dateModified":"2025-03-04T10:29:59+00:00","breadcrumb":{"@id":"https:\/\/campome.com\/index.php\/coordination-mutualisation-moyen\/#breadcrumb"},"inLanguage":"fr-FR","potentialAction":[{"@type":"ReadAction","target":["https:\/\/campome.com\/index.php\/coordination-mutualisation-moyen\/"]}]},{"@type":"BreadcrumbList","@id":"https:\/\/campome.com\/index.php\/coordination-mutualisation-moyen\/#breadcrumb","itemListElement":[{"@type":"ListItem","position":1,"name":"Accueil","item":"https:\/\/campome.com\/"},{"@type":"ListItem","position":2,"name":"Coordination Mutualisation Moyen"}]},{"@type":"WebSite","@id":"https:\/\/campome.com\/#website","url":"https:\/\/campome.com\/","name":"Mairie de Camp\u00f4me","description":"Bienvenue sur le site de la mairie de Camp\u00f4me","potentialAction":[{"@type":"SearchAction","target":{"@type":"EntryPoint","urlTemplate":"https:\/\/campome.com\/?s={search_term_string}"},"query-input":{"@type":"PropertyValueSpecification","valueRequired":true,"valueName":"search_term_string"}}],"inLanguage":"fr-FR"}]}},"_links":{"self":[{"href":"https:\/\/campome.com\/index.php\/wp-json\/wp\/v2\/pages\/801","targetHints":{"allow":["GET"]}}],"collection":[{"href":"https:\/\/campome.com\/index.php\/wp-json\/wp\/v2\/pages"}],"about":[{"href":"https:\/\/campome.com\/index.php\/wp-json\/wp\/v2\/types\/page"}],"author":[{"embeddable":true,"href":"https:\/\/campome.com\/index.php\/wp-json\/wp\/v2\/users\/1"}],"replies":[{"embeddable":true,"href":"https:\/\/campome.com\/index.php\/wp-json\/wp\/v2\/comments?post=801"}],"version-history":[{"count":4,"href":"https:\/\/campome.com\/index.php\/wp-json\/wp\/v2\/pages\/801\/revisions"}],"predecessor-version":[{"id":2345,"href":"https:\/\/campome.com\/index.php\/wp-json\/wp\/v2\/pages\/801\/revisions\/2345"}],"wp:attachment":[{"href":"https:\/\/campome.com\/index.php\/wp-json\/wp\/v2\/media?parent=801"}],"curies":[{"name":"wp","href":"https:\/\/api.w.org\/{rel}","templated":true}]}}