{"id":808,"date":"2020-11-19T07:28:46","date_gmt":"2020-11-19T06:28:46","guid":{"rendered":"http:\/\/campome.com\/?page_id=808"},"modified":"2024-06-27T17:38:40","modified_gmt":"2024-06-27T15:38:40","slug":"commission-des-maires","status":"publish","type":"page","link":"https:\/\/campome.com\/index.php\/commission-des-maires\/","title":{"rendered":"Commission des Maires"},"content":{"rendered":"\n<div class=\"wp-block-file\"><a id=\"wp-block-file--media-a69f22d0-de66-4ca8-a83d-786e481c4f6b\" href=\"https:\/\/campome.com\/wp-content\/uploads\/2024\/06\/commission-des-maires-13-6-24.pdf\">commission-des-maires-13-6-24 (pr\u00e9sentation)<\/a><a href=\"https:\/\/campome.com\/wp-content\/uploads\/2024\/06\/commission-des-maires-13-6-24.pdf\" class=\"wp-block-file__button wp-element-button\" download aria-describedby=\"wp-block-file--media-a69f22d0-de66-4ca8-a83d-786e481c4f6b\">T\u00e9l\u00e9charger<\/a><\/div>\n\n\n\n<div class=\"wp-block-file\"><a href=\"http:\/\/campome.com\/wp-content\/uploads\/2020\/12\/CR-Com-maires-03-12-2020.pdf\">CR-Com-maires-03-12-2020<\/a><a href=\"http:\/\/campome.com\/wp-content\/uploads\/2020\/12\/CR-Com-maires-03-12-2020.pdf\" class=\"wp-block-file__button wp-element-button\" download>T\u00e9l\u00e9charger<\/a><\/div>\n\n\n\n<div class=\"wp-block-file\"><a href=\"http:\/\/campome.com\/wp-content\/uploads\/2020\/11\/CR-Com-des-Maires.pdf\">CR-Com &#8211; 12 -11 -2020<\/a><a href=\"http:\/\/campome.com\/wp-content\/uploads\/2020\/11\/CR-Com-des-Maires.pdf\" class=\"wp-block-file__button wp-element-button\" download>T\u00e9l\u00e9charger<\/a><\/div>\n\n\n\n<div class=\"wp-block-file\"><a href=\"http:\/\/campome.com\/wp-content\/uploads\/2020\/11\/CR-Com-24-09-2020.pdf\">CR-Com &#8211; 24 &#8211; 09 &#8211; 2020<\/a><a href=\"http:\/\/campome.com\/wp-content\/uploads\/2020\/11\/CR-Com-24-09-2020.pdf\" class=\"wp-block-file__button wp-element-button\" download>T\u00e9l\u00e9charger<\/a><\/div>\n\n\n\n<p><\/p>\n","protected":false},"excerpt":{"rendered":"","protected":false},"author":1,"featured_media":0,"parent":0,"menu_order":0,"comment_status":"closed","ping_status":"closed","template":"","meta":{"_monsterinsights_skip_tracking":false,"_monsterinsights_sitenote_active":false,"_monsterinsights_sitenote_note":"","_monsterinsights_sitenote_category":0,"footnotes":""},"class_list":["post-808","page","type-page","status-publish","hentry"],"yoast_head":"<!-- This site is optimized with the Yoast SEO plugin v27.3 - https:\/\/yoast.com\/product\/yoast-seo-wordpress\/ -->\n<title>Commission des Maires - Mairie de Camp\u00f4me<\/title>\n<meta name=\"robots\" content=\"index, follow, max-snippet:-1, max-image-preview:large, max-video-preview:-1\" \/>\n<link rel=\"canonical\" href=\"https:\/\/campome.com\/index.php\/commission-des-maires\/\" \/>\n<meta property=\"og:locale\" content=\"fr_FR\" \/>\n<meta property=\"og:type\" content=\"article\" \/>\n<meta property=\"og:title\" content=\"Commission des Maires - Mairie de Camp\u00f4me\" \/>\n<meta property=\"og:url\" content=\"https:\/\/campome.com\/index.php\/commission-des-maires\/\" \/>\n<meta property=\"og:site_name\" content=\"Mairie de Camp\u00f4me\" \/>\n<meta property=\"article:modified_time\" content=\"2024-06-27T15:38:40+00:00\" \/>\n<meta name=\"twitter:card\" content=\"summary_large_image\" \/>\n<meta name=\"twitter:label1\" content=\"Dur\u00e9e de lecture estim\u00e9e\" \/>\n\t<meta name=\"twitter:data1\" content=\"1 minute\" \/>\n<script type=\"application\/ld+json\" class=\"yoast-schema-graph\">{\"@context\":\"https:\\\/\\\/schema.org\",\"@graph\":[{\"@type\":\"WebPage\",\"@id\":\"https:\\\/\\\/campome.com\\\/index.php\\\/commission-des-maires\\\/\",\"url\":\"https:\\\/\\\/campome.com\\\/index.php\\\/commission-des-maires\\\/\",\"name\":\"Commission des Maires - Mairie de Camp\u00f4me\",\"isPartOf\":{\"@id\":\"https:\\\/\\\/campome.com\\\/#website\"},\"datePublished\":\"2020-11-19T06:28:46+00:00\",\"dateModified\":\"2024-06-27T15:38:40+00:00\",\"breadcrumb\":{\"@id\":\"https:\\\/\\\/campome.com\\\/index.php\\\/commission-des-maires\\\/#breadcrumb\"},\"inLanguage\":\"fr-FR\",\"potentialAction\":[{\"@type\":\"ReadAction\",\"target\":[\"https:\\\/\\\/campome.com\\\/index.php\\\/commission-des-maires\\\/\"]}]},{\"@type\":\"BreadcrumbList\",\"@id\":\"https:\\\/\\\/campome.com\\\/index.php\\\/commission-des-maires\\\/#breadcrumb\",\"itemListElement\":[{\"@type\":\"ListItem\",\"position\":1,\"name\":\"Accueil\",\"item\":\"https:\\\/\\\/campome.com\\\/\"},{\"@type\":\"ListItem\",\"position\":2,\"name\":\"Commission des Maires\"}]},{\"@type\":\"WebSite\",\"@id\":\"https:\\\/\\\/campome.com\\\/#website\",\"url\":\"https:\\\/\\\/campome.com\\\/\",\"name\":\"Mairie de Camp\u00f4me\",\"description\":\"Bienvenue sur le site de la mairie de Camp\u00f4me\",\"potentialAction\":[{\"@type\":\"SearchAction\",\"target\":{\"@type\":\"EntryPoint\",\"urlTemplate\":\"https:\\\/\\\/campome.com\\\/?s={search_term_string}\"},\"query-input\":{\"@type\":\"PropertyValueSpecification\",\"valueRequired\":true,\"valueName\":\"search_term_string\"}}],\"inLanguage\":\"fr-FR\"}]}<\/script>\n<!-- \/ Yoast SEO plugin. -->","yoast_head_json":{"title":"Commission des Maires - Mairie de Camp\u00f4me","robots":{"index":"index","follow":"follow","max-snippet":"max-snippet:-1","max-image-preview":"max-image-preview:large","max-video-preview":"max-video-preview:-1"},"canonical":"https:\/\/campome.com\/index.php\/commission-des-maires\/","og_locale":"fr_FR","og_type":"article","og_title":"Commission des Maires - Mairie de Camp\u00f4me","og_url":"https:\/\/campome.com\/index.php\/commission-des-maires\/","og_site_name":"Mairie de Camp\u00f4me","article_modified_time":"2024-06-27T15:38:40+00:00","twitter_card":"summary_large_image","twitter_misc":{"Dur\u00e9e de lecture estim\u00e9e":"1 minute"},"schema":{"@context":"https:\/\/schema.org","@graph":[{"@type":"WebPage","@id":"https:\/\/campome.com\/index.php\/commission-des-maires\/","url":"https:\/\/campome.com\/index.php\/commission-des-maires\/","name":"Commission des Maires - Mairie de Camp\u00f4me","isPartOf":{"@id":"https:\/\/campome.com\/#website"},"datePublished":"2020-11-19T06:28:46+00:00","dateModified":"2024-06-27T15:38:40+00:00","breadcrumb":{"@id":"https:\/\/campome.com\/index.php\/commission-des-maires\/#breadcrumb"},"inLanguage":"fr-FR","potentialAction":[{"@type":"ReadAction","target":["https:\/\/campome.com\/index.php\/commission-des-maires\/"]}]},{"@type":"BreadcrumbList","@id":"https:\/\/campome.com\/index.php\/commission-des-maires\/#breadcrumb","itemListElement":[{"@type":"ListItem","position":1,"name":"Accueil","item":"https:\/\/campome.com\/"},{"@type":"ListItem","position":2,"name":"Commission des Maires"}]},{"@type":"WebSite","@id":"https:\/\/campome.com\/#website","url":"https:\/\/campome.com\/","name":"Mairie de Camp\u00f4me","description":"Bienvenue sur le site de la mairie de Camp\u00f4me","potentialAction":[{"@type":"SearchAction","target":{"@type":"EntryPoint","urlTemplate":"https:\/\/campome.com\/?s={search_term_string}"},"query-input":{"@type":"PropertyValueSpecification","valueRequired":true,"valueName":"search_term_string"}}],"inLanguage":"fr-FR"}]}},"_links":{"self":[{"href":"https:\/\/campome.com\/index.php\/wp-json\/wp\/v2\/pages\/808","targetHints":{"allow":["GET"]}}],"collection":[{"href":"https:\/\/campome.com\/index.php\/wp-json\/wp\/v2\/pages"}],"about":[{"href":"https:\/\/campome.com\/index.php\/wp-json\/wp\/v2\/types\/page"}],"author":[{"embeddable":true,"href":"https:\/\/campome.com\/index.php\/wp-json\/wp\/v2\/users\/1"}],"replies":[{"embeddable":true,"href":"https:\/\/campome.com\/index.php\/wp-json\/wp\/v2\/comments?post=808"}],"version-history":[{"count":3,"href":"https:\/\/campome.com\/index.php\/wp-json\/wp\/v2\/pages\/808\/revisions"}],"predecessor-version":[{"id":2218,"href":"https:\/\/campome.com\/index.php\/wp-json\/wp\/v2\/pages\/808\/revisions\/2218"}],"wp:attachment":[{"href":"https:\/\/campome.com\/index.php\/wp-json\/wp\/v2\/media?parent=808"}],"curies":[{"name":"wp","href":"https:\/\/api.w.org\/{rel}","templated":true}]}}