{"id":838,"date":"2020-12-13T08:01:39","date_gmt":"2020-12-13T07:01:39","guid":{"rendered":"http:\/\/campome.com\/?page_id=838"},"modified":"2024-06-06T13:50:14","modified_gmt":"2024-06-06T11:50:14","slug":"plan-doccupation-des-sols-par-zone","status":"publish","type":"page","link":"https:\/\/campome.com\/index.php\/plan-doccupation-des-sols-par-zone\/","title":{"rendered":"Urbanisme PLUI et POS"},"content":{"rendered":"\n<div class=\"wp-block-file\"><a id=\"wp-block-file--media-fa7b1f1e-0084-40ad-b724-81a396657f3a\" href=\"https:\/\/campome.com\/wp-content\/uploads\/2024\/06\/cerfa_13404-12-Permis-de-travaux-construire-amenager.pdf\" target=\"_blank\" rel=\"noreferrer noopener\">cerfa_13404-12-Permis-de-travaux-construire-amenager<\/a><a href=\"https:\/\/campome.com\/wp-content\/uploads\/2024\/06\/cerfa_13404-12-Permis-de-travaux-construire-amenager.pdf\" class=\"wp-block-file__button wp-element-button\" download aria-describedby=\"wp-block-file--media-fa7b1f1e-0084-40ad-b724-81a396657f3a\">T\u00e9l\u00e9charger<\/a><\/div>\n\n\n\n<p>D\u00e9p\u00f4t de demande d&rsquo;urbanisme en ligne                                  <a aria-label=\"undefined (s\u2019ouvre dans un nouvel onglet)\" href=\"https:\/\/www.conflentcanigo.fr\/demande-urbanisme\" target=\"_blank\" rel=\"noreferrer noopener\">https:\/\/www.conflentcanigo.fr\/demande-urbanisme<\/a> <\/p>\n\n\n\n<h5 class=\"wp-block-heading\">ZONAGE PLUI en vigueur au 13 avril 2023 lien ci-dessous (remplace le pr\u00e9c\u00e9dent)<\/h5>\n\n\n\n<div class=\"wp-block-file\"><a id=\"wp-block-file--media-d9ef299f-45a9-4ef1-8aaf-60c2b05bfa19\" href=\"https:\/\/campome.com\/wp-content\/uploads\/2023\/07\/PLUI-en-vigueur-au-13-avril-2023-Campome_zonage_M1.pdf\">PLUI-en-vigueur-au-13-avril-2023-Campome_zonage_M1<\/a><a href=\"https:\/\/campome.com\/wp-content\/uploads\/2023\/07\/PLUI-en-vigueur-au-13-avril-2023-Campome_zonage_M1.pdf\" class=\"wp-block-file__button wp-element-button\" download aria-describedby=\"wp-block-file--media-d9ef299f-45a9-4ef1-8aaf-60c2b05bfa19\">T\u00e9l\u00e9charger<\/a><\/div>\n\n\n\n<h5 class=\"wp-block-heading\">REGLEMENT PLUI en vigueur au 13 avril 2023 lien ci-dessous (remplace le pr\u00e9c\u00e9dent) <\/h5>\n\n\n\n<div class=\"wp-block-file\"><a id=\"wp-block-file--media-56fd043b-d862-4478-bddf-7a19aed14f2e\" href=\"https:\/\/campome.com\/wp-content\/uploads\/2023\/07\/PLUI-en-vigueur-au-13-avril-2023-Reglement-Maillage-rural_M1.pdf\">PLUI-en-vigueur-au-13-avril-2023-Reglement-Maillage-rural_M1<\/a><a href=\"https:\/\/campome.com\/wp-content\/uploads\/2023\/07\/PLUI-en-vigueur-au-13-avril-2023-Reglement-Maillage-rural_M1.pdf\" class=\"wp-block-file__button wp-element-button\" download aria-describedby=\"wp-block-file--media-56fd043b-d862-4478-bddf-7a19aed14f2e\">T\u00e9l\u00e9charger<\/a><\/div>\n\n\n\n<h5 class=\"wp-block-heading\">R\u00e9sultat de l&rsquo;enqu\u00eate publique lien ci dessous &#8211; lire Camp\u00f4me pages 29-30<\/h5>\n\n\n\n<div class=\"wp-block-file\"><a id=\"wp-block-file--media-e81c0c3e-e800-4201-9ab6-af05df0a50e4\" href=\"https:\/\/campome.com\/wp-content\/uploads\/2023\/07\/PLUI-au-13-avril-2023-Deliberation-Approbation-enquete-publique.pdf\">PLUI-au-13-avril-2023-Deliberation-Approbation-enquete-publique<\/a><a href=\"https:\/\/campome.com\/wp-content\/uploads\/2023\/07\/PLUI-au-13-avril-2023-Deliberation-Approbation-enquete-publique.pdf\" class=\"wp-block-file__button wp-element-button\" download aria-describedby=\"wp-block-file--media-e81c0c3e-e800-4201-9ab6-af05df0a50e4\">T\u00e9l\u00e9charger<\/a><\/div>\n\n\n\n<p><\/p>\n\n\n\n<p>PLUI en vigueur depuis le 13 mars 2021                                                                                            <a aria-label=\"undefined (s\u2019ouvre dans un nouvel onglet)\" href=\"https:\/\/12ce8134-5574-d6fd-567f-1ac15c81b327.filesusr.com\/ugd\/6ea2f3_b46e57121d93465a88e850ac629ff161.pdf\" target=\"_blank\" rel=\"noreferrer noopener\">https:\/\/12ce8134-5574-d6fd-567f-1ac15c81b327.filesusr.com\/ugd\/6ea2f3_b46e57121d93465a88e850ac629ff161.pdf<\/a> <\/p>\n\n\n\n<div class=\"wp-block-file\"><a id=\"wp-block-file--media-94f13781-87d8-4771-95f6-e4aae94add81\" href=\"http:\/\/campome.com\/wp-content\/uploads\/2020\/12\/POS-Camp\u00f4me_reglement_zone_UA.pdf\">POS-Camp\u00f4me_reglement_zone_UA<\/a><a href=\"http:\/\/campome.com\/wp-content\/uploads\/2020\/12\/POS-Camp\u00f4me_reglement_zone_UA.pdf\" class=\"wp-block-file__button wp-element-button\" download aria-describedby=\"wp-block-file--media-94f13781-87d8-4771-95f6-e4aae94add81\">T\u00e9l\u00e9charger<\/a><\/div>\n\n\n\n<div class=\"wp-block-file\"><a id=\"wp-block-file--media-1c9b1085-857e-4b48-8b23-16b243208f1f\" href=\"http:\/\/campome.com\/wp-content\/uploads\/2020\/12\/POS-Camp\u00f4me_reglement_zone_UB.pdf\">POS-Camp\u00f4me_reglement_zone_UB<\/a><a href=\"http:\/\/campome.com\/wp-content\/uploads\/2020\/12\/POS-Camp\u00f4me_reglement_zone_UB.pdf\" class=\"wp-block-file__button wp-element-button\" download aria-describedby=\"wp-block-file--media-1c9b1085-857e-4b48-8b23-16b243208f1f\">T\u00e9l\u00e9charger<\/a><\/div>\n\n\n\n<div class=\"wp-block-file\"><a id=\"wp-block-file--media-510dd0c2-3c31-45f4-965c-c07c52c88253\" href=\"http:\/\/campome.com\/wp-content\/uploads\/2020\/12\/POS-Camp\u00f4me_reglement_zone_1NA.pdf\">POS-Camp\u00f4me_reglement_zone_1NA<\/a><a href=\"http:\/\/campome.com\/wp-content\/uploads\/2020\/12\/POS-Camp\u00f4me_reglement_zone_1NA.pdf\" class=\"wp-block-file__button wp-element-button\" download aria-describedby=\"wp-block-file--media-510dd0c2-3c31-45f4-965c-c07c52c88253\">T\u00e9l\u00e9charger<\/a><\/div>\n\n\n\n<div class=\"wp-block-file\"><a id=\"wp-block-file--media-fe8bb175-5759-4ac1-93be-07d4b40c2b7a\" href=\"http:\/\/campome.com\/wp-content\/uploads\/2020\/12\/POS-Camp\u00f4me_reglement_zone_ND.pdf\">POS-Camp\u00f4me_reglement_zone_ND<\/a><a href=\"http:\/\/campome.com\/wp-content\/uploads\/2020\/12\/POS-Camp\u00f4me_reglement_zone_ND.pdf\" class=\"wp-block-file__button wp-element-button\" download aria-describedby=\"wp-block-file--media-fe8bb175-5759-4ac1-93be-07d4b40c2b7a\">T\u00e9l\u00e9charger<\/a><\/div>\n","protected":false},"excerpt":{"rendered":"<p>D\u00e9p\u00f4t de demande d&rsquo;urbanisme en ligne https:\/\/www.conflentcanigo.fr\/demande-urbanisme ZONAGE PLUI en vigueur au 13 avril 2023 lien ci-dessous (remplace le pr\u00e9c\u00e9dent) REGLEMENT PLUI en vigueur au 13 avril 2023 lien ci-dessous (remplace le pr\u00e9c\u00e9dent) R\u00e9sultat de l&rsquo;enqu\u00eate publique lien ci dessous &#8211; lire Camp\u00f4me pages 29-30 PLUI en vigueur depuis le 13 mars 2021 https:\/\/12ce8134-5574-d6fd-567f-1ac15c81b327.filesusr.com\/ugd\/6ea2f3_b46e57121d93465a88e850ac629ff161.pdf<\/p>\n","protected":false},"author":1,"featured_media":0,"parent":0,"menu_order":0,"comment_status":"closed","ping_status":"closed","template":"","meta":{"_monsterinsights_skip_tracking":false,"_monsterinsights_sitenote_active":false,"_monsterinsights_sitenote_note":"","_monsterinsights_sitenote_category":0,"footnotes":""},"class_list":["post-838","page","type-page","status-publish","hentry"],"yoast_head":"<!-- This site is optimized with the Yoast SEO plugin v27.4 - https:\/\/yoast.com\/product\/yoast-seo-wordpress\/ -->\n<title>Urbanisme PLUI et POS - Mairie de Camp\u00f4me<\/title>\n<meta name=\"robots\" content=\"index, follow, max-snippet:-1, max-image-preview:large, max-video-preview:-1\" \/>\n<link rel=\"canonical\" href=\"https:\/\/campome.com\/index.php\/plan-doccupation-des-sols-par-zone\/\" \/>\n<meta property=\"og:locale\" content=\"fr_FR\" \/>\n<meta property=\"og:type\" content=\"article\" \/>\n<meta property=\"og:title\" content=\"Urbanisme PLUI et POS - Mairie de Camp\u00f4me\" \/>\n<meta property=\"og:description\" content=\"D\u00e9p\u00f4t de demande d&rsquo;urbanisme en ligne https:\/\/www.conflentcanigo.fr\/demande-urbanisme ZONAGE PLUI en vigueur au 13 avril 2023 lien ci-dessous (remplace le pr\u00e9c\u00e9dent) REGLEMENT PLUI en vigueur au 13 avril 2023 lien ci-dessous (remplace le pr\u00e9c\u00e9dent) R\u00e9sultat de l&rsquo;enqu\u00eate publique lien ci dessous &#8211; lire Camp\u00f4me pages 29-30 PLUI en vigueur depuis le 13 mars 2021 https:\/\/12ce8134-5574-d6fd-567f-1ac15c81b327.filesusr.com\/ugd\/6ea2f3_b46e57121d93465a88e850ac629ff161.pdf\" \/>\n<meta property=\"og:url\" content=\"https:\/\/campome.com\/index.php\/plan-doccupation-des-sols-par-zone\/\" \/>\n<meta property=\"og:site_name\" content=\"Mairie de Camp\u00f4me\" \/>\n<meta property=\"article:modified_time\" content=\"2024-06-06T11:50:14+00:00\" \/>\n<meta name=\"twitter:card\" content=\"summary_large_image\" \/>\n<meta name=\"twitter:label1\" content=\"Dur\u00e9e de lecture estim\u00e9e\" \/>\n\t<meta name=\"twitter:data1\" content=\"1 minute\" \/>\n<script type=\"application\/ld+json\" class=\"yoast-schema-graph\">{\"@context\":\"https:\\\/\\\/schema.org\",\"@graph\":[{\"@type\":\"WebPage\",\"@id\":\"https:\\\/\\\/campome.com\\\/index.php\\\/plan-doccupation-des-sols-par-zone\\\/\",\"url\":\"https:\\\/\\\/campome.com\\\/index.php\\\/plan-doccupation-des-sols-par-zone\\\/\",\"name\":\"Urbanisme PLUI et POS - Mairie de Camp\u00f4me\",\"isPartOf\":{\"@id\":\"https:\\\/\\\/campome.com\\\/#website\"},\"datePublished\":\"2020-12-13T07:01:39+00:00\",\"dateModified\":\"2024-06-06T11:50:14+00:00\",\"breadcrumb\":{\"@id\":\"https:\\\/\\\/campome.com\\\/index.php\\\/plan-doccupation-des-sols-par-zone\\\/#breadcrumb\"},\"inLanguage\":\"fr-FR\",\"potentialAction\":[{\"@type\":\"ReadAction\",\"target\":[\"https:\\\/\\\/campome.com\\\/index.php\\\/plan-doccupation-des-sols-par-zone\\\/\"]}]},{\"@type\":\"BreadcrumbList\",\"@id\":\"https:\\\/\\\/campome.com\\\/index.php\\\/plan-doccupation-des-sols-par-zone\\\/#breadcrumb\",\"itemListElement\":[{\"@type\":\"ListItem\",\"position\":1,\"name\":\"Accueil\",\"item\":\"https:\\\/\\\/campome.com\\\/\"},{\"@type\":\"ListItem\",\"position\":2,\"name\":\"Urbanisme PLUI et POS\"}]},{\"@type\":\"WebSite\",\"@id\":\"https:\\\/\\\/campome.com\\\/#website\",\"url\":\"https:\\\/\\\/campome.com\\\/\",\"name\":\"Mairie de Camp\u00f4me\",\"description\":\"Bienvenue sur le site de la mairie de Camp\u00f4me\",\"potentialAction\":[{\"@type\":\"SearchAction\",\"target\":{\"@type\":\"EntryPoint\",\"urlTemplate\":\"https:\\\/\\\/campome.com\\\/?s={search_term_string}\"},\"query-input\":{\"@type\":\"PropertyValueSpecification\",\"valueRequired\":true,\"valueName\":\"search_term_string\"}}],\"inLanguage\":\"fr-FR\"}]}<\/script>\n<!-- \/ Yoast SEO plugin. -->","yoast_head_json":{"title":"Urbanisme PLUI et POS - Mairie de Camp\u00f4me","robots":{"index":"index","follow":"follow","max-snippet":"max-snippet:-1","max-image-preview":"max-image-preview:large","max-video-preview":"max-video-preview:-1"},"canonical":"https:\/\/campome.com\/index.php\/plan-doccupation-des-sols-par-zone\/","og_locale":"fr_FR","og_type":"article","og_title":"Urbanisme PLUI et POS - Mairie de Camp\u00f4me","og_description":"D\u00e9p\u00f4t de demande d&rsquo;urbanisme en ligne https:\/\/www.conflentcanigo.fr\/demande-urbanisme ZONAGE PLUI en vigueur au 13 avril 2023 lien ci-dessous (remplace le pr\u00e9c\u00e9dent) REGLEMENT PLUI en vigueur au 13 avril 2023 lien ci-dessous (remplace le pr\u00e9c\u00e9dent) R\u00e9sultat de l&rsquo;enqu\u00eate publique lien ci dessous &#8211; lire Camp\u00f4me pages 29-30 PLUI en vigueur depuis le 13 mars 2021 https:\/\/12ce8134-5574-d6fd-567f-1ac15c81b327.filesusr.com\/ugd\/6ea2f3_b46e57121d93465a88e850ac629ff161.pdf","og_url":"https:\/\/campome.com\/index.php\/plan-doccupation-des-sols-par-zone\/","og_site_name":"Mairie de Camp\u00f4me","article_modified_time":"2024-06-06T11:50:14+00:00","twitter_card":"summary_large_image","twitter_misc":{"Dur\u00e9e de lecture estim\u00e9e":"1 minute"},"schema":{"@context":"https:\/\/schema.org","@graph":[{"@type":"WebPage","@id":"https:\/\/campome.com\/index.php\/plan-doccupation-des-sols-par-zone\/","url":"https:\/\/campome.com\/index.php\/plan-doccupation-des-sols-par-zone\/","name":"Urbanisme PLUI et POS - Mairie de Camp\u00f4me","isPartOf":{"@id":"https:\/\/campome.com\/#website"},"datePublished":"2020-12-13T07:01:39+00:00","dateModified":"2024-06-06T11:50:14+00:00","breadcrumb":{"@id":"https:\/\/campome.com\/index.php\/plan-doccupation-des-sols-par-zone\/#breadcrumb"},"inLanguage":"fr-FR","potentialAction":[{"@type":"ReadAction","target":["https:\/\/campome.com\/index.php\/plan-doccupation-des-sols-par-zone\/"]}]},{"@type":"BreadcrumbList","@id":"https:\/\/campome.com\/index.php\/plan-doccupation-des-sols-par-zone\/#breadcrumb","itemListElement":[{"@type":"ListItem","position":1,"name":"Accueil","item":"https:\/\/campome.com\/"},{"@type":"ListItem","position":2,"name":"Urbanisme PLUI et POS"}]},{"@type":"WebSite","@id":"https:\/\/campome.com\/#website","url":"https:\/\/campome.com\/","name":"Mairie de Camp\u00f4me","description":"Bienvenue sur le site de la mairie de Camp\u00f4me","potentialAction":[{"@type":"SearchAction","target":{"@type":"EntryPoint","urlTemplate":"https:\/\/campome.com\/?s={search_term_string}"},"query-input":{"@type":"PropertyValueSpecification","valueRequired":true,"valueName":"search_term_string"}}],"inLanguage":"fr-FR"}]}},"_links":{"self":[{"href":"https:\/\/campome.com\/index.php\/wp-json\/wp\/v2\/pages\/838","targetHints":{"allow":["GET"]}}],"collection":[{"href":"https:\/\/campome.com\/index.php\/wp-json\/wp\/v2\/pages"}],"about":[{"href":"https:\/\/campome.com\/index.php\/wp-json\/wp\/v2\/types\/page"}],"author":[{"embeddable":true,"href":"https:\/\/campome.com\/index.php\/wp-json\/wp\/v2\/users\/1"}],"replies":[{"embeddable":true,"href":"https:\/\/campome.com\/index.php\/wp-json\/wp\/v2\/comments?post=838"}],"version-history":[{"count":14,"href":"https:\/\/campome.com\/index.php\/wp-json\/wp\/v2\/pages\/838\/revisions"}],"predecessor-version":[{"id":2200,"href":"https:\/\/campome.com\/index.php\/wp-json\/wp\/v2\/pages\/838\/revisions\/2200"}],"wp:attachment":[{"href":"https:\/\/campome.com\/index.php\/wp-json\/wp\/v2\/media?parent=838"}],"curies":[{"name":"wp","href":"https:\/\/api.w.org\/{rel}","templated":true}]}}