{"id":91,"date":"2020-06-23T09:22:22","date_gmt":"2020-06-23T07:22:22","guid":{"rendered":"http:\/\/campome.com\/?page_id=91"},"modified":"2022-01-17T10:04:58","modified_gmt":"2022-01-17T09:04:58","slug":"histoire","status":"publish","type":"page","link":"https:\/\/campome.com\/index.php\/histoire\/","title":{"rendered":"Histoire"},"content":{"rendered":"\n<p>Cette page vous donne un bref aper\u00e7u et quelques rep\u00e8res historiques sur les sites majeurs de camp\u00f4me (Paracolls, Fornols, la roche grav\u00e9e, Carmaj\u00f9, les forges) <\/p>\n\n\n\n<p>Encore en cours de construction, pour vous faire patienter, quelques photographies&#8230;<\/p>\n","protected":false},"excerpt":{"rendered":"<p>Cette page vous donne un bref aper\u00e7u et quelques rep\u00e8res historiques sur les sites majeurs de camp\u00f4me (Paracolls, Fornols, la roche grav\u00e9e, Carmaj\u00f9, les forges) Encore en cours de construction, pour vous faire patienter, quelques photographies&#8230;<\/p>\n","protected":false},"author":1,"featured_media":0,"parent":0,"menu_order":0,"comment_status":"closed","ping_status":"closed","template":"full-width-page-template.php","meta":{"_monsterinsights_skip_tracking":false,"_monsterinsights_sitenote_active":false,"_monsterinsights_sitenote_note":"","_monsterinsights_sitenote_category":0,"footnotes":""},"class_list":["post-91","page","type-page","status-publish","hentry"],"yoast_head":"<!-- This site is optimized with the Yoast SEO plugin v27.4 - https:\/\/yoast.com\/product\/yoast-seo-wordpress\/ -->\n<title>Histoire - Mairie de Camp\u00f4me<\/title>\n<meta name=\"robots\" content=\"index, follow, max-snippet:-1, max-image-preview:large, max-video-preview:-1\" \/>\n<link rel=\"canonical\" href=\"https:\/\/campome.com\/index.php\/histoire\/\" \/>\n<meta property=\"og:locale\" content=\"fr_FR\" \/>\n<meta property=\"og:type\" content=\"article\" \/>\n<meta property=\"og:title\" content=\"Histoire - Mairie de Camp\u00f4me\" \/>\n<meta property=\"og:description\" content=\"Cette page vous donne un bref aper\u00e7u et quelques rep\u00e8res historiques sur les sites majeurs de camp\u00f4me (Paracolls, Fornols, la roche grav\u00e9e, Carmaj\u00f9, les forges) Encore en cours de construction, pour vous faire patienter, quelques photographies&#8230;\" \/>\n<meta property=\"og:url\" content=\"https:\/\/campome.com\/index.php\/histoire\/\" \/>\n<meta property=\"og:site_name\" content=\"Mairie de Camp\u00f4me\" \/>\n<meta property=\"article:modified_time\" content=\"2022-01-17T09:04:58+00:00\" \/>\n<meta name=\"twitter:card\" content=\"summary_large_image\" \/>\n<script type=\"application\/ld+json\" class=\"yoast-schema-graph\">{\"@context\":\"https:\\\/\\\/schema.org\",\"@graph\":[{\"@type\":\"WebPage\",\"@id\":\"https:\\\/\\\/campome.com\\\/index.php\\\/histoire\\\/\",\"url\":\"https:\\\/\\\/campome.com\\\/index.php\\\/histoire\\\/\",\"name\":\"Histoire - Mairie de Camp\u00f4me\",\"isPartOf\":{\"@id\":\"https:\\\/\\\/campome.com\\\/#website\"},\"datePublished\":\"2020-06-23T07:22:22+00:00\",\"dateModified\":\"2022-01-17T09:04:58+00:00\",\"breadcrumb\":{\"@id\":\"https:\\\/\\\/campome.com\\\/index.php\\\/histoire\\\/#breadcrumb\"},\"inLanguage\":\"fr-FR\",\"potentialAction\":[{\"@type\":\"ReadAction\",\"target\":[\"https:\\\/\\\/campome.com\\\/index.php\\\/histoire\\\/\"]}]},{\"@type\":\"BreadcrumbList\",\"@id\":\"https:\\\/\\\/campome.com\\\/index.php\\\/histoire\\\/#breadcrumb\",\"itemListElement\":[{\"@type\":\"ListItem\",\"position\":1,\"name\":\"Accueil\",\"item\":\"https:\\\/\\\/campome.com\\\/\"},{\"@type\":\"ListItem\",\"position\":2,\"name\":\"Histoire\"}]},{\"@type\":\"WebSite\",\"@id\":\"https:\\\/\\\/campome.com\\\/#website\",\"url\":\"https:\\\/\\\/campome.com\\\/\",\"name\":\"Mairie de Camp\u00f4me\",\"description\":\"Bienvenue sur le site de la mairie de Camp\u00f4me\",\"potentialAction\":[{\"@type\":\"SearchAction\",\"target\":{\"@type\":\"EntryPoint\",\"urlTemplate\":\"https:\\\/\\\/campome.com\\\/?s={search_term_string}\"},\"query-input\":{\"@type\":\"PropertyValueSpecification\",\"valueRequired\":true,\"valueName\":\"search_term_string\"}}],\"inLanguage\":\"fr-FR\"}]}<\/script>\n<!-- \/ Yoast SEO plugin. -->","yoast_head_json":{"title":"Histoire - Mairie de Camp\u00f4me","robots":{"index":"index","follow":"follow","max-snippet":"max-snippet:-1","max-image-preview":"max-image-preview:large","max-video-preview":"max-video-preview:-1"},"canonical":"https:\/\/campome.com\/index.php\/histoire\/","og_locale":"fr_FR","og_type":"article","og_title":"Histoire - Mairie de Camp\u00f4me","og_description":"Cette page vous donne un bref aper\u00e7u et quelques rep\u00e8res historiques sur les sites majeurs de camp\u00f4me (Paracolls, Fornols, la roche grav\u00e9e, Carmaj\u00f9, les forges) Encore en cours de construction, pour vous faire patienter, quelques photographies&#8230;","og_url":"https:\/\/campome.com\/index.php\/histoire\/","og_site_name":"Mairie de Camp\u00f4me","article_modified_time":"2022-01-17T09:04:58+00:00","twitter_card":"summary_large_image","schema":{"@context":"https:\/\/schema.org","@graph":[{"@type":"WebPage","@id":"https:\/\/campome.com\/index.php\/histoire\/","url":"https:\/\/campome.com\/index.php\/histoire\/","name":"Histoire - Mairie de Camp\u00f4me","isPartOf":{"@id":"https:\/\/campome.com\/#website"},"datePublished":"2020-06-23T07:22:22+00:00","dateModified":"2022-01-17T09:04:58+00:00","breadcrumb":{"@id":"https:\/\/campome.com\/index.php\/histoire\/#breadcrumb"},"inLanguage":"fr-FR","potentialAction":[{"@type":"ReadAction","target":["https:\/\/campome.com\/index.php\/histoire\/"]}]},{"@type":"BreadcrumbList","@id":"https:\/\/campome.com\/index.php\/histoire\/#breadcrumb","itemListElement":[{"@type":"ListItem","position":1,"name":"Accueil","item":"https:\/\/campome.com\/"},{"@type":"ListItem","position":2,"name":"Histoire"}]},{"@type":"WebSite","@id":"https:\/\/campome.com\/#website","url":"https:\/\/campome.com\/","name":"Mairie de Camp\u00f4me","description":"Bienvenue sur le site de la mairie de Camp\u00f4me","potentialAction":[{"@type":"SearchAction","target":{"@type":"EntryPoint","urlTemplate":"https:\/\/campome.com\/?s={search_term_string}"},"query-input":{"@type":"PropertyValueSpecification","valueRequired":true,"valueName":"search_term_string"}}],"inLanguage":"fr-FR"}]}},"_links":{"self":[{"href":"https:\/\/campome.com\/index.php\/wp-json\/wp\/v2\/pages\/91","targetHints":{"allow":["GET"]}}],"collection":[{"href":"https:\/\/campome.com\/index.php\/wp-json\/wp\/v2\/pages"}],"about":[{"href":"https:\/\/campome.com\/index.php\/wp-json\/wp\/v2\/types\/page"}],"author":[{"embeddable":true,"href":"https:\/\/campome.com\/index.php\/wp-json\/wp\/v2\/users\/1"}],"replies":[{"embeddable":true,"href":"https:\/\/campome.com\/index.php\/wp-json\/wp\/v2\/comments?post=91"}],"version-history":[{"count":4,"href":"https:\/\/campome.com\/index.php\/wp-json\/wp\/v2\/pages\/91\/revisions"}],"predecessor-version":[{"id":1235,"href":"https:\/\/campome.com\/index.php\/wp-json\/wp\/v2\/pages\/91\/revisions\/1235"}],"wp:attachment":[{"href":"https:\/\/campome.com\/index.php\/wp-json\/wp\/v2\/media?parent=91"}],"curies":[{"name":"wp","href":"https:\/\/api.w.org\/{rel}","templated":true}]}}